{"id":6576,"date":"2026-04-12T10:01:59","date_gmt":"2026-04-12T07:01:59","guid":{"rendered":"https:\/\/tammetorubbq.ee\/?post_type=product&#038;p=6576"},"modified":"2026-04-14T18:00:50","modified_gmt":"2026-04-14T15:00:50","slug":"kamado-joe-classic-i-koos-ilmastikukindla-grillikattega","status":"publish","type":"product","link":"https:\/\/tammetorubbq.ee\/lv\/product-2\/kamado-joe-classic-i-koos-ilmastikukindla-grillikattega\/","title":{"rendered":"Kamado Joe Classic I koos ilmastikukindla grillikattega"},"content":{"rendered":"<p>Kamado Joe keramiskais grils ir ide\u0101la izm\u0113ra pagalma gril\u0113\u0161anai gan uz zemas, gan augstas uguns, un tas ir piem\u0113rots ar\u012b k\u016bpin\u0101\u0161anai. Grilam ir biezu sienu karstumiztur\u012bgs keramikas korpuss, kas iesl\u0113dz d\u016bmus un mitrumu jebkur\u0101 temperat\u016br\u0101. Gatavo\u0161anas re\u017e\u0123is ir izgatavots no augstas kvalit\u0101tes 304 ner\u016bs\u0113jo\u0161\u0101 t\u0113rauda. Classic I standarta apr\u012bkojum\u0101 ietilpst ar\u012b daudzpl\u0101k\u0161\u0146u keramikas AMP kurtuve, uzticams cinkota t\u0113rauda pamatnes r\u0101mis uz rite\u0146iem un patent\u0113ta izvelkama pelnu paplate, kas \u013cauj viegli t\u012br\u012bt grilu. No 2020. gada Classic I modelim b\u016bs pieejama ar\u012b elast\u012bg\u0101 gatavo\u0161anas sist\u0113ma \"Divide &amp; Conquer\u00ae\".<\/p>\n<p><strong>Kamado Joe Classic I komplekti kuulub<\/strong><\/p>\n<ul>\n<li>18\" (46 cm) keramiskais grils ar cinkota t\u0113rauda pamatnes r\u0101mi un blo\u0137\u0113jamiem rite\u0146iem.<\/li>\n<li>Ar salok\u0101miem augsta bl\u012bvuma poliuret\u0101na s\u0101nu plauktiem un rokturi.<\/li>\n<li>Tr\u012bs l\u012bme\u0146u \"Divide &amp; Conquer\u00ae\" sist\u0113ma elast\u012bgai gatavo\u0161anai, t. i., ieskaitot 2 gabalu pusm\u0113ness keramikas karstuma deflektoru (karstuma sadal\u012bt\u0101ju) un 2 gabalu ner\u016bs\u0113jo\u0161\u0101 t\u0113rauda (304) pusm\u0113ness grila palikt\u0146us (46 cm diametr\u0101) - papildu grila palikt\u0146us var ieg\u0101d\u0101ties k\u0101 papildapr\u012bkojumu.<\/li>\n<li>Patent\u0113ta ievelkama ner\u016bs\u0113jo\u0161\u0101 t\u0113rauda (304) pelnu trauks viegl\u0101kai grila t\u012br\u012b\u0161anai.<\/li>\n<li>Ieb\u016bv\u0113ts termometrs.<\/li>\n<li>AMP daudzpane\u013cu kurtuve (piecu da\u013cu, nedestrukt\u012bva).<\/li>\n<li>Ner\u016bs\u0113jo\u0161\u0101 t\u0113rauda piederumu stat\u012bvs \"Accessory Rack\".<\/li>\n<li>Grila re\u017e\u0123a pacel\u0161anas stie\u0146i.<\/li>\n<\/ul>\n<p>PIEZ\u012aME: Kamado Joe keramikas deta\u013c\u0101m ir ierobe\u017eota m\u016b\u017ea garantija (garantijas nosac\u012bjumi:\u00a0<a href=\"https:\/\/tammetorubbq.ee\/wp-content\/uploads\/2023\/12\/Kamado_Joe_garantii-1.docx\" target=\"_blank\" rel=\"noopener\">skat\u012bt \u0161eit<\/a>); ieskaitot keramikas fl\u012bzes, siltuma atstarot\u0101jus un bl\u012bv\u0113juma fl\u012bzes 3 gadi; met\u0101ls un \u010duguns 5 gadi; termometrs un bl\u012bves 1 gads.<\/p>\n<p>&nbsp;<\/p>\n<p><strong>Tehnisk\u0101 inform\u0101cija<\/strong><\/p>\n<p>CAL 90 kg<\/p>\n<p>Iepakojuma izm\u0113ri 75 \u00d7 75 \u00d7 88 cm<\/p>\n<p>Kop\u0113jie izm\u0113ri 118 (garums) x 121 (augstums) x 71 (platums) cm<\/p>\n<p>AREA \u00d8 1646cm\u00b2<\/p>\n<p>TEMPERAT\u016aRAS DIAPAZONS 82\u00b0C - 399\u00b0C<\/p>\n<p>PRODUKTS Kamado Joe<\/p>\n<p>&nbsp;<\/p>\n<p><strong>Garantii<\/strong>\u00a0\u2013 Kamado Joe keraamilistele osadele kehtib piiratud eluaegne garantii (garantiitingimused:\u00a0<strong><a href=\"https:\/\/tammetorubbq.ee\/wp-content\/uploads\/2026\/02\/Kamado_Joe_garantii.pdf\">skat\u012bt \u0161eit<\/a><\/strong>); ieskaitot keramikas fl\u012bzes, siltuma atstarot\u0101jus un bl\u012bv\u0113juma fl\u012bzes 3 gadi; met\u0101ls un \u010duguns 5 gadi; termometrs un bl\u012bves 1 gads.<\/p>","protected":false},"excerpt":{"rendered":"<h5>S\u00e4\u00e4stlik ja ideaalne komplekt aastaringseks grillimiseks<\/h5>\n<p>Avasta t\u00e4iuslik grillimiskogemus komplektiga, mis \u00fchendab endas legendaarse Kamado Joe kvaliteedi ja praktilise kaitse igasuguste ilmastikuolude vastu. See pakkumine sisaldab <strong data-start=\"364\" data-end=\"410\">Kamado Joe Classic I keraamilist grillahju<\/strong> ning spetsiaalselt sobivat <strong data-start=\"438\" data-end=\"470\">ilmastikukindlat grillikatet<\/strong> \u2013 k\u00f5ik, mida vajad, et alustada kohe ja grillida muretult aastaringselt.<\/p>\n<h5 data-start=\"1527\" data-end=\"1560\"><strong>Miks valida see komplekt?<\/strong><\/h5>\n<ul data-start=\"1561\" data-end=\"1773\">\n<li data-section-id=\"g52hbi\" data-start=\"1561\" data-end=\"1590\">S\u00e4\u00e4stad ostes komplektina<\/li>\n<li data-section-id=\"1wb4nt7\" data-start=\"1591\" data-end=\"1657\">Grill on kohe kaitstud \u2013 ei vaja eraldi lisatarvikute otsimist<\/li>\n<li data-section-id=\"1ll3enp\" data-start=\"1658\" data-end=\"1720\">Ideaalne lahendus Eesti muutlike ilmastikutingimuste jaoks<\/li>\n<li data-section-id=\"1hzfx2\" data-start=\"1721\" data-end=\"1773\">Sobib nii algajale kui ka kogenud grillmeistrile<\/li>\n<\/ul>\n<h5 data-start=\"545\" data-end=\"608\"><strong><a href=\"https:\/\/tammetorubbq.ee\/lv\/product-2\/kamado-joe-classic-i\/\">Kamado Joe Classic I<\/a> \u2013 mitmek\u00fclgne keraamiline grillahi<\/strong><\/h5>\n<p data-start=\"609\" data-end=\"826\">Kamado Joe Classic I on tuntud oma suurep\u00e4rase soojapidavuse ja t\u00e4pse temperatuuri kontrolli poolest. T\u00e4nu kvaliteetsele keraamikale saad grillida, suitsutada, k\u00fcpsetada ja isegi valmistada pitsat \u2013 k\u00f5ik \u00fches seadmes.<\/p>\n<ul>\n<li data-section-id=\"1iqda9j\" data-start=\"851\" data-end=\"917\">Kvaliteetne paks keraamiline korpus hoiab \u00fchtlast temperatuuri<\/li>\n<li data-section-id=\"l53q71\" data-start=\"918\" data-end=\"979\">T\u00e4pne \u00f5huvoolu reguleerimine lihtsaks kuumuse kontrolliks<\/li>\n<li data-section-id=\"1hhiiid\" data-start=\"980\" data-end=\"1043\">Ruumikas grillpind perele ja s\u00f5pradele toidu valmistamiseks<\/li>\n<li data-section-id=\"1m3pqqf\" data-start=\"1044\" data-end=\"1110\">Sobib nii aeglaseks suitsutamiseks kui ka kiireks grillimiseks<\/li>\n<\/ul>\n<h5 data-start=\"1112\" data-end=\"1177\"><strong><a href=\"https:\/\/tammetorubbq.ee\/lv\/product-2\/kamado-joe-classic-ilmastikukindel-grillikate\/\">Ilmastikukindel grillikate<\/a> \u2013 kaitse sinu investeeringule<\/strong><\/h5>\n<p data-start=\"1178\" data-end=\"1328\">Komplekti kuuluv vastupidav grillikate on loodud spetsiaalselt Kamado Joe Classic mudelile, pakkudes kaitset vihma, lume, UV-kiirguse ja mustuse eest.<\/p>\n<ul>\n<li data-section-id=\"hed4lm\" data-start=\"1358\" data-end=\"1391\">Veekindel ja UV-kindel kangas<\/li>\n<li data-section-id=\"v430y4\" data-start=\"1392\" data-end=\"1441\">Hingav materjal, mis v\u00e4hendab kondensatsiooni<\/li>\n<li data-section-id=\"1s7lg1\" data-start=\"1442\" data-end=\"1489\">T\u00e4pne sobivus Kamado Joe Classic I mudelile<\/li>\n<li data-section-id=\"m4ag7w\" data-start=\"1490\" data-end=\"1525\">Lihtne peale panna ja eemaldada<\/li>\n<\/ul>\n<p><strong data-start=\"1780\" data-end=\"1809\">Tammet\u00f5ruBBQ.ee soovitus:<\/strong> Kui otsid t\u00f6\u00f6kindlat ja mitmek\u00fclgset grilllahendust, mis kestab aastaid ja pakub suurep\u00e4rast maitset igal hooajal, on see komplekt kindel valik.<\/p>\n<p><strong>Oleme tootja Kamado Joe ametlik esindaja, edasim\u00fc\u00fcja Eestis!<\/strong><\/p>\n<p><img loading=\"lazy\" decoding=\"async\" class=\"wp-image-1531\" src=\"http:\/\/tammetorubbq.ee\/wp-content\/uploads\/2024\/03\/kamado-joe-logo-300x40.webp\" alt=\"Kamado Joe logotips\" width=\"180\" height=\"24\" srcset=\"https:\/\/tammetorubbq.ee\/wp-content\/uploads\/2024\/03\/kamado-joe-logo-300x40.webp 300w, https:\/\/tammetorubbq.ee\/wp-content\/uploads\/2024\/03\/kamado-joe-logo-768x104.webp 768w, https:\/\/tammetorubbq.ee\/wp-content\/uploads\/2024\/03\/kamado-joe-logo-18x2.webp 18w, https:\/\/tammetorubbq.ee\/wp-content\/uploads\/2024\/03\/kamado-joe-logo-600x81.webp 600w, https:\/\/tammetorubbq.ee\/wp-content\/uploads\/2024\/03\/kamado-joe-logo-64x9.webp 64w, https:\/\/tammetorubbq.ee\/wp-content\/uploads\/2024\/03\/kamado-joe-logo.webp 1024w\" sizes=\"auto, (max-width: 180px) 100vw, 180px\" \/><\/p>\n<p><a href=\"https:\/\/tammetorubbq.ee\/lv\/maksajiet-velak\/\"><strong>P\u0112RCIET TAGAD, MAKS\u0100JIET V\u0112L\u0100K<\/strong><\/a>\u00a0- bez procentiem!<\/p>\n<p><img loading=\"lazy\" decoding=\"async\" class=\"alignnone wp-image-2646\" src=\"http:\/\/tammetorubbq.ee\/wp-content\/uploads\/2023\/12\/inbank-wordmark.png\" alt=\"\" width=\"167\" height=\"75\" srcset=\"https:\/\/tammetorubbq.ee\/wp-content\/uploads\/2023\/12\/inbank-wordmark.png 300w, https:\/\/tammetorubbq.ee\/wp-content\/uploads\/2023\/12\/inbank-wordmark-18x8.png 18w, https:\/\/tammetorubbq.ee\/wp-content\/uploads\/2023\/12\/inbank-wordmark-64x29.png 64w\" sizes=\"auto, (max-width: 167px) 100vw, 167px\" \/><\/p>\n<p>M\u0113s pied\u0101v\u0101jam ar\u012b iesp\u0113ju maks\u0101t v\u0113l\u0101k - vien\u0101, div\u0101s vai trij\u0101s vien\u0101d\u0101s da\u013c\u0101s bez procentiem vai papildu maksas.<\/p>\n<p>M\u016bsu iepirkumu groz\u0101 varat atrast da\u017e\u0101das maks\u0101jumu iesp\u0113jas.<\/p>","protected":false},"featured_media":6580,"comment_status":"closed","ping_status":"closed","template":"","meta":{"_uf_show_specific_survey":0,"_uf_disable_surveys":false},"pwb-brand":[69],"product_brand":[387],"product_cat":[55,53,20],"product_tag":[136,239,126,325,316,323,127,78],"class_list":{"0":"post-6576","1":"product","2":"type-product","3":"status-publish","4":"has-post-thumbnail","6":"pwb-brand-kamado-joe","7":"product_brand-kamado-joe","8":"product_cat-keraamilised-grillid","9":"product_cat-grillid","10":"product_cat-kampaania","11":"product_tag-grillide-lisatarvikud","12":"product_tag-ilmastikukindel-kate","13":"product_tag-kamado-joe","14":"product_tag-kamado-joe-classic","15":"product_tag-kamado-joe-keraamiline-grill","16":"product_tag-kamado-joe-lisatarvikud","17":"product_tag-keraamilised-grillid","18":"product_tag-soegrill","20":"first","21":"instock","22":"sale","23":"taxable","24":"shipping-taxable","25":"purchasable","26":"product-type-simple"},"brands":[{"id":69,"name":"Kamado Joe","slug":"kamado-joe"}],"_links":{"self":[{"href":"https:\/\/tammetorubbq.ee\/lv\/wp-json\/wp\/v2\/product\/6576","targetHints":{"allow":["GET"]}}],"collection":[{"href":"https:\/\/tammetorubbq.ee\/lv\/wp-json\/wp\/v2\/product"}],"about":[{"href":"https:\/\/tammetorubbq.ee\/lv\/wp-json\/wp\/v2\/types\/product"}],"replies":[{"embeddable":true,"href":"https:\/\/tammetorubbq.ee\/lv\/wp-json\/wp\/v2\/comments?post=6576"}],"wp:featuredmedia":[{"embeddable":true,"href":"https:\/\/tammetorubbq.ee\/lv\/wp-json\/wp\/v2\/media\/6580"}],"wp:attachment":[{"href":"https:\/\/tammetorubbq.ee\/lv\/wp-json\/wp\/v2\/media?parent=6576"}],"wp:term":[{"taxonomy":"pwb-brand","embeddable":true,"href":"https:\/\/tammetorubbq.ee\/lv\/wp-json\/wp\/v2\/pwb-brand?post=6576"},{"taxonomy":"product_brand","embeddable":true,"href":"https:\/\/tammetorubbq.ee\/lv\/wp-json\/wp\/v2\/product_brand?post=6576"},{"taxonomy":"product_cat","embeddable":true,"href":"https:\/\/tammetorubbq.ee\/lv\/wp-json\/wp\/v2\/product_cat?post=6576"},{"taxonomy":"product_tag","embeddable":true,"href":"https:\/\/tammetorubbq.ee\/lv\/wp-json\/wp\/v2\/product_tag?post=6576"}],"curies":[{"name":"wp","href":"https:\/\/api.w.org\/{rel}","templated":true}]}}