{"id":658,"date":"2023-12-06T13:54:35","date_gmt":"2023-12-06T11:54:35","guid":{"rendered":"https:\/\/tammetorubbq.ee\/?post_type=product&#038;p=658"},"modified":"2026-04-19T18:00:15","modified_gmt":"2026-04-19T15:00:15","slug":"martini-ckp-filetesanas-komplekts","status":"publish","type":"product","link":"https:\/\/tammetorubbq.ee\/lv\/product-2\/martini-ckp-filetesanas-komplekts\/","title":{"rendered":"Marttiini CKP filet\u0113\u0161anas komplekts"},"content":{"rendered":"<p><strong>M\u00d5\u00d5TMED<\/strong><br data-start=\"11\" data-end=\"14\" \/>Tera pikkus: 19 cm (fileerimisnuga) ja 5 cm (kalakahvel)<\/p>\n<p data-start=\"76\" data-end=\"136\">Kogupikkus: 31 cm (fileerimisnuga) ja 17 cm (kalakahvel)<\/p>\n<p>&nbsp;<\/p>\n<p data-start=\"138\" data-end=\"179\"><strong data-start=\"138\" data-end=\"152\">MATERJALID<\/strong><br data-start=\"152\" data-end=\"155\" \/>Tera: roostevaba teras<\/p>\n<p data-start=\"181\" data-end=\"196\">K\u00e4epide: kumm<\/p>\n<p>&nbsp;<\/p>\n<p data-start=\"198\" data-end=\"240\"><strong data-start=\"198\" data-end=\"210\">OMADUSED<\/strong><br data-start=\"210\" data-end=\"213\" \/>Pakend: puidust kinkekarp<\/p>\n<p>Komplekti kuuluvad: fileerimisnuga, kalaluutangid, kalakahvel<\/p>\n<h5 data-start=\"98\" data-end=\"146\">Marttiini \u2013 Soome kvaliteet juba aastast 1928<\/h5>\n<p data-start=\"148\" data-end=\"385\">Marttiini kaubam\u00e4rgi asutas <strong data-start=\"81\" data-end=\"115\">Johan Henrik \u201cJanne\u201d Marttiini<\/strong> 1928.\u202faastal Rovaniemis, Soomes, eesm\u00e4rgiga luua teravaid, vastupidavaid ja t\u00e4pseid nugasid, mis sobiksid nii kalastajatele, matkajaile kui k\u00f6\u00f6gihuvilistele. Algusest peale on Marttiini kombineerinud <strong data-start=\"316\" data-end=\"362\">k\u00e4sit\u00f6\u00f6traditsiooni ja uuendusliku disaini<\/strong>, pakkudes terasid, mis tagavad sujuva, kontrollitud ja t\u00e4pse l\u00f5ike.<\/p>\n<p data-start=\"148\" data-end=\"385\">Marttiini noad on <strong data-start=\"166\" data-end=\"197\">soome meisterlikkuse s\u00fcmbol<\/strong>, mida hinnatakse \u00fcle kogu maailma. Alates 1928. aastast on Marttiini valmistanud <strong data-start=\"279\" data-end=\"328\">vastupidavaid, teravaid ja ergonoomilisi nugasid<\/strong>, mis sobivad nii loodusesse, k\u00f6\u00f6ki kui ka kingituseks.<\/p>\n<p data-start=\"387\" data-end=\"614\">Iga nuga on loodud <strong data-start=\"406\" data-end=\"433\">t\u00e4psuse ja kvaliteediga<\/strong>, \u00fchendades traditsioonilise k\u00e4sit\u00f6\u00f6oskuse ja kaasaegsed materjalid.<\/p>\n<p data-start=\"387\" data-end=\"614\">Marttiini nuga ei ole lihtsalt t\u00f6\u00f6riist \u2013 see on <strong data-start=\"551\" data-end=\"611\">usaldusv\u00e4\u00e4rne kaaslane igaks seikluseks ja igap\u00e4evaeluks, on k\u00f5rgelt hinnatud nii professionaalide kui harrastajate seas.<\/strong><\/p>","protected":false},"excerpt":{"rendered":"<h5 data-start=\"0\" data-end=\"97\"><strong data-start=\"0\" data-end=\"97\"><span class=\"hover:entity-accent entity-underline inline cursor-pointer align-baseline\"><span class=\"whitespace-normal\">Marttiini<\/span><\/span> kalat\u00f6\u00f6tlemise komplekt \u2013 ideaalne kingitus kalas\u00f5brale<\/strong><\/h5>\n<p data-start=\"99\" data-end=\"520\">Praktiline ja kvaliteetne kalat\u00f6\u00f6tlemise komplekt on loodud selleks, et muuta kala fileerimine ja ettevalmistamine lihtsaks ning mugavaks. Komplekti kuulub Marttiini maailmakuulus fileerimisnuga, mis on hinnatud oma erakordse teravuse ja t\u00e4pse l\u00f5ikev\u00f5ime poolest. Lisaks on komplektis kalakahvel, mis aitab kala t\u00f6\u00f6tlemise ajal kindlalt paigal hoida, ning k\u00e4ep\u00e4rased kalaluutangid luude kiireks ja mugavaks eemaldamiseks.<\/p>\n<p data-start=\"522\" data-end=\"679\">Komplekt on pakendatud elegantsesse puidust kinkekarpi, mist\u00f5ttu sobib see suurep\u00e4raselt kingituseks nii harrastuskalastajale kui ka t\u00f5sisele kalagurmaanile.<\/p>\n<ul>\n<li data-start=\"708\" data-end=\"911\">Ideaalne komplekt kala fileerimiseks ja t\u00f6\u00f6tlemiseks<\/li>\n<li data-start=\"708\" data-end=\"911\">V\u00e4ga terav ja t\u00e4pne fileerimisnuga<\/li>\n<li data-start=\"708\" data-end=\"911\">Kalakahvel mugavamaks k\u00e4sitsemiseks<\/li>\n<li data-start=\"708\" data-end=\"911\">Kalaluutangid luude eemaldamiseks<\/li>\n<li data-start=\"708\" data-end=\"911\">Stiilne puidust kinkekarp<\/li>\n<\/ul>\n<p><strong>T\u00e4iuslik kingitus, mis on pakendatud kaunisse puidust kinkekarpi.<\/strong><\/p>\n<p data-start=\"913\" data-end=\"992\" data-is-last-node=\"\" data-is-only-node=\"\">Soovitame pesta k\u00e4sitsi, et tagada toodete pikaajaline vastupidavus ja teravus.<\/p>\n<p>CKP - Condor Kitchen Professional<\/p>\n<p>&nbsp;<\/p>\n<p><img loading=\"lazy\" decoding=\"async\" class=\"alignnone size-full wp-image-5476\" src=\"https:\/\/tammetorubbq.ee\/wp-content\/uploads\/2023\/11\/Image.png\" alt=\"\" width=\"276\" height=\"57\" srcset=\"https:\/\/tammetorubbq.ee\/wp-content\/uploads\/2023\/11\/Image.png 276w, https:\/\/tammetorubbq.ee\/wp-content\/uploads\/2023\/11\/Image-18x4.png 18w, https:\/\/tammetorubbq.ee\/wp-content\/uploads\/2023\/11\/Image-64x13.png 64w\" sizes=\"auto, (max-width: 276px) 100vw, 276px\" \/><\/p>\n<p>&nbsp;<\/p>","protected":false},"featured_media":5507,"comment_status":"open","ping_status":"closed","template":"","meta":{"_uf_show_specific_survey":0,"_uf_disable_surveys":false},"pwb-brand":[34],"product_brand":[],"product_cat":[20,27,26],"product_tag":[314],"class_list":{"0":"post-658","1":"product","2":"type-product","3":"status-publish","4":"has-post-thumbnail","6":"pwb-brand-marttiini","7":"product_cat-kampaania","8":"product_cat-noad","9":"product_cat-nugade-tarvikud","10":"product_tag-marttiini","12":"first","13":"instock","14":"sale","15":"taxable","16":"shipping-taxable","17":"purchasable","18":"product-type-simple"},"brands":[{"id":34,"name":"Marttiini","slug":"marttiini"}],"_links":{"self":[{"href":"https:\/\/tammetorubbq.ee\/lv\/wp-json\/wp\/v2\/product\/658","targetHints":{"allow":["GET"]}}],"collection":[{"href":"https:\/\/tammetorubbq.ee\/lv\/wp-json\/wp\/v2\/product"}],"about":[{"href":"https:\/\/tammetorubbq.ee\/lv\/wp-json\/wp\/v2\/types\/product"}],"replies":[{"embeddable":true,"href":"https:\/\/tammetorubbq.ee\/lv\/wp-json\/wp\/v2\/comments?post=658"}],"wp:featuredmedia":[{"embeddable":true,"href":"https:\/\/tammetorubbq.ee\/lv\/wp-json\/wp\/v2\/media\/5507"}],"wp:attachment":[{"href":"https:\/\/tammetorubbq.ee\/lv\/wp-json\/wp\/v2\/media?parent=658"}],"wp:term":[{"taxonomy":"pwb-brand","embeddable":true,"href":"https:\/\/tammetorubbq.ee\/lv\/wp-json\/wp\/v2\/pwb-brand?post=658"},{"taxonomy":"product_brand","embeddable":true,"href":"https:\/\/tammetorubbq.ee\/lv\/wp-json\/wp\/v2\/product_brand?post=658"},{"taxonomy":"product_cat","embeddable":true,"href":"https:\/\/tammetorubbq.ee\/lv\/wp-json\/wp\/v2\/product_cat?post=658"},{"taxonomy":"product_tag","embeddable":true,"href":"https:\/\/tammetorubbq.ee\/lv\/wp-json\/wp\/v2\/product_tag?post=658"}],"curies":[{"name":"wp","href":"https:\/\/api.w.org\/{rel}","templated":true}]}}