{"id":6594,"date":"2026-04-12T17:25:56","date_gmt":"2026-04-12T14:25:56","guid":{"rendered":"https:\/\/tammetorubbq.ee\/?post_type=product&#038;p=6594"},"modified":"2026-04-14T18:01:29","modified_gmt":"2026-04-14T15:01:29","slug":"napoleon-soemoodul-gaasigrillile","status":"publish","type":"product","link":"https:\/\/tammetorubbq.ee\/lv\/product-2\/napoleon-soemoodul-gaasigrillile\/","title":{"rendered":"Napoleon s\u00f6emoodul gaasigrillile"},"content":{"rendered":"<h5 data-section-id=\"ihlxpb\" data-start=\"189\" data-end=\"208\"><strong><span role=\"text\">M\u00f5\u00f5tmed (cm)<\/span><\/strong><\/h5>\n<ul data-start=\"209\" data-end=\"280\" data-is-last-node=\"\" data-is-only-node=\"\">\n<li data-section-id=\"17maq8c\" data-start=\"209\" data-end=\"234\">S\u00fcgavus: <strong data-start=\"220\" data-end=\"232\">36,99 cm<\/strong><\/li>\n<li data-section-id=\"g1vjrf\" data-start=\"235\" data-end=\"258\">K\u00f5rgus: <strong data-start=\"245\" data-end=\"256\">4,31 cm<\/strong><\/li>\n<li data-section-id=\"voosl0\" data-start=\"259\" data-end=\"280\" data-is-last-node=\"\">Laius: <strong data-start=\"268\" data-end=\"280\" data-is-last-node=\"\">38,58 cm<\/strong><\/li>\n<\/ul>\n<p><iframe loading=\"lazy\" title=\"Napoleon Cast Iron Charcoal &amp; Smoker Tray\" width=\"500\" height=\"281\" src=\"https:\/\/www.youtube.com\/embed\/wGzBDeYGr_c?feature=oembed&#038;enablejsapi=1&#038;origin=https:\/\/tammetorubbq.ee\" frameborder=\"0\" allow=\"accelerometer; autoplay; clipboard-write; encrypted-media; gyroscope; picture-in-picture; web-share\" referrerpolicy=\"strict-origin-when-cross-origin\" allowfullscreen><\/iframe><\/p>","protected":false},"excerpt":{"rendered":"<h5>Muuda oma Napoleon gaasigrill s\u00f6egrilliks v\u00f5i suitsuahjuks<\/h5>\n<p>Malmist s\u00f6e- ja suitsumoodulit on lihtne kasutada &#8211; eemaldage esmalt grillrestid ja v\u00e4hemalt kahe p\u00f5leti kohal olevad kuumuse hajutid. Asetage malmist s\u00f6e- ja suitsumoodul otse gaasip\u00f5letitele. Lisage moodulisse \u00fcks kiht s\u00fctt, seej\u00e4rel l\u00fclitage gaasip\u00f5letid sisse ja asetage grillrestid tagasi. Laske s\u00f6el s\u00fcttida ja katta end tuhakihiga enne gaasi v\u00e4ljal\u00fclitamist. Kui s\u00fcsi on valmis, saate alustada grillimist. Suitsuse maitse lisamiseks kasutage otse s\u00f6el puidut\u00fckke v\u00f5i kasutage integreeritud puidulaastuhoidjat leotatud v\u00f5i leotamata laastude jaoks.<\/p>\n<p data-start=\"745\" data-end=\"766\"><strong data-start=\"745\" data-end=\"766\">Galven\u0101s iez\u012bmes<\/strong><\/p>\n<ul data-start=\"767\" data-end=\"1480\" data-is-last-node=\"\" data-is-only-node=\"\">\n<li data-section-id=\"10b78lb\" data-start=\"767\" data-end=\"837\">Malmist s\u00f6e- ja suitsumoodul v\u00f5imaldab grillida s\u00f6ega gaasigrillil<\/li>\n<li data-section-id=\"eftpwy\" data-start=\"838\" data-end=\"910\">Vastupidav ja raske malm talub s\u00f6e tekitatavaid k\u00f5rgeid temperatuure<\/li>\n<li data-section-id=\"lkwumh\" data-start=\"911\" data-end=\"992\">Sobib enamikele Napoleon gaasigrillidele, toetudes kuumuse hajutite servadele<\/li>\n<li data-section-id=\"1ftb3bv\" data-start=\"993\" data-end=\"1081\">Ohutu kasutada \u2013 Napoleon grillid on loodud taluma s\u00f6e tekitatud \u00e4\u00e4rmuslikku kuumust<\/li>\n<li data-section-id=\"1f8a496\" data-start=\"1082\" data-end=\"1127\">Soovitatav on kasutada lehtpuust t\u00fckks\u00fctt<\/li>\n<li data-section-id=\"14uxoqc\" data-start=\"1128\" data-end=\"1202\">Suitsutamiseks saab lisada <a href=\"https:\/\/tammetorubbq.ee\/lv\/kategorija\/barbekju\/dumu-sprauslas\/\"><strong>puidulaaste<\/strong><\/a> v\u00f5i panna <strong><a href=\"https:\/\/tammetorubbq.ee\/lv\/kategorija\/barbekju\/dumu-sprauslas\/\">puidut\u00fckke<\/a><\/strong> otse s\u00f6ele<\/li>\n<li data-section-id=\"8md0eq\" data-start=\"1203\" data-end=\"1283\"><a href=\"https:\/\/tammetorubbq.ee\/lv\/kategorija\/barbekju\/barbekju-susi\/\"><strong>Grila ogles<\/strong><\/a> s\u00fcttib kiiresti grillip\u00f5letite abil (sobib nii propaan- kui maagaasile)<\/li>\n<li data-section-id=\"1td68co\" data-start=\"1284\" data-end=\"1387\">Kasutamiseks eemaldage restid ja kuumuse hajutid, asetage moodul p\u00f5letitele ja s\u00fc\u00fcdake s\u00fcsi gaasiga<\/li>\n<li data-section-id=\"1sv0tng\" data-start=\"1388\" data-end=\"1480\" data-is-last-node=\"\">V\u00f5imaldab mitut k\u00fcpsetusviisi: suitsutamine, r\u00f6stimine ja grillimine s\u00f6e abil gaasigrillil<\/li>\n<\/ul>\n<h5><strong>Enne ostu tutvu kindlasti s\u00f6emoodul m\u00f5\u00f5tmetega, et see sobiks sinu gaasigrillile.<\/strong><\/h5>\n<p>&nbsp;<\/p>\n<p><img loading=\"lazy\" decoding=\"async\" class=\"wp-image-2098\" src=\"http:\/\/tammetorubbq.ee\/wp-content\/uploads\/2024\/11\/napoleon-gas-grills-logo-vector-1-300x124.png\" alt=\"Napoleon g\u0101zes grili logo vektors\" width=\"174\" height=\"72\" srcset=\"https:\/\/tammetorubbq.ee\/wp-content\/uploads\/2024\/11\/napoleon-gas-grills-logo-vector-1-300x124.png 300w, https:\/\/tammetorubbq.ee\/wp-content\/uploads\/2024\/11\/napoleon-gas-grills-logo-vector-1-768x317.png 768w, https:\/\/tammetorubbq.ee\/wp-content\/uploads\/2024\/11\/napoleon-gas-grills-logo-vector-1-18x7.png 18w, https:\/\/tammetorubbq.ee\/wp-content\/uploads\/2024\/11\/napoleon-gas-grills-logo-vector-1-600x248.png 600w, https:\/\/tammetorubbq.ee\/wp-content\/uploads\/2024\/11\/napoleon-gas-grills-logo-vector-1-64x26.png 64w, https:\/\/tammetorubbq.ee\/wp-content\/uploads\/2024\/11\/napoleon-gas-grills-logo-vector-1.png 847w\" sizes=\"auto, (max-width: 174px) 100vw, 174px\" \/><\/p>","protected":false},"featured_media":6600,"comment_status":"closed","ping_status":"closed","template":"","meta":{"_uf_show_specific_survey":0,"_uf_disable_surveys":false},"pwb-brand":[101],"product_brand":[389],"product_cat":[88],"product_tag":[365,148,367,366,368,363],"class_list":{"0":"post-6594","1":"product","2":"type-product","3":"status-publish","4":"has-post-thumbnail","6":"pwb-brand-napoleon","7":"product_brand-napoleon","8":"product_cat-grillide-lisatarvikud","9":"product_tag-napoleo-gaasigrill","10":"product_tag-napoleon","11":"product_tag-napoleon-freestyle","12":"product_tag-napoleon-freestyle-365","13":"product_tag-napoleon-freestyle-425","14":"product_tag-napoleon-lisatarvikud","16":"first","17":"instock","18":"taxable","19":"shipping-taxable","20":"purchasable","21":"product-type-simple"},"brands":[{"id":101,"name":"Napoleons","slug":"napoleon"}],"_links":{"self":[{"href":"https:\/\/tammetorubbq.ee\/lv\/wp-json\/wp\/v2\/product\/6594","targetHints":{"allow":["GET"]}}],"collection":[{"href":"https:\/\/tammetorubbq.ee\/lv\/wp-json\/wp\/v2\/product"}],"about":[{"href":"https:\/\/tammetorubbq.ee\/lv\/wp-json\/wp\/v2\/types\/product"}],"replies":[{"embeddable":true,"href":"https:\/\/tammetorubbq.ee\/lv\/wp-json\/wp\/v2\/comments?post=6594"}],"wp:featuredmedia":[{"embeddable":true,"href":"https:\/\/tammetorubbq.ee\/lv\/wp-json\/wp\/v2\/media\/6600"}],"wp:attachment":[{"href":"https:\/\/tammetorubbq.ee\/lv\/wp-json\/wp\/v2\/media?parent=6594"}],"wp:term":[{"taxonomy":"pwb-brand","embeddable":true,"href":"https:\/\/tammetorubbq.ee\/lv\/wp-json\/wp\/v2\/pwb-brand?post=6594"},{"taxonomy":"product_brand","embeddable":true,"href":"https:\/\/tammetorubbq.ee\/lv\/wp-json\/wp\/v2\/product_brand?post=6594"},{"taxonomy":"product_cat","embeddable":true,"href":"https:\/\/tammetorubbq.ee\/lv\/wp-json\/wp\/v2\/product_cat?post=6594"},{"taxonomy":"product_tag","embeddable":true,"href":"https:\/\/tammetorubbq.ee\/lv\/wp-json\/wp\/v2\/product_tag?post=6594"}],"curies":[{"name":"wp","href":"https:\/\/api.w.org\/{rel}","templated":true}]}}