{"id":662,"date":"2023-12-06T14:00:30","date_gmt":"2023-12-06T12:00:30","guid":{"rendered":"https:\/\/tammetorubbq.ee\/?post_type=product&#038;p=662"},"modified":"2026-04-14T18:00:24","modified_gmt":"2026-04-14T15:00:24","slug":"inkbird-krasns-temperaturas-regulators","status":"publish","type":"product","link":"https:\/\/tammetorubbq.ee\/lv\/product-2\/inkbird-krasns-temperaturas-regulators\/","title":{"rendered":"Inkbird ISC-027BW kr\u0101sns temperat\u016bras regulators"},"content":{"rendered":"<h3 class=\"\" data-start=\"119\" data-end=\"142\">\ud83d\udd27 <strong data-start=\"126\" data-end=\"142\">P\u00f5hiomadused<\/strong><\/h3>\n<ul data-start=\"144\" data-end=\"1025\">\n<li class=\"\" data-start=\"144\" data-end=\"281\">\n<p class=\"\" data-start=\"146\" data-end=\"281\"><strong data-start=\"146\" data-end=\"163\">Kaugjuhtimine<\/strong>: <span class=\"relative -mx-px my-[-0.2rem] rounded px-px py-[0.2rem] transition-colors duration-100 ease-in-out\">Toetab 2.4GHz Wi-Fi ja Bluetooth 5.0 \u00fchendust, v\u00f5imaldades seadme juhtimist ja temperatuuri j\u00e4lgimist nutitelefoni kaudu.<\/span><\/p>\n<\/li>\n<li class=\"\" data-start=\"283\" data-end=\"442\">\n<p class=\"\" data-start=\"285\" data-end=\"442\"><strong data-start=\"285\" data-end=\"322\">Automaatne ventilaatori juhtimine<\/strong>: <span class=\"relative -mx-px my-[-0.2rem] rounded px-px py-[0.2rem] transition-colors duration-100 ease-in-out\">Sisseehitatud ventilaator reguleerib automaatselt kiirust vastavalt grilli temperatuurile, tagades stabiilse kuumuse.<\/span><\/p>\n<\/li>\n<li class=\"\" data-start=\"444\" data-end=\"588\">\n<p class=\"\" data-start=\"446\" data-end=\"588\"><strong data-start=\"446\" data-end=\"468\">Nutikas kaaneandur<\/strong>: <span class=\"relative -mx-px my-[-0.2rem] rounded px-px py-[0.2rem] transition-colors duration-100 ease-in-out\">Tuvastab grilli kaane avamise ja sulgemise, peatades v\u00f5i taask\u00e4ivitades ventilaatori vastavalt.<\/span><\/p>\n<\/li>\n<li class=\"\" data-start=\"590\" data-end=\"739\">\n<p class=\"\" data-start=\"592\" data-end=\"739\"><strong data-start=\"592\" data-end=\"619\">K\u00f5rge t\u00e4psusega andurid<\/strong>: <span class=\"relative -mx-px my-[-0.2rem] rounded px-px py-[0.2rem] transition-colors duration-100 ease-in-out\">Komplektis on neli toidukvaliteediga roostevabast terasest andurit, mille m\u00f5\u00f5tmist\u00e4psus on \u00b10.5\u00b0C.<\/span><\/p>\n<\/li>\n<li class=\"\" data-start=\"741\" data-end=\"885\">\n<p class=\"\" data-start=\"743\" data-end=\"885\"><strong data-start=\"743\" data-end=\"765\">Ohutusfunktsioonid<\/strong>: <span class=\"relative -mx-px my-[-0.2rem] rounded px-px py-[0.2rem] transition-colors duration-100 ease-in-out\">Seadistatavad k\u00f5rge ja madala temperatuuri h\u00e4ired, taimer ning hoiatused, et v\u00e4ltida toidu \u00fcle- v\u00f5i alak\u00fcpsetamist.<\/span><\/p>\n<\/li>\n<li class=\"\" data-start=\"887\" data-end=\"1025\">\n<p class=\"\" data-start=\"889\" data-end=\"1025\"><strong data-start=\"889\" data-end=\"905\">Toiteallikas<\/strong>: <span class=\"relative -mx-px my-[-0.2rem] rounded px-px py-[0.2rem] transition-colors duration-100 ease-in-out\">Toetab 5V USB toidet, v\u00f5imaldades kasutada ka akupanka.<\/span><\/p>\n<\/li>\n<\/ul>\n<h3 class=\"\" data-start=\"1032\" data-end=\"1057\">\ud83d\udce6 <strong data-start=\"1039\" data-end=\"1057\">Komplekti sisu<\/strong><\/h3>\n<ul data-start=\"1059\" data-end=\"1467\">\n<li class=\"\" data-start=\"1059\" data-end=\"1139\">\n<p class=\"\" data-start=\"1061\" data-end=\"1139\"><span class=\"relative -mx-px my-[-0.2rem] rounded px-px py-[0.2rem] transition-colors duration-100 ease-in-out\">1x BBQ temperatuuri kontroller<\/span><\/p>\n<\/li>\n<li class=\"\" data-start=\"1141\" data-end=\"1221\">\n<p class=\"\" data-start=\"1143\" data-end=\"1221\"><span class=\"relative -mx-px my-[-0.2rem] rounded px-px py-[0.2rem] transition-colors duration-100 ease-in-out\">1x ahju andur<\/span><\/p>\n<\/li>\n<li class=\"\" data-start=\"1223\" data-end=\"1303\">\n<p class=\"\" data-start=\"1225\" data-end=\"1303\"><span class=\"relative -mx-px my-[-0.2rem] rounded px-px py-[0.2rem] transition-colors duration-100 ease-in-out\">3x liha andurit<\/span><\/p>\n<\/li>\n<li class=\"\" data-start=\"1305\" data-end=\"1385\">\n<p class=\"\" data-start=\"1307\" data-end=\"1385\"><span class=\"relative -mx-px my-[-0.2rem] rounded px-px py-[0.2rem] transition-colors duration-100 ease-in-out\">1x USB toiteadapter ja kaabel<\/span><\/p>\n<\/li>\n<li class=\"\" data-start=\"1387\" data-end=\"1467\">\n<p class=\"\" data-start=\"1389\" data-end=\"1467\"><span class=\"relative -mx-px my-[-0.2rem] rounded px-px py-[0.2rem] transition-colors duration-100 ease-in-out\">1x grilli adapter<\/span><\/p>\n<\/li>\n<\/ul>\n","protected":false},"excerpt":{"rendered":"<p><span class=\"relative -mx-px my-[-0.2rem] rounded px-px py-[0.2rem] transition-colors duration-100 ease-in-out\"><strong data-start=\"0\" data-end=\"21\" data-is-only-node=\"\">INKBIRD ISC-027BW<\/strong> on nutikas BBQ suitsuahju temperatuuri kontroller, mis \u00fchendab endas t\u00e4psuse, kasutusmugavuse ja kaugjuhtimise v\u00f5imalused.<\/span> <span class=\"relative -mx-px my-[-0.2rem] rounded px-px py-[0.2rem] transition-colors duration-100 ease-in-out\">See seade sobib ideaalselt grillimiseks ja suitsutamiseks, v\u00f5imaldades sul hoida stabiilset temperatuuri ja saavutada professionaalseid tulemusi.<\/span><\/p>\n<p>Ideaalne valik neile, kes soovivad saavutada t\u00e4pseid ja usaldusv\u00e4\u00e4rseid tulemusi grillimisel ja suitsutamisel, olles samal ajal mugavalt juhitav nutiseadme kaudu.<\/p>\n<p>Sobib grillidele nagu <a href=\"https:\/\/tammetorubbq.ee\/kategooria\/grillid\/keraamilised-grillid\/\"><span style=\"color: #ff0000;\">Kamado Joe<\/span><\/a>, Big Green Egg, Primo, Vision Grill, Akorn Kamado, Dreamfire, Kamado Bono jne.<\/p>\n<p><img loading=\"lazy\" decoding=\"async\" class=\"alignnone wp-image-3250\" src=\"http:\/\/tammetorubbq.ee\/wp-content\/uploads\/2025\/05\/Inkbird-logo-PNG-300x85.png\" alt=\"\" width=\"173\" height=\"49\" srcset=\"https:\/\/tammetorubbq.ee\/wp-content\/uploads\/2025\/05\/Inkbird-logo-PNG-300x85.png 300w, https:\/\/tammetorubbq.ee\/wp-content\/uploads\/2025\/05\/Inkbird-logo-PNG-1024x290.png 1024w, https:\/\/tammetorubbq.ee\/wp-content\/uploads\/2025\/05\/Inkbird-logo-PNG-768x218.png 768w, https:\/\/tammetorubbq.ee\/wp-content\/uploads\/2025\/05\/Inkbird-logo-PNG-18x5.png 18w, https:\/\/tammetorubbq.ee\/wp-content\/uploads\/2025\/05\/Inkbird-logo-PNG-600x170.png 600w, https:\/\/tammetorubbq.ee\/wp-content\/uploads\/2025\/05\/Inkbird-logo-PNG-64x18.png 64w, https:\/\/tammetorubbq.ee\/wp-content\/uploads\/2025\/05\/Inkbird-logo-PNG.png 1192w\" sizes=\"auto, (max-width: 173px) 100vw, 173px\" \/><\/p>\n<p><a href=\"https:\/\/www.tammetorubbq.ee\/maksa-hiljem\/\"><strong>OSTA KOHE, MAKSA HILJEM<\/strong><\/a>\u00a0\u2013 intressivabalt!<\/p>\n<p><img loading=\"lazy\" decoding=\"async\" class=\"alignnone wp-image-2646\" src=\"http:\/\/tammetorubbq.ee\/wp-content\/uploads\/2023\/12\/inbank-wordmark.png\" alt=\"\" width=\"167\" height=\"75\" srcset=\"https:\/\/tammetorubbq.ee\/wp-content\/uploads\/2023\/12\/inbank-wordmark.png 300w, https:\/\/tammetorubbq.ee\/wp-content\/uploads\/2023\/12\/inbank-wordmark-18x8.png 18w, https:\/\/tammetorubbq.ee\/wp-content\/uploads\/2023\/12\/inbank-wordmark-64x29.png 64w\" sizes=\"auto, (max-width: 167px) 100vw, 167px\" \/><\/p>\n<p>Pakume v\u00f5imalust ostu eest tasuda ka hiljem \u2013 \u00fches, kahes v\u00f5i kolmes v\u00f5rdses osas, ilma igasuguse intressi ja lisatasuta.<\/p>\n<p>Valiku erinevatele v\u00f5imalustele tasumiseks leiate meie ostukorvist.<\/p>\n","protected":false},"featured_media":663,"comment_status":"open","ping_status":"closed","template":"","meta":{"_uf_show_specific_survey":0,"_uf_disable_surveys":false},"pwb-brand":[67],"product_brand":[],"product_cat":[66],"product_tag":[134,116,115],"class_list":{"0":"post-662","1":"product","2":"type-product","3":"status-publish","4":"has-post-thumbnail","6":"pwb-brand-inkbird","7":"product_cat-termomeetrid","8":"product_tag-grillimise-tarvikud","9":"product_tag-inkbird","10":"product_tag-termomeeter","12":"first","13":"instock","14":"taxable","15":"shipping-taxable","16":"purchasable","17":"product-type-simple"},"brands":[{"id":67,"name":"Inkbird","slug":"inkbird"}],"_links":{"self":[{"href":"https:\/\/tammetorubbq.ee\/lv\/wp-json\/wp\/v2\/product\/662","targetHints":{"allow":["GET"]}}],"collection":[{"href":"https:\/\/tammetorubbq.ee\/lv\/wp-json\/wp\/v2\/product"}],"about":[{"href":"https:\/\/tammetorubbq.ee\/lv\/wp-json\/wp\/v2\/types\/product"}],"replies":[{"embeddable":true,"href":"https:\/\/tammetorubbq.ee\/lv\/wp-json\/wp\/v2\/comments?post=662"}],"wp:featuredmedia":[{"embeddable":true,"href":"https:\/\/tammetorubbq.ee\/lv\/wp-json\/wp\/v2\/media\/663"}],"wp:attachment":[{"href":"https:\/\/tammetorubbq.ee\/lv\/wp-json\/wp\/v2\/media?parent=662"}],"wp:term":[{"taxonomy":"pwb-brand","embeddable":true,"href":"https:\/\/tammetorubbq.ee\/lv\/wp-json\/wp\/v2\/pwb-brand?post=662"},{"taxonomy":"product_brand","embeddable":true,"href":"https:\/\/tammetorubbq.ee\/lv\/wp-json\/wp\/v2\/product_brand?post=662"},{"taxonomy":"product_cat","embeddable":true,"href":"https:\/\/tammetorubbq.ee\/lv\/wp-json\/wp\/v2\/product_cat?post=662"},{"taxonomy":"product_tag","embeddable":true,"href":"https:\/\/tammetorubbq.ee\/lv\/wp-json\/wp\/v2\/product_tag?post=662"}],"curies":[{"name":"wp","href":"https:\/\/api.w.org\/{rel}","templated":true}]}}