{"id":6628,"date":"2026-04-14T14:38:12","date_gmt":"2026-04-14T11:38:12","guid":{"rendered":"https:\/\/tammetorubbq.ee\/?post_type=product&#038;p=6628"},"modified":"2026-04-15T02:00:06","modified_gmt":"2026-04-14T23:00:06","slug":"oaka-bbq-jalapeno-ananassi-tsillikaste-150g","status":"publish","type":"product","link":"https:\/\/tammetorubbq.ee\/lv\/product-2\/oaka-bbq-jalapeno-ananassi-tsillikaste-150g\/","title":{"rendered":"Oak\u2019a BBQ Jalape\u00f1o &#038; Ananassi t\u0161illikaste 150g"},"content":{"rendered":"<p data-start=\"65\" data-end=\"237\"><strong data-start=\"65\" data-end=\"81\">Sast\u0101vda\u013cas: <\/strong>jalape\u00f1o t\u0161illid (37%), ananass (13%), vesi, sool, modifitseeritud t\u00e4rklis, stabilisaatorid (guarkummi, ksantaankummi).<\/p>\n<p data-start=\"239\" data-end=\"428\"><strong data-start=\"239\" data-end=\"255\">S\u00e4ilitamine: <\/strong>hoida temperatuuril 0 \u00b0C kuni +25 \u00b0C.<br data-start=\"295\" data-end=\"298\" \/>P\u00e4rast avamist hoida k\u00fclmkapis temperatuuril +2 \u00b0C kuni +6 \u00b0C ning tarbida m\u00f5istliku aja jooksul, soovituslikult 4 n\u00e4dala jooksul.<\/p>\n<table>\n<thead>\n<tr>\n<th>Toitaineline info (100 g kohta)<\/th>\n<th style=\"text-align: left;\">V\u00e4\u00e4rtus<\/th>\n<\/tr>\n<\/thead>\n<tbody>\n<tr>\n<td>Energiav\u00e4\u00e4rtus<\/td>\n<td>107 kJ \/ 26 kcal<\/td>\n<\/tr>\n<tr>\n<td>Rasvad<\/td>\n<td>0,16 g<\/td>\n<\/tr>\n<tr>\n<td>\u2013 millest k\u00fcllastunud rasvhapped<\/td>\n<td>0,0 g<\/td>\n<\/tr>\n<tr>\n<td>S\u00fcsivesikud<\/td>\n<td>4,6 g<\/td>\n<\/tr>\n<tr>\n<td>\u2013 millest suhkrud<\/td>\n<td>0,16 g<\/td>\n<\/tr>\n<tr>\n<td>Valgud<\/td>\n<td>0,4 g<\/td>\n<\/tr>\n<tr>\n<td>Sool<\/td>\n<td>3,0 g<\/td>\n<\/tr>\n<\/tbody>\n<\/table>\n<p data-start=\"239\" data-end=\"428\">","protected":false},"excerpt":{"rendered":"<p data-start=\"102\" data-end=\"346\">Oak\u2019a BBQ fermenteeritud Jalape\u00f1o Pineapple kuum kaste on eksootiline maitsekombinatsioon, mis \u00fchendab jalape\u00f1o t\u0161illide paraja teravuse ja ananassi loomuliku magususe.<\/p>\n<p data-start=\"102\" data-end=\"346\">Tulemuseks on tasakaalustatud ja iseloomukas kaste, mis ootab, et saaks igat sinu rooga t\u00e4iustada.<\/p>\n<p data-start=\"348\" data-end=\"490\">Sobib suurep\u00e4raselt Mehhiko roogade, eelroogade, grilltoitude ja mereandide k\u00f5rvale, kuid annab p\u00f5neva n\u00fcansi ka paljudele teistele toitudele.<\/p>\n<ul>\n<li data-section-id=\"1qn79ci\" data-start=\"112\" data-end=\"241\"><strong data-start=\"114\" data-end=\"136\">Tacod ja burritod:<\/strong> Sobib suurep\u00e4raselt klassikaliste Mehhiko roogade kastmeks, lisades parajat teravust ja \u00f5rna magusust.<\/li>\n<li data-section-id=\"tdqn44\" data-start=\"242\" data-end=\"353\"><strong data-start=\"244\" data-end=\"268\">Pasta- ja riisiroad:<\/strong> Lisa pastale v\u00f5i riisile, et anda roogadele v\u00fcrtsikas ja eksootiline maitsen\u00fcanss.<\/li>\n<li data-section-id=\"108d2qq\" data-start=\"354\" data-end=\"456\"><strong data-start=\"356\" data-end=\"379\">Tortillad ja pitad:<\/strong> Kasuta kastme v\u00f5i m\u00e4\u00e4rdena, et luua maitsekas ja kergelt v\u00fcrtsikas t\u00e4idis.<\/li>\n<li data-section-id=\"141hs6j\" data-start=\"457\" data-end=\"567\"><strong data-start=\"459\" data-end=\"475\">Grilltoidud:<\/strong> Ideaalne kana-, sea- ja veiselihale, rikastades rooga s\u00fcgava aroomi ja m\u00f5nusa teravusega.<\/li>\n<li data-section-id=\"9wd8rh\" data-start=\"568\" data-end=\"689\"><strong data-start=\"570\" data-end=\"594\">Grillitud mereannid:<\/strong> Nirista kastet grillitud mereandidele, et lisada roale v\u00fcrtsi ja troopilist ananassimaitset.<\/li>\n<li data-section-id=\"h2psi5\" data-start=\"690\" data-end=\"844\"><strong data-start=\"692\" data-end=\"718\">V\u00f5ileivad ja burgerid:<\/strong> Lisa kastet v\u00f5ileibadele ja burgeritele, et saavutada intensiivne maitseelamus koos m\u00f5nusa teravuse ja troopilise magususega.<\/li>\n<\/ul>\n<div class=\"flex flex-col text-sm pb-25\">\n<section class=\"text-token-text-primary w-full focus:outline-none [--shadow-height:45px] has-data-writing-block:pointer-events-none has-data-writing-block:-mt-(--shadow-height) has-data-writing-block:pt-(--shadow-height) [&amp;:has([data-writing-block])&gt;*]:pointer-events-auto scroll-mt-[calc(var(--header-height)+min(200px,max(70px,20svh)))]\" dir=\"auto\" data-turn-id=\"request-WEB:28c81414-927a-48d4-9f94-a86d0e602202-1\" data-testid=\"conversation-turn-4\" data-scroll-anchor=\"true\" data-turn=\"assistant\">\n<div class=\"text-base my-auto mx-auto pb-10 [--thread-content-margin:var(--thread-content-margin-xs,calc(var(--spacing)*4))] @w-sm\/main:[--thread-content-margin:var(--thread-content-margin-sm,calc(var(--spacing)*6))] @w-lg\/main:[--thread-content-margin:var(--thread-content-margin-lg,calc(var(--spacing)*16))] px-(--thread-content-margin)\">\n<div class=\"[--thread-content-max-width:40rem] @w-lg\/main:[--thread-content-max-width:48rem] mx-auto max-w-(--thread-content-max-width) flex-1 group\/turn-messages focus-visible:outline-hidden relative flex w-full min-w-0 flex-col agent-turn\">\n<div class=\"mt-3 w-full empty:hidden\">\n<div class=\"text-center\">\n<p data-start=\"0\" data-end=\"33\"><strong>Traditsioon, kirg ja elustiil<\/strong><\/p>\n<p data-start=\"35\" data-end=\"307\">Oak\u2019A BBQ ei valmista lihtsalt kastmeid ja maitseainesegusid \u2013 nende eesm\u00e4rk on luua julgeid ja unustamatuid BBQ-elamusi. Iga Oak\u2019A BBQ kastmepudel, iga n\u00e4put\u00e4is maitseainesegu ja iga glasuur on k\u00e4sitsi loodud, et viia sinu grillimine t\u00f5elise kulinaarse rituaali tasemele.<\/p>\n<p data-start=\"309\" data-end=\"547\" data-is-last-node=\"\" data-is-only-node=\"\">BBQ on palju enamat kui lihtsalt toit. See on traditsioon, kirg ja viis inimesi kokku tuua. Kogu maailmas hinnatakse BBQ-d selle rikkalike maitsete, aeglaselt k\u00fcpsetatud t\u00e4iuslikkuse ning r\u00f5\u00f5mu p\u00e4rast, mida pakub otse tulelt jagatud eine.<\/p>\n<\/div>\n<\/div>\n<\/div>\n<\/div>\n<\/section>\n<\/div>\n<div class=\"pointer-events-none h-px w-px absolute bottom-0\" aria-hidden=\"true\" data-edge=\"true\"><\/div>\n<p><img loading=\"lazy\" decoding=\"async\" class=\" wp-image-6555\" src=\"https:\/\/tammetorubbq.ee\/wp-content\/uploads\/2026\/04\/Oaka-BBQ-logo-300x250.png\" alt=\"Oak\u2019a BBQ logo\" width=\"147\" height=\"123\" srcset=\"https:\/\/tammetorubbq.ee\/wp-content\/uploads\/2026\/04\/Oaka-BBQ-logo-300x250.png 300w, https:\/\/tammetorubbq.ee\/wp-content\/uploads\/2026\/04\/Oaka-BBQ-logo-1024x853.png 1024w, https:\/\/tammetorubbq.ee\/wp-content\/uploads\/2026\/04\/Oaka-BBQ-logo-768x640.png 768w, https:\/\/tammetorubbq.ee\/wp-content\/uploads\/2026\/04\/Oaka-BBQ-logo-14x12.png 14w, https:\/\/tammetorubbq.ee\/wp-content\/uploads\/2026\/04\/Oaka-BBQ-logo-600x500.png 600w, https:\/\/tammetorubbq.ee\/wp-content\/uploads\/2026\/04\/Oaka-BBQ-logo-64x53.png 64w, https:\/\/tammetorubbq.ee\/wp-content\/uploads\/2026\/04\/Oaka-BBQ-logo.png 1205w\" sizes=\"auto, (max-width: 147px) 100vw, 147px\" \/><\/p>\n","protected":false},"featured_media":6632,"comment_status":"closed","ping_status":"closed","template":"","meta":{"_uf_show_specific_survey":0,"_uf_disable_surveys":false},"pwb-brand":[383],"product_brand":[384],"product_cat":[22],"product_tag":[138,118,159,120,385,386,161,114],"class_list":{"0":"post-6628","1":"product","2":"type-product","3":"status-publish","4":"has-post-thumbnail","6":"pwb-brand-oaka-bbq","7":"product_brand-oaka-bbq","8":"product_cat-kastmed-ja-marinaadid","9":"product_tag-burger","10":"product_tag-kanaliha","11":"product_tag-kanatiivad","12":"product_tag-mereannid","13":"product_tag-oaka-bbq","14":"product_tag-oaka-bbq-kaste","15":"product_tag-pizza","16":"product_tag-sealiha","18":"first","19":"outofstock","20":"taxable","21":"shipping-taxable","22":"purchasable","23":"product-type-simple"},"brands":[{"id":383,"name":"Oak\u2019a BBQ","slug":"oaka-bbq"}],"_links":{"self":[{"href":"https:\/\/tammetorubbq.ee\/lv\/wp-json\/wp\/v2\/product\/6628","targetHints":{"allow":["GET"]}}],"collection":[{"href":"https:\/\/tammetorubbq.ee\/lv\/wp-json\/wp\/v2\/product"}],"about":[{"href":"https:\/\/tammetorubbq.ee\/lv\/wp-json\/wp\/v2\/types\/product"}],"replies":[{"embeddable":true,"href":"https:\/\/tammetorubbq.ee\/lv\/wp-json\/wp\/v2\/comments?post=6628"}],"wp:featuredmedia":[{"embeddable":true,"href":"https:\/\/tammetorubbq.ee\/lv\/wp-json\/wp\/v2\/media\/6632"}],"wp:attachment":[{"href":"https:\/\/tammetorubbq.ee\/lv\/wp-json\/wp\/v2\/media?parent=6628"}],"wp:term":[{"taxonomy":"pwb-brand","embeddable":true,"href":"https:\/\/tammetorubbq.ee\/lv\/wp-json\/wp\/v2\/pwb-brand?post=6628"},{"taxonomy":"product_brand","embeddable":true,"href":"https:\/\/tammetorubbq.ee\/lv\/wp-json\/wp\/v2\/product_brand?post=6628"},{"taxonomy":"product_cat","embeddable":true,"href":"https:\/\/tammetorubbq.ee\/lv\/wp-json\/wp\/v2\/product_cat?post=6628"},{"taxonomy":"product_tag","embeddable":true,"href":"https:\/\/tammetorubbq.ee\/lv\/wp-json\/wp\/v2\/product_tag?post=6628"}],"curies":[{"name":"wp","href":"https:\/\/api.w.org\/{rel}","templated":true}]}}