{"id":6635,"date":"2026-04-14T14:55:55","date_gmt":"2026-04-14T11:55:55","guid":{"rendered":"https:\/\/tammetorubbq.ee\/?post_type=product&#038;p=6635"},"modified":"2026-04-15T00:00:03","modified_gmt":"2026-04-14T21:00:03","slug":"oaka-bbq-whisky-apple-bbq-kaste-270g","status":"publish","type":"product","link":"https:\/\/tammetorubbq.ee\/lv\/product-2\/oaka-bbq-whisky-apple-bbq-kaste-270g\/","title":{"rendered":"Oak\u2019a BBQ Whisky Apple BBQ kaste 270g"},"content":{"rendered":"<p><strong data-start=\"84\" data-end=\"100\">Koostisosad: <\/strong>tomatipasta, \u00f5unamahl (24%), suhkur, vesi, ananassimahl, viski (3%), palsami\u00e4\u00e4dikas, sool, tume sojakaste (vesi, sojaoad, suhkur, sool, nisujahu), suitsutatud paprika, Worcestershire\u2019i kaste (veini\u00e4\u00e4dikas, linnase\u00e4\u00e4dikas [odrast], suhkur, sool, karamelliseeritud suhkrusiirup, v\u00fcrtsid (sisaldab sellerit), sidruni\u00f5li), sinepipulber, karamelliseeritud suhkrusiirup, looduslik maitsetugevdaja (v\u00fcrtsid: leeskputke juur, pastinaak, sibul), k\u00fc\u00fcslaugugraanulid, sellerijuure pulber, kurkum, k\u00f6\u00f6mned, garam masala, paksendaja (modifitseeritud t\u00e4rklis), suitsu maitseaine, sinepiekstrakt, v\u00fcrtsid, stabilisaatorid (guarkummi, ksantaankummi), s\u00e4ilitusaine (kaaliumsorbaat).<\/p>\n<table>\n<thead>\n<tr>\n<th>Toitaineline info (100 g kohta)<\/th>\n<th>V\u00e4\u00e4rtus<\/th>\n<\/tr>\n<\/thead>\n<tbody>\n<tr>\n<td>Energiav\u00e4\u00e4rtus<\/td>\n<td>758 kJ \/ 181 kcal<\/td>\n<\/tr>\n<tr>\n<td>Rasvad<\/td>\n<td>0,14 g<\/td>\n<\/tr>\n<tr>\n<td>\u2013 millest k\u00fcllastunud rasvhapped<\/td>\n<td>0,05 g<\/td>\n<\/tr>\n<tr>\n<td>S\u00fcsivesikud<\/td>\n<td>42,0 g<\/td>\n<\/tr>\n<tr>\n<td>\u2013 millest suhkrud<\/td>\n<td>32,0 g<\/td>\n<\/tr>\n<tr>\n<td>Valgud<\/td>\n<td>2,09 g<\/td>\n<\/tr>\n<tr>\n<td>Sool<\/td>\n<td>0,84 g<\/td>\n<\/tr>\n<\/tbody>\n<\/table>\n","protected":false},"excerpt":{"rendered":"<p data-start=\"109\" data-end=\"350\">Oak\u2019a BBQ Whisky Apple BBQ kaste on ainulaadse maitsega grillkaste, mis \u00fchendab \u00f5una meeldiva magususe, rikkaliku viskinoodi ja kerge suitsuse aroomi.<\/p>\n<p data-start=\"109\" data-end=\"350\">Tulemuseks on tasakaalustatud ja iseloomukas kaste, mis sobib erinevate roogade k\u00f5rvale.<\/p>\n<p data-start=\"352\" data-end=\"578\">Mitmek\u00fclgne kaste igap\u00e4evaseks kasutamiseks \u2013 sobib suurep\u00e4raselt liha marineerimiseks, grillimiseks, glasuurimiseks ja ahjus k\u00fcpsetamiseks.<\/p>\n<p data-start=\"352\" data-end=\"578\">Samuti on see ideaalne lisand burgeritele, pitsadele ja teistele roogadele.<\/p>\n<ul>\n<li data-section-id=\"1d5dij9\" data-start=\"96\" data-end=\"251\"><strong data-start=\"98\" data-end=\"116\">Marineerimine:<\/strong> Marineeri liha (kana, sealiha v\u00f5i veiseliha), et saavutada magus ja suitsune maitse ning valmistada mahlaseid ja maitsvaid roogasid.<\/li>\n<li data-section-id=\"1329iom\" data-start=\"253\" data-end=\"389\"><strong data-start=\"255\" data-end=\"270\">Grillimine:<\/strong> Pintselda kastet lihale umbes 5 minutit enne valmimist, et see karamelliseeruks ning annaks m\u00f5nusa maitse ja aroomi.<\/li>\n<li data-section-id=\"j46fcv\" data-start=\"391\" data-end=\"492\"><strong data-start=\"393\" data-end=\"406\">Burgerid:<\/strong> Kasuta kastet burgerites v\u00f5i kuumades v\u00f5ileibades, et luua ainulaadne maitseelamus.<\/li>\n<li data-section-id=\"14mshjn\" data-start=\"494\" data-end=\"620\"><strong data-start=\"496\" data-end=\"509\">Ahjuroad:<\/strong> Sobib suurep\u00e4raselt ahjus k\u00fcpsetatud liha ja k\u00f6\u00f6giviljade maitsestamiseks, lisades roale s\u00fcgavust ja aroomi.<\/li>\n<\/ul>\n<div class=\"flex flex-col text-sm pb-25\">\n<section class=\"text-token-text-primary w-full focus:outline-none [--shadow-height:45px] has-data-writing-block:pointer-events-none has-data-writing-block:-mt-(--shadow-height) has-data-writing-block:pt-(--shadow-height) [&amp;:has([data-writing-block])&gt;*]:pointer-events-auto scroll-mt-[calc(var(--header-height)+min(200px,max(70px,20svh)))]\" dir=\"auto\" data-turn-id=\"request-WEB:28c81414-927a-48d4-9f94-a86d0e602202-1\" data-testid=\"conversation-turn-4\" data-scroll-anchor=\"true\" data-turn=\"assistant\">\n<div class=\"text-base my-auto mx-auto pb-10 [--thread-content-margin:var(--thread-content-margin-xs,calc(var(--spacing)*4))] @w-sm\/main:[--thread-content-margin:var(--thread-content-margin-sm,calc(var(--spacing)*6))] @w-lg\/main:[--thread-content-margin:var(--thread-content-margin-lg,calc(var(--spacing)*16))] px-(--thread-content-margin)\">\n<div class=\"[--thread-content-max-width:40rem] @w-lg\/main:[--thread-content-max-width:48rem] mx-auto max-w-(--thread-content-max-width) flex-1 group\/turn-messages focus-visible:outline-hidden relative flex w-full min-w-0 flex-col agent-turn\">\n<div class=\"mt-3 w-full empty:hidden\">\n<div class=\"text-center\">\n<p data-start=\"0\" data-end=\"33\"><strong>Traditsioon, kirg ja elustiil<\/strong><\/p>\n<p data-start=\"35\" data-end=\"307\">Oak\u2019A BBQ ei valmista lihtsalt kastmeid ja maitseainesegusid \u2013 nende eesm\u00e4rk on luua julgeid ja unustamatuid BBQ-elamusi. Iga Oak\u2019A BBQ kastmepudel, iga n\u00e4put\u00e4is maitseainesegu ja iga glasuur on k\u00e4sitsi loodud, et viia sinu grillimine t\u00f5elise kulinaarse rituaali tasemele.<\/p>\n<p data-start=\"309\" data-end=\"547\" data-is-last-node=\"\" data-is-only-node=\"\">BBQ on palju enamat kui lihtsalt toit. See on traditsioon, kirg ja viis inimesi kokku tuua. Kogu maailmas hinnatakse BBQ-d selle rikkalike maitsete, aeglaselt k\u00fcpsetatud t\u00e4iuslikkuse ning r\u00f5\u00f5mu p\u00e4rast, mida pakub otse tulelt jagatud eine.<\/p>\n<\/div>\n<\/div>\n<\/div>\n<\/div>\n<\/section>\n<\/div>\n<div class=\"pointer-events-none h-px w-px absolute bottom-0\" aria-hidden=\"true\" data-edge=\"true\"><\/div>\n<p><img loading=\"lazy\" decoding=\"async\" class=\" wp-image-6555\" src=\"https:\/\/tammetorubbq.ee\/wp-content\/uploads\/2026\/04\/Oaka-BBQ-logo-300x250.png\" alt=\"Oak\u2019a BBQ logo\" width=\"147\" height=\"123\" srcset=\"https:\/\/tammetorubbq.ee\/wp-content\/uploads\/2026\/04\/Oaka-BBQ-logo-300x250.png 300w, https:\/\/tammetorubbq.ee\/wp-content\/uploads\/2026\/04\/Oaka-BBQ-logo-1024x853.png 1024w, https:\/\/tammetorubbq.ee\/wp-content\/uploads\/2026\/04\/Oaka-BBQ-logo-768x640.png 768w, https:\/\/tammetorubbq.ee\/wp-content\/uploads\/2026\/04\/Oaka-BBQ-logo-14x12.png 14w, https:\/\/tammetorubbq.ee\/wp-content\/uploads\/2026\/04\/Oaka-BBQ-logo-600x500.png 600w, https:\/\/tammetorubbq.ee\/wp-content\/uploads\/2026\/04\/Oaka-BBQ-logo-64x53.png 64w, https:\/\/tammetorubbq.ee\/wp-content\/uploads\/2026\/04\/Oaka-BBQ-logo.png 1205w\" sizes=\"auto, (max-width: 147px) 100vw, 147px\" \/><\/p>\n","protected":false},"featured_media":6636,"comment_status":"closed","ping_status":"closed","template":"","meta":{"_uf_show_specific_survey":0,"_uf_disable_surveys":false},"pwb-brand":[383],"product_brand":[384],"product_cat":[22],"product_tag":[138,118,159,120,385,386,161,114,119],"class_list":{"0":"post-6635","1":"product","2":"type-product","3":"status-publish","4":"has-post-thumbnail","6":"pwb-brand-oaka-bbq","7":"product_brand-oaka-bbq","8":"product_cat-kastmed-ja-marinaadid","9":"product_tag-burger","10":"product_tag-kanaliha","11":"product_tag-kanatiivad","12":"product_tag-mereannid","13":"product_tag-oaka-bbq","14":"product_tag-oaka-bbq-kaste","15":"product_tag-pizza","16":"product_tag-sealiha","17":"product_tag-veiseliha","19":"first","20":"outofstock","21":"taxable","22":"shipping-taxable","23":"purchasable","24":"product-type-simple"},"brands":[{"id":383,"name":"Oak\u2019a BBQ","slug":"oaka-bbq"}],"_links":{"self":[{"href":"https:\/\/tammetorubbq.ee\/lv\/wp-json\/wp\/v2\/product\/6635","targetHints":{"allow":["GET"]}}],"collection":[{"href":"https:\/\/tammetorubbq.ee\/lv\/wp-json\/wp\/v2\/product"}],"about":[{"href":"https:\/\/tammetorubbq.ee\/lv\/wp-json\/wp\/v2\/types\/product"}],"replies":[{"embeddable":true,"href":"https:\/\/tammetorubbq.ee\/lv\/wp-json\/wp\/v2\/comments?post=6635"}],"wp:featuredmedia":[{"embeddable":true,"href":"https:\/\/tammetorubbq.ee\/lv\/wp-json\/wp\/v2\/media\/6636"}],"wp:attachment":[{"href":"https:\/\/tammetorubbq.ee\/lv\/wp-json\/wp\/v2\/media?parent=6635"}],"wp:term":[{"taxonomy":"pwb-brand","embeddable":true,"href":"https:\/\/tammetorubbq.ee\/lv\/wp-json\/wp\/v2\/pwb-brand?post=6635"},{"taxonomy":"product_brand","embeddable":true,"href":"https:\/\/tammetorubbq.ee\/lv\/wp-json\/wp\/v2\/product_brand?post=6635"},{"taxonomy":"product_cat","embeddable":true,"href":"https:\/\/tammetorubbq.ee\/lv\/wp-json\/wp\/v2\/product_cat?post=6635"},{"taxonomy":"product_tag","embeddable":true,"href":"https:\/\/tammetorubbq.ee\/lv\/wp-json\/wp\/v2\/product_tag?post=6635"}],"curies":[{"name":"wp","href":"https:\/\/api.w.org\/{rel}","templated":true}]}}