{"id":6671,"date":"2026-04-15T13:47:25","date_gmt":"2026-04-15T10:47:25","guid":{"rendered":"https:\/\/tammetorubbq.ee\/?post_type=product&#038;p=6671"},"modified":"2026-04-15T23:00:03","modified_gmt":"2026-04-15T20:00:03","slug":"oaka-bbq-spg-rub-190g","status":"publish","type":"product","link":"https:\/\/tammetorubbq.ee\/lv\/product-2\/oaka-bbq-spg-rub-190g\/","title":{"rendered":"Oak\u2019a BBQ SPG Rub 190g"},"content":{"rendered":"<p><strong data-start=\"88\" data-end=\"104\">Sast\u0101vda\u013cas: <\/strong>k\u00fc\u00fcslaugugraanulid (40%), purustatud pipar (33%), sool (27%), paakumisvastane aine (r\u00e4nidioksiid).<\/p>","protected":false},"excerpt":{"rendered":"<p data-start=\"113\" data-end=\"290\">Oak\u2019a BBQ SPG &#8211; soola, pipra ja k\u00fc\u00fcslaugu maitseainesegu on lihtne, kuid v\u00e4ga t\u00f5hus klassikaline maitseainesegu, mis \u00fchendab kolm p\u00f5hilist komponenti: soola, musta pipra ja k\u00fc\u00fcslaugu.<\/p>\n<p data-start=\"292\" data-end=\"486\">Sobib suurep\u00e4raselt erinevate roogade valmistamiseks \u2013 alates lihast kuni k\u00f6\u00f6giviljadeni. Annab toidule v\u00e4ljendusrikka ja tasakaalustatud maitse ning on igap\u00e4evases k\u00f6\u00f6gis asendamatu maitseaine.<\/p>\n<ul>\n<li data-section-id=\"1u1yrt1\" data-start=\"96\" data-end=\"197\"><strong data-start=\"98\" data-end=\"114\">K\u00fcpsetamine:<\/strong> Sobib liha maitsestamiseks enne ahjus k\u00fcpsetamist, andes roale rikkaliku maitse.<\/li>\n<li data-section-id=\"1tbonsn\" data-start=\"199\" data-end=\"299\"><strong data-start=\"201\" data-end=\"223\">Hautised ja supid:<\/strong> Lisa maitseainesegu hautistele v\u00f5i suppidele, et rikastada nende maitset.<\/li>\n<li data-section-id=\"1vh26sb\" data-start=\"301\" data-end=\"399\"><strong data-start=\"303\" data-end=\"321\">Pasta ja riis:<\/strong> Kasuta maitseainena pasta- ja riisiroogades, et t\u00f5sta nende maitseprofiili.<\/li>\n<li data-section-id=\"1l06gur\" data-start=\"401\" data-end=\"545\"><strong data-start=\"403\" data-end=\"430\">Kr\u00f5be pind:<\/strong> Kanna segu lihale v\u00f5i kalale enne suitsutamist, et luua maitsev ja aromaatne koorik ning esile tuua suitsuaroom.<\/li>\n<li data-section-id=\"12gxsqj\" data-start=\"547\" data-end=\"642\"><strong data-start=\"549\" data-end=\"562\">Burgerid:<\/strong> Kasuta segu burgeripihvide valmistamisel, et lisada rohkem maitset ja aroomi.<\/li>\n<li data-section-id=\"l5ppxy\" data-start=\"644\" data-end=\"767\"><strong data-start=\"646\" data-end=\"661\">Grillimine:<\/strong> Ideaalne liha p\u00f5hjalikuks maitsestamiseks enne grillimist, et saavutada rikkalik ja maitsev kr\u00f5be pind.<\/li>\n<\/ul>\n<div class=\"flex flex-col text-sm pb-25\">\n<section class=\"text-token-text-primary w-full focus:outline-none [--shadow-height:45px] has-data-writing-block:pointer-events-none has-data-writing-block:-mt-(--shadow-height) has-data-writing-block:pt-(--shadow-height) [&amp;:has([data-writing-block])&gt;*]:pointer-events-auto scroll-mt-[calc(var(--header-height)+min(200px,max(70px,20svh)))]\" dir=\"auto\" data-turn-id=\"request-WEB:28c81414-927a-48d4-9f94-a86d0e602202-1\" data-testid=\"conversation-turn-4\" data-scroll-anchor=\"true\" data-turn=\"assistant\">\n<div class=\"text-base my-auto mx-auto pb-10 [--thread-content-margin:var(--thread-content-margin-xs,calc(var(--spacing)*4))] @w-sm\/main:[--thread-content-margin:var(--thread-content-margin-sm,calc(var(--spacing)*6))] @w-lg\/main:[--thread-content-margin:var(--thread-content-margin-lg,calc(var(--spacing)*16))] px-(--thread-content-margin)\">\n<div class=\"[--thread-content-max-width:40rem] @w-lg\/main:[--thread-content-max-width:48rem] mx-auto max-w-(--thread-content-max-width) flex-1 group\/turn-messages focus-visible:outline-hidden relative flex w-full min-w-0 flex-col agent-turn\">\n<div class=\"mt-3 w-full empty:hidden\">\n<div class=\"text-center\">\n<p data-start=\"0\" data-end=\"33\"><strong>Traditsioon, kirg ja elustiil<\/strong><\/p>\n<p data-start=\"35\" data-end=\"307\">Oak\u2019A BBQ ei valmista lihtsalt kastmeid ja maitseainesegusid \u2013 nende eesm\u00e4rk on luua julgeid ja unustamatuid BBQ-elamusi. Iga Oak\u2019A BBQ kastmepudel, iga n\u00e4put\u00e4is maitseainesegu ja iga glasuur on k\u00e4sitsi loodud, et viia sinu grillimine t\u00f5elise kulinaarse rituaali tasemele.<\/p>\n<p data-start=\"309\" data-end=\"547\" data-is-last-node=\"\" data-is-only-node=\"\">BBQ on palju enamat kui lihtsalt toit. See on traditsioon, kirg ja viis inimesi kokku tuua. Kogu maailmas hinnatakse BBQ-d selle rikkalike maitsete, aeglaselt k\u00fcpsetatud t\u00e4iuslikkuse ning r\u00f5\u00f5mu p\u00e4rast, mida pakub otse tulelt jagatud eine.<\/p>\n<\/div>\n<\/div>\n<\/div>\n<\/div>\n<\/section>\n<\/div>\n<div class=\"pointer-events-none h-px w-px absolute bottom-0\" aria-hidden=\"true\" data-edge=\"true\"><\/div>\n<p><img loading=\"lazy\" decoding=\"async\" class=\" wp-image-6555\" src=\"https:\/\/tammetorubbq.ee\/wp-content\/uploads\/2026\/04\/Oaka-BBQ-logo-300x250.png\" alt=\"Oak\u2019a BBQ logo\" width=\"147\" height=\"123\" srcset=\"https:\/\/tammetorubbq.ee\/wp-content\/uploads\/2026\/04\/Oaka-BBQ-logo-300x250.png 300w, https:\/\/tammetorubbq.ee\/wp-content\/uploads\/2026\/04\/Oaka-BBQ-logo-1024x853.png 1024w, https:\/\/tammetorubbq.ee\/wp-content\/uploads\/2026\/04\/Oaka-BBQ-logo-768x640.png 768w, https:\/\/tammetorubbq.ee\/wp-content\/uploads\/2026\/04\/Oaka-BBQ-logo-14x12.png 14w, https:\/\/tammetorubbq.ee\/wp-content\/uploads\/2026\/04\/Oaka-BBQ-logo-600x500.png 600w, https:\/\/tammetorubbq.ee\/wp-content\/uploads\/2026\/04\/Oaka-BBQ-logo-64x53.png 64w, https:\/\/tammetorubbq.ee\/wp-content\/uploads\/2026\/04\/Oaka-BBQ-logo.png 1205w\" sizes=\"auto, (max-width: 147px) 100vw, 147px\" \/><\/p>\n","protected":false},"featured_media":6672,"comment_status":"closed","ping_status":"closed","template":"","meta":{"_uf_show_specific_survey":0,"_uf_disable_surveys":false},"pwb-brand":[383],"product_brand":[384],"product_cat":[21],"product_tag":[118,121,120,385,394,161,114,119],"class_list":{"0":"post-6671","1":"product","2":"type-product","3":"status-publish","4":"has-post-thumbnail","6":"pwb-brand-oaka-bbq","7":"product_brand-oaka-bbq","8":"product_cat-maitseainesegud","9":"product_tag-kanaliha","10":"product_tag-koogiviljad","11":"product_tag-mereannid","12":"product_tag-oaka-bbq","13":"product_tag-oaka-bbq-rub","14":"product_tag-pizza","15":"product_tag-sealiha","16":"product_tag-veiseliha","18":"first","19":"instock","20":"taxable","21":"shipping-taxable","22":"purchasable","23":"product-type-simple"},"brands":[{"id":383,"name":"Oak\u2019a BBQ","slug":"oaka-bbq"}],"_links":{"self":[{"href":"https:\/\/tammetorubbq.ee\/lv\/wp-json\/wp\/v2\/product\/6671","targetHints":{"allow":["GET"]}}],"collection":[{"href":"https:\/\/tammetorubbq.ee\/lv\/wp-json\/wp\/v2\/product"}],"about":[{"href":"https:\/\/tammetorubbq.ee\/lv\/wp-json\/wp\/v2\/types\/product"}],"replies":[{"embeddable":true,"href":"https:\/\/tammetorubbq.ee\/lv\/wp-json\/wp\/v2\/comments?post=6671"}],"wp:featuredmedia":[{"embeddable":true,"href":"https:\/\/tammetorubbq.ee\/lv\/wp-json\/wp\/v2\/media\/6672"}],"wp:attachment":[{"href":"https:\/\/tammetorubbq.ee\/lv\/wp-json\/wp\/v2\/media?parent=6671"}],"wp:term":[{"taxonomy":"pwb-brand","embeddable":true,"href":"https:\/\/tammetorubbq.ee\/lv\/wp-json\/wp\/v2\/pwb-brand?post=6671"},{"taxonomy":"product_brand","embeddable":true,"href":"https:\/\/tammetorubbq.ee\/lv\/wp-json\/wp\/v2\/product_brand?post=6671"},{"taxonomy":"product_cat","embeddable":true,"href":"https:\/\/tammetorubbq.ee\/lv\/wp-json\/wp\/v2\/product_cat?post=6671"},{"taxonomy":"product_tag","embeddable":true,"href":"https:\/\/tammetorubbq.ee\/lv\/wp-json\/wp\/v2\/product_tag?post=6671"}],"curies":[{"name":"wp","href":"https:\/\/api.w.org\/{rel}","templated":true}]}}