{"id":6679,"date":"2026-04-15T14:08:42","date_gmt":"2026-04-15T11:08:42","guid":{"rendered":"https:\/\/tammetorubbq.ee\/?post_type=product&#038;p=6679"},"modified":"2026-04-16T02:00:25","modified_gmt":"2026-04-15T23:00:25","slug":"oaka-bbq-pork-rub-140g","status":"publish","type":"product","link":"https:\/\/tammetorubbq.ee\/lv\/product-2\/oaka-bbq-pork-rub-140g\/","title":{"rendered":"Oak\u2019a BBQ Pork Rub 140g"},"content":{"rendered":"<p><strong data-start=\"97\" data-end=\"113\">Sast\u0101vda\u013cas: <\/strong>magus paprika, k\u00fc\u00fcslaugugraanulid, sool, selleripulber, sinep, suhkur, sibulapulber, ancho t\u0161illid, tomatipulber, chipotle\u2019i pulber, muskaatp\u00e4hkel, peedipulber, kurkum, k\u00f6\u00f6mned, oregano, rapsi\u00f5li, looduslik maitsetugevdaja, sidruniekstrakt, paakumisvastane aine (r\u00e4nidioksiid).<\/p>","protected":false},"excerpt":{"rendered":"<p data-start=\"119\" data-end=\"255\">Oak\u2019a BBQ Pork Rub on spetsiaalselt loodud sealiha maitse esiletoomiseks, andes sellele rikkaliku, aromaatse ja t\u00e4idlase maitseprofiili.<\/p>\n<p data-start=\"257\" data-end=\"506\">Sobib suurep\u00e4raselt grillimiseks, ahjus k\u00fcpsetamiseks, hautamiseks, marineerimiseks, ribide valmistamiseks ning paljude teiste maitsvate roogade jaoks. Mugav ja usaldusv\u00e4\u00e4rne abiline k\u00f5igile, kes soovivad valmistada mahlast ja maitsek\u00fcllast sealiha.<\/p>\n<ul>\n<li data-section-id=\"wdsomv\" data-start=\"96\" data-end=\"253\"><strong data-start=\"98\" data-end=\"113\">Grillimine:<\/strong> Sobib suurep\u00e4raselt searibide, steigi v\u00f5i filee marineerimiseks v\u00f5i kuivh\u00f5\u00f5rumiseks enne grillimist, et luua maitsev ja aromaatne koorik.<\/li>\n<li data-section-id=\"nsqr5h\" data-start=\"255\" data-end=\"390\"><strong data-start=\"257\" data-end=\"279\">Ahjus k\u00fcpsetamine:<\/strong> Raputa maitseainesegu sealiha peale enne k\u00fcpsetamist, et anda roale rikkalik maitse ja aromaatne pealispind.<\/li>\n<li data-section-id=\"oza0wk\" data-start=\"392\" data-end=\"499\"><strong data-start=\"394\" data-end=\"407\">Hautised:<\/strong> Kasuta segu hautistes, suppides v\u00f5i raguu\u2019des, et lisada roale s\u00fcgavust ja maitserikkust.<\/li>\n<li data-section-id=\"c9tvdn\" data-start=\"501\" data-end=\"606\"><strong data-start=\"503\" data-end=\"513\">Supid:<\/strong> Lisa maitseainet erinevatele suppidele, et t\u00f5sta nende maitset ja muuta need t\u00e4idlasemaks.<\/li>\n<li data-section-id=\"txwwk6\" data-start=\"608\" data-end=\"733\"><strong data-start=\"610\" data-end=\"630\">Sealihaburgerid:<\/strong> Kasuta maitseainesegu sealiha burgerite valmistamisel, et anda neile rikkalik ja iseloomulik maitse.<\/li>\n<\/ul>\n<div class=\"flex flex-col text-sm pb-25\">\n<section class=\"text-token-text-primary w-full focus:outline-none [--shadow-height:45px] has-data-writing-block:pointer-events-none has-data-writing-block:-mt-(--shadow-height) has-data-writing-block:pt-(--shadow-height) [&amp;:has([data-writing-block])&gt;*]:pointer-events-auto scroll-mt-[calc(var(--header-height)+min(200px,max(70px,20svh)))]\" dir=\"auto\" data-turn-id=\"request-WEB:28c81414-927a-48d4-9f94-a86d0e602202-1\" data-testid=\"conversation-turn-4\" data-scroll-anchor=\"true\" data-turn=\"assistant\">\n<div class=\"text-base my-auto mx-auto pb-10 [--thread-content-margin:var(--thread-content-margin-xs,calc(var(--spacing)*4))] @w-sm\/main:[--thread-content-margin:var(--thread-content-margin-sm,calc(var(--spacing)*6))] @w-lg\/main:[--thread-content-margin:var(--thread-content-margin-lg,calc(var(--spacing)*16))] px-(--thread-content-margin)\">\n<div class=\"[--thread-content-max-width:40rem] @w-lg\/main:[--thread-content-max-width:48rem] mx-auto max-w-(--thread-content-max-width) flex-1 group\/turn-messages focus-visible:outline-hidden relative flex w-full min-w-0 flex-col agent-turn\">\n<div class=\"mt-3 w-full empty:hidden\">\n<div class=\"text-center\">\n<p data-start=\"0\" data-end=\"33\"><strong>Traditsioon, kirg ja elustiil<\/strong><\/p>\n<p data-start=\"35\" data-end=\"307\">Oak\u2019A BBQ ei valmista lihtsalt kastmeid ja maitseainesegusid \u2013 nende eesm\u00e4rk on luua julgeid ja unustamatuid BBQ-elamusi. Iga Oak\u2019A BBQ kastmepudel, iga n\u00e4put\u00e4is maitseainesegu ja iga glasuur on k\u00e4sitsi loodud, et viia sinu grillimine t\u00f5elise kulinaarse rituaali tasemele.<\/p>\n<p data-start=\"309\" data-end=\"547\" data-is-last-node=\"\" data-is-only-node=\"\">BBQ on palju enamat kui lihtsalt toit. See on traditsioon, kirg ja viis inimesi kokku tuua. Kogu maailmas hinnatakse BBQ-d selle rikkalike maitsete, aeglaselt k\u00fcpsetatud t\u00e4iuslikkuse ning r\u00f5\u00f5mu p\u00e4rast, mida pakub otse tulelt jagatud eine.<\/p>\n<\/div>\n<\/div>\n<\/div>\n<\/div>\n<\/section>\n<\/div>\n<div class=\"pointer-events-none h-px w-px absolute bottom-0\" aria-hidden=\"true\" data-edge=\"true\"><\/div>\n<p><img loading=\"lazy\" decoding=\"async\" class=\" wp-image-6555\" src=\"https:\/\/tammetorubbq.ee\/wp-content\/uploads\/2026\/04\/Oaka-BBQ-logo-300x250.png\" alt=\"Oak\u2019a BBQ logo\" width=\"147\" height=\"123\" srcset=\"https:\/\/tammetorubbq.ee\/wp-content\/uploads\/2026\/04\/Oaka-BBQ-logo-300x250.png 300w, https:\/\/tammetorubbq.ee\/wp-content\/uploads\/2026\/04\/Oaka-BBQ-logo-1024x853.png 1024w, https:\/\/tammetorubbq.ee\/wp-content\/uploads\/2026\/04\/Oaka-BBQ-logo-768x640.png 768w, https:\/\/tammetorubbq.ee\/wp-content\/uploads\/2026\/04\/Oaka-BBQ-logo-14x12.png 14w, https:\/\/tammetorubbq.ee\/wp-content\/uploads\/2026\/04\/Oaka-BBQ-logo-600x500.png 600w, https:\/\/tammetorubbq.ee\/wp-content\/uploads\/2026\/04\/Oaka-BBQ-logo-64x53.png 64w, https:\/\/tammetorubbq.ee\/wp-content\/uploads\/2026\/04\/Oaka-BBQ-logo.png 1205w\" sizes=\"auto, (max-width: 147px) 100vw, 147px\" \/><\/p>\n","protected":false},"featured_media":6680,"comment_status":"closed","ping_status":"closed","template":"","meta":{"_uf_show_specific_survey":0,"_uf_disable_surveys":false},"pwb-brand":[383],"product_brand":[384],"product_cat":[21],"product_tag":[138,385,394,166,114,122],"class_list":{"0":"post-6679","1":"product","2":"type-product","3":"status-publish","4":"has-post-thumbnail","6":"pwb-brand-oaka-bbq","7":"product_brand-oaka-bbq","8":"product_cat-maitseainesegud","9":"product_tag-burger","10":"product_tag-oaka-bbq","11":"product_tag-oaka-bbq-rub","12":"product_tag-rebitudliha","13":"product_tag-sealiha","14":"product_tag-searibi","16":"first","17":"instock","18":"taxable","19":"shipping-taxable","20":"purchasable","21":"product-type-simple"},"brands":[{"id":383,"name":"Oak\u2019a BBQ","slug":"oaka-bbq"}],"_links":{"self":[{"href":"https:\/\/tammetorubbq.ee\/lv\/wp-json\/wp\/v2\/product\/6679","targetHints":{"allow":["GET"]}}],"collection":[{"href":"https:\/\/tammetorubbq.ee\/lv\/wp-json\/wp\/v2\/product"}],"about":[{"href":"https:\/\/tammetorubbq.ee\/lv\/wp-json\/wp\/v2\/types\/product"}],"replies":[{"embeddable":true,"href":"https:\/\/tammetorubbq.ee\/lv\/wp-json\/wp\/v2\/comments?post=6679"}],"wp:featuredmedia":[{"embeddable":true,"href":"https:\/\/tammetorubbq.ee\/lv\/wp-json\/wp\/v2\/media\/6680"}],"wp:attachment":[{"href":"https:\/\/tammetorubbq.ee\/lv\/wp-json\/wp\/v2\/media?parent=6679"}],"wp:term":[{"taxonomy":"pwb-brand","embeddable":true,"href":"https:\/\/tammetorubbq.ee\/lv\/wp-json\/wp\/v2\/pwb-brand?post=6679"},{"taxonomy":"product_brand","embeddable":true,"href":"https:\/\/tammetorubbq.ee\/lv\/wp-json\/wp\/v2\/product_brand?post=6679"},{"taxonomy":"product_cat","embeddable":true,"href":"https:\/\/tammetorubbq.ee\/lv\/wp-json\/wp\/v2\/product_cat?post=6679"},{"taxonomy":"product_tag","embeddable":true,"href":"https:\/\/tammetorubbq.ee\/lv\/wp-json\/wp\/v2\/product_tag?post=6679"}],"curies":[{"name":"wp","href":"https:\/\/api.w.org\/{rel}","templated":true}]}}