{"id":6681,"date":"2026-04-15T14:19:24","date_gmt":"2026-04-15T11:19:24","guid":{"rendered":"https:\/\/tammetorubbq.ee\/?post_type=product&#038;p=6681"},"modified":"2026-04-16T02:00:24","modified_gmt":"2026-04-15T23:00:24","slug":"oaka-bbq-sasloki-rub-90g","status":"publish","type":"product","link":"https:\/\/tammetorubbq.ee\/lv\/product-2\/oaka-bbq-sasloki-rub-90g\/","title":{"rendered":"Oak\u2019a BBQ \u0160a\u0161l\u00f5ki Rub 90g"},"content":{"rendered":"<p><strong data-start=\"88\" data-end=\"104\">Sast\u0101vda\u013cas: <\/strong>jahvatatud koriander, basiilik, tomatipulber, magus paprika pulber, jahvatatud piment, terav paprika pulber, majoraan, v\u00fcrtsid.<\/p>","protected":false},"excerpt":{"rendered":"<p data-start=\"133\" data-end=\"370\">Oak\u2019a BBQ \u0161a\u0161l\u00f5ki maitseainesegu on spetsiaalselt loodud \u0161a\u0161l\u00f5ki valmistamiseks ning ei sisalda lisatud soola ega suhkrut.<\/p>\n<p data-start=\"133\" data-end=\"370\">Segu \u00fchendab kvaliteetsed looduslikud koostisosad, mis toovad esile nii liha kui ka k\u00f6\u00f6giviljade loomuliku maitse.<\/p>\n<p data-start=\"372\" data-end=\"455\">Annab igale \u0161a\u0161l\u00f5kiportsjonile iseloomuliku aroomi ja tasakaalustatud maitsebuketi.<\/p>\n<ul>\n<li data-section-id=\"pv02om\" data-start=\"96\" data-end=\"208\"><strong data-start=\"98\" data-end=\"116\">Marineerimine:<\/strong> Ideaalne liha marineerimiseks enne grillimist, andes roale rikkaliku ja aromaatse maitse.<\/li>\n<li data-section-id=\"1tbonsn\" data-start=\"210\" data-end=\"310\"><strong data-start=\"212\" data-end=\"234\">Hautised ja supid:<\/strong> Lisa maitseainesegu hautistele v\u00f5i suppidele, et rikastada nende maitset.<\/li>\n<li data-section-id=\"rng260\" data-start=\"312\" data-end=\"436\"><strong data-start=\"314\" data-end=\"336\">Ahjus k\u00fcpsetamine:<\/strong> Raputa maitseainesegu lihale enne ahjus k\u00fcpsetamist, et anda sellele t\u00e4idlane ja rikkalik maitse.<\/li>\n<li data-section-id=\"1tv93h7\" data-start=\"438\" data-end=\"545\" data-is-last-node=\"\"><strong data-start=\"440\" data-end=\"450\">Supid:<\/strong> Lisa maitseainet erinevatele suppidele, et parandada nende maitset ja muuta need maitsekamaks.<\/li>\n<\/ul>\n<div class=\"flex flex-col text-sm pb-25\">\n<section class=\"text-token-text-primary w-full focus:outline-none [--shadow-height:45px] has-data-writing-block:pointer-events-none has-data-writing-block:-mt-(--shadow-height) has-data-writing-block:pt-(--shadow-height) [&amp;:has([data-writing-block])&gt;*]:pointer-events-auto scroll-mt-[calc(var(--header-height)+min(200px,max(70px,20svh)))]\" dir=\"auto\" data-turn-id=\"request-WEB:28c81414-927a-48d4-9f94-a86d0e602202-1\" data-testid=\"conversation-turn-4\" data-scroll-anchor=\"true\" data-turn=\"assistant\">\n<div class=\"text-base my-auto mx-auto pb-10 [--thread-content-margin:var(--thread-content-margin-xs,calc(var(--spacing)*4))] @w-sm\/main:[--thread-content-margin:var(--thread-content-margin-sm,calc(var(--spacing)*6))] @w-lg\/main:[--thread-content-margin:var(--thread-content-margin-lg,calc(var(--spacing)*16))] px-(--thread-content-margin)\">\n<div class=\"[--thread-content-max-width:40rem] @w-lg\/main:[--thread-content-max-width:48rem] mx-auto max-w-(--thread-content-max-width) flex-1 group\/turn-messages focus-visible:outline-hidden relative flex w-full min-w-0 flex-col agent-turn\">\n<div class=\"mt-3 w-full empty:hidden\">\n<div class=\"text-center\">\n<p data-start=\"0\" data-end=\"33\"><strong>Traditsioon, kirg ja elustiil<\/strong><\/p>\n<p data-start=\"35\" data-end=\"307\">Oak\u2019A BBQ ei valmista lihtsalt kastmeid ja maitseainesegusid \u2013 nende eesm\u00e4rk on luua julgeid ja unustamatuid BBQ-elamusi. Iga Oak\u2019A BBQ kastmepudel, iga n\u00e4put\u00e4is maitseainesegu ja iga glasuur on k\u00e4sitsi loodud, et viia sinu grillimine t\u00f5elise kulinaarse rituaali tasemele.<\/p>\n<p data-start=\"309\" data-end=\"547\" data-is-last-node=\"\" data-is-only-node=\"\">BBQ on palju enamat kui lihtsalt toit. See on traditsioon, kirg ja viis inimesi kokku tuua. Kogu maailmas hinnatakse BBQ-d selle rikkalike maitsete, aeglaselt k\u00fcpsetatud t\u00e4iuslikkuse ning r\u00f5\u00f5mu p\u00e4rast, mida pakub otse tulelt jagatud eine.<\/p>\n<\/div>\n<\/div>\n<\/div>\n<\/div>\n<\/section>\n<\/div>\n<div class=\"pointer-events-none h-px w-px absolute bottom-0\" aria-hidden=\"true\" data-edge=\"true\"><\/div>\n<p><img loading=\"lazy\" decoding=\"async\" class=\" wp-image-6555\" src=\"https:\/\/tammetorubbq.ee\/wp-content\/uploads\/2026\/04\/Oaka-BBQ-logo-300x250.png\" alt=\"Oak\u2019a BBQ logo\" width=\"147\" height=\"123\" srcset=\"https:\/\/tammetorubbq.ee\/wp-content\/uploads\/2026\/04\/Oaka-BBQ-logo-300x250.png 300w, https:\/\/tammetorubbq.ee\/wp-content\/uploads\/2026\/04\/Oaka-BBQ-logo-1024x853.png 1024w, https:\/\/tammetorubbq.ee\/wp-content\/uploads\/2026\/04\/Oaka-BBQ-logo-768x640.png 768w, https:\/\/tammetorubbq.ee\/wp-content\/uploads\/2026\/04\/Oaka-BBQ-logo-14x12.png 14w, https:\/\/tammetorubbq.ee\/wp-content\/uploads\/2026\/04\/Oaka-BBQ-logo-600x500.png 600w, https:\/\/tammetorubbq.ee\/wp-content\/uploads\/2026\/04\/Oaka-BBQ-logo-64x53.png 64w, https:\/\/tammetorubbq.ee\/wp-content\/uploads\/2026\/04\/Oaka-BBQ-logo.png 1205w\" sizes=\"auto, (max-width: 147px) 100vw, 147px\" \/><\/p>\n","protected":false},"featured_media":6700,"comment_status":"closed","ping_status":"closed","template":"","meta":{"_uf_show_specific_survey":0,"_uf_disable_surveys":false},"pwb-brand":[383],"product_brand":[384],"product_cat":[21],"product_tag":[385,394,173,114],"class_list":{"0":"post-6681","1":"product","2":"type-product","3":"status-publish","4":"has-post-thumbnail","6":"pwb-brand-oaka-bbq","7":"product_brand-oaka-bbq","8":"product_cat-maitseainesegud","9":"product_tag-oaka-bbq","10":"product_tag-oaka-bbq-rub","11":"product_tag-saslokk","12":"product_tag-sealiha","14":"first","15":"instock","16":"taxable","17":"shipping-taxable","18":"purchasable","19":"product-type-simple"},"brands":[{"id":383,"name":"Oak\u2019a BBQ","slug":"oaka-bbq"}],"_links":{"self":[{"href":"https:\/\/tammetorubbq.ee\/lv\/wp-json\/wp\/v2\/product\/6681","targetHints":{"allow":["GET"]}}],"collection":[{"href":"https:\/\/tammetorubbq.ee\/lv\/wp-json\/wp\/v2\/product"}],"about":[{"href":"https:\/\/tammetorubbq.ee\/lv\/wp-json\/wp\/v2\/types\/product"}],"replies":[{"embeddable":true,"href":"https:\/\/tammetorubbq.ee\/lv\/wp-json\/wp\/v2\/comments?post=6681"}],"wp:featuredmedia":[{"embeddable":true,"href":"https:\/\/tammetorubbq.ee\/lv\/wp-json\/wp\/v2\/media\/6700"}],"wp:attachment":[{"href":"https:\/\/tammetorubbq.ee\/lv\/wp-json\/wp\/v2\/media?parent=6681"}],"wp:term":[{"taxonomy":"pwb-brand","embeddable":true,"href":"https:\/\/tammetorubbq.ee\/lv\/wp-json\/wp\/v2\/pwb-brand?post=6681"},{"taxonomy":"product_brand","embeddable":true,"href":"https:\/\/tammetorubbq.ee\/lv\/wp-json\/wp\/v2\/product_brand?post=6681"},{"taxonomy":"product_cat","embeddable":true,"href":"https:\/\/tammetorubbq.ee\/lv\/wp-json\/wp\/v2\/product_cat?post=6681"},{"taxonomy":"product_tag","embeddable":true,"href":"https:\/\/tammetorubbq.ee\/lv\/wp-json\/wp\/v2\/product_tag?post=6681"}],"curies":[{"name":"wp","href":"https:\/\/api.w.org\/{rel}","templated":true}]}}