{"id":6693,"date":"2026-04-15T15:02:08","date_gmt":"2026-04-15T12:02:08","guid":{"rendered":"https:\/\/tammetorubbq.ee\/?post_type=product&#038;p=6693"},"modified":"2026-04-16T02:00:27","modified_gmt":"2026-04-15T23:00:27","slug":"oaka-bbq-barbadose-rub-180g","status":"publish","type":"product","link":"https:\/\/tammetorubbq.ee\/lv\/product-2\/oaka-bbq-barbadose-rub-180g\/","title":{"rendered":"Oak\u2019a BBQ Barbadose Rub 180g"},"content":{"rendered":"<p><strong data-start=\"97\" data-end=\"113\">Sast\u0101vda\u013cas: <\/strong>pruun roosuhkur, \u00f5unamahlapulber (21%), sool, sibulapulber, k\u00fc\u00fcslaugugraanulid, must pipar, ancho t\u0161illi, majoraan, sinepipulber, oregano, dekstroos, valge pipar, rapsi\u00f5li, sidrunhape, rummi maitseaine (0,1%), paakumisvastane aine (r\u00e4nidioksiid).<\/p>","protected":false},"excerpt":{"rendered":"<p data-start=\"110\" data-end=\"297\">Oak\u2019a BBQ Barbadose maitseainesegu on eksootiline segu, millel on selgelt eristatav \u00f5una ja rummi maitsen\u00fcanss. See annab roogadele magusa, v\u00e4rske ja kergelt v\u00fcrtsika troopilise iseloomu.<\/p>\n<p data-start=\"299\" data-end=\"537\">Segu lisab toidule tasakaalustatud ja elava aroomi ning ainulaadse saarep\u00e4rase maitsen\u00fcansi. Sobib suurep\u00e4raselt liha, kala ja k\u00f6\u00f6giviljade valmistamiseks ning on ideaalne grillimiseks, marineerimiseks ja igap\u00e4evaseks toiduvalmistamiseks.<\/p>\n<ul>\n<li data-section-id=\"xcsa4n\" data-start=\"96\" data-end=\"245\"><strong data-start=\"98\" data-end=\"113\">Grillimine:<\/strong> Sobib suurep\u00e4raselt sealiha, kana ja k\u00f6\u00f6giviljade maitsestamiseks, andes roogadele troopilise, magusa ja kergelt v\u00fcrtsika maitse.<\/li>\n<li data-section-id=\"1fcofou\" data-start=\"247\" data-end=\"360\"><strong data-start=\"249\" data-end=\"267\">Marineerimine:<\/strong> Sega \u00f5li v\u00f5i \u00f5unamahlaga, et valmistada v\u00e4rske ja aromaatne marinaad kerge rummi n\u00fcansiga.<\/li>\n<li data-section-id=\"1jlq6dj\" data-start=\"362\" data-end=\"502\"><strong data-start=\"364\" data-end=\"386\">Ahjus k\u00fcpsetamine:<\/strong> Raputa maitseainesegu lihale v\u00f5i k\u00f6\u00f6giviljadele enne k\u00fcpsetamist, et lisada rikkalik ja kergelt suitsune magusus.<\/li>\n<li data-section-id=\"1sc5ww\" data-start=\"504\" data-end=\"620\"><strong data-start=\"506\" data-end=\"529\">Igap\u00e4evane kasutus:<\/strong> Lisa hautistele, suupistetele v\u00f5i ahjukartulitele, et anda roogadele p\u00f5nev maitsen\u00fcanss.<\/li>\n<\/ul>\n<div class=\"flex flex-col text-sm pb-25\">\n<section class=\"text-token-text-primary w-full focus:outline-none [--shadow-height:45px] has-data-writing-block:pointer-events-none has-data-writing-block:-mt-(--shadow-height) has-data-writing-block:pt-(--shadow-height) [&amp;:has([data-writing-block])&gt;*]:pointer-events-auto scroll-mt-[calc(var(--header-height)+min(200px,max(70px,20svh)))]\" dir=\"auto\" data-turn-id=\"request-WEB:28c81414-927a-48d4-9f94-a86d0e602202-1\" data-testid=\"conversation-turn-4\" data-scroll-anchor=\"true\" data-turn=\"assistant\">\n<div class=\"text-base my-auto mx-auto pb-10 [--thread-content-margin:var(--thread-content-margin-xs,calc(var(--spacing)*4))] @w-sm\/main:[--thread-content-margin:var(--thread-content-margin-sm,calc(var(--spacing)*6))] @w-lg\/main:[--thread-content-margin:var(--thread-content-margin-lg,calc(var(--spacing)*16))] px-(--thread-content-margin)\">\n<div class=\"[--thread-content-max-width:40rem] @w-lg\/main:[--thread-content-max-width:48rem] mx-auto max-w-(--thread-content-max-width) flex-1 group\/turn-messages focus-visible:outline-hidden relative flex w-full min-w-0 flex-col agent-turn\">\n<div class=\"mt-3 w-full empty:hidden\">\n<div class=\"text-center\">\n<p data-start=\"0\" data-end=\"33\"><strong>Traditsioon, kirg ja elustiil<\/strong><\/p>\n<p data-start=\"35\" data-end=\"307\">Oak\u2019A BBQ ei valmista lihtsalt kastmeid ja maitseainesegusid \u2013 nende eesm\u00e4rk on luua julgeid ja unustamatuid BBQ-elamusi. Iga Oak\u2019A BBQ kastmepudel, iga n\u00e4put\u00e4is maitseainesegu ja iga glasuur on k\u00e4sitsi loodud, et viia sinu grillimine t\u00f5elise kulinaarse rituaali tasemele.<\/p>\n<p data-start=\"309\" data-end=\"547\" data-is-last-node=\"\" data-is-only-node=\"\">BBQ on palju enamat kui lihtsalt toit. See on traditsioon, kirg ja viis inimesi kokku tuua. Kogu maailmas hinnatakse BBQ-d selle rikkalike maitsete, aeglaselt k\u00fcpsetatud t\u00e4iuslikkuse ning r\u00f5\u00f5mu p\u00e4rast, mida pakub otse tulelt jagatud eine.<\/p>\n<\/div>\n<\/div>\n<\/div>\n<\/div>\n<\/section>\n<\/div>\n<div class=\"pointer-events-none h-px w-px absolute bottom-0\" aria-hidden=\"true\" data-edge=\"true\"><\/div>\n<p><img loading=\"lazy\" decoding=\"async\" class=\" wp-image-6555\" src=\"https:\/\/tammetorubbq.ee\/wp-content\/uploads\/2026\/04\/Oaka-BBQ-logo-300x250.png\" alt=\"Oak\u2019a BBQ logo\" width=\"147\" height=\"123\" srcset=\"https:\/\/tammetorubbq.ee\/wp-content\/uploads\/2026\/04\/Oaka-BBQ-logo-300x250.png 300w, https:\/\/tammetorubbq.ee\/wp-content\/uploads\/2026\/04\/Oaka-BBQ-logo-1024x853.png 1024w, https:\/\/tammetorubbq.ee\/wp-content\/uploads\/2026\/04\/Oaka-BBQ-logo-768x640.png 768w, https:\/\/tammetorubbq.ee\/wp-content\/uploads\/2026\/04\/Oaka-BBQ-logo-14x12.png 14w, https:\/\/tammetorubbq.ee\/wp-content\/uploads\/2026\/04\/Oaka-BBQ-logo-600x500.png 600w, https:\/\/tammetorubbq.ee\/wp-content\/uploads\/2026\/04\/Oaka-BBQ-logo-64x53.png 64w, https:\/\/tammetorubbq.ee\/wp-content\/uploads\/2026\/04\/Oaka-BBQ-logo.png 1205w\" sizes=\"auto, (max-width: 147px) 100vw, 147px\" \/><\/p>\n","protected":false},"featured_media":6694,"comment_status":"closed","ping_status":"closed","template":"","meta":{"_uf_show_specific_survey":0,"_uf_disable_surveys":false},"pwb-brand":[383],"product_brand":[384],"product_cat":[21],"product_tag":[118,121,385,394,114],"class_list":{"0":"post-6693","1":"product","2":"type-product","3":"status-publish","4":"has-post-thumbnail","6":"pwb-brand-oaka-bbq","7":"product_brand-oaka-bbq","8":"product_cat-maitseainesegud","9":"product_tag-kanaliha","10":"product_tag-koogiviljad","11":"product_tag-oaka-bbq","12":"product_tag-oaka-bbq-rub","13":"product_tag-sealiha","15":"first","16":"instock","17":"taxable","18":"shipping-taxable","19":"purchasable","20":"product-type-simple"},"brands":[{"id":383,"name":"Oak\u2019a BBQ","slug":"oaka-bbq"}],"_links":{"self":[{"href":"https:\/\/tammetorubbq.ee\/lv\/wp-json\/wp\/v2\/product\/6693","targetHints":{"allow":["GET"]}}],"collection":[{"href":"https:\/\/tammetorubbq.ee\/lv\/wp-json\/wp\/v2\/product"}],"about":[{"href":"https:\/\/tammetorubbq.ee\/lv\/wp-json\/wp\/v2\/types\/product"}],"replies":[{"embeddable":true,"href":"https:\/\/tammetorubbq.ee\/lv\/wp-json\/wp\/v2\/comments?post=6693"}],"wp:featuredmedia":[{"embeddable":true,"href":"https:\/\/tammetorubbq.ee\/lv\/wp-json\/wp\/v2\/media\/6694"}],"wp:attachment":[{"href":"https:\/\/tammetorubbq.ee\/lv\/wp-json\/wp\/v2\/media?parent=6693"}],"wp:term":[{"taxonomy":"pwb-brand","embeddable":true,"href":"https:\/\/tammetorubbq.ee\/lv\/wp-json\/wp\/v2\/pwb-brand?post=6693"},{"taxonomy":"product_brand","embeddable":true,"href":"https:\/\/tammetorubbq.ee\/lv\/wp-json\/wp\/v2\/product_brand?post=6693"},{"taxonomy":"product_cat","embeddable":true,"href":"https:\/\/tammetorubbq.ee\/lv\/wp-json\/wp\/v2\/product_cat?post=6693"},{"taxonomy":"product_tag","embeddable":true,"href":"https:\/\/tammetorubbq.ee\/lv\/wp-json\/wp\/v2\/product_tag?post=6693"}],"curies":[{"name":"wp","href":"https:\/\/api.w.org\/{rel}","templated":true}]}}