{"id":6695,"date":"2026-04-15T15:09:29","date_gmt":"2026-04-15T12:09:29","guid":{"rendered":"https:\/\/tammetorubbq.ee\/?post_type=product&#038;p=6695"},"modified":"2026-04-16T02:00:26","modified_gmt":"2026-04-15T23:00:26","slug":"oaka-bbq-honey-rub-170g","status":"publish","type":"product","link":"https:\/\/tammetorubbq.ee\/lv\/product-2\/oaka-bbq-honey-rub-170g\/","title":{"rendered":"Oak\u2019a BBQ Honey Rub 170g"},"content":{"rendered":"<p data-start=\"97\" data-end=\"364\"><strong data-start=\"97\" data-end=\"113\">Sast\u0101vda\u013cas: <\/strong>mesi pulber (20%), pruun roosuhkur, sool, suitsutatud paprika pulber, k\u00fc\u00fcslaugugraanulid, ancho t\u0161illi, magus paprika pulber, sibulapulber, k\u00f6\u00f6mne pulber, tomatipulber, purustatud must pipar, rapsi\u00f5li, kaneel, paakumisvastane aine (r\u00e4nidioksiid).<\/p>","protected":false},"excerpt":{"rendered":"<p data-start=\"122\" data-end=\"262\">Oak\u2019a BBQ Honey BBQ maitseainesegu on t\u00e4iuslik tasakaal magusa, suitsuse ja kergelt v\u00fcrtsika maitse vahel, mida t\u00e4iendab rikkalik mee aroom.<\/p>\n<p data-start=\"264\" data-end=\"488\">Segu t\u00f5stab esile iga roa maitse, muutes selle eriti aromaatseks ja maitsvaks. Sobib suurep\u00e4raselt liha, kala ja k\u00f6\u00f6giviljade valmistamiseks ning on ideaalne grillimiseks, marineerimiseks ja igap\u00e4evaseks toiduvalmistamiseks.<\/p>\n<ul data-start=\"96\" data-end=\"706\">\n<li data-section-id=\"h66w1i\" data-start=\"96\" data-end=\"249\"><strong data-start=\"98\" data-end=\"113\">Grillimine:<\/strong> Sobib suurep\u00e4raselt liha, kala ja k\u00f6\u00f6giviljade maitsestamiseks \u2013 annab rikkaliku maitse ning aitab luua kr\u00f5beda ja aromaatse kooriku.<\/li>\n<li data-section-id=\"11owdl7\" data-start=\"251\" data-end=\"374\"><strong data-start=\"253\" data-end=\"271\">Marineerimine:<\/strong> Sega \u00f5li v\u00f5i meega, et valmistada maitsekas marinaad, mis lisab roogadele magusa ja suitsuse n\u00fcansi.<\/li>\n<li data-section-id=\"1sc9ht3\" data-start=\"376\" data-end=\"521\"><strong data-start=\"378\" data-end=\"400\">Ahjus k\u00fcpsetamine:<\/strong> Raputa maitseainesegu lihale v\u00f5i k\u00f6\u00f6giviljadele enne k\u00fcpsetamist, et anda neile v\u00e4ljendusrikas maitse ja kutsuv aroom.<\/li>\n<li data-section-id=\"16qr5a0\" data-start=\"523\" data-end=\"706\"><strong data-start=\"525\" data-end=\"561\">Suupisted ja igap\u00e4evane kasutus:<\/strong> Sobib suurep\u00e4raselt grillitud suupistete, ahjukartulite, omlettide ja isegi v\u00f5ileibade maitsestamiseks \u2013 universaalne maitse igaks olukorraks.<\/li>\n<\/ul>\n<div class=\"flex flex-col text-sm pb-25\">\n<section class=\"text-token-text-primary w-full focus:outline-none [--shadow-height:45px] has-data-writing-block:pointer-events-none has-data-writing-block:-mt-(--shadow-height) has-data-writing-block:pt-(--shadow-height) [&amp;:has([data-writing-block])&gt;*]:pointer-events-auto scroll-mt-[calc(var(--header-height)+min(200px,max(70px,20svh)))]\" dir=\"auto\" data-turn-id=\"request-WEB:28c81414-927a-48d4-9f94-a86d0e602202-1\" data-testid=\"conversation-turn-4\" data-scroll-anchor=\"true\" data-turn=\"assistant\">\n<div class=\"text-base my-auto mx-auto pb-10 [--thread-content-margin:var(--thread-content-margin-xs,calc(var(--spacing)*4))] @w-sm\/main:[--thread-content-margin:var(--thread-content-margin-sm,calc(var(--spacing)*6))] @w-lg\/main:[--thread-content-margin:var(--thread-content-margin-lg,calc(var(--spacing)*16))] px-(--thread-content-margin)\">\n<div class=\"[--thread-content-max-width:40rem] @w-lg\/main:[--thread-content-max-width:48rem] mx-auto max-w-(--thread-content-max-width) flex-1 group\/turn-messages focus-visible:outline-hidden relative flex w-full min-w-0 flex-col agent-turn\">\n<div class=\"mt-3 w-full empty:hidden\">\n<div class=\"text-center\">\n<p data-start=\"0\" data-end=\"33\"><strong>Traditsioon, kirg ja elustiil<\/strong><\/p>\n<p data-start=\"35\" data-end=\"307\">Oak\u2019A BBQ ei valmista lihtsalt kastmeid ja maitseainesegusid \u2013 nende eesm\u00e4rk on luua julgeid ja unustamatuid BBQ-elamusi. Iga Oak\u2019A BBQ kastmepudel, iga n\u00e4put\u00e4is maitseainesegu ja iga glasuur on k\u00e4sitsi loodud, et viia sinu grillimine t\u00f5elise kulinaarse rituaali tasemele.<\/p>\n<p data-start=\"309\" data-end=\"547\" data-is-last-node=\"\" data-is-only-node=\"\">BBQ on palju enamat kui lihtsalt toit. See on traditsioon, kirg ja viis inimesi kokku tuua. Kogu maailmas hinnatakse BBQ-d selle rikkalike maitsete, aeglaselt k\u00fcpsetatud t\u00e4iuslikkuse ning r\u00f5\u00f5mu p\u00e4rast, mida pakub otse tulelt jagatud eine.<\/p>\n<\/div>\n<\/div>\n<\/div>\n<\/div>\n<\/section>\n<\/div>\n<div class=\"pointer-events-none h-px w-px absolute bottom-0\" aria-hidden=\"true\" data-edge=\"true\"><\/div>\n<p><img loading=\"lazy\" decoding=\"async\" class=\" wp-image-6555\" src=\"https:\/\/tammetorubbq.ee\/wp-content\/uploads\/2026\/04\/Oaka-BBQ-logo-300x250.png\" alt=\"Oak\u2019a BBQ logo\" width=\"147\" height=\"123\" srcset=\"https:\/\/tammetorubbq.ee\/wp-content\/uploads\/2026\/04\/Oaka-BBQ-logo-300x250.png 300w, https:\/\/tammetorubbq.ee\/wp-content\/uploads\/2026\/04\/Oaka-BBQ-logo-1024x853.png 1024w, https:\/\/tammetorubbq.ee\/wp-content\/uploads\/2026\/04\/Oaka-BBQ-logo-768x640.png 768w, https:\/\/tammetorubbq.ee\/wp-content\/uploads\/2026\/04\/Oaka-BBQ-logo-14x12.png 14w, https:\/\/tammetorubbq.ee\/wp-content\/uploads\/2026\/04\/Oaka-BBQ-logo-600x500.png 600w, https:\/\/tammetorubbq.ee\/wp-content\/uploads\/2026\/04\/Oaka-BBQ-logo-64x53.png 64w, https:\/\/tammetorubbq.ee\/wp-content\/uploads\/2026\/04\/Oaka-BBQ-logo.png 1205w\" sizes=\"auto, (max-width: 147px) 100vw, 147px\" \/><\/p>\n","protected":false},"featured_media":6696,"comment_status":"closed","ping_status":"closed","template":"","meta":{"_uf_show_specific_survey":0,"_uf_disable_surveys":false},"pwb-brand":[383],"product_brand":[384],"product_cat":[21],"product_tag":[118,121,120,385,394,114],"class_list":{"0":"post-6695","1":"product","2":"type-product","3":"status-publish","4":"has-post-thumbnail","6":"pwb-brand-oaka-bbq","7":"product_brand-oaka-bbq","8":"product_cat-maitseainesegud","9":"product_tag-kanaliha","10":"product_tag-koogiviljad","11":"product_tag-mereannid","12":"product_tag-oaka-bbq","13":"product_tag-oaka-bbq-rub","14":"product_tag-sealiha","16":"first","17":"instock","18":"taxable","19":"shipping-taxable","20":"purchasable","21":"product-type-simple"},"brands":[{"id":383,"name":"Oak\u2019a BBQ","slug":"oaka-bbq"}],"_links":{"self":[{"href":"https:\/\/tammetorubbq.ee\/lv\/wp-json\/wp\/v2\/product\/6695","targetHints":{"allow":["GET"]}}],"collection":[{"href":"https:\/\/tammetorubbq.ee\/lv\/wp-json\/wp\/v2\/product"}],"about":[{"href":"https:\/\/tammetorubbq.ee\/lv\/wp-json\/wp\/v2\/types\/product"}],"replies":[{"embeddable":true,"href":"https:\/\/tammetorubbq.ee\/lv\/wp-json\/wp\/v2\/comments?post=6695"}],"wp:featuredmedia":[{"embeddable":true,"href":"https:\/\/tammetorubbq.ee\/lv\/wp-json\/wp\/v2\/media\/6696"}],"wp:attachment":[{"href":"https:\/\/tammetorubbq.ee\/lv\/wp-json\/wp\/v2\/media?parent=6695"}],"wp:term":[{"taxonomy":"pwb-brand","embeddable":true,"href":"https:\/\/tammetorubbq.ee\/lv\/wp-json\/wp\/v2\/pwb-brand?post=6695"},{"taxonomy":"product_brand","embeddable":true,"href":"https:\/\/tammetorubbq.ee\/lv\/wp-json\/wp\/v2\/product_brand?post=6695"},{"taxonomy":"product_cat","embeddable":true,"href":"https:\/\/tammetorubbq.ee\/lv\/wp-json\/wp\/v2\/product_cat?post=6695"},{"taxonomy":"product_tag","embeddable":true,"href":"https:\/\/tammetorubbq.ee\/lv\/wp-json\/wp\/v2\/product_tag?post=6695"}],"curies":[{"name":"wp","href":"https:\/\/api.w.org\/{rel}","templated":true}]}}