{"id":6701,"date":"2026-04-15T15:52:11","date_gmt":"2026-04-15T12:52:11","guid":{"rendered":"https:\/\/tammetorubbq.ee\/?post_type=product&#038;p=6701"},"modified":"2026-04-16T02:00:16","modified_gmt":"2026-04-15T23:00:16","slug":"oaka-bbq-sweet-garlic-rub-190g","status":"publish","type":"product","link":"https:\/\/tammetorubbq.ee\/lv\/product-2\/oaka-bbq-sweet-garlic-rub-190g\/","title":{"rendered":"Oak\u2019a BBQ Sweet &#038; Garlic Rub 190g"},"content":{"rendered":"<p><strong data-start=\"97\" data-end=\"113\">Sast\u0101vda\u013cas: <\/strong>suhkur, sool, suitsutatud paprika, sellerijuure pulber, k\u00fc\u00fcslaugugraanulid, magusa paprika pulber, dekstroos, tomatipulber, paprikaekstrakt, must pipar, rapsi\u00f5li, jahvatatud t\u0161illipipar, looduslik maitsetugevdaja, paakumisvastane aine (r\u00e4nidioksiid).<\/p>","protected":false},"excerpt":{"rendered":"<p data-start=\"133\" data-end=\"293\">Oak\u2019a BBQ Sweet &amp; Garlic maitseainesegu on aromaatne segu, millel on magus ja kergelt v\u00fcrtsikas maitse, mida t\u00e4iendavad k\u00fc\u00fcslaugu ja suitsutatud paprika noodid.<\/p>\n<p data-start=\"295\" data-end=\"503\">Sobib suurep\u00e4raselt grillroogade valmistamiseks, liha marineerimiseks, hautamiseks ning igap\u00e4evaseks kasutamiseks. Samuti ideaalne erinevate BBQ roogade jaoks, andes neile rikkaliku ja tasakaalustatud maitse.<\/p>\n<ul data-start=\"96\" data-end=\"698\">\n<li data-section-id=\"14ez00b\" data-start=\"96\" data-end=\"217\"><strong data-start=\"98\" data-end=\"116\">Marineerimine:<\/strong> Ideaalne liha marineerimiseks enne grillimist, et luua rikkalik ja kergelt karamellistunud koorik.<\/li>\n<li data-section-id=\"xaz1iu\" data-start=\"219\" data-end=\"361\"><strong data-start=\"221\" data-end=\"243\">Grillil:<\/strong> Sobib searibide, kanalihat\u00fckkide v\u00f5i k\u00f6\u00f6giviljade maitsestamiseks enne k\u00fcpsetamist, andes neile suurep\u00e4rase maitse.<\/li>\n<li data-section-id=\"1gu0zqu\" data-start=\"363\" data-end=\"451\"><strong data-start=\"365\" data-end=\"378\">Hautised:<\/strong> Lisa segu suppidele ja hautistele, et suurendada maitse intensiivsust.<\/li>\n<li data-section-id=\"5ck6tz\" data-start=\"453\" data-end=\"592\"><strong data-start=\"455\" data-end=\"482\">Kr\u00f5be pind:<\/strong> Kanna maitseainesegu lihale v\u00f5i kalale enne suitsutamist, et luua maitsev koorik ja esile tuua suitsuaroom.<\/li>\n<li data-section-id=\"10prtwz\" data-start=\"594\" data-end=\"698\"><strong data-start=\"596\" data-end=\"606\">Supid:<\/strong> Lisa maitseainet erinevatele suppidele, et parandada maitset ja muuta need rikkalikumaks.<\/li>\n<\/ul>\n<div class=\"flex flex-col text-sm pb-25\">\n<section class=\"text-token-text-primary w-full focus:outline-none [--shadow-height:45px] has-data-writing-block:pointer-events-none has-data-writing-block:-mt-(--shadow-height) has-data-writing-block:pt-(--shadow-height) [&amp;:has([data-writing-block])&gt;*]:pointer-events-auto scroll-mt-[calc(var(--header-height)+min(200px,max(70px,20svh)))]\" dir=\"auto\" data-turn-id=\"request-WEB:28c81414-927a-48d4-9f94-a86d0e602202-1\" data-testid=\"conversation-turn-4\" data-scroll-anchor=\"true\" data-turn=\"assistant\">\n<div class=\"text-base my-auto mx-auto pb-10 [--thread-content-margin:var(--thread-content-margin-xs,calc(var(--spacing)*4))] @w-sm\/main:[--thread-content-margin:var(--thread-content-margin-sm,calc(var(--spacing)*6))] @w-lg\/main:[--thread-content-margin:var(--thread-content-margin-lg,calc(var(--spacing)*16))] px-(--thread-content-margin)\">\n<div class=\"[--thread-content-max-width:40rem] @w-lg\/main:[--thread-content-max-width:48rem] mx-auto max-w-(--thread-content-max-width) flex-1 group\/turn-messages focus-visible:outline-hidden relative flex w-full min-w-0 flex-col agent-turn\">\n<div class=\"mt-3 w-full empty:hidden\">\n<div class=\"text-center\">\n<p data-start=\"0\" data-end=\"33\"><strong>Traditsioon, kirg ja elustiil<\/strong><\/p>\n<p data-start=\"35\" data-end=\"307\">Oak\u2019A BBQ ei valmista lihtsalt kastmeid ja maitseainesegusid \u2013 nende eesm\u00e4rk on luua julgeid ja unustamatuid BBQ-elamusi. Iga Oak\u2019A BBQ kastmepudel, iga n\u00e4put\u00e4is maitseainesegu ja iga glasuur on k\u00e4sitsi loodud, et viia sinu grillimine t\u00f5elise kulinaarse rituaali tasemele.<\/p>\n<p data-start=\"309\" data-end=\"547\" data-is-last-node=\"\" data-is-only-node=\"\">BBQ on palju enamat kui lihtsalt toit. See on traditsioon, kirg ja viis inimesi kokku tuua. Kogu maailmas hinnatakse BBQ-d selle rikkalike maitsete, aeglaselt k\u00fcpsetatud t\u00e4iuslikkuse ning r\u00f5\u00f5mu p\u00e4rast, mida pakub otse tulelt jagatud eine.<\/p>\n<\/div>\n<\/div>\n<\/div>\n<\/div>\n<\/section>\n<\/div>\n<div class=\"pointer-events-none h-px w-px absolute bottom-0\" aria-hidden=\"true\" data-edge=\"true\"><\/div>\n<p><img loading=\"lazy\" decoding=\"async\" class=\" wp-image-6555\" src=\"https:\/\/tammetorubbq.ee\/wp-content\/uploads\/2026\/04\/Oaka-BBQ-logo-300x250.png\" alt=\"Oak\u2019a BBQ logo\" width=\"147\" height=\"123\" srcset=\"https:\/\/tammetorubbq.ee\/wp-content\/uploads\/2026\/04\/Oaka-BBQ-logo-300x250.png 300w, https:\/\/tammetorubbq.ee\/wp-content\/uploads\/2026\/04\/Oaka-BBQ-logo-1024x853.png 1024w, https:\/\/tammetorubbq.ee\/wp-content\/uploads\/2026\/04\/Oaka-BBQ-logo-768x640.png 768w, https:\/\/tammetorubbq.ee\/wp-content\/uploads\/2026\/04\/Oaka-BBQ-logo-14x12.png 14w, https:\/\/tammetorubbq.ee\/wp-content\/uploads\/2026\/04\/Oaka-BBQ-logo-600x500.png 600w, https:\/\/tammetorubbq.ee\/wp-content\/uploads\/2026\/04\/Oaka-BBQ-logo-64x53.png 64w, https:\/\/tammetorubbq.ee\/wp-content\/uploads\/2026\/04\/Oaka-BBQ-logo.png 1205w\" sizes=\"auto, (max-width: 147px) 100vw, 147px\" \/><\/p>\n","protected":false},"featured_media":6702,"comment_status":"closed","ping_status":"closed","template":"","meta":{"_uf_show_specific_survey":0,"_uf_disable_surveys":false},"pwb-brand":[383],"product_brand":[384],"product_cat":[21],"product_tag":[118,159,121,385,394,114,122],"class_list":{"0":"post-6701","1":"product","2":"type-product","3":"status-publish","4":"has-post-thumbnail","6":"pwb-brand-oaka-bbq","7":"product_brand-oaka-bbq","8":"product_cat-maitseainesegud","9":"product_tag-kanaliha","10":"product_tag-kanatiivad","11":"product_tag-koogiviljad","12":"product_tag-oaka-bbq","13":"product_tag-oaka-bbq-rub","14":"product_tag-sealiha","15":"product_tag-searibi","17":"first","18":"instock","19":"taxable","20":"shipping-taxable","21":"purchasable","22":"product-type-simple"},"brands":[{"id":383,"name":"Oak\u2019a BBQ","slug":"oaka-bbq"}],"_links":{"self":[{"href":"https:\/\/tammetorubbq.ee\/lv\/wp-json\/wp\/v2\/product\/6701","targetHints":{"allow":["GET"]}}],"collection":[{"href":"https:\/\/tammetorubbq.ee\/lv\/wp-json\/wp\/v2\/product"}],"about":[{"href":"https:\/\/tammetorubbq.ee\/lv\/wp-json\/wp\/v2\/types\/product"}],"replies":[{"embeddable":true,"href":"https:\/\/tammetorubbq.ee\/lv\/wp-json\/wp\/v2\/comments?post=6701"}],"wp:featuredmedia":[{"embeddable":true,"href":"https:\/\/tammetorubbq.ee\/lv\/wp-json\/wp\/v2\/media\/6702"}],"wp:attachment":[{"href":"https:\/\/tammetorubbq.ee\/lv\/wp-json\/wp\/v2\/media?parent=6701"}],"wp:term":[{"taxonomy":"pwb-brand","embeddable":true,"href":"https:\/\/tammetorubbq.ee\/lv\/wp-json\/wp\/v2\/pwb-brand?post=6701"},{"taxonomy":"product_brand","embeddable":true,"href":"https:\/\/tammetorubbq.ee\/lv\/wp-json\/wp\/v2\/product_brand?post=6701"},{"taxonomy":"product_cat","embeddable":true,"href":"https:\/\/tammetorubbq.ee\/lv\/wp-json\/wp\/v2\/product_cat?post=6701"},{"taxonomy":"product_tag","embeddable":true,"href":"https:\/\/tammetorubbq.ee\/lv\/wp-json\/wp\/v2\/product_tag?post=6701"}],"curies":[{"name":"wp","href":"https:\/\/api.w.org\/{rel}","templated":true}]}}