{"id":6801,"date":"2026-04-21T10:45:27","date_gmt":"2026-04-21T07:45:27","guid":{"rendered":"https:\/\/tammetorubbq.ee\/?post_type=product&#038;p=6801"},"modified":"2026-04-26T22:00:19","modified_gmt":"2026-04-26T19:00:19","slug":"big-swede-bbq-badass-pork-boost-rub-320g","status":"publish","type":"product","link":"https:\/\/tammetorubbq.ee\/lv\/product-2\/big-swede-bbq-badass-pork-boost-rub-320g\/","title":{"rendered":"Big Swede BBQ Badass Pork Boost Rub 320g"},"content":{"rendered":"<p><strong>Sast\u0101vda\u013cas:<\/strong> suhkur, sool, paprika, must pipar, k\u00fc\u00fcslauk, sibul, t\u0161illi, pruun suhkur ning valitud BBQ-v\u00fcrtsisegu.<\/p>","protected":false},"excerpt":{"rendered":"<h5><strong>American Royal World Series of Barbecue Rub Contest 2026 mild rub kategooria v\u00f5itja!<\/strong><\/h5>\n<p>Big Swede BBQ Badass Pork Boost Rub on rahvusvaheliselt tunnustatud BBQ-maitseainesegu &#8211; tipptasemel kvaliteet mis omab professionaalsete pitmaster\u2019ite heakskiitu.<\/p>\n<p data-start=\"47\" data-end=\"375\">Rub on professionaalne Ameerika stiilis maitseainesegu, mis on loodud spetsiaalselt sealiha (pork) maitsestamiseks. Tegemist on rikkaliku ja tasakaalustatud BBQ-rub\u2019iga, mis toob esile sealiha loomuliku mahlakuse ning lisab sellele s\u00fcgava, kergelt magusa, suitsuse ja v\u00fcrtsika BBQ-maitseprofiili.<\/p>\n<p data-start=\"377\" data-end=\"577\">See rub <strong>sobib suurep\u00e4raselt sea sisefileele (millega v\u00f5ideti ka parima rub-i tiitel)<\/strong>, searibide (ribs), pulled pork\u2019i, seakaela, abat\u00fcki ja teiste BBQ-stiilis sealihatoodete valmistamiseks.<\/p>\n<p data-start=\"377\" data-end=\"577\"><strong data-start=\"1126\" data-end=\"1145\">Kasutussoovitus: <\/strong>kata liha \u00fchtlaselt maitseaineseguga enne k\u00fcpsetamist. Parima tulemuse saavutamiseks lase maitsestuda v\u00e4hemalt 1\u20132 tundi, ideaalis \u00fcle\u00f6\u00f6 k\u00fclmkapis. Sobib eriti h\u00e4sti aeglaseks k\u00fcpsetamiseks ja suitsutamiseks.<\/p>\n<p><img loading=\"lazy\" decoding=\"async\" class=\"wp-image-4171\" src=\"https:\/\/tammetorubbq.ee\/wp-content\/uploads\/2025\/11\/Big-Swede-BBQ-logo-300x300.jpg\" alt=\"Big Swede BBQ\" width=\"209\" height=\"209\" srcset=\"https:\/\/tammetorubbq.ee\/wp-content\/uploads\/2025\/11\/Big-Swede-BBQ-logo-300x300.jpg 300w, https:\/\/tammetorubbq.ee\/wp-content\/uploads\/2025\/11\/Big-Swede-BBQ-logo-150x150.jpg 150w, https:\/\/tammetorubbq.ee\/wp-content\/uploads\/2025\/11\/Big-Swede-BBQ-logo-12x12.jpg 12w, https:\/\/tammetorubbq.ee\/wp-content\/uploads\/2025\/11\/Big-Swede-BBQ-logo-64x64.jpg 64w, https:\/\/tammetorubbq.ee\/wp-content\/uploads\/2025\/11\/Big-Swede-BBQ-logo.jpg 436w\" sizes=\"auto, (max-width: 209px) 100vw, 209px\" \/><\/p>","protected":false},"featured_media":6803,"comment_status":"closed","ping_status":"closed","template":"","meta":{"_uf_show_specific_survey":0,"_uf_disable_surveys":false},"pwb-brand":[229],"product_brand":[400],"product_cat":[21],"product_tag":[403,401,166,404,402,114,122],"class_list":{"0":"post-6801","1":"product","2":"type-product","3":"status-publish","4":"has-post-thumbnail","6":"pwb-brand-big-swede-bbq","7":"product_brand-big-swede-bbq","8":"product_cat-maitseainesegud","9":"product_tag-abatukk","10":"product_tag-big-swede-bbq-rub","11":"product_tag-rebitudliha","12":"product_tag-sea-sisefilee","13":"product_tag-seakael","14":"product_tag-sealiha","15":"product_tag-searibi","17":"first","18":"outofstock","19":"taxable","20":"shipping-taxable","21":"purchasable","22":"product-type-simple"},"brands":[{"id":229,"name":"Big Swede BBQ","slug":"big-swede-bbq"}],"_links":{"self":[{"href":"https:\/\/tammetorubbq.ee\/lv\/wp-json\/wp\/v2\/product\/6801","targetHints":{"allow":["GET"]}}],"collection":[{"href":"https:\/\/tammetorubbq.ee\/lv\/wp-json\/wp\/v2\/product"}],"about":[{"href":"https:\/\/tammetorubbq.ee\/lv\/wp-json\/wp\/v2\/types\/product"}],"replies":[{"embeddable":true,"href":"https:\/\/tammetorubbq.ee\/lv\/wp-json\/wp\/v2\/comments?post=6801"}],"wp:featuredmedia":[{"embeddable":true,"href":"https:\/\/tammetorubbq.ee\/lv\/wp-json\/wp\/v2\/media\/6803"}],"wp:attachment":[{"href":"https:\/\/tammetorubbq.ee\/lv\/wp-json\/wp\/v2\/media?parent=6801"}],"wp:term":[{"taxonomy":"pwb-brand","embeddable":true,"href":"https:\/\/tammetorubbq.ee\/lv\/wp-json\/wp\/v2\/pwb-brand?post=6801"},{"taxonomy":"product_brand","embeddable":true,"href":"https:\/\/tammetorubbq.ee\/lv\/wp-json\/wp\/v2\/product_brand?post=6801"},{"taxonomy":"product_cat","embeddable":true,"href":"https:\/\/tammetorubbq.ee\/lv\/wp-json\/wp\/v2\/product_cat?post=6801"},{"taxonomy":"product_tag","embeddable":true,"href":"https:\/\/tammetorubbq.ee\/lv\/wp-json\/wp\/v2\/product_tag?post=6801"}],"curies":[{"name":"wp","href":"https:\/\/api.w.org\/{rel}","templated":true}]}}