{"id":6851,"date":"2026-04-24T09:41:01","date_gmt":"2026-04-24T06:41:01","guid":{"rendered":"https:\/\/tammetorubbq.ee\/?post_type=product&#038;p=6851"},"modified":"2026-04-26T18:00:13","modified_gmt":"2026-04-26T15:00:13","slug":"napoleon-rogue-425-kolme-poletiga-kulg-ja-tagapoletiga-gaasigrill-roostevaba-alumiinium-korpus-aluskapp-uksega-rotisserie-poordvarras","status":"publish","type":"product","link":"https:\/\/tammetorubbq.ee\/lv\/product-2\/napoleon-rogue-425-kolme-poletiga-kulg-ja-tagapoletiga-gaasigrill-roostevaba-alumiinium-korpus-aluskapp-uksega-rotisserie-poordvarras\/","title":{"rendered":"Napoleon Rogue 425 kolme p\u00f5letiga (k\u00fclg- ja tagap\u00f5letiga) gaasigrill, roostevaba\/alumiinium korpus,  aluskapp uksega + rotisserie p\u00f6\u00f6rdvarras"},"content":{"rendered":"<p class=\"isSelectedEnd\"><strong>Tehniskie dati<\/strong><\/p>\n<table>\n<thead>\n<tr>\n<th style=\"text-align: left;\"><strong>Parameeter<\/strong><\/th>\n<th style=\"text-align: left;\"><strong>Kirjeldus \/ v\u00e4\u00e4rtus<\/strong><\/th>\n<\/tr>\n<\/thead>\n<tbody>\n<tr>\n<td><strong>Grillipind<\/strong><\/td>\n<td>60 \u00d7 45 cm (2700 cm\u00b2)<\/td>\n<\/tr>\n<tr>\n<td><strong>Soojendusrest<\/strong><\/td>\n<td>60 \u00d7 17 cm (1020 cm\u00b2)<\/td>\n<\/tr>\n<tr>\n<td><strong>K\u00fclgp\u00f5leti pind<\/strong><\/td>\n<td>\u00d8 20 cm<\/td>\n<\/tr>\n<tr>\n<td><strong>V\u00f5imsus kokku<\/strong><\/td>\n<td>22,25 kW<\/td>\n<\/tr>\n<tr>\n<td><strong>P\u00f5letite arv<\/strong><\/td>\n<td>3 + infrapuna tagap\u00f5leti + k\u00fclgp\u00f5leti<\/td>\n<\/tr>\n<tr>\n<td><strong>Restimaterjal<\/strong><\/td>\n<td>Emailitud valuraut<\/td>\n<\/tr>\n<tr>\n<td><strong>Korpuse materjal<\/strong><\/td>\n<td>Roostevaba teras ja alumiinium<\/td>\n<\/tr>\n<tr>\n<td><strong>Degviela<\/strong><\/td>\n<td>Propaan<\/td>\n<\/tr>\n<tr>\n<td><strong>Balloonihoidik<\/strong><\/td>\n<td>Olemas<\/td>\n<\/tr>\n<tr>\n<td><strong>Rotisserikomplekt<\/strong><\/td>\n<td>Kaasas<\/td>\n<\/tr>\n<tr>\n<td><strong>K\u00fclgriiulid<\/strong><\/td>\n<td>Kokkupandavad<\/td>\n<\/tr>\n<\/tbody>\n<\/table>\n<p data-start=\"303\" data-end=\"313\"><strong data-start=\"303\" data-end=\"313\">M\u0113r\u012bjumi<\/strong><\/p>\n<ul data-start=\"314\" data-end=\"417\">\n<li data-section-id=\"1alkzox\" data-start=\"314\" data-end=\"356\">K\u00f5rgus: 123 cm | 160 cm avatud kaanega<\/li>\n<li data-section-id=\"1s9e7qx\" data-start=\"357\" data-end=\"396\">Laius: 130 cm | 89 cm (riiulid all)<\/li>\n<li data-section-id=\"1vnyd3t\" data-start=\"397\" data-end=\"417\">S\u00fcgavus: 63,5 cm<\/li>\n<\/ul>\n<p data-start=\"419\" data-end=\"437\"><strong data-start=\"419\" data-end=\"437\">Pakendi m\u00f5\u00f5dud<\/strong><\/p>\n<ul data-start=\"438\" data-end=\"517\" data-is-last-node=\"\" data-is-only-node=\"\">\n<li data-section-id=\"yng6wk\" data-start=\"438\" data-end=\"458\">K\u00f5rgus: 60,96 cm<\/li>\n<li data-section-id=\"13kf0s5\" data-start=\"459\" data-end=\"478\">Laius: 71,76 cm<\/li>\n<li data-section-id=\"1ar4k19\" data-start=\"479\" data-end=\"500\">S\u00fcgavus: 85,09 cm<\/li>\n<li data-section-id=\"1agxti2\" data-start=\"501\" data-end=\"517\" data-is-last-node=\"\">Kaal: 55,78 kg<\/li>\n<\/ul>\n<h5 data-start=\"0\" data-end=\"31\"><strong data-start=\"0\" data-end=\"31\">K\u0101p\u0113c izv\u0113l\u0113ties Napoleon Grill?<\/strong><\/h5>\n<p class=\"\" data-start=\"33\" data-end=\"253\">Napoleon ir Kan\u0101das \u0123imenes uz\u0146\u0113mums, kas jau vair\u0101kus gadu desmitus koncentr\u0113jas uz augstas kvalit\u0101tes grilu un \u0101ra virtuves risin\u0101jumu izstr\u0101di. \u0160is z\u012bmols ir paz\u012bstams vis\u0101 pasaul\u0113 ar savu uzticam\u012bbu, inov\u0101cij\u0101m un ilgm\u016b\u017e\u012bbu.<\/p>\n<p class=\"\" data-start=\"255\" data-end=\"629\">Katrs Napoleon grils ir izstr\u0101d\u0101ts t\u0101, lai nodro\u0161in\u0101tu prec\u012bzu karstuma kontroli, iztur\u012bgu konstrukciju un p\u0101rdom\u0101tu lieto\u0161anas \u0113rtumu. Neatkar\u012bgi no t\u0101, vai tas ir kokog\u013cu, g\u0101zes vai granulu grils, Napoleon apvieno m\u016bsdien\u012bgu dizainu ar praktiskiem risin\u0101jumiem: ner\u016bs\u0113jo\u0161\u0101 t\u0113rauda deg\u013ci, \u010duguna grili, JETFIRE\u2122 aizdedzes sist\u0113ma, ACCU-PROBE\u2122 termometrs un p\u0101rdom\u0101ti uzglab\u0101\u0161anas risin\u0101jumi ir tikai da\u017ei piem\u0113ri.<\/p>\n<p class=\"\" data-start=\"631\" data-end=\"859\">Napoleon kl\u0101sts apmierina visas vajadz\u012bbas - no portat\u012bvajiem mode\u013ciem l\u012bdz pilnv\u0113rt\u012bg\u0101m lauka virtuv\u0113m. Ja nov\u0113rt\u0113jat uzticam\u012bbu, funkcionalit\u0101ti un iesp\u0113ju gril\u0113t visu gadu, Napoleon ir pareiz\u0101 izv\u0113le.<\/p>","protected":false},"excerpt":{"rendered":"<h5><strong>Rohkem kui lihtsalt gaasigrill, komplektis rotisserie p\u00f6\u00f6rdvarras.\u00a0<\/strong><\/h5>\n<p class=\"isSelectedEnd\">Stiilne must Napoleon Rogue 425 gaasigrill toob sinu \u00f5uealale tippklassi grillikogemuse. Mahlased tulemused on garanteeritud t\u00e4nu legendaarsetele WAVE\u2122 malmrestidele ning kolmele roostevabast terasest p\u00f5letile, mis tagavad t\u00e4pse temperatuurikontrolli.<\/p>\n<p>425 ruuttolli (~2700 cm\u00b2) suurune grillimispind annab piisavalt ruumi nii pere\u00f5htuks kui ka suuremaks grillipeoks.<\/p>\n<p class=\"isSelectedEnd\"><strong>Lisaks:<\/strong><br \/>\n\u2022 Tagumine infrapuna p\u00f6\u00f6rdvarda p\u00f5leti \u2013 ideaalne mahlaste praadide jaoks<br \/>\n\u2022 Integreeritud k\u00fclgp\u00f5leti \u2013 kastmed ja lisandid mugavalt samal ajal<\/p>\n<p class=\"isSelectedEnd\"><strong>Praktilisus kohtub disainiga:<\/strong><br \/>\n\u2022 Portselankattega kaas ja vastupidav pulberv\u00e4rvitud korpus<br \/>\n\u2022 Lukustatavad rattad lihtsaks liigutamiseks<br \/>\n\u2022 Kokkupandavad k\u00fcljeriiulid ruumi s\u00e4\u00e4stmiseks<\/p>\n<h5><strong>Napoleon Rogue 425 \u2013 mitmek\u00fclgne, vastupidav ja loodud nautimiseks.<\/strong><\/h5>\n<p data-start=\"0\" data-end=\"16\"><strong data-start=\"0\" data-end=\"16\">Galven\u0101s iez\u012bmes<\/strong><\/p>\n<ul data-start=\"18\" data-end=\"1142\" data-is-last-node=\"\" data-is-only-node=\"\">\n<li data-section-id=\"s2fgsz\" data-start=\"18\" data-end=\"103\"><strong data-start=\"20\" data-end=\"45\">3 p\u00f5hik\u00fcpsetusp\u00f5letit<\/strong> \u2013 kogu grillimispind 23 3\/4 \u00d7 18 tolli (60,3 \u00d7 45,7 cm)<\/li>\n<li data-section-id=\"10mr5a2\" data-start=\"104\" data-end=\"237\"><strong data-start=\"106\" data-end=\"137\">T\u00e4pne kuumuse reguleerimine<\/strong> \u2013 v\u00f5imaldab grillida ja k\u00fcpsetada madalal temperatuuril v\u00f5i t\u00f5sta kuumust kiireks pruunistamiseks<\/li>\n<li data-section-id=\"mbw3af\" data-start=\"238\" data-end=\"425\"><strong data-start=\"240\" data-end=\"263\">\u010cuguna grila restes<\/strong> \u2013 portselankattega malmrestid tagavad \u00fchtlase kuumuse ja ideaalse pruunistuse; p\u00f6\u00f6ratav disain annab tugevamad grillij\u00e4ljed, sooned hoiavad mahlad toidu juures<\/li>\n<li data-section-id=\"1awca7a\" data-start=\"426\" data-end=\"594\"><strong data-start=\"428\" data-end=\"453\">Vastupidav viimistlus<\/strong> \u2013 must portselanemailiga kaas ja uksed ning pulberv\u00e4rvitud juhtpaneel ja k\u00fcljeriiulid peavad vastu igasugusele ilmale ega n\u00e4ita s\u00f5rmej\u00e4lgi<\/li>\n<li data-section-id=\"1o6kgfg\" data-start=\"595\" data-end=\"697\"><strong data-start=\"597\" data-end=\"611\">K\u00fclgp\u00f5leti<\/strong> \u2013 integreeritud pliidit\u00fc\u00fcpi p\u00f5letiga saad mugavalt valmistada kastmeid ja lisandeid<\/li>\n<li data-section-id=\"h1t1t3\" data-start=\"698\" data-end=\"814\"><strong data-start=\"700\" data-end=\"728\">Tagumine infrapunap\u00f5leti<\/strong> \u2013 ideaalne p\u00f6\u00f6rdvarda (rotisserie) kasutamiseks ja mahlaste praadide valmistamiseks<\/li>\n<li data-section-id=\"sfmx4g\" data-start=\"815\" data-end=\"915\"><strong data-start=\"817\" data-end=\"851\">Komplektis p\u00f6\u00f6rdvarda komplekt<\/strong> \u2013 sisaldab varrast, mootorit, kahvleid, k\u00e4epidet ja kinnitust<\/li>\n<li data-section-id=\"c1ilim\" data-start=\"916\" data-end=\"1028\"><strong data-start=\"918\" data-end=\"944\">Ruumi s\u00e4\u00e4stev lahendus<\/strong> \u2013 kokkupandav k\u00fcljeriiul, sobib v\u00e4iksematesse aedadesse, terrassidele ja r\u00f5dudele<\/li>\n<li data-section-id=\"zfgeju\" data-start=\"1029\" data-end=\"1142\" data-is-last-node=\"\"><strong data-start=\"1031\" data-end=\"1056\">JETFIRE\u2122 aizdedzes sist\u0113ma<\/strong> \u2013 patareivaba s\u00fc\u00fcde, mis s\u00fc\u00fctab p\u00f5letid koheselt leegijoaga, tagades kindla k\u00e4ivituse<\/li>\n<\/ul>\n<p><strong>Tammet\u00f5ruBBQ soovitab:<\/strong><\/p>\n<p>\u2022 Napoleon gaasigrilli <strong><a href=\"https:\/\/tammetorubbq.ee\/lv\/product-2\/napoleon-gaasigrilli-vahetatavad-rasvatopsi-sisud\/\">vahetatavad rasvatopsi sisud<\/a><\/strong><\/p>\n<p>\u2022 Napoleon Rogue 425 gaasigrilli <strong><a href=\"https:\/\/tammetorubbq.ee\/lv\/product-2\/napoleon-rogue-425-gaasigrilli-fooliumvannid-rasvaeemaldusplaadid\/\">fooliumvannid \/ rasvaeemaldusplaadid<\/a><\/strong><\/p>\n<p>\u2022 Napoleon <a href=\"https:\/\/tammetorubbq.ee\/lv\/product-2\/napoleon-grillikate-rogue-425-sarja-gaasigrillile\/\"><strong>b\u0101rbekj\u016b<\/strong><\/a> Rogue 425 sarja gaasigrillile<\/p>\n<p>\u2022 Napoleon <strong><a href=\"https:\/\/tammetorubbq.ee\/lv\/product-2\/napoleon-soemoodul-gaasigrillile\/\">s\u00f6emoodul<\/a><\/strong> gaasigrillile<\/p>\n<p><img loading=\"lazy\" decoding=\"async\" class=\"wp-image-2098\" src=\"http:\/\/tammetorubbq.ee\/wp-content\/uploads\/2024\/11\/napoleon-gas-grills-logo-vector-1-300x124.png\" alt=\"Napoleon g\u0101zes grili logo vektors\" width=\"174\" height=\"72\" srcset=\"https:\/\/tammetorubbq.ee\/wp-content\/uploads\/2024\/11\/napoleon-gas-grills-logo-vector-1-300x124.png 300w, https:\/\/tammetorubbq.ee\/wp-content\/uploads\/2024\/11\/napoleon-gas-grills-logo-vector-1-768x317.png 768w, https:\/\/tammetorubbq.ee\/wp-content\/uploads\/2024\/11\/napoleon-gas-grills-logo-vector-1-18x7.png 18w, https:\/\/tammetorubbq.ee\/wp-content\/uploads\/2024\/11\/napoleon-gas-grills-logo-vector-1-600x248.png 600w, https:\/\/tammetorubbq.ee\/wp-content\/uploads\/2024\/11\/napoleon-gas-grills-logo-vector-1-64x26.png 64w, https:\/\/tammetorubbq.ee\/wp-content\/uploads\/2024\/11\/napoleon-gas-grills-logo-vector-1.png 847w\" sizes=\"auto, (max-width: 174px) 100vw, 174px\" \/><\/p>\n<p><a href=\"https:\/\/tammetorubbq.ee\/lv\/maksajiet-velak\/\"><strong>P\u0112RCIET TAGAD, MAKS\u0100JIET V\u0112L\u0100K<\/strong><\/a>\u00a0- bez procentiem!<\/p>\n<p><img loading=\"lazy\" decoding=\"async\" class=\"alignnone wp-image-2646\" src=\"http:\/\/tammetorubbq.ee\/wp-content\/uploads\/2023\/12\/inbank-wordmark.png\" alt=\"Inbank\" width=\"164\" height=\"74\" srcset=\"https:\/\/tammetorubbq.ee\/wp-content\/uploads\/2023\/12\/inbank-wordmark.png 300w, https:\/\/tammetorubbq.ee\/wp-content\/uploads\/2023\/12\/inbank-wordmark-18x8.png 18w, https:\/\/tammetorubbq.ee\/wp-content\/uploads\/2023\/12\/inbank-wordmark-64x29.png 64w\" sizes=\"auto, (max-width: 164px) 100vw, 164px\" \/><\/p>\n<p>M\u0113s pied\u0101v\u0101jam ar\u012b iesp\u0113ju maks\u0101t v\u0113l\u0101k - vien\u0101, div\u0101s vai trij\u0101s vien\u0101d\u0101s da\u013c\u0101s bez procentiem vai papildu maksas.<\/p>\n<p>M\u016bsu iepirkumu groz\u0101 varat atrast da\u017e\u0101das maks\u0101jumu iesp\u0113jas.<\/p>","protected":false},"featured_media":6853,"comment_status":"closed","ping_status":"closed","template":"","meta":{"_uf_show_specific_survey":0,"_uf_disable_surveys":false},"pwb-brand":[101],"product_brand":[389],"product_cat":[100],"product_tag":[110,409,148,364,408],"class_list":{"0":"post-6851","1":"product","2":"type-product","3":"status-publish","4":"has-post-thumbnail","6":"pwb-brand-napoleon","7":"product_brand-napoleon","8":"product_cat-gaasigrillid","9":"product_tag-gaasigrill","10":"product_tag-napoleo","11":"product_tag-napoleon","12":"product_tag-napoleon-gaasigrill","13":"product_tag-napoleon-rogue","15":"first","16":"instock","17":"taxable","18":"shipping-taxable","19":"purchasable","20":"product-type-simple"},"brands":[{"id":101,"name":"Napoleons","slug":"napoleon"}],"_links":{"self":[{"href":"https:\/\/tammetorubbq.ee\/lv\/wp-json\/wp\/v2\/product\/6851","targetHints":{"allow":["GET"]}}],"collection":[{"href":"https:\/\/tammetorubbq.ee\/lv\/wp-json\/wp\/v2\/product"}],"about":[{"href":"https:\/\/tammetorubbq.ee\/lv\/wp-json\/wp\/v2\/types\/product"}],"replies":[{"embeddable":true,"href":"https:\/\/tammetorubbq.ee\/lv\/wp-json\/wp\/v2\/comments?post=6851"}],"wp:featuredmedia":[{"embeddable":true,"href":"https:\/\/tammetorubbq.ee\/lv\/wp-json\/wp\/v2\/media\/6853"}],"wp:attachment":[{"href":"https:\/\/tammetorubbq.ee\/lv\/wp-json\/wp\/v2\/media?parent=6851"}],"wp:term":[{"taxonomy":"pwb-brand","embeddable":true,"href":"https:\/\/tammetorubbq.ee\/lv\/wp-json\/wp\/v2\/pwb-brand?post=6851"},{"taxonomy":"product_brand","embeddable":true,"href":"https:\/\/tammetorubbq.ee\/lv\/wp-json\/wp\/v2\/product_brand?post=6851"},{"taxonomy":"product_cat","embeddable":true,"href":"https:\/\/tammetorubbq.ee\/lv\/wp-json\/wp\/v2\/product_cat?post=6851"},{"taxonomy":"product_tag","embeddable":true,"href":"https:\/\/tammetorubbq.ee\/lv\/wp-json\/wp\/v2\/product_tag?post=6851"}],"curies":[{"name":"wp","href":"https:\/\/api.w.org\/{rel}","templated":true}]}}