{"id":6867,"date":"2026-04-24T09:55:35","date_gmt":"2026-04-24T06:55:35","guid":{"rendered":"https:\/\/tammetorubbq.ee\/?post_type=product&#038;p=6867"},"modified":"2026-04-26T16:00:04","modified_gmt":"2026-04-26T13:00:04","slug":"napoleon-rogue-425-gaasigrilli-fooliumvannid-rasvaeemaldusplaadid","status":"publish","type":"product","link":"https:\/\/tammetorubbq.ee\/lv\/product-2\/napoleon-rogue-425-gaasigrilli-fooliumvannid-rasvaeemaldusplaadid\/","title":{"rendered":"Napoleon Rogue 425 gaasigrilli fooliumvannid \/ rasvaeemaldusplaadid"},"content":{"rendered":"<p>Komplekt sisaldab 3 fooliumvanni.<\/p>","protected":false},"excerpt":{"rendered":"<p data-start=\"83\" data-end=\"198\">Muuda oma Napoleon Rogue 425 gaasigrilli puhastamine eriti lihtsaks nende \u00fchekordsete alumiiniumist fooliumvannide abil.<\/p>\n<p data-start=\"200\" data-end=\"457\">Fooliumvannid koguvad grillimise k\u00e4igus tekkiva rasva ja toiduj\u00e4\u00e4gid grilli tagaosas asuvasse kogumisalasse, v\u00f5imaldades need hiljem mugavalt ja kiiresti eemaldada. Nii p\u00fcsib sinu Napoleon grill puhtamana ning igap\u00e4evane hooldus muutub oluliselt lihtsamaks.<\/p>\n<p data-start=\"459\" data-end=\"566\">Regulaarne kasutamine aitab pikendada grilli eluiga ja hoida selle t\u00f6\u00f6kindlana ka intensiivsel kasutamisel.<\/p>\n<p data-start=\"459\" data-end=\"566\">\n<p data-start=\"459\" data-end=\"566\"><img loading=\"lazy\" decoding=\"async\" class=\"wp-image-2098\" src=\"http:\/\/tammetorubbq.ee\/wp-content\/uploads\/2024\/11\/napoleon-gas-grills-logo-vector-1-300x124.png\" alt=\"Napoleon g\u0101zes grili logo vektors\" width=\"174\" height=\"72\" srcset=\"https:\/\/tammetorubbq.ee\/wp-content\/uploads\/2024\/11\/napoleon-gas-grills-logo-vector-1-300x124.png 300w, https:\/\/tammetorubbq.ee\/wp-content\/uploads\/2024\/11\/napoleon-gas-grills-logo-vector-1-768x317.png 768w, https:\/\/tammetorubbq.ee\/wp-content\/uploads\/2024\/11\/napoleon-gas-grills-logo-vector-1-18x7.png 18w, https:\/\/tammetorubbq.ee\/wp-content\/uploads\/2024\/11\/napoleon-gas-grills-logo-vector-1-600x248.png 600w, https:\/\/tammetorubbq.ee\/wp-content\/uploads\/2024\/11\/napoleon-gas-grills-logo-vector-1-64x26.png 64w, https:\/\/tammetorubbq.ee\/wp-content\/uploads\/2024\/11\/napoleon-gas-grills-logo-vector-1.png 847w\" sizes=\"auto, (max-width: 174px) 100vw, 174px\" \/><\/p>","protected":false},"featured_media":6870,"comment_status":"closed","ping_status":"closed","template":"","meta":{"_uf_show_specific_survey":0,"_uf_disable_surveys":false},"pwb-brand":[101],"product_brand":[389],"product_cat":[88],"product_tag":[365,148,363,408],"class_list":{"0":"post-6867","1":"product","2":"type-product","3":"status-publish","4":"has-post-thumbnail","6":"pwb-brand-napoleon","7":"product_brand-napoleon","8":"product_cat-grillide-lisatarvikud","9":"product_tag-napoleo-gaasigrill","10":"product_tag-napoleon","11":"product_tag-napoleon-lisatarvikud","12":"product_tag-napoleon-rogue","14":"first","15":"instock","16":"taxable","17":"shipping-taxable","18":"purchasable","19":"product-type-simple"},"brands":[{"id":101,"name":"Napoleons","slug":"napoleon"}],"_links":{"self":[{"href":"https:\/\/tammetorubbq.ee\/lv\/wp-json\/wp\/v2\/product\/6867","targetHints":{"allow":["GET"]}}],"collection":[{"href":"https:\/\/tammetorubbq.ee\/lv\/wp-json\/wp\/v2\/product"}],"about":[{"href":"https:\/\/tammetorubbq.ee\/lv\/wp-json\/wp\/v2\/types\/product"}],"replies":[{"embeddable":true,"href":"https:\/\/tammetorubbq.ee\/lv\/wp-json\/wp\/v2\/comments?post=6867"}],"wp:featuredmedia":[{"embeddable":true,"href":"https:\/\/tammetorubbq.ee\/lv\/wp-json\/wp\/v2\/media\/6870"}],"wp:attachment":[{"href":"https:\/\/tammetorubbq.ee\/lv\/wp-json\/wp\/v2\/media?parent=6867"}],"wp:term":[{"taxonomy":"pwb-brand","embeddable":true,"href":"https:\/\/tammetorubbq.ee\/lv\/wp-json\/wp\/v2\/pwb-brand?post=6867"},{"taxonomy":"product_brand","embeddable":true,"href":"https:\/\/tammetorubbq.ee\/lv\/wp-json\/wp\/v2\/product_brand?post=6867"},{"taxonomy":"product_cat","embeddable":true,"href":"https:\/\/tammetorubbq.ee\/lv\/wp-json\/wp\/v2\/product_cat?post=6867"},{"taxonomy":"product_tag","embeddable":true,"href":"https:\/\/tammetorubbq.ee\/lv\/wp-json\/wp\/v2\/product_tag?post=6867"}],"curies":[{"name":"wp","href":"https:\/\/api.w.org\/{rel}","templated":true}]}}