{"id":7050,"date":"2026-05-07T13:52:14","date_gmt":"2026-05-07T10:52:14","guid":{"rendered":"https:\/\/tammetorubbq.ee\/?post_type=product&#038;p=7050"},"modified":"2026-05-10T01:00:12","modified_gmt":"2026-05-09T22:00:12","slug":"kamado-joe-tugevdatud-terasest-grillilabidas","status":"publish","type":"product","link":"https:\/\/tammetorubbq.ee\/lv\/toode\/kamado-joe-tugevdatud-terasest-grillilabidas\/","title":{"rendered":"Kamado Joe tugevdatud terasest grillilabidas"},"content":{"rendered":"<p class=\"isSelectedEnd\"><strong>Tehniskie dati<\/strong><\/p>\n<p>\u2022 Materjal: roostevaba teras<br \/>\n\u2022 P\u00f6\u00f6ramispinna m\u00f5\u00f5dud: 10 \u00d7 11,4 cm<br \/>\n\u2022 K\u00e4epideme pikkus: ca 34,3 cm<br \/>\n\u2022 Integreeritud l\u00f5ikeserv<br \/>\n\u2022 N\u00f5udepesumasinas pestav<\/p>","protected":false},"excerpt":{"rendered":"<p class=\"isSelectedEnd\">Kamado Joe\u00ae tugevdatud terasest grillilabidas on praktiline t\u00f6\u00f6riist toidu t\u00f5stmiseks, p\u00f6\u00f6ramiseks ja k\u00e4sitsemiseks kuumal grillil. Vastupidavast roostevabast terasest valmistatud labidas sobib h\u00e4sti nii burgerite, steikide, kala kui ka suuremate grillroogade keeramiseks.<\/p>\n<p class=\"isSelectedEnd\">10 \u00d7 11,4 cm suurune p\u00f6\u00f6ramispind v\u00f5imaldab mugavalt k\u00e4sitseda ka suuremaid toidut\u00fckke. Labida servas olev l\u00f5ikeserv aitab vajadusel toitu otse grillil t\u00fckeldada v\u00f5i eraldada.<\/p>\n<p class=\"isSelectedEnd\">Umbes 34,3 cm pikkune k\u00e4epide aitab hoida k\u00e4ed kuumusest eemal ning tagab mugava ja turvalise kasutamise. Tasakaalustatud konstruktsioon muudab t\u00f6\u00f6riista k\u00e4sitsemise stabiilseks ja t\u00e4pseks.<\/p>\n<p>Grillilabidas on valmistatud lihtsat hooldust silmas pidades ning sobib pesemiseks n\u00f5udepesumasinas.<\/p>\n<p>&nbsp;<\/p>\n<p><img loading=\"lazy\" decoding=\"async\" class=\"alignnone wp-image-1531\" src=\"https:\/\/tammetorubbq.ee\/wp-content\/uploads\/2024\/03\/kamado-joe-logo-300x40.webp\" alt=\"Kamado Joe logotips\" width=\"240\" height=\"32\" srcset=\"https:\/\/tammetorubbq.ee\/wp-content\/uploads\/2024\/03\/kamado-joe-logo-300x40.webp 300w, https:\/\/tammetorubbq.ee\/wp-content\/uploads\/2024\/03\/kamado-joe-logo-768x104.webp 768w, https:\/\/tammetorubbq.ee\/wp-content\/uploads\/2024\/03\/kamado-joe-logo-18x2.webp 18w, https:\/\/tammetorubbq.ee\/wp-content\/uploads\/2024\/03\/kamado-joe-logo-600x81.webp 600w, https:\/\/tammetorubbq.ee\/wp-content\/uploads\/2024\/03\/kamado-joe-logo-64x9.webp 64w, https:\/\/tammetorubbq.ee\/wp-content\/uploads\/2024\/03\/kamado-joe-logo.webp 1024w\" sizes=\"auto, (max-width: 240px) 100vw, 240px\" \/><\/p>\n<p><strong>M\u0113s esam ofici\u0101lais Kamado Joe ra\u017eot\u0101ja p\u0101rst\u0101vis Igaunij\u0101!<\/strong><\/p>","protected":false},"featured_media":7054,"comment_status":"closed","ping_status":"closed","template":"","meta":{"_uf_show_specific_survey":0,"_uf_disable_surveys":false},"pwb-brand":[69],"product_brand":[387],"product_cat":[30],"product_tag":[416,134,126,323],"class_list":{"0":"post-7050","1":"product","2":"type-product","3":"status-publish","4":"has-post-thumbnail","6":"pwb-brand-kamado-joe","7":"product_brand-kamado-joe","8":"product_cat-grillimise-tarvikud","9":"product_tag-grillilabidas","10":"product_tag-grillimise-tarvikud","11":"product_tag-kamado-joe","12":"product_tag-kamado-joe-lisatarvikud","14":"first","15":"instock","16":"taxable","17":"shipping-taxable","18":"purchasable","19":"product-type-simple"},"brands":[{"id":69,"name":"Kamado Joe","slug":"kamado-joe"}],"_links":{"self":[{"href":"https:\/\/tammetorubbq.ee\/lv\/wp-json\/wp\/v2\/product\/7050","targetHints":{"allow":["GET"]}}],"collection":[{"href":"https:\/\/tammetorubbq.ee\/lv\/wp-json\/wp\/v2\/product"}],"about":[{"href":"https:\/\/tammetorubbq.ee\/lv\/wp-json\/wp\/v2\/types\/product"}],"replies":[{"embeddable":true,"href":"https:\/\/tammetorubbq.ee\/lv\/wp-json\/wp\/v2\/comments?post=7050"}],"wp:featuredmedia":[{"embeddable":true,"href":"https:\/\/tammetorubbq.ee\/lv\/wp-json\/wp\/v2\/media\/7054"}],"wp:attachment":[{"href":"https:\/\/tammetorubbq.ee\/lv\/wp-json\/wp\/v2\/media?parent=7050"}],"wp:term":[{"taxonomy":"pwb-brand","embeddable":true,"href":"https:\/\/tammetorubbq.ee\/lv\/wp-json\/wp\/v2\/pwb-brand?post=7050"},{"taxonomy":"product_brand","embeddable":true,"href":"https:\/\/tammetorubbq.ee\/lv\/wp-json\/wp\/v2\/product_brand?post=7050"},{"taxonomy":"product_cat","embeddable":true,"href":"https:\/\/tammetorubbq.ee\/lv\/wp-json\/wp\/v2\/product_cat?post=7050"},{"taxonomy":"product_tag","embeddable":true,"href":"https:\/\/tammetorubbq.ee\/lv\/wp-json\/wp\/v2\/product_tag?post=7050"}],"curies":[{"name":"wp","href":"https:\/\/api.w.org\/{rel}","templated":true}]}}