{"id":7166,"date":"2026-05-15T11:40:15","date_gmt":"2026-05-15T08:40:15","guid":{"rendered":"https:\/\/tammetorubbq.ee\/?post_type=product&#038;p=7166"},"modified":"2026-05-16T07:00:04","modified_gmt":"2026-05-16T04:00:04","slug":"tabasco-scorpion-pepper-kaste-60ml","status":"publish","type":"product","link":"https:\/\/tammetorubbq.ee\/lv\/toode\/tabasco-scorpion-pepper-kaste-60ml\/","title":{"rendered":"Tabasco Scorpion Pepper kaste 60ml"},"content":{"rendered":"<p><strong data-start=\"50\" data-end=\"66\">Sast\u0101vda\u013cas: <\/strong>scorpion t\u0161illipipar, \u00e4\u00e4dikas, suhkur, guajaavip\u00fcree, ananassip\u00fcree, TABASCO\u00ae originaalkaste (\u00e4\u00e4dikas, punane pipar, sool), sool, looduslikud maitseained.<\/p>\n<p data-section-id=\"1a3lqg2\" data-start=\"478\" data-end=\"526\"><span role=\"text\"><strong data-start=\"482\" data-end=\"526\">Toitumisalane teave (umbes 100 ml kohta)<\/strong><\/span><\/p>\n<ul data-start=\"527\" data-end=\"687\">\n<li data-section-id=\"4vjh3n\" data-start=\"527\" data-end=\"548\">Energia: ~90 kcal<\/li>\n<li data-section-id=\"1dmfa5u\" data-start=\"549\" data-end=\"602\">Rasvad: 0 g\n<ul data-start=\"567\" data-end=\"602\">\n<li data-section-id=\"i3tj9n\" data-start=\"567\" data-end=\"602\">millest k\u00fcllastunud rasvad: 0 g<\/li>\n<\/ul>\n<\/li>\n<li data-section-id=\"nyc2wb\" data-start=\"603\" data-end=\"654\">S\u00fcsivesikud: ~22 g\n<ul data-start=\"628\" data-end=\"654\">\n<li data-section-id=\"11asj61\" data-start=\"628\" data-end=\"654\">millest suhkrud: ~20 g<\/li>\n<\/ul>\n<\/li>\n<li data-section-id=\"7wz02w\" data-start=\"655\" data-end=\"670\">Valgud: 0 g<\/li>\n<li data-section-id=\"hiczk0\" data-start=\"671\" data-end=\"687\">Sool: ~3\u20134 g<\/li>\n<\/ul>\n<p>&nbsp;<\/p>\n<p data-start=\"0\" data-end=\"346\">TABASCO on maailma enim levinud teravakastmete kaubam\u00e4rk, mille ajalugu ulatub aastasse 1868, kui Edmund McIlhenny l\u00f5i esimese TABASCO kastme Louisiana osariigis Avery Islandil, USA-s. T\u00e4naseni on ettev\u00f5te pereomanduses ning toodab kastmeid traditsiooniliste retseptide j\u00e4rgi, kasutades kvaliteetseid koostisosi ja hoolikalt laagerdatud t\u0161illipipraid.<\/p>\n<p data-start=\"348\" data-end=\"719\" data-is-last-node=\"\" data-is-only-node=\"\">TABASCO p\u00f5hiv\u00e4\u00e4rtusteks on autentsus, kvaliteet, lihtsad koostisosad ja kirg maitsete vastu. Ettev\u00f5te keskendub j\u00e4tkusuutlikule tootmisele ning soovib pakkuda inimestele \u00fcle maailma julgeid ja ainulaadseid maitseelamusi. TABASCO visioon on inspireerida inimesi avastama uusi maitseid ja muuta igap\u00e4evane toit p\u00f5nevamaks l\u00e4bi kvaliteetsete piprakastmete ja maitseainete.<\/p>","protected":false},"excerpt":{"rendered":"<h5>Kui otsid midagi mis v\u00f5ib sind \u00e4ra l\u00f5hkuda &#8211; v\u00e4ga terava maitseprofiiliga<\/h5>\n<p>TABASCO kaubam\u00e4rgi seni \u00fcks k\u00f5ige teravamaid kastmeid, loodud neile, kes otsivad t\u00f5eliselt intensiivset maitseelamust. Kaste \u00fchendab \u00fclikuumade scorpion-t\u0161illide teravuse troopiliste puuviljade \u2013 guajaavi ja ananassi \u2013 magusa noodiga, luues korraga nii p\u00f5letava kui ka kergelt puuviljase maitseprofiili.<\/p>\n<p>Kaste sobib kasutamiseks v\u00e4ga v\u00e4ikestes kogustes \u2013 pitsadele, suppidele, liharoogadele ja mereandidele \u2013 ning on m\u00f5eldud eelk\u00f5ige neile, kes naudivad \u00e4\u00e4rmuslikku teravust koos kompleksse maitsega.<\/p>\n<p><strong>Teravusaste: 23000-33000 SHU (Scoville\u2019i \u00fchikut) ehk 5\/5\u00a0<\/strong><\/p>\n<p>**\u201eScoville\u2019i \u00fchik\u201d (SHU) on m\u00f5\u00f5t\u00fchik, mis n\u00e4itab kapsaitsiini sisaldust \u2013 see on pipardes leiduv \u00fchend, mis p\u00f5hjustab teravust.<\/p>\n<p><a href=\"https:\/\/tammetorubbq.ee\/wp-content\/uploads\/2026\/05\/Tabasco_Logo.svg\"><img loading=\"lazy\" decoding=\"async\" class=\"alignnone  wp-image-7161\" src=\"https:\/\/tammetorubbq.ee\/wp-content\/uploads\/2026\/05\/Tabasco_Logo.svg\" alt=\"Tabasco  \" width=\"178\" height=\"178\" \/><\/a><\/p>","protected":false},"featured_media":7171,"comment_status":"closed","ping_status":"closed","template":"","meta":{"_uf_show_specific_survey":0,"_uf_disable_surveys":false},"pwb-brand":[424],"product_brand":[425],"product_cat":[22],"product_tag":[138,118,159,120,161,114,426,119],"class_list":{"0":"post-7166","1":"product","2":"type-product","3":"status-publish","4":"has-post-thumbnail","6":"pwb-brand-tabasco","7":"product_brand-tabasco","8":"product_cat-kastmed-ja-marinaadid","9":"product_tag-burger","10":"product_tag-kanaliha","11":"product_tag-kanatiivad","12":"product_tag-mereannid","13":"product_tag-pizza","14":"product_tag-sealiha","15":"product_tag-tabasco","16":"product_tag-veiseliha","18":"first","19":"outofstock","20":"taxable","21":"shipping-taxable","22":"purchasable","23":"product-type-simple"},"brands":[{"id":424,"name":"Tabasco","slug":"tabasco"}],"_links":{"self":[{"href":"https:\/\/tammetorubbq.ee\/lv\/wp-json\/wp\/v2\/product\/7166","targetHints":{"allow":["GET"]}}],"collection":[{"href":"https:\/\/tammetorubbq.ee\/lv\/wp-json\/wp\/v2\/product"}],"about":[{"href":"https:\/\/tammetorubbq.ee\/lv\/wp-json\/wp\/v2\/types\/product"}],"replies":[{"embeddable":true,"href":"https:\/\/tammetorubbq.ee\/lv\/wp-json\/wp\/v2\/comments?post=7166"}],"wp:featuredmedia":[{"embeddable":true,"href":"https:\/\/tammetorubbq.ee\/lv\/wp-json\/wp\/v2\/media\/7171"}],"wp:attachment":[{"href":"https:\/\/tammetorubbq.ee\/lv\/wp-json\/wp\/v2\/media?parent=7166"}],"wp:term":[{"taxonomy":"pwb-brand","embeddable":true,"href":"https:\/\/tammetorubbq.ee\/lv\/wp-json\/wp\/v2\/pwb-brand?post=7166"},{"taxonomy":"product_brand","embeddable":true,"href":"https:\/\/tammetorubbq.ee\/lv\/wp-json\/wp\/v2\/product_brand?post=7166"},{"taxonomy":"product_cat","embeddable":true,"href":"https:\/\/tammetorubbq.ee\/lv\/wp-json\/wp\/v2\/product_cat?post=7166"},{"taxonomy":"product_tag","embeddable":true,"href":"https:\/\/tammetorubbq.ee\/lv\/wp-json\/wp\/v2\/product_tag?post=7166"}],"curies":[{"name":"wp","href":"https:\/\/api.w.org\/{rel}","templated":true}]}}