{"id":772,"date":"2023-12-10T17:35:47","date_gmt":"2023-12-10T15:35:47","guid":{"rendered":"https:\/\/tammetorubbq.ee\/?post_type=product&#038;p=772"},"modified":"2026-04-29T23:00:16","modified_gmt":"2026-04-29T20:00:16","slug":"grili-lielas-ietilpibas-grilsus-66kg-50l-fsc100","status":"publish","type":"product","link":"https:\/\/tammetorubbq.ee\/lv\/toode\/grillep-suuretukiline-grillsusi-66kg-50l-fsc100\/","title":{"rendered":"GRILLEP liela tilpuma kokogles 6,6kg \/ 50L (FSC100%)"},"content":{"rendered":"<h3 data-start=\"1588\" data-end=\"1608\"><strong data-start=\"1595\" data-end=\"1608\">Inform\u0101cija par produktu<\/strong><\/h3>\n<ul data-start=\"1610\" data-end=\"1770\">\n<li data-start=\"1610\" data-end=\"1632\">\n<p data-start=\"1612\" data-end=\"1632\"><strong data-start=\"1612\" data-end=\"1621\">Z\u012bmols<\/strong>: GRILLEP<\/p>\n<\/li>\n<li data-start=\"1633\" data-end=\"1675\">\n<p data-start=\"1635\" data-end=\"1675\"><strong data-start=\"1635\" data-end=\"1648\">Produkta veids<\/strong>: Kokogles ar augstu \u0161\u0137embu saturu<\/p>\n<\/li>\n<li data-start=\"1676\" data-end=\"1694\">\n<p data-start=\"1678\" data-end=\"1694\"><strong data-start=\"1678\" data-end=\"1686\">Puit<\/strong>: Lepp<\/p>\n<\/li>\n<li data-start=\"1695\" data-end=\"1713\">\n<p data-start=\"1697\" data-end=\"1713\"><strong data-start=\"1697\" data-end=\"1705\">Jauda<\/strong>: 50 L<\/p>\n<\/li>\n<li data-start=\"1714\" data-end=\"1744\">\n<p data-start=\"1716\" data-end=\"1744\"><strong data-start=\"1716\" data-end=\"1731\">Sertifik\u0101ts<\/strong>: FSC\u00ae 100%<\/p>\n<\/li>\n<li data-start=\"1745\" data-end=\"1770\">\n<p data-start=\"1747\" data-end=\"1770\"><strong data-start=\"1747\" data-end=\"1759\">Izcelsme<\/strong>: Eiropa<\/p>\n<\/li>\n<\/ul>\n<h3 data-start=\"1126\" data-end=\"1169\">\ud83c\udf31 <strong data-start=\"1329\" data-end=\"1365\">K\u0101p\u0113c izv\u0113l\u0113ties FSC\u00ae 100% kokogles?<\/strong><\/h3>\n<p data-start=\"1367\" data-end=\"1581\">FSC (Forest Stewardship Council) sertifik\u0101ts noz\u012bm\u0113, ka kokogles ir ra\u017eotas saska\u0146\u0101 ar stingriem vides un soci\u0101lajiem standartiem. T\u0101 ir ide\u0101la izv\u0113le tiem, kas augstu v\u0113rt\u0113 dabu un atbild\u012bgu pat\u0113ri\u0146u.<\/p>","protected":false},"excerpt":{"rendered":"<p data-start=\"133\" data-end=\"234\"><strong data-start=\"133\" data-end=\"234\">T\u012br\u0101ka deg\u0161ana, dabiska d\u016bmu gar\u0161a un stabila kvalit\u0101te - lab\u0101k\u0101 izv\u0113le apzin\u012bgam gril\u0113t\u0101jam!<\/strong><\/p>\n<p data-start=\"236\" data-end=\"539\">GRILLEP Premium lielapjoma kokogles no pape\u013cu koksnes ir augstas kvalit\u0101tes un 100% dab\u012bgs kurin\u0101mais, kas piem\u0113rots gan m\u0101jas, gan profesion\u0101lai lieto\u0161anai. Pateicoties t\u0101s dabiskajai strukt\u016brai, kokogles \u0101tri uzliesmo, vienm\u0113r\u012bgi deg un pie\u0161\u0137ir ga\u013cai un \u0113dieniem rakstur\u012bgo maigo d\u016bmu gar\u0161u.<\/p>\n<h3 data-start=\"984\" data-end=\"1001\"><strong data-start=\"990\" data-end=\"1001\">Ieguvumi<\/strong><\/h3>\n<p data-start=\"1005\" data-end=\"1089\">\u2714\ufe0f Dab\u012bga d\u016bmu gar\u0161a, kas lieliski piem\u0113rota ga\u013cas, zivju un d\u0101rze\u0146u gril\u0113\u0161anai.<\/p>\n<p data-start=\"1092\" data-end=\"1157\">\u2714\ufe0f \u0100tra aizdeg\u0161an\u0101s - piem\u0113rota ar\u012b \u012bs\u0101k\u0101m gril\u0113\u0161anas sesij\u0101m<\/p>\n<p data-start=\"1160\" data-end=\"1203\">\u2714\ufe0f Zems pelnu saturs - nepiecie\u0161ams maz\u0101k t\u012br\u012b\u0161anas<\/p>\n<p data-start=\"1206\" data-end=\"1262\">\u2714\ufe0f Liela deg\u0161anas apjoma ogles deg l\u0113n\u0101k un vienm\u0113r\u012bg\u0101k.<\/p>\n<p data-start=\"1265\" data-end=\"1315\">\u2714\ufe0f FSC sertifik\u0101ts - atbild\u012bgi ra\u017eots<\/p>\n<h3 data-start=\"546\" data-end=\"571\"><strong data-start=\"553\" data-end=\"571\">Produkta \u012bpa\u0161\u012bbas<\/strong><\/h3>\n<ul data-start=\"573\" data-end=\"977\">\n<li data-start=\"573\" data-end=\"656\">\n<p data-start=\"575\" data-end=\"656\"><strong data-start=\"575\" data-end=\"583\">Puit<\/strong>: 100% dabisk\u0101 alksne - nesatur \u0137\u012bmiskas piedevas vai saistvielas.<\/p>\n<\/li>\n<li data-start=\"657\" data-end=\"746\">\n<p data-start=\"659\" data-end=\"746\"><strong data-start=\"659\" data-end=\"673\">Gabala izm\u0113rs<\/strong>: Liels diametrs Premium - nodro\u0161ina lab\u0101ku gaisa cirkul\u0101ciju un vienm\u0113r\u012bgu sadeg\u0161anu.<\/p>\n<\/li>\n<li data-start=\"747\" data-end=\"816\">\n<p data-start=\"749\" data-end=\"816\"><strong data-start=\"749\" data-end=\"757\">Jauda<\/strong>: 50 litri (apm\u0113ram 7-8 kg atkar\u012bb\u0101 no gabalu lieluma).<\/p>\n<\/li>\n<li data-start=\"817\" data-end=\"899\">\n<p data-start=\"819\" data-end=\"899\"><strong data-start=\"819\" data-end=\"839\">Deg\u0161anas kvalit\u0101te<\/strong>: \u0100tra aizdeg\u0161an\u0101s, stabils karstums un zems pelnu saturs.<\/p>\n<\/li>\n<li data-start=\"900\" data-end=\"977\">\n<p data-start=\"902\" data-end=\"977\"><strong data-start=\"902\" data-end=\"917\">Sertifik\u0101ts<\/strong>: <strong data-start=\"919\" data-end=\"932\">FSC\u00ae 100%<\/strong> - videi draudz\u012bga un ilgtsp\u0113j\u012bga izv\u0113le.<\/p>\n<\/li>\n<\/ul>\n<p><img loading=\"lazy\" decoding=\"async\" class=\"alignnone wp-image-3290\" src=\"http:\/\/tammetorubbq.ee\/wp-content\/uploads\/2023\/12\/Grillep_Logo-300x200.png\" alt=\"FSC 100%\" width=\"150\" height=\"100\" srcset=\"https:\/\/tammetorubbq.ee\/wp-content\/uploads\/2023\/12\/Grillep_Logo-300x200.png 300w, https:\/\/tammetorubbq.ee\/wp-content\/uploads\/2023\/12\/Grillep_Logo-1024x681.png 1024w, https:\/\/tammetorubbq.ee\/wp-content\/uploads\/2023\/12\/Grillep_Logo-768x511.png 768w, https:\/\/tammetorubbq.ee\/wp-content\/uploads\/2023\/12\/Grillep_Logo-18x12.png 18w, https:\/\/tammetorubbq.ee\/wp-content\/uploads\/2023\/12\/Grillep_Logo-600x399.png 600w, https:\/\/tammetorubbq.ee\/wp-content\/uploads\/2023\/12\/Grillep_Logo-64x43.png 64w, https:\/\/tammetorubbq.ee\/wp-content\/uploads\/2023\/12\/Grillep_Logo.png 1203w\" sizes=\"auto, (max-width: 150px) 100vw, 150px\" \/><img loading=\"lazy\" decoding=\"async\" class=\"alignnone wp-image-3289\" src=\"http:\/\/tammetorubbq.ee\/wp-content\/uploads\/2023\/12\/FSC-100.svg\" alt=\"\" width=\"67\" height=\"97\" \/><\/p>\n<p>&nbsp;<\/p>","protected":false},"featured_media":768,"comment_status":"open","ping_status":"closed","template":"","meta":{"_uf_show_specific_survey":0,"_uf_disable_surveys":false},"pwb-brand":[151],"product_brand":[],"product_cat":[58,28],"product_tag":[152,130],"class_list":{"0":"post-772","1":"product","2":"type-product","3":"status-publish","4":"has-post-thumbnail","6":"pwb-brand-grillep","7":"product_cat-grillssusi","8":"product_cat-grillsusi","9":"product_tag-grillep","10":"product_tag-grillsusi","12":"first","13":"instock","14":"taxable","15":"shipping-taxable","16":"purchasable","17":"product-type-simple"},"brands":[{"id":151,"name":"Krikets","slug":"barbekju-2"}],"_links":{"self":[{"href":"https:\/\/tammetorubbq.ee\/lv\/wp-json\/wp\/v2\/product\/772","targetHints":{"allow":["GET"]}}],"collection":[{"href":"https:\/\/tammetorubbq.ee\/lv\/wp-json\/wp\/v2\/product"}],"about":[{"href":"https:\/\/tammetorubbq.ee\/lv\/wp-json\/wp\/v2\/types\/product"}],"replies":[{"embeddable":true,"href":"https:\/\/tammetorubbq.ee\/lv\/wp-json\/wp\/v2\/comments?post=772"}],"wp:featuredmedia":[{"embeddable":true,"href":"https:\/\/tammetorubbq.ee\/lv\/wp-json\/wp\/v2\/media\/768"}],"wp:attachment":[{"href":"https:\/\/tammetorubbq.ee\/lv\/wp-json\/wp\/v2\/media?parent=772"}],"wp:term":[{"taxonomy":"pwb-brand","embeddable":true,"href":"https:\/\/tammetorubbq.ee\/lv\/wp-json\/wp\/v2\/pwb-brand?post=772"},{"taxonomy":"product_brand","embeddable":true,"href":"https:\/\/tammetorubbq.ee\/lv\/wp-json\/wp\/v2\/product_brand?post=772"},{"taxonomy":"product_cat","embeddable":true,"href":"https:\/\/tammetorubbq.ee\/lv\/wp-json\/wp\/v2\/product_cat?post=772"},{"taxonomy":"product_tag","embeddable":true,"href":"https:\/\/tammetorubbq.ee\/lv\/wp-json\/wp\/v2\/product_tag?post=772"}],"curies":[{"name":"wp","href":"https:\/\/api.w.org\/{rel}","templated":true}]}}