{"id":791,"date":"2023-12-10T18:08:27","date_gmt":"2023-12-10T16:08:27","guid":{"rendered":"https:\/\/tammetorubbq.ee\/?post_type=product&#038;p=791"},"modified":"2026-04-14T22:00:12","modified_gmt":"2026-04-14T19:00:12","slug":"kamado-joe-smekesanas-bloki-no-klavas-45kg","status":"publish","type":"product","link":"https:\/\/tammetorubbq.ee\/lv\/product-2\/kamado-joe-smekesanas-bloki-no-klavas-45kg\/","title":{"rendered":"Kamado Joe k\u016bpin\u0101\u0161anas bloki no k\u013cavas koksnes 4,5kg"},"content":{"rendered":"<p>Kamado Joe d\u016bmu bloki ir pleciem lieli koka gabali bez mizas.<\/p>\n<p>Nekad nav \u017e\u0101v\u0113ts cepe\u0161kr\u0101sn\u012b. Lai saglab\u0101tu dab\u012bgos cukurus un pie\u0161\u0137irtu piln\u012bg\u0101ku gar\u0161u, tam ir dots nepiecie\u0161amais laiks, lai iz\u017e\u016btu gais\u0101.<\/p>\n<p>Putu koksnei ir salds arom\u0101ts, kas piem\u0113rots, piem\u0113ram, m\u0101jputnu ga\u013cas un \u0161\u0137i\u0146\u0137a k\u016bpin\u0101\u0161anai.<\/p>","protected":false},"excerpt":{"rendered":"<p>Kamado Joe d\u016bmu bloki ir pleciem lieli koka gabali bez mizas.<\/p>\n<p>Nekad nav \u017e\u0101v\u0113ts cepe\u0161kr\u0101sn\u012b. Lai saglab\u0101tu dab\u012bgos cukurus un pie\u0161\u0137irtu piln\u012bg\u0101ku gar\u0161u, tam ir dots nepiecie\u0161amais laiks, lai iz\u017e\u016btu gais\u0101.<\/p>\n<p>&nbsp;<\/p>\n<p><img loading=\"lazy\" decoding=\"async\" class=\"wp-image-1531\" src=\"http:\/\/tammetorubbq.ee\/wp-content\/uploads\/2024\/03\/kamado-joe-logo-300x40.webp\" alt=\"Kamado Joe logotips\" width=\"165\" height=\"22\" srcset=\"https:\/\/tammetorubbq.ee\/wp-content\/uploads\/2024\/03\/kamado-joe-logo-300x40.webp 300w, https:\/\/tammetorubbq.ee\/wp-content\/uploads\/2024\/03\/kamado-joe-logo-768x104.webp 768w, https:\/\/tammetorubbq.ee\/wp-content\/uploads\/2024\/03\/kamado-joe-logo-18x2.webp 18w, https:\/\/tammetorubbq.ee\/wp-content\/uploads\/2024\/03\/kamado-joe-logo-600x81.webp 600w, https:\/\/tammetorubbq.ee\/wp-content\/uploads\/2024\/03\/kamado-joe-logo-64x9.webp 64w, https:\/\/tammetorubbq.ee\/wp-content\/uploads\/2024\/03\/kamado-joe-logo.webp 1024w\" sizes=\"auto, (max-width: 165px) 100vw, 165px\" \/><\/p>","protected":false},"featured_media":794,"comment_status":"open","ping_status":"closed","template":"","meta":{"_uf_show_specific_survey":0,"_uf_disable_surveys":false},"pwb-brand":[69],"product_brand":[],"product_cat":[28,59],"product_tag":[],"class_list":{"0":"post-791","1":"product","2":"type-product","3":"status-publish","4":"has-post-thumbnail","6":"pwb-brand-kamado-joe","7":"product_cat-grillsusi","8":"product_cat-suitsuklotsid","10":"first","11":"instock","12":"taxable","13":"shipping-taxable","14":"purchasable","15":"product-type-simple"},"brands":[{"id":69,"name":"Kamado Joe","slug":"kamado-joe"}],"_links":{"self":[{"href":"https:\/\/tammetorubbq.ee\/lv\/wp-json\/wp\/v2\/product\/791","targetHints":{"allow":["GET"]}}],"collection":[{"href":"https:\/\/tammetorubbq.ee\/lv\/wp-json\/wp\/v2\/product"}],"about":[{"href":"https:\/\/tammetorubbq.ee\/lv\/wp-json\/wp\/v2\/types\/product"}],"replies":[{"embeddable":true,"href":"https:\/\/tammetorubbq.ee\/lv\/wp-json\/wp\/v2\/comments?post=791"}],"wp:featuredmedia":[{"embeddable":true,"href":"https:\/\/tammetorubbq.ee\/lv\/wp-json\/wp\/v2\/media\/794"}],"wp:attachment":[{"href":"https:\/\/tammetorubbq.ee\/lv\/wp-json\/wp\/v2\/media?parent=791"}],"wp:term":[{"taxonomy":"pwb-brand","embeddable":true,"href":"https:\/\/tammetorubbq.ee\/lv\/wp-json\/wp\/v2\/pwb-brand?post=791"},{"taxonomy":"product_brand","embeddable":true,"href":"https:\/\/tammetorubbq.ee\/lv\/wp-json\/wp\/v2\/product_brand?post=791"},{"taxonomy":"product_cat","embeddable":true,"href":"https:\/\/tammetorubbq.ee\/lv\/wp-json\/wp\/v2\/product_cat?post=791"},{"taxonomy":"product_tag","embeddable":true,"href":"https:\/\/tammetorubbq.ee\/lv\/wp-json\/wp\/v2\/product_tag?post=791"}],"curies":[{"name":"wp","href":"https:\/\/api.w.org\/{rel}","templated":true}]}}