{"id":792,"date":"2023-12-10T18:08:27","date_gmt":"2023-12-10T16:08:27","guid":{"rendered":"https:\/\/tammetorubbq.ee\/?post_type=product&#038;p=792"},"modified":"2026-04-14T18:01:31","modified_gmt":"2026-04-14T15:01:31","slug":"kamado-joe-smekesanas-bloki-no-hikori-koka-45kg","status":"publish","type":"product","link":"https:\/\/tammetorubbq.ee\/lv\/product-2\/kamado-joe-smekesanas-bloki-no-hikori-koka-45kg\/","title":{"rendered":"Kamado Joe v\u012braku bloki no hikorija 4,5kg"},"content":{"rendered":"<p>Kamado Joe d\u016bmu bloki ir pleciem lieli koka gabali bez mizas.<\/p>\n<p>Nekad nav \u017e\u0101v\u0113ts cepe\u0161kr\u0101sn\u012b. Lai saglab\u0101tu dab\u012bgos cukurus un pie\u0161\u0137irtu piln\u012bg\u0101ku gar\u0161u, tam ir dots nepiecie\u0161amais laiks, lai iz\u017e\u016btu gais\u0101.<\/p>\n<p>Hikorija koksne pie\u0161\u0137ir klasisku, intens\u012bvu gar\u0161u, kas lieliski sader ar sarkano ga\u013cu, vistas ga\u013cu un c\u016bkga\u013cu.<\/p>","protected":false},"excerpt":{"rendered":"<p>Kamado Joe d\u016bmu bloki ir pleciem lieli koka gabali bez mizas.<\/p>\n<p>Nekad nav \u017e\u0101v\u0113ts cepe\u0161kr\u0101sn\u012b. Lai saglab\u0101tu dab\u012bgos cukurus un pie\u0161\u0137irtu piln\u012bg\u0101ku gar\u0161u, tam ir dots nepiecie\u0161amais laiks, lai iz\u017e\u016btu gais\u0101.<\/p>\n<p>&nbsp;<\/p>\n<p><img loading=\"lazy\" decoding=\"async\" class=\"wp-image-1531\" src=\"http:\/\/tammetorubbq.ee\/wp-content\/uploads\/2024\/03\/kamado-joe-logo-300x40.webp\" alt=\"Kamado Joe logotips\" width=\"173\" height=\"23\" srcset=\"https:\/\/tammetorubbq.ee\/wp-content\/uploads\/2024\/03\/kamado-joe-logo-300x40.webp 300w, https:\/\/tammetorubbq.ee\/wp-content\/uploads\/2024\/03\/kamado-joe-logo-768x104.webp 768w, https:\/\/tammetorubbq.ee\/wp-content\/uploads\/2024\/03\/kamado-joe-logo-18x2.webp 18w, https:\/\/tammetorubbq.ee\/wp-content\/uploads\/2024\/03\/kamado-joe-logo-600x81.webp 600w, https:\/\/tammetorubbq.ee\/wp-content\/uploads\/2024\/03\/kamado-joe-logo-64x9.webp 64w, https:\/\/tammetorubbq.ee\/wp-content\/uploads\/2024\/03\/kamado-joe-logo.webp 1024w\" sizes=\"auto, (max-width: 173px) 100vw, 173px\" \/><\/p>","protected":false},"featured_media":797,"comment_status":"open","ping_status":"closed","template":"","meta":{"_uf_show_specific_survey":0,"_uf_disable_surveys":false},"pwb-brand":[69],"product_brand":[],"product_cat":[28,59],"product_tag":[],"class_list":{"0":"post-792","1":"product","2":"type-product","3":"status-publish","4":"has-post-thumbnail","6":"pwb-brand-kamado-joe","7":"product_cat-grillsusi","8":"product_cat-suitsuklotsid","10":"first","11":"instock","12":"taxable","13":"shipping-taxable","14":"purchasable","15":"product-type-simple"},"brands":[{"id":69,"name":"Kamado Joe","slug":"kamado-joe"}],"_links":{"self":[{"href":"https:\/\/tammetorubbq.ee\/lv\/wp-json\/wp\/v2\/product\/792","targetHints":{"allow":["GET"]}}],"collection":[{"href":"https:\/\/tammetorubbq.ee\/lv\/wp-json\/wp\/v2\/product"}],"about":[{"href":"https:\/\/tammetorubbq.ee\/lv\/wp-json\/wp\/v2\/types\/product"}],"replies":[{"embeddable":true,"href":"https:\/\/tammetorubbq.ee\/lv\/wp-json\/wp\/v2\/comments?post=792"}],"wp:featuredmedia":[{"embeddable":true,"href":"https:\/\/tammetorubbq.ee\/lv\/wp-json\/wp\/v2\/media\/797"}],"wp:attachment":[{"href":"https:\/\/tammetorubbq.ee\/lv\/wp-json\/wp\/v2\/media?parent=792"}],"wp:term":[{"taxonomy":"pwb-brand","embeddable":true,"href":"https:\/\/tammetorubbq.ee\/lv\/wp-json\/wp\/v2\/pwb-brand?post=792"},{"taxonomy":"product_brand","embeddable":true,"href":"https:\/\/tammetorubbq.ee\/lv\/wp-json\/wp\/v2\/product_brand?post=792"},{"taxonomy":"product_cat","embeddable":true,"href":"https:\/\/tammetorubbq.ee\/lv\/wp-json\/wp\/v2\/product_cat?post=792"},{"taxonomy":"product_tag","embeddable":true,"href":"https:\/\/tammetorubbq.ee\/lv\/wp-json\/wp\/v2\/product_tag?post=792"}],"curies":[{"name":"wp","href":"https:\/\/api.w.org\/{rel}","templated":true}]}}