{"id":798,"date":"2023-12-10T18:15:22","date_gmt":"2023-12-10T16:15:22","guid":{"rendered":"https:\/\/tammetorubbq.ee\/?post_type=product&#038;p=798"},"modified":"2026-04-28T09:00:07","modified_gmt":"2026-04-28T06:00:07","slug":"stokes-bloody-mary-tomatu-kecups-300g","status":"publish","type":"product","link":"https:\/\/tammetorubbq.ee\/lv\/toode\/stokes-bloody-mary-tomatiketsup-300g\/","title":{"rendered":"Stokes Bloody Mary tom\u0101tu m\u0113rce 300g"},"content":{"rendered":"<p data-start=\"152\" data-end=\"851\"><strong data-start=\"386\" data-end=\"402\">Sast\u0101vda\u013cas:<\/strong>\u00a0Tomatid (123 g 100 g ket\u0161upi kohta), suhkur, piiritus\u00e4\u00e4dikas, paksendaja: modifitseeritud maisit\u00e4rklis, v\u00fcrtsikas lauakaste (1%) (vesi, piiritus\u00e4\u00e4dikas, suhkur, v\u00e4rvaine: karamell, suhkrusiirup, sool, tamarindid, hape: \u00e4\u00e4dikhape, cayenne\u2019i pipar, nelk, k\u00fc\u00fcslaugu\u00f5li, stabilisaator: tragakantkummi), viin (1%),\u00a0<strong>sellerisool<\/strong>\u00a0(1%) (sool,\u00a0<strong>selleriseemned<\/strong>), Tabasco kaste (1%) (piiritus\u00e4\u00e4dikas, punased piprad, sool), k\u00fc\u00fcslaugupulber, sibulapulber, v\u00fcrts, maitseainesegu (tomatipulber, meresool, valge veini pulber (valge veinikonservaat, maltodekstriin), suhkur, sibulapulber, kassia, pune, t\u00fc\u00fcmian, k\u00fc\u00fcslaugupulber, looduslikud maitseained, nelk, looduslik v\u00e4rvaine: paprikaekstrakt, v\u00fcrtsiekstrakt, sibulaekstrakt).<\/p>\n<p data-start=\"152\" data-end=\"851\"><strong data-start=\"616\" data-end=\"645\">Toitev\u00e4\u00e4rtus 100 g kohta:<\/strong>\u00a0124 kcal, rasv 0 g, s\u00fcsivesikud 28 g (suhkruid 23 g), valgud 1,2 g, sool 1,4 g<\/p>\n<p data-start=\"152\" data-end=\"851\"><strong data-start=\"727\" data-end=\"743\">S\u00e4ilitamine:<\/strong>\u00a0Hoida jahedas, p\u00e4ikesevalguse eest kaitstult. P\u00e4rast avamist hoida k\u00fclmkapis ja tarvitada 6 n\u00e4dala jooksul.<\/p>\n<div class=\"text-token-text-secondary flex items-center justify-center gap-4 px-4 py-2.5 text-sm whitespace-nowrap\">\n<h5 data-start=\"0\" data-end=\"18\"><strong data-start=\"35\" data-end=\"84\">Stokes \u2013 aus maitse, ehtsatest koostisosadest!<\/strong><\/h5>\n<\/div>\n<p data-start=\"86\" data-end=\"416\">Stokes on Suurbritannia pereettev\u00f5te, mis on tuntud oma kvaliteetsete kastmete ja maitseainete poolest. Nende toodete keskmes on ehtsad koostisosad, rikkalikud retseptid ja k\u00e4sit\u00f6\u00f6na valminud kvaliteet. Igas purgis ja pudelis on tunda p\u00fchendumust \u2013 olgu tegu ket\u0161upi, majoneesi, BBQ-kastme, chutney, moosi v\u00f5i kreemja m\u00e4dar\u00f5ikaga.<\/p>\n<p data-start=\"418\" data-end=\"702\">Stokes ei kasuta kiirmeetodeid ega l\u00fchendatud teid. Tomatiket\u0161upid sisaldavad rohkem tomateid kui enamik konkurente. Kastmetes on kasutatud ehtsat mett, r\u00f5\u00f5ska koort, v\u00fcrtside naturaalseid ekstrakte ja muid kvaliteetseid komponente, mis loovad tasakaalustatud, puhta ja koduse maitse.<\/p>\n<p data-start=\"704\" data-end=\"908\">Valikust leiab lisaks klassikalistele tomatiket\u0161upitele ka suitsuse chipotle ket\u0161upi, erinevad BBQ-kastmed, t\u00e4idlase majoneesi, mitmed chutney\u2019d, puuviljased moosid ja elegantsed lisandid igap\u00e4evatoidule.<\/p>\n<p data-start=\"1003\" data-end=\"1074\" data-is-only-node=\"\" data-is-last-node=\"\"><strong data-start=\"1003\" data-end=\"1019\">Izcelsmes valsts:<\/strong>\u00a0\u00dchendkuningriik<\/p>","protected":false},"excerpt":{"rendered":"<h5 data-start=\"106\" data-end=\"203\"><strong data-start=\"106\" data-end=\"198\">Stokes Bloody Mary tomatiket\u0161up &#8211; kokteiliklassikast inspireeritud v\u00fcrtsikas elamus!<\/strong><\/h5>\n<p data-start=\"205\" data-end=\"530\">Ja jums pat\u012bk Bloody Mary koktei\u013ci, \u0161is ke\u010dups ir dom\u0101ts tie\u0161i jums! Stokes Bloody Mary Tom\u0101tu ke\u010dups apvieno augstas kvalit\u0101tes tom\u0101tu biezeni, krauk\u0161\u0137\u012bgu seleriju un pikantu \u010dilli ar maigu v\u012bnogu eti\u0137a un sinepju piegar\u0161u. Rezult\u0101ts ir intens\u012bvs, pies\u0101tin\u0101ts un gar\u0161\u012bgi pikants ke\u010dups, kas pied\u0101v\u0101 aizraujo\u0161u gar\u0161u apvienojumu.<\/p>\n<p data-start=\"532\" data-end=\"761\">Nav t\u0101das lietas k\u0101 slikta ga\u013ca - vienk\u0101r\u0161i nav pietiekami daudz laba ke\u010dupa. Un \u0161\u012b ke\u010dupa gad\u012bjum\u0101: <strong data-start=\"626\" data-end=\"679\">gandr\u012bz nav grila \u0113diena, kam tas neder\u0113tu.<\/strong> Tas ir \u012bpa\u0161i labs papildin\u0101jums \u0161a\u0161liku, burgeru, gril\u0113tu desi\u0146u vai brokastu omletes \u0113dieniem.<\/p>\n<h5><strong>10\/10 \u0161a\u0161l\u00f5kiga!<\/strong><\/h5>\n<h5 data-start=\"0\" data-end=\"220\"><strong>Kui hindad maitset, mis on korraga aus, lihtne ja l\u00e4bim\u00f5eldud, siis Stokes on kindel valik!<\/strong><\/h5>\n<p><img loading=\"lazy\" decoding=\"async\" class=\"wp-image-1550\" src=\"http:\/\/tammetorubbq.ee\/wp-content\/uploads\/2023\/12\/stokes-logo-vector.png\" alt=\"Stokes\" width=\"188\" height=\"104\" srcset=\"https:\/\/tammetorubbq.ee\/wp-content\/uploads\/2023\/12\/stokes-logo-vector.png 300w, https:\/\/tammetorubbq.ee\/wp-content\/uploads\/2023\/12\/stokes-logo-vector-18x10.png 18w, https:\/\/tammetorubbq.ee\/wp-content\/uploads\/2023\/12\/stokes-logo-vector-64x35.png 64w\" sizes=\"auto, (max-width: 188px) 100vw, 188px\" \/><\/p>","protected":false},"featured_media":803,"comment_status":"open","ping_status":"closed","template":"","meta":{"_uf_show_specific_survey":0,"_uf_disable_surveys":false},"pwb-brand":[89],"product_brand":[],"product_cat":[22],"product_tag":[333,334],"class_list":{"0":"post-798","1":"product","2":"type-product","3":"status-publish","4":"has-post-thumbnail","6":"pwb-brand-stokes","7":"product_cat-kastmed-ja-marinaadid","8":"product_tag-stokes","9":"product_tag-tomatiketsup","11":"first","12":"instock","13":"taxable","14":"shipping-taxable","15":"purchasable","16":"product-type-simple"},"brands":[{"id":89,"name":"Stokes","slug":"stokes"}],"_links":{"self":[{"href":"https:\/\/tammetorubbq.ee\/lv\/wp-json\/wp\/v2\/product\/798","targetHints":{"allow":["GET"]}}],"collection":[{"href":"https:\/\/tammetorubbq.ee\/lv\/wp-json\/wp\/v2\/product"}],"about":[{"href":"https:\/\/tammetorubbq.ee\/lv\/wp-json\/wp\/v2\/types\/product"}],"replies":[{"embeddable":true,"href":"https:\/\/tammetorubbq.ee\/lv\/wp-json\/wp\/v2\/comments?post=798"}],"wp:featuredmedia":[{"embeddable":true,"href":"https:\/\/tammetorubbq.ee\/lv\/wp-json\/wp\/v2\/media\/803"}],"wp:attachment":[{"href":"https:\/\/tammetorubbq.ee\/lv\/wp-json\/wp\/v2\/media?parent=798"}],"wp:term":[{"taxonomy":"pwb-brand","embeddable":true,"href":"https:\/\/tammetorubbq.ee\/lv\/wp-json\/wp\/v2\/pwb-brand?post=798"},{"taxonomy":"product_brand","embeddable":true,"href":"https:\/\/tammetorubbq.ee\/lv\/wp-json\/wp\/v2\/product_brand?post=798"},{"taxonomy":"product_cat","embeddable":true,"href":"https:\/\/tammetorubbq.ee\/lv\/wp-json\/wp\/v2\/product_cat?post=798"},{"taxonomy":"product_tag","embeddable":true,"href":"https:\/\/tammetorubbq.ee\/lv\/wp-json\/wp\/v2\/product_tag?post=798"}],"curies":[{"name":"wp","href":"https:\/\/api.w.org\/{rel}","templated":true}]}}