{"id":802,"date":"2023-12-10T18:15:22","date_gmt":"2023-12-10T16:15:22","guid":{"rendered":"https:\/\/tammetorubbq.ee\/?post_type=product&#038;p=802"},"modified":"2026-04-15T03:00:02","modified_gmt":"2026-04-15T00:00:02","slug":"stokes-habanero-cilli-majoneze-205g","status":"publish","type":"product","link":"https:\/\/tammetorubbq.ee\/lv\/product-2\/stokes-habanero-cilli-majoneze-205g\/","title":{"rendered":"Stokes Habanero \u010dilli majon\u0113ze 205g"},"content":{"rendered":"<p>Pikanti raudz\u0113ti Habanero \u010dilli l\u012bdzsvaro intens\u012bvu dzi\u013cumu ar smalku aug\u013cu gar\u0161u.<br \/>\nStokes Habanero as\u0101 m\u0113rce ieguva 2 zvaig\u017e\u0146u izcilas gar\u0161as balvu.<\/p>\n<p>Ugun\u012bga m\u0113rce ar gardu arom\u0101tu: dzi\u013cas eti\u0137a notis un daudzsolo\u0161s aug\u013cu arom\u0101ts - saldums ir labi caurv\u012bts ar asu aug\u013cu gar\u0161u.<\/p>\n<p>S\u012bpols, tom\u0101ts un mango l\u012bdzsvaro ugun\u012bgo pikantumu ar saldu, aug\u013cu un maigu gar\u0161u.<\/p>\n<p>Sast\u0101vda\u013cas:<br \/>\nBaltv\u012bna eti\u0137is, \u016bdens, raudz\u0113ts sarkan\u0101 habanero \u010dilli biezenis (11%) (sarkanais habanero \u010dilli, s\u0101ls, eti\u0137sk\u0101be), s\u012bpolu biezenis, tom\u0101tu biezenis, nerafin\u0113ts niedru cukurs, mango (8%), kukur\u016bzas milti, rap\u0161u e\u013c\u013ca, \u0137iploku biezenis, ingvera biezenis, gar\u0161vielas, j\u016bras s\u0101ls, konservants sorb\u012bnsk\u0101be (sulf\u012bti).<\/p>\n<p>P\u0113c atv\u0113r\u0161anas uzglab\u0101jiet ledusskap\u012b un pat\u0113r\u0113jiet 6 ned\u0113\u013cu laik\u0101.<br \/>\n\u200b<br \/>\nBez glut\u0113na<\/p>","protected":false},"excerpt":{"rendered":"<p>Pikanti raudz\u0113ti Habanero \u010dilli l\u012bdzsvaro intens\u012bvu dzi\u013cumu ar smalku aug\u013cu gar\u0161u.<br \/>\nStokes Habanero as\u0101 m\u0113rce ieguva 2 zvaig\u017e\u0146u izcilas gar\u0161as balvu.<\/p>\n<p>Ugun\u012bga m\u0113rce ar gardu arom\u0101tu: dzi\u013cas eti\u0137a notis un daudzsolo\u0161s aug\u013cu arom\u0101ts - saldums ir labi caurv\u012bts ar asu aug\u013cu gar\u0161u.<\/p>\n<p>&nbsp;<\/p>\n<p><img loading=\"lazy\" decoding=\"async\" class=\"alignnone wp-image-1551\" src=\"http:\/\/tammetorubbq.ee\/wp-content\/uploads\/2023\/12\/stokes-logo-vector-1.png\" alt=\"\" width=\"179\" height=\"99\" srcset=\"https:\/\/tammetorubbq.ee\/wp-content\/uploads\/2023\/12\/stokes-logo-vector-1.png 300w, https:\/\/tammetorubbq.ee\/wp-content\/uploads\/2023\/12\/stokes-logo-vector-1-18x10.png 18w, https:\/\/tammetorubbq.ee\/wp-content\/uploads\/2023\/12\/stokes-logo-vector-1-64x35.png 64w\" sizes=\"auto, (max-width: 179px) 100vw, 179px\" \/><\/p>","protected":false},"featured_media":863,"comment_status":"open","ping_status":"closed","template":"","meta":{"_uf_show_specific_survey":0,"_uf_disable_surveys":false},"pwb-brand":[],"product_brand":[],"product_cat":[22],"product_tag":[],"class_list":{"0":"post-802","1":"product","2":"type-product","3":"status-publish","4":"has-post-thumbnail","6":"product_cat-kastmed-ja-marinaadid","8":"first","9":"instock","10":"taxable","11":"shipping-taxable","12":"purchasable","13":"product-type-simple"},"brands":[],"_links":{"self":[{"href":"https:\/\/tammetorubbq.ee\/lv\/wp-json\/wp\/v2\/product\/802","targetHints":{"allow":["GET"]}}],"collection":[{"href":"https:\/\/tammetorubbq.ee\/lv\/wp-json\/wp\/v2\/product"}],"about":[{"href":"https:\/\/tammetorubbq.ee\/lv\/wp-json\/wp\/v2\/types\/product"}],"replies":[{"embeddable":true,"href":"https:\/\/tammetorubbq.ee\/lv\/wp-json\/wp\/v2\/comments?post=802"}],"wp:featuredmedia":[{"embeddable":true,"href":"https:\/\/tammetorubbq.ee\/lv\/wp-json\/wp\/v2\/media\/863"}],"wp:attachment":[{"href":"https:\/\/tammetorubbq.ee\/lv\/wp-json\/wp\/v2\/media?parent=802"}],"wp:term":[{"taxonomy":"pwb-brand","embeddable":true,"href":"https:\/\/tammetorubbq.ee\/lv\/wp-json\/wp\/v2\/pwb-brand?post=802"},{"taxonomy":"product_brand","embeddable":true,"href":"https:\/\/tammetorubbq.ee\/lv\/wp-json\/wp\/v2\/product_brand?post=802"},{"taxonomy":"product_cat","embeddable":true,"href":"https:\/\/tammetorubbq.ee\/lv\/wp-json\/wp\/v2\/product_cat?post=802"},{"taxonomy":"product_tag","embeddable":true,"href":"https:\/\/tammetorubbq.ee\/lv\/wp-json\/wp\/v2\/product_tag?post=802"}],"curies":[{"name":"wp","href":"https:\/\/api.w.org\/{rel}","templated":true}]}}