{"id":2627,"date":"2025-03-30T21:52:35","date_gmt":"2025-03-30T18:52:35","guid":{"rendered":"https:\/\/tammetorubbq.ee\/?page_id=2627"},"modified":"2025-11-21T16:41:21","modified_gmt":"2025-11-21T14:41:21","slug":"%d0%b7%d0%b0%d0%bf%d0%bb%d0%b0%d1%82%d0%b8%d1%82%d1%8c-%d0%bf%d0%be%d0%b7%d0%b6%d0%b5","status":"publish","type":"page","link":"https:\/\/tammetorubbq.ee\/ru\/maksa-hiljem\/","title":{"rendered":"\u041e\u043f\u043b\u0430\u0442\u0438\u0442\u044c \u043f\u043e\u0437\u0436\u0435"},"content":{"rendered":"<div class=\"bde-globalblock-2627-100 bde-globalblock\"><section class=\"bde-section-375-100-375-1 bde-section bde-section-375-100\">\n              \n  \n  \n\t\n\n  <div class=\"section-background-overlay\"><\/div>\n\n\n<div class=\"section-container\"><h1 class=\"bde-heading-375-101-375-1 bde-heading bde-heading-375-101\">\n\u041e\u043f\u043b\u0430\u0442\u0438\u0442\u044c \u043f\u043e\u0437\u0436\u0435\n<\/h1><\/div>\n<\/section><\/div><section class=\"bde-section-2627-101 bde-section\">\n  \n  \n\t\n\n\n\n<div class=\"section-container\"><div class=\"bde-columns-2627-102 bde-columns\"><div class=\"bde-column-2627-103 bde-column\">\n  \n  \n\t\n\n\n\n<div class=\"bde-rich-text-2627-104 bde-rich-text breakdance-rich-text-styles\">\n<h2>\u041f\u0440\u0438\u043e\u0431\u0440\u0435\u0442\u0430\u0439\u0442\u0435 \u0441\u0432\u043e\u0438 \u043b\u044e\u0431\u0438\u043c\u044b\u0435 \u043f\u0440\u043e\u0434\u0443\u043a\u0442\u044b \u0441\u0435\u0433\u043e\u0434\u043d\u044f \u0438 \u043f\u043b\u0430\u0442\u0438\u0442\u0435 \u043f\u043e\u0442\u043e\u043c!<\/h2><p><strong>\u0421\u043e\u0431\u0438\u0440\u0430\u0442\u044c \u0434\u0435\u043d\u044c\u0433\u0438 \u043d\u0430 \u043f\u043e\u043a\u0443\u043f\u043a\u0438 - \u044d\u0442\u043e \u0437\u0434\u043e\u0440\u043e\u0432\u043e. \u041d\u043e \u043f\u043b\u0430\u0442\u0438\u0442\u044c \u043d\u0435\u0431\u043e\u043b\u044c\u0448\u0438\u043c\u0438 \u0447\u0430\u0441\u0442\u044f\u043c\u0438, \u0447\u0442\u043e\u0431\u044b \u0440\u0430\u0441\u043f\u0440\u0435\u0434\u0435\u043b\u0438\u0442\u044c \u0440\u0430\u0441\u0445\u043e\u0434\u044b, \u0435\u0449\u0435 \u043b\u0443\u0447\u0448\u0435.<br \/>\u0420\u0430\u0437\u0434\u0435\u043b\u0438\u0442\u0435 \u0441\u0443\u043c\u043c\u0443 \u043f\u043e\u043a\u0443\u043f\u043a\u0438 \u043d\u0430 \u0440\u0430\u0432\u043d\u044b\u0435 \u0447\u0430\u0441\u0442\u0438 \u0438 \u043d\u0430\u0447\u043d\u0438\u0442\u0435 \u043f\u043b\u0430\u0442\u0438\u0442\u044c \u0442\u043e\u043b\u044c\u043a\u043e \u0432 \u0441\u043b\u0435\u0434\u0443\u044e\u0449\u0435\u043c \u043c\u0435\u0441\u044f\u0446\u0435.<\/strong><\/p><p><strong>\u0420\u0430\u0441\u043f\u0440\u0435\u0434\u0435\u043b\u0435\u043d\u043d\u044b\u0435 \u0437\u0430\u0442\u0440\u0430\u0442\u044b<\/strong> - \u0412\u044b\u0431\u0435\u0440\u0438\u0442\u0435 \u043f\u043e\u0434\u0445\u043e\u0434\u044f\u0449\u0438\u0439 \u0432\u0430\u043c \u043f\u0435\u0440\u0438\u043e\u0434 \u0438 \u0435\u0436\u0435\u043c\u0435\u0441\u044f\u0447\u043d\u044b\u0439 \u043f\u043b\u0430\u0442\u0435\u0436 \u0438 \u043e\u043f\u043b\u0430\u0442\u0438\u0442\u0435 \u043f\u043e\u043a\u0443\u043f\u043a\u0443 \u043d\u0435\u0441\u043a\u043e\u043b\u044c\u043a\u0438\u043c\u0438 \u0440\u0430\u0432\u043d\u044b\u043c\u0438 \u0447\u0430\u0441\u0442\u044f\u043c\u0438.<br \/><strong>\u041d\u0435 \u0436\u0434\u0438\u0442\u0435<\/strong> - \u0411\u043b\u0430\u0433\u043e\u0434\u0430\u0440\u044f \u0431\u044b\u0441\u0442\u0440\u043e\u043c\u0443 \u043f\u0440\u0438\u043d\u044f\u0442\u0438\u044e \u043a\u0440\u0435\u0434\u0438\u0442\u043d\u043e\u0433\u043e \u0440\u0435\u0448\u0435\u043d\u0438\u044f \u0432\u044b \u0441\u043c\u043e\u0436\u0435\u0442\u0435 \u0441\u043e\u0432\u0435\u0440\u0448\u0438\u0442\u044c \u043f\u043e\u043a\u0443\u043f\u043a\u0443 \u0432\u0441\u0435\u0433\u043e \u0437\u0430 \u043d\u0435\u0441\u043a\u043e\u043b\u044c\u043a\u043e \u043c\u0438\u043d\u0443\u0442.<br \/><strong>\u0411\u044b\u0441\u0442\u0440\u043e \u0438 \u043b\u0435\u0433\u043a\u043e<\/strong> - \u041f\u043e\u043a\u0443\u043f\u0430\u0439\u0442\u0435 \u0438 \u0438\u0441\u043f\u043e\u043b\u044c\u0437\u0443\u0439\u0442\u0435 \u0441\u0432\u043e\u0438 \u043b\u044e\u0431\u0438\u043c\u044b\u0435 \u043f\u0440\u043e\u0434\u0443\u043a\u0442\u044b \u0443\u0436\u0435 \u0441\u0435\u0433\u043e\u0434\u043d\u044f. \u041d\u0435 \u0431\u0435\u0441\u043f\u043e\u043a\u043e\u0439\u0442\u0435\u0441\u044c.<\/p><p><strong>\u0412 \u043f\u0430\u0440\u0442\u043d\u0435\u0440\u0441\u0442\u0432\u0435 \u0441 InBank \u043c\u044b \u043f\u0440\u0435\u0434\u043b\u0430\u0433\u0430\u0435\u043c \u0433\u0438\u0431\u043a\u0438\u0435 \u0438 \u0434\u043e\u0441\u0442\u0443\u043f\u043d\u044b\u0435 \u0432\u0430\u0440\u0438\u0430\u043d\u0442\u044b \u043e\u043f\u043b\u0430\u0442\u044b, \u0447\u0442\u043e\u0431\u044b \u0432\u044b \u043c\u043e\u0433\u043b\u0438 \u043d\u0430\u0441\u043b\u0430\u0436\u0434\u0430\u0442\u044c\u0441\u044f \u0433\u0440\u0438\u043b\u0435\u043c \u0438 \u043b\u0443\u0447\u0448\u0438\u043c\u0438 \u0432\u043a\u0443\u0441\u0430\u043c\u0438 \u0443\u0436\u0435 \u0441\u0435\u0433\u043e\u0434\u043d\u044f:<\/strong><\/p><p><strong>\u041e\u043f\u043b\u0430\u0442\u0438\u0442\u044c \u043f\u043e\u0437\u0436\u0435<\/strong> - \u0441\u043e\u0432\u0435\u0440\u0448\u0435\u043d\u043d\u043e \u0431\u0435\u0441\u043f\u043b\u0430\u0442\u043d\u043e! \u0420\u0430\u0437\u0434\u0435\u043b\u0438\u0442\u0435 \u0432\u0430\u0448 \u0437\u0430\u043a\u0430\u0437 \u043d\u0430 2-3 \u0447\u0430\u0441\u0442\u0438 \u0431\u0435\u0437 \u0434\u043e\u043f\u043e\u043b\u043d\u0438\u0442\u0435\u043b\u044c\u043d\u043e\u0439 \u043e\u043f\u043b\u0430\u0442\u044b.<br \/>- \u041f\u0435\u0440\u0432\u044b\u0439 \u043f\u043b\u0430\u0442\u0435\u0436 \u0447\u0435\u0440\u0435\u0437 30 \u0434\u043d\u0435\u0439 \u043f\u043e\u0441\u043b\u0435 \u043f\u043e\u0434\u0442\u0432\u0435\u0440\u0436\u0434\u0435\u043d\u0438\u044f \u0437\u0430\u043a\u0430\u0437\u0430, \u0431\u0435\u0441\u043f\u0440\u043e\u0446\u0435\u043d\u0442\u043d\u044b\u0439.<\/p><p><strong>\u0412\u0437\u044f\u0442\u044c \u0432 \u0430\u0440\u0435\u043d\u0434\u0443<\/strong> - \u0441\u0442\u043e\u043b\u044c\u043a\u043e, \u0441\u043a\u043e\u043b\u044c\u043a\u043e \u0432\u0430\u043c \u043d\u0443\u0436\u043d\u043e! \u041e\u043f\u043b\u0430\u0442\u0438\u0442\u0435 \u043f\u043e\u043a\u0443\u043f\u043a\u0443 \u0432 \u0442\u0435\u0447\u0435\u043d\u0438\u0435 3-72 \u043c\u0435\u0441\u044f\u0446\u0435\u0432.<br \/>- \u041f\u0440\u043e\u0446\u0435\u043d\u0442 \u043f\u043e \u0434\u043e\u0433\u043e\u0432\u043e\u0440\u0443 11.9%<br \/>- \u041f\u043b\u0430\u0442\u0430 \u0437\u0430 \u043a\u043e\u043d\u0442\u0440\u0430\u043a\u0442 0\u20ac<br \/>- \u0415\u0436\u0435\u043c\u0435\u0441\u044f\u0447\u043d\u0430\u044f \u043f\u043b\u0430\u0442\u0430 \u0437\u0430 \u0443\u043f\u0440\u0430\u0432\u043b\u0435\u043d\u0438\u0435 0,3%<br \/>- \u0421\u0443\u043c\u043c\u0430 \u0444\u0438\u043d\u0430\u043d\u0441\u0438\u0440\u043e\u0432\u0430\u043d\u0438\u044f \u043e\u0442 \u20ac100 \u0434\u043e \u20ac2500<\/p><p>\u0412\u0430\u0440\u0438\u0430\u043d\u0442\u044b \u043e\u043f\u043b\u0430\u0442\u044b \u0434\u0435\u0439\u0441\u0442\u0432\u0438\u0442\u0435\u043b\u044c\u043d\u044b \u043f\u0440\u0438 \u043e\u0431\u0449\u0435\u0439 \u0441\u0443\u043c\u043c\u0435 100 \u0435\u0432\u0440\u043e \u0432 \u0432\u0430\u0448\u0435\u0439 \u043a\u043e\u0440\u0437\u0438\u043d\u0435 - \u0432\u044b\u0431\u0435\u0440\u0438\u0442\u0435 \u0441\u0432\u043e\u0439 \u0431\u0430\u0440\u0431\u0435\u043a\u044e \u0438\u043b\u0438 \u043b\u044e\u0431\u043e\u0439 \u043f\u0440\u043e\u0434\u0443\u043a\u0442 (\u043f\u0440\u043e\u0434\u0443\u043a\u0442\u044b) \u0438\u0437 \u043d\u0430\u0448\u0435\u0433\u043e \u0430\u0441\u0441\u043e\u0440\u0442\u0438\u043c\u0435\u043d\u0442\u0430 \u0438 \u043d\u0430\u0447\u043d\u0438\u0442\u0435 \u043d\u0430\u0441\u043b\u0430\u0436\u0434\u0430\u0442\u044c\u0441\u044f \u043b\u0443\u0447\u0448\u0438\u043c\u0438 \u0440\u0435\u0448\u0435\u043d\u0438\u044f\u043c\u0438 \u0438 \u0432\u043a\u0443\u0441\u0430\u043c\u0438 \u0431\u0430\u0440\u0431\u0435\u043a\u044e\/BBQ \u043f\u0440\u044f\u043c\u043e \u0441\u0435\u0439\u0447\u0430\u0441!<\/p><p>\u0412\u044b\u0431\u0435\u0440\u0438\u0442\u0435 \u043f\u043e\u0434\u0445\u043e\u0434\u044f\u0449\u0435\u0435 \u0432\u0430\u043c \u0440\u0435\u0448\u0435\u043d\u0438\u0435 \u043e\u043f\u043b\u0430\u0442\u044b \u0432 \u043a\u043e\u0440\u0437\u0438\u043d\u0435, \u0438 \u043c\u044b \u043e\u0431\u0435\u0441\u043f\u0435\u0447\u0438\u043c \u0431\u044b\u0441\u0442\u0440\u0443\u044e \u0434\u043e\u0441\u0442\u0430\u0432\u043a\u0443.<\/p><p><a href=\"https:\/\/montonio.com\/et\/juriidiline-teave\/jarelmaksuvahenduse-kasutustingimused\/\" target=\"_blank\" rel=\"noopener\">\u0423\u0441\u043b\u043e\u0432\u0438\u044f \u0438\u0441\u043f\u043e\u043b\u044c\u0437\u043e\u0432\u0430\u043d\u0438\u044f \u0431\u0440\u043e\u043a\u0435\u0440\u0441\u043a\u0438\u0445 \u0443\u0441\u043b\u0443\u0433 \u0441 \u0440\u0430\u0441\u0441\u0440\u043e\u0447\u043a\u043e\u0439 \u043f\u043b\u0430\u0442\u0435\u0436\u0430 \u0438 \u043e\u043f\u043b\u0430\u0442\u043e\u0439 \u043f\u043e\u0437\u0436\u0435.<\/a><\/p><p><img loading=\"lazy\" decoding=\"async\" class=\"alignnone  wp-image-2646\" src=\"http:\/\/tammetorubbq.ee\/wp-content\/uploads\/2023\/12\/inbank-wordmark.png\" alt=\"\u0418\u043d\u0431\u0430\u043d\u043a\" width=\"149\" height=\"67\" srcset=\"https:\/\/tammetorubbq.ee\/wp-content\/uploads\/2023\/12\/inbank-wordmark.png 300w, https:\/\/tammetorubbq.ee\/wp-content\/uploads\/2023\/12\/inbank-wordmark-18x8.png 18w, https:\/\/tammetorubbq.ee\/wp-content\/uploads\/2023\/12\/inbank-wordmark-64x29.png 64w\" sizes=\"auto, (max-width: 149px) 100vw, 149px\" \/><\/p>\n<\/div>\n<\/div><div class=\"bde-column-2627-105 bde-column\">\n  \n  \n\t\n\n\n\n<div class=\"bde-image-2627-106 bde-image\">\n<figure class=\"breakdance-image breakdance-image--2640\">\n\t<div class=\"breakdance-image-container\">\n\t\t<div class=\"breakdance-image-clip\"><img loading=\"lazy\" decoding=\"async\" class=\"breakdance-image-object\" src=\"http:\/\/tammetorubbq.ee\/wp-content\/uploads\/2025\/03\/Konnected-Joe\u2122-768x768.jpg\" width=\"768\" height=\"768\" srcset=\"https:\/\/tammetorubbq.ee\/wp-content\/uploads\/2025\/03\/Konnected-Joe\u2122-768x768.jpg 768w, https:\/\/tammetorubbq.ee\/wp-content\/uploads\/2025\/03\/Konnected-Joe\u2122-300x300.jpg 300w, https:\/\/tammetorubbq.ee\/wp-content\/uploads\/2025\/03\/Konnected-Joe\u2122-150x150.jpg 150w, https:\/\/tammetorubbq.ee\/wp-content\/uploads\/2025\/03\/Konnected-Joe\u2122-600x600.jpg 600w, https:\/\/tammetorubbq.ee\/wp-content\/uploads\/2025\/03\/Konnected-Joe\u2122-64x64.jpg 64w\" sizes=\"auto, (max-width: 768px) 100vw, 768px\"><\/div>\n\t<\/div><\/figure>\n\n<\/div>\n<\/div><\/div><\/div>\n<\/section>","protected":false},"excerpt":{"rendered":"<p>Maksa hiljem Soeta lemmiktooted t\u00e4na ja maksa hiljem!Ostude tarbeks raha kogumine on suurep\u00e4rane. V\u00e4ikeste osamaksetega tasumine, mis aitab kulutusi hajutada, on aga veelgi parem.Jaota ostusumma v\u00f5rdse suurusega osamakseteks ja alusta tasumist alles j\u00e4rgmisel kuul.Hajutatud kulud &#8211; Vali omale sobiv periood ja kuumakse ning tasu ostu eest mitmes v\u00f5rdses osas.\u00c4ra oota &#8211; T\u00e4nu kiirele krediidiotsusele saad [&hellip;]<\/p>\n","protected":false},"author":2,"featured_media":0,"parent":0,"menu_order":0,"comment_status":"closed","ping_status":"closed","template":"","meta":{"_uf_show_specific_survey":0,"_uf_disable_surveys":false,"_breakdance_hide_in_design_set":false,"_breakdance_tags":"","footnotes":""},"class_list":["post-2627","page","type-page","status-publish","hentry"],"_links":{"self":[{"href":"https:\/\/tammetorubbq.ee\/ru\/wp-json\/wp\/v2\/pages\/2627","targetHints":{"allow":["GET"]}}],"collection":[{"href":"https:\/\/tammetorubbq.ee\/ru\/wp-json\/wp\/v2\/pages"}],"about":[{"href":"https:\/\/tammetorubbq.ee\/ru\/wp-json\/wp\/v2\/types\/page"}],"author":[{"embeddable":true,"href":"https:\/\/tammetorubbq.ee\/ru\/wp-json\/wp\/v2\/users\/2"}],"replies":[{"embeddable":true,"href":"https:\/\/tammetorubbq.ee\/ru\/wp-json\/wp\/v2\/comments?post=2627"}],"version-history":[{"count":5,"href":"https:\/\/tammetorubbq.ee\/ru\/wp-json\/wp\/v2\/pages\/2627\/revisions"}],"predecessor-version":[{"id":4262,"href":"https:\/\/tammetorubbq.ee\/ru\/wp-json\/wp\/v2\/pages\/2627\/revisions\/4262"}],"wp:attachment":[{"href":"https:\/\/tammetorubbq.ee\/ru\/wp-json\/wp\/v2\/media?parent=2627"}],"curies":[{"name":"wp","href":"https:\/\/api.w.org\/{rel}","templated":true}]}}