{"id":525,"date":"2023-12-03T12:56:03","date_gmt":"2023-12-03T10:56:03","guid":{"rendered":"https:\/\/tammetorubbq.ee\/?page_id=525"},"modified":"2025-06-15T20:48:54","modified_gmt":"2025-06-15T17:48:54","slug":"%d0%b3%d0%b0%d1%80%d0%b0%d0%bd%d1%82%d0%b8%d1%8f-%d0%ba%d0%b0%d0%bc%d0%b0%d0%b4%d0%be-%d0%b4%d0%b6%d0%be","status":"publish","type":"page","link":"https:\/\/tammetorubbq.ee\/ru\/kamado-joe-garantii\/","title":{"rendered":"\u0413\u0430\u0440\u0430\u043d\u0442\u0438\u044f Kamado Joe"},"content":{"rendered":"<div class=\"bde-globalblock-525-102 bde-globalblock\"><section class=\"bde-section-375-100-375-1 bde-section bde-section-375-100\">\n              \n  \n  \n\t\n\n  <div class=\"section-background-overlay\"><\/div>\n\n\n<div class=\"section-container\"><h1 class=\"bde-heading-375-101-375-1 bde-heading bde-heading-375-101\">\n\u0413\u0430\u0440\u0430\u043d\u0442\u0438\u044f Kamado Joe\n<\/h1><\/div>\n<\/section><\/div><section class=\"bde-section-525-100 bde-section\">\n  \n  \n\t\n\n\n\n<div class=\"section-container\"><div class=\"bde-text-525-101 bde-text\">\n\u041f\u0440\u0438\u0432\u0435\u0434\u0435\u043d\u043d\u0430\u044f \u043d\u0438\u0436\u0435 \u0433\u0430\u0440\u0430\u043d\u0442\u0438\u044f \u0440\u0430\u0441\u043f\u0440\u043e\u0441\u0442\u0440\u0430\u043d\u044f\u0435\u0442\u0441\u044f \u043d\u0430 \u043c\u043e\u0434\u0435\u043b\u0438 Kamado Joe: Junior Joe, Classic Joe, Classic Joe Stand Alone, Big Joe, Big Joe Stand Alone \u0438 Pro Joe.<br><br>NB: BBQ Bubby O\u00dc \u044f\u0432\u043b\u044f\u0435\u0442\u0441\u044f \u043e\u0444\u0438\u0446\u0438\u0430\u043b\u044c\u043d\u044b\u043c \u0430\u0432\u0442\u043e\u0440\u0438\u0437\u043e\u0432\u0430\u043d\u043d\u044b\u043c \u0434\u0438\u0441\u0442\u0440\u0438\u0431\u044c\u044e\u0442\u043e\u0440\u043e\u043c KAMADO JOE \u0441 2023 \u0433. \u041a\u043b\u0438\u0435\u043d\u0442\u0430\u043c BBQ Buddy O\u00dc \u0440\u0435\u043a\u043e\u043c\u0435\u043d\u0434\u0443\u0435\u0442\u0441\u044f \u0437\u0430\u043f\u043e\u043b\u043d\u0438\u0442\u044c \u0433\u0430\u0440\u0430\u043d\u0442\u0438\u0439\u043d\u044b\u0439 \u0431\u043b\u0430\u043d\u043a \u0437\u0434\u0435\u0441\u044c, \u0438 \u0432 \u044d\u0442\u043e\u043c \u0441\u043b\u0443\u0447\u0430\u0435 BBQ Buddy O\u00dc \u043f\u043e\u0437\u0430\u0431\u043e\u0442\u0438\u0442\u0441\u044f \u043e \u0433\u0430\u0440\u0430\u043d\u0442\u0438\u0438 \u0434\u043b\u044f \u0432\u0430\u0441.<br> <br>\u041e\u0413\u0420\u0410\u041d\u0418\u0427\u0415\u041d\u041d\u0410\u042f \u041f\u041e\u0416\u0418\u0417\u041d\u0415\u041d\u041d\u0410\u042f \u0413\u0410\u0420\u0410\u041d\u0422\u0418\u042f \u041d\u0410 \u041a\u0415\u0420\u0410\u041c\u0418\u0427\u0415\u0421\u041a\u0418\u0415 \u0414\u0415\u0422\u0410\u041b\u0418<br>\u041e\u0433\u0440\u0430\u043d\u0438\u0447\u0435\u043d\u043d\u0430\u044f \u043f\u043e\u0436\u0438\u0437\u043d\u0435\u043d\u043d\u0430\u044f \u0433\u0430\u0440\u0430\u043d\u0442\u0438\u044f Kamado Joe \u043d\u0430 \u043a\u0435\u0440\u0430\u043c\u0438\u0447\u0435\u0441\u043a\u0438\u0435 \u0434\u0435\u0442\u0430\u043b\u0438 (\u043a\u0440\u043e\u043c\u0435 \u043f\u0438\u0442\u0441\u0442\u043e\u043d\u043e\u0432 \u0438 \u0434\u0435\u0444\u043b\u0435\u043a\u0442\u043e\u0440\u043e\u0432 \u0436\u0430\u0440\u0430) \u0434\u0435\u0439\u0441\u0442\u0432\u0438\u0442\u0435\u043b\u044c\u043d\u0430 \u0442\u043e\u043b\u044c\u043a\u043e \u0432 \u0442\u043e\u043c \u0441\u043b\u0443\u0447\u0430\u0435, \u0435\u0441\u043b\u0438 \u0433\u0440\u0438\u043b\u044c \u043f\u0440\u0438\u043d\u0430\u0434\u043b\u0435\u0436\u0438\u0442 \u043f\u0435\u0440\u0432\u043e\u043d\u0430\u0447\u0430\u043b\u044c\u043d\u043e\u043c\u0443 \u043f\u043e\u043a\u0443\u043f\u0430\u0442\u0435\u043b\u044e, \u0442\u043e\u043b\u044c\u043a\u043e \u043f\u0440\u0438 \u043f\u0440\u0435\u0434\u044a\u044f\u0432\u043b\u0435\u043d\u0438\u0438 \u043e\u0444\u0438\u0446\u0438\u0430\u043b\u044c\u043d\u043e\u0433\u043e \u0434\u043e\u043a\u0443\u043c\u0435\u043d\u0442\u0430, \u043f\u043e\u0434\u0442\u0432\u0435\u0440\u0436\u0434\u0430\u044e\u0449\u0435\u0433\u043e \u043f\u043e\u043a\u0443\u043f\u043a\u0443, \u0438 \u0442\u043e\u043b\u044c\u043a\u043e \u0435\u0441\u043b\u0438 \u043a\u0435\u0440\u0430\u043c\u0438\u0447\u0435\u0441\u043a\u0438\u0435 \u0434\u0435\u0442\u0430\u043b\u0438 \u043d\u0435 \u0438\u0441\u043f\u043e\u043b\u044c\u0437\u043e\u0432\u0430\u043b\u0438\u0441\u044c \u043d\u0430 \u0434\u0440\u0443\u0433\u0438\u0445 \u0432\u043e\u0437\u043c\u043e\u0436\u043d\u044b\u0445 \u0433\u0440\u0438\u043b\u044f\u0445.<br> <br>5-\u041b\u0415\u0422\u041d\u042f\u042f \u0413\u0410\u0420\u0410\u041d\u0422\u0418\u042f \u041d\u0410 \u041c\u0415\u0422\u0410\u041b\u041b\u0418\u0427\u0415\u0421\u041a\u0418\u0415 \u0414\u0415\u0422\u0410\u041b\u0418<br>5-\u043b\u0435\u0442\u043d\u044f\u044f \u0433\u0430\u0440\u0430\u043d\u0442\u0438\u044f Kamado Joe \u0440\u0430\u0441\u043f\u0440\u043e\u0441\u0442\u0440\u0430\u043d\u044f\u0435\u0442\u0441\u044f \u043d\u0430 \u0432\u0441\u0435 \u043c\u0435\u0442\u0430\u043b\u043b\u0438\u0447\u0435\u0441\u043a\u0438\u0435 \u0438 \u0447\u0443\u0433\u0443\u043d\u043d\u044b\u0435 \u0434\u0435\u0442\u0430\u043b\u0438, \u0438\u0441\u043f\u043e\u043b\u044c\u0437\u0443\u0435\u043c\u044b\u0435 \u0432 \u0433\u0440\u0438\u043b\u044f\u0445 Kamado Joe, \u043a\u043e\u0442\u043e\u0440\u044b\u0435 \u043f\u0440\u0438\u043d\u0430\u0434\u043b\u0435\u0436\u0430\u0442 \u043e\u0434\u043d\u043e\u043c\u0443 \u0438 \u0442\u043e\u043c\u0443 \u0436\u0435 \u043f\u0435\u0440\u0432\u043e\u043d\u0430\u0447\u0430\u043b\u044c\u043d\u043e\u043c\u0443 \u0432\u043b\u0430\u0434\u0435\u043b\u044c\u0446\u0443.<br> <br>\u0413\u0410\u0420\u0410\u041d\u0422\u0418\u042f 3 \u0413\u041e\u0414\u0410 \u041d\u0410 \u0422\u0415\u041f\u041b\u041e\u041e\u0422\u0420\u0410\u0416\u0410\u0422\u0415\u041b\u042c \u0418 \u041a\u0420\u0423\u0416\u0415\u0412\u041d\u0423\u042e \u041f\u041b\u0418\u0422\u041a\u0423<br>\u0422\u0440\u0435\u0445\u043b\u0435\u0442\u043d\u044f\u044f \u0433\u0430\u0440\u0430\u043d\u0442\u0438\u044f Kamado Joe \u0440\u0430\u0441\u043f\u0440\u043e\u0441\u0442\u0440\u0430\u043d\u044f\u0435\u0442\u0441\u044f \u043d\u0430 \u0442\u0435\u043f\u043b\u043e\u0432\u044b\u0435 \u0434\u0435\u0444\u043b\u0435\u043a\u0442\u043e\u0440\u044b, \u0440\u0430\u043c\u043a\u0438 \u0434\u0435\u0444\u043b\u0435\u043a\u0442\u043e\u0440\u043e\u0432 \u0438 \u043a\u0430\u043c\u043d\u0438 \u0434\u043b\u044f \u043f\u0438\u0446\u0446\u044b, \u0438\u0441\u043f\u043e\u043b\u044c\u0437\u0443\u0435\u043c\u044b\u0435 \u0432 \u0433\u0440\u0438\u043b\u044f\u0445 Kamado Joe, \u043a\u043e\u0442\u043e\u0440\u044b\u0435 \u043f\u0440\u0438\u043d\u0430\u0434\u043b\u0435\u0436\u0430\u043b\u0438 \u043e\u0434\u043d\u043e\u043c\u0443 \u0438 \u0442\u043e\u043c\u0443 \u0436\u0435 \u0432\u043b\u0430\u0434\u0435\u043b\u044c\u0446\u0443.<br> <br>\u0413\u0410\u0420\u0410\u041d\u0422\u0418\u042f 1 \u0413\u041e\u0414 \u041d\u0410 \u0422\u0415\u0420\u041c\u041e\u041c\u0415\u0422\u0420 \u0418 \u0423\u041f\u041b\u041e\u0422\u041d\u0415\u041d\u0418\u042f<br>\u0413\u0430\u0440\u0430\u043d\u0442\u0438\u044f Kamado Joe \u0441\u0440\u043e\u043a\u043e\u043c \u043d\u0430 1 \u0433\u043e\u0434 \u0440\u0430\u0441\u043f\u0440\u043e\u0441\u0442\u0440\u0430\u043d\u044f\u0435\u0442\u0441\u044f \u043d\u0430 \u0442\u0435\u0440\u043c\u043e\u043c\u0435\u0442\u0440 \u0438 \u043f\u0440\u043e\u043a\u043b\u0430\u0434\u043a\u0438 Kamado Joe, \u0443\u0441\u0442\u0430\u043d\u043e\u0432\u043b\u0435\u043d\u043d\u044b\u0435 \u043d\u0430 \u0433\u0440\u0438\u043b\u0435, \u043a\u043e\u0442\u043e\u0440\u044b\u0439 \u043f\u0440\u0438\u043d\u0430\u0434\u043b\u0435\u0436\u0430\u043b \u043e\u0434\u043d\u043e\u043c\u0443 \u0438 \u0442\u043e\u043c\u0443 \u0436\u0435 \u0432\u043b\u0430\u0434\u0435\u043b\u044c\u0446\u0443.<br> <br>\u041a\u041e\u0413\u0414\u0410 \u041d\u0410\u0427\u0418\u041d\u0410\u0415\u0422\u0421\u042f \u0414\u0415\u0419\u0421\u0422\u0412\u0418\u0415 \u0413\u0410\u0420\u0410\u041d\u0422\u0418\u0418?<br>\u0413\u0430\u0440\u0430\u043d\u0442\u0438\u044f \u0434\u0435\u0439\u0441\u0442\u0432\u0438\u0442\u0435\u043b\u044c\u043d\u0430 \u0441 \u043c\u043e\u043c\u0435\u043d\u0442\u0430 \u043f\u0440\u0438\u043e\u0431\u0440\u0435\u0442\u0435\u043d\u0438\u044f \u0438\u0437\u0434\u0435\u043b\u0438\u044f \u0438 \u0442\u043e\u043b\u044c\u043a\u043e \u0434\u043b\u044f \u043f\u0435\u0440\u0432\u043e\u0433\u043e \u043f\u043e\u043a\u0443\u043f\u0430\u0442\u0435\u043b\u044f \u0443\u0441\u0442\u0440\u043e\u0439\u0441\u0442\u0432\u0430. \u0413\u0430\u0440\u0430\u043d\u0442\u0438\u044f<br>\u0427\u0442\u043e\u0431\u044b \u0431\u0430\u0440\u0431\u0435\u043a\u044e \u0431\u044b\u043b\u043e \u0434\u0435\u0439\u0441\u0442\u0432\u0438\u0442\u0435\u043b\u044c\u043d\u044b\u043c, \u043d\u0435\u043e\u0431\u0445\u043e\u0434\u0438\u043c\u043e \u0437\u0430\u0440\u0435\u0433\u0438\u0441\u0442\u0440\u0438\u0440\u043e\u0432\u0430\u0442\u044c \u0435\u0433\u043e \u043d\u0430 \u0441\u0430\u0439\u0442\u0435 www.kamadojoe.co.uk.<br>\u0415\u0441\u043b\u0438 \u0432 \u0442\u0435\u0447\u0435\u043d\u0438\u0435 \u0441\u043e\u043e\u0442\u0432\u0435\u0442\u0441\u0442\u0432\u0443\u044e\u0449\u0435\u0433\u043e \u0433\u0430\u0440\u0430\u043d\u0442\u0438\u0439\u043d\u043e\u0433\u043e \u0441\u0440\u043e\u043a\u0430 \u0431\u0443\u0434\u0435\u0442 \u043e\u0431\u043d\u0430\u0440\u0443\u0436\u0435\u043d \u0434\u0435\u0444\u0435\u043a\u0442 \u043c\u0430\u0442\u0435\u0440\u0438\u0430\u043b\u0430 \u0438\u043b\u0438 \u0438\u0437\u0433\u043e\u0442\u043e\u0432\u043b\u0435\u043d\u0438\u044f, \u0432\u044b\u0437\u0432\u0430\u043d\u043d\u044b\u0439 \u043d\u043e\u0440\u043c\u0430\u043b\u044c\u043d\u043e\u0439 \u044d\u043a\u0441\u043f\u043b\u0443\u0430\u0442\u0430\u0446\u0438\u0435\u0439 \u043e\u0431\u043e\u0440\u0443\u0434\u043e\u0432\u0430\u043d\u0438\u044f, \u043a\u043e\u043c\u043f\u0430\u043d\u0438\u044f Kamado Joe \u043f\u043e \u0441\u0432\u043e\u0435\u043c\u0443 \u0432\u044b\u0431\u043e\u0440\u0443 \u0437\u0430\u043c\u0435\u043d\u0438\u0442 \u0438\u043b\u0438 \u043e\u0442\u0440\u0435\u043c\u043e\u043d\u0442\u0438\u0440\u0443\u0435\u0442 \u0434\u0435\u0444\u0435\u043a\u0442\u043d\u044b\u0439 \u043a\u043e\u043c\u043f\u043e\u043d\u0435\u043d\u0442 \u0437\u0430 \u0441\u0432\u043e\u0439 \u0441\u0447\u0435\u0442. \u0413\u0430\u0440\u0430\u043d\u0442\u0438\u044f \u043d\u0435 \u0440\u0430\u0441\u043f\u0440\u043e\u0441\u0442\u0440\u0430\u043d\u044f\u0435\u0442\u0441\u044f \u043d\u0430 \u0442\u0440\u0443\u0434\u043e\u0432\u044b\u0435 \u0438\u043b\u0438 \u0438\u043d\u044b\u0435 \u0437\u0430\u0442\u0440\u0430\u0442\u044b, \u0441\u0432\u044f\u0437\u0430\u043d\u043d\u044b\u0435 \u0441 \u043e\u0431\u0441\u043b\u0443\u0436\u0438\u0432\u0430\u043d\u0438\u0435\u043c, \u0440\u0435\u043c\u043e\u043d\u0442\u043e\u043c \u0438\u043b\u0438 \u0438\u0441\u043f\u043e\u043b\u044c\u0437\u043e\u0432\u0430\u043d\u0438\u0435\u043c \u0433\u0440\u0438\u043b\u044f. \u041a\u043e\u043c\u043f\u0430\u043d\u0438\u044f Kamado Joe \u043e\u043f\u043b\u0430\u0442\u0438\u0442 \u0441\u0442\u043e\u0438\u043c\u043e\u0441\u0442\u044c \u0434\u043e\u0441\u0442\u0430\u0432\u043a\u0438 \u043a\u043e\u043c\u043f\u043e\u043d\u0435\u043d\u0442\u043e\u0432, \u0437\u0430\u043c\u0435\u043d\u0435\u043d\u043d\u044b\u0445 \u043f\u043e \u0433\u0430\u0440\u0430\u043d\u0442\u0438\u0438.<br> <br>\u041d\u0410 \u0427\u0422\u041e \u041d\u0415 \u0420\u0410\u0421\u041f\u0420\u041e\u0421\u0422\u0420\u0410\u041d\u042f\u0415\u0422\u0421\u042f \u0413\u0410\u0420\u0410\u041d\u0422\u0418\u042f?<br>\u0413\u0430\u0440\u0430\u043d\u0442\u0438\u044f \u043d\u0435 \u0440\u0430\u0441\u043f\u0440\u043e\u0441\u0442\u0440\u0430\u043d\u044f\u0435\u0442\u0441\u044f \u043d\u0430 \u043f\u043e\u0432\u0440\u0435\u0436\u0434\u0435\u043d\u0438\u044f, \u0432\u044b\u0437\u0432\u0430\u043d\u043d\u044b\u0435 \u043d\u0435\u043f\u0440\u0430\u0432\u0438\u043b\u044c\u043d\u044b\u043c \u0438\u0441\u043f\u043e\u043b\u044c\u0437\u043e\u0432\u0430\u043d\u0438\u0435\u043c \u0438\u0437\u0434\u0435\u043b\u0438\u044f \u0438\u043b\u0438 \u043f\u043e\u0432\u0440\u0435\u0436\u0434\u0435\u043d\u0438\u044f, \u0432\u043e\u0437\u043d\u0438\u043a\u0448\u0438\u0435 \u0432 \u0440\u0435\u0437\u0443\u043b\u044c\u0442\u0430\u0442\u0435 \u0438\u0441\u043f\u043e\u043b\u044c\u0437\u043e\u0432\u0430\u043d\u0438\u044f \u0438\u0437\u0434\u0435\u043b\u0438\u044f \u043d\u0435 \u043f\u043e \u043d\u0430\u0437\u043d\u0430\u0447\u0435\u043d\u0438\u044e, \u043f\u043e\u0432\u0440\u0435\u0436\u0434\u0435\u043d\u0438\u044f, \u0432\u044b\u0437\u0432\u0430\u043d\u043d\u044b\u0435 \u043d\u0435\u043f\u0440\u0430\u0432\u0438\u043b\u044c\u043d\u044b\u043c \u0438\u0441\u043f\u043e\u043b\u044c\u0437\u043e\u0432\u0430\u043d\u0438\u0435\u043c, \u043e\u0431\u0441\u043b\u0443\u0436\u0438\u0432\u0430\u043d\u0438\u0435\u043c \u0438\u043b\u0438 \u0443\u0441\u0442\u0430\u043d\u043e\u0432\u043a\u043e\u0439 \u0438\u0437\u0434\u0435\u043b\u0438\u044f, \u043f\u043e\u0432\u0440\u0435\u0436\u0434\u0435\u043d\u0438\u044f, \u0432\u044b\u0437\u0432\u0430\u043d\u043d\u044b\u0435 \u0430\u0432\u0430\u0440\u0438\u044f\u043c\u0438 \u0438\u043b\u0438 \u0441\u0442\u0438\u0445\u0438\u0439\u043d\u044b\u043c\u0438 \u0431\u0435\u0434\u0441\u0442\u0432\u0438\u044f\u043c\u0438, \u043f\u043e\u0432\u0440\u0435\u0436\u0434\u0435\u043d\u0438\u044f, \u0432\u044b\u0437\u0432\u0430\u043d\u043d\u044b\u0435 \u0443\u0441\u0442\u0430\u043d\u043e\u0432\u043a\u043e\u0439 \u043d\u0435\u0440\u0430\u0437\u0440\u0435\u0448\u0435\u043d\u043d\u044b\u0445 \u0430\u043a\u0441\u0435\u0441\u0441\u0443\u0430\u0440\u043e\u0432 \u0438\u043b\u0438 \u043c\u043e\u0434\u0438\u0444\u0438\u043a\u0430\u0446\u0438\u0439 \u0431\u0430\u0440\u0431\u0435\u043a\u044e, \u0430 \u0442\u0430\u043a\u0436\u0435 \u043f\u043e\u0432\u0440\u0435\u0436\u0434\u0435\u043d\u0438\u044f, \u0432\u044b\u0437\u0432\u0430\u043d\u043d\u044b\u0435 \u0442\u0440\u0430\u043d\u0441\u043f\u043e\u0440\u0442\u0438\u0440\u043e\u0432\u043a\u043e\u0439. \u0413\u0430\u0440\u0430\u043d\u0442\u0438\u044f \u043d\u0435 \u0440\u0430\u0441\u043f\u0440\u043e\u0441\u0442\u0440\u0430\u043d\u044f\u0435\u0442\u0441\u044f \u043d\u0430 \u043f\u043e\u0432\u0440\u0435\u0436\u0434\u0435\u043d\u0438\u044f, \u0432\u044b\u0437\u0432\u0430\u043d\u043d\u044b\u0435 \u043e\u0431\u044b\u0447\u043d\u044b\u043c \u0438\u0437\u043d\u043e\u0441\u043e\u043c (\u043d\u0430\u043f\u0440\u0438\u043c\u0435\u0440, \u0446\u0430\u0440\u0430\u043f\u0438\u043d\u044b, \u043f\u044f\u0442\u043d\u0430) \u0438\u043b\u0438 \u0438\u0437\u043c\u0435\u043d\u0435\u043d\u0438\u044f\u043c\u0438 \u0432\u043e \u0432\u043d\u0435\u0448\u043d\u0435\u043c \u0432\u0438\u0434\u0435 \u0431\u0430\u0440\u0431\u0435\u043a\u044e, \u043a\u043e\u0442\u043e\u0440\u044b\u0435 \u043d\u0435 \u0432\u043b\u0438\u044f\u044e\u0442 \u043d\u0430 \u0435\u0433\u043e \u0440\u0430\u0431\u043e\u0447\u0438\u0435 \u0445\u0430\u0440\u0430\u043a\u0442\u0435\u0440\u0438\u0441\u0442\u0438\u043a\u0438.<br><br>\u0414\u0410\u041d\u041d\u0410\u042f \u0413\u0410\u0420\u0410\u041d\u0422\u0418\u042f \u042f\u0412\u041b\u042f\u0415\u0422\u0421\u042f \u0418\u0421\u041a\u041b\u042e\u0427\u0418\u0422\u0415\u041b\u042c\u041d\u041e\u0419 \u0418 \u0417\u0410\u041c\u0415\u041d\u042f\u0415\u0422 \u0412\u0421\u0415 \u0414\u0420\u0423\u0413\u0418\u0415 \u0413\u0410\u0420\u0410\u041d\u0422\u0418\u0418, \u041f\u0418\u0421\u042c\u041c\u0415\u041d\u041d\u042b\u0415 \u0418\u041b\u0418 \u0423\u0421\u0422\u041d\u042b\u0415, \u042f\u0412\u041d\u042b\u0415 \u0418\u041b\u0418 \u041f\u041e\u0414\u0420\u0410\u0417\u0423\u041c\u0415\u0412\u0410\u0415\u041c\u042b\u0415. \u041e\u041d\u0410 \u0412\u041a\u041b\u042e\u0427\u0410\u0415\u0422, \u041d\u041e \u041d\u0415 \u041e\u0413\u0420\u0410\u041d\u0418\u0427\u0418\u0412\u0410\u0415\u0422\u0421\u042f, \u041f\u041e\u0414\u0420\u0410\u0417\u0423\u041c\u0415\u0412\u0410\u0415\u041c\u042b\u041c\u0418 \u0413\u0410\u0420\u0410\u041d\u0422\u0418\u042f\u041c\u0418 \u0422\u041e\u0412\u0410\u0420\u041d\u041e\u0413\u041e \u0421\u041e\u0421\u0422\u041e\u042f\u041d\u0418\u042f \u0418 \u041f\u0420\u0418\u0413\u041e\u0414\u041d\u041e\u0421\u0422\u0418 \u0414\u041b\u042f \u041a\u041e\u041d\u041a\u0420\u0415\u0422\u041d\u041e\u0419 \u0426\u0415\u041b\u0418. \u0421\u0420\u041e\u041a \u0414\u0415\u0419\u0421\u0422\u0412\u0418\u042f \u041b\u042e\u0411\u042b\u0425 \u041f\u041e\u0414\u0420\u0410\u0417\u0423\u041c\u0415\u0412\u0410\u0415\u041c\u042b\u0425 \u0413\u0410\u0420\u0410\u041d\u0422\u0418\u0419, \u0412\u041a\u041b\u042e\u0427\u0410\u042f \u041f\u041e\u0414\u0420\u0410\u0417\u0423\u041c\u0415\u0412\u0410\u0415\u041c\u042b\u0415 \u0413\u0410\u0420\u0410\u041d\u0422\u0418\u0418 \u0422\u041e\u0412\u0410\u0420\u041d\u041e\u0413\u041e \u0421\u041e\u0421\u0422\u041e\u042f\u041d\u0418\u042f \u0418 \u041f\u0420\u0418\u0413\u041e\u0414\u041d\u041e\u0421\u0422\u0418 \u0414\u041b\u042f \u041a\u041e\u041d\u041a\u0420\u0415\u0422\u041d\u041e\u0419 \u0426\u0415\u041b\u0418, \u0427\u0415\u0422\u041a\u041e \u041e\u0413\u0420\u0410\u041d\u0418\u0427\u0415\u041d \u0421\u0420\u041e\u041a\u041e\u041c \u0414\u0415\u0419\u0421\u0422\u0412\u0418\u042f \u0421\u041e\u041e\u0422\u0412\u0415\u0422\u0421\u0422\u0412\u0423\u042e\u0429\u0415\u0413\u041e \u0413\u0410\u0420\u0410\u041d\u0422\u0418\u0419\u041d\u041e\u0413\u041e \u041f\u0415\u0420\u0418\u041e\u0414\u0410 \u041d\u0410 \u041a\u041e\u041c\u041f\u041e\u041d\u0415\u041d\u0422\u042b.<br>* \u0412 \u043d\u0435\u043a\u043e\u0442\u043e\u0440\u044b\u0445 \u0441\u0442\u0440\u0430\u043d\u0430\u0445 \u043d\u0435 \u0434\u043e\u043f\u0443\u0441\u043a\u0430\u0435\u0442\u0441\u044f \u043e\u0433\u0440\u0430\u043d\u0438\u0447\u0435\u043d\u0438\u0435 \u0441\u0440\u043e\u043a\u0430 \u0434\u0435\u0439\u0441\u0442\u0432\u0438\u044f \u043f\u043e\u0434\u0440\u0430\u0437\u0443\u043c\u0435\u0432\u0430\u0435\u043c\u043e\u0439 \u0433\u0430\u0440\u0430\u043d\u0442\u0438\u0438, \u043f\u043e\u044d\u0442\u043e\u043c\u0443 \u0443\u043a\u0430\u0437\u0430\u043d\u043d\u043e\u0435 \u0432\u044b\u0448\u0435 \u043e\u0433\u0440\u0430\u043d\u0438\u0447\u0435\u043d\u0438\u0435 \u043c\u043e\u0436\u0435\u0442 \u043d\u0435 \u0440\u0430\u0441\u043f\u0440\u043e\u0441\u0442\u0440\u0430\u043d\u044f\u0442\u044c\u0441\u044f \u043d\u0430 \u0432\u0430\u0441. <br><br>\u0412 \u0421\u041b\u0423\u0427\u0410\u0415 \u041d\u0410\u0420\u0423\u0428\u0415\u041d\u0418\u042f \u041e\u0413\u0420\u0410\u041d\u0418\u0427\u0415\u041d\u041d\u041e\u0419 \u0413\u0410\u0420\u0410\u041d\u0422\u0418\u0418 \u0418\u041b\u0418 \u041b\u042e\u0411\u041e\u0419 \u0414\u0420\u0423\u0413\u041e\u0419 \u041f\u041e\u0414\u0420\u0410\u0417\u0423\u041c\u0415\u0412\u0410\u0415\u041c\u041e\u0419 \u0413\u0410\u0420\u0410\u041d\u0422\u0418\u0418 \u041f\u041e\u041a\u0423\u041f\u0410\u0422\u0415\u041b\u042c \u0418\u041c\u0415\u0415\u0422 \u041f\u0420\u0410\u0412\u041e, \u0421 \u0423\u0427\u0415\u0422\u041e\u041c \u041e\u0413\u0420\u0410\u041d\u0418\u0427\u0415\u041d\u0418\u0419, \u0418\u0417\u041b\u041e\u0416\u0415\u041d\u041d\u042b\u0425 \u0412 \u0423\u0421\u041b\u041e\u0412\u0418\u042f\u0425 \u0413\u0410\u0420\u0410\u041d\u0422\u0418\u0418, \u0422\u041e\u041b\u042c\u041a\u041e \u041d\u0410 \u0417\u0410\u041c\u0415\u041d\u0423 \u041a\u041e\u041c\u041f\u041e\u041d\u0415\u041d\u0422\u041e\u0412. \u041d\u0418 \u041f\u0420\u0418 \u041a\u0410\u041a\u0418\u0425 \u041e\u0411\u0421\u0422\u041e\u042f\u0422\u0415\u041b\u042c\u0421\u0422\u0412\u0410\u0425 \u041a\u041e\u041c\u041f\u0410\u041d\u0418\u042f KAMADO JOE \u041d\u0415 \u041d\u0415\u0421\u0415\u0422 \u041e\u0422\u0412\u0415\u0422\u0421\u0422\u0412\u0415\u041d\u041d\u041e\u0421\u0422\u0418 \u0417\u0410 \u041a\u0410\u041a\u0418\u0415-\u041b\u0418\u0411\u041e \u0421\u041f\u0415\u0426\u0418\u0410\u041b\u042c\u041d\u042b\u0415, \u0421\u041b\u0423\u0427\u0410\u0419\u041d\u042b\u0415 \u0418\u041b\u0418 \u041a\u041e\u0421\u0412\u0415\u041d\u041d\u042b\u0415 \u0423\u0411\u042b\u0422\u041a\u0418.<br>* \u0412 \u043d\u0435\u043a\u043e\u0442\u043e\u0440\u044b\u0445 \u0441\u0442\u0440\u0430\u043d\u0430\u0445 \u043d\u0435 \u0434\u043e\u043f\u0443\u0441\u043a\u0430\u044e\u0442\u0441\u044f \u043e\u0433\u0440\u0430\u043d\u0438\u0447\u0435\u043d\u0438\u044f \u043d\u0430 \u0447\u0440\u0435\u0437\u0432\u044b\u0447\u0430\u0439\u043d\u044b\u0435, \u043a\u043e\u0441\u0432\u0435\u043d\u043d\u044b\u0435 \u0438\u043b\u0438 \u0441\u043b\u0443\u0447\u0430\u0439\u043d\u044b\u0435 \u0443\u0431\u044b\u0442\u043a\u0438, \u043f\u043e\u044d\u0442\u043e\u043c\u0443 \u0432\u044b\u0448\u0435\u0443\u043a\u0430\u0437\u0430\u043d\u043d\u043e\u0435 \u043e\u0433\u0440\u0430\u043d\u0438\u0447\u0435\u043d\u0438\u0435 \u043c\u043e\u0436\u0435\u0442 \u043a \u0432\u0430\u043c \u043d\u0435 \u043e\u0442\u043d\u043e\u0441\u0438\u0442\u044c\u0441\u044f.<br> <br>\u0427\u0422\u041e \u0414\u0415\u041b\u0410\u0415\u0422 \u0413\u0410\u0420\u0410\u041d\u0422\u0418\u042e \u041d\u0415\u0414\u0415\u0419\u0421\u0422\u0412\u0418\u0422\u0415\u041b\u042c\u041d\u041e\u0419?<br>\u0413\u0430\u0440\u0430\u043d\u0442\u0438\u044f \u043d\u0435 \u0434\u0435\u0439\u0441\u0442\u0432\u0443\u0435\u0442, \u0435\u0441\u043b\u0438 \u0432\u044b \u043f\u0440\u0438\u043e\u0431\u0440\u0435\u043b\u0438 \u043a\u0430\u043a\u043e\u0435-\u043b\u0438\u0431\u043e \u0438\u0437\u0434\u0435\u043b\u0438\u0435 Kamado Joe \u0443 \u043d\u0435\u0430\u0432\u0442\u043e\u0440\u0438\u0437\u043e\u0432\u0430\u043d\u043d\u043e\u0433\u043e \u0434\u0438\u043b\u0435\u0440\u0430. \u041a \u043d\u0435\u0430\u0432\u0442\u043e\u0440\u0438\u0437\u043e\u0432\u0430\u043d\u043d\u044b\u043c \u0434\u0438\u043b\u0435\u0440\u0430\u043c \u043e\u0442\u043d\u043e\u0441\u044f\u0442\u0441\u044f, \u0432 \u0447\u0430\u0441\u0442\u043d\u043e\u0441\u0442\u0438, \u0434\u0438\u0441\u043a\u043e\u043d\u0442\u043d\u044b\u0435 \u043a\u043b\u0443\u0431\u044b, \u0442\u043e\u0440\u0433\u043e\u0432\u044b\u0435 \u0446\u0435\u043d\u0442\u0440\u044b \u0438\u043b\u0438 \u043b\u044e\u0431\u044b\u0435 \u0434\u0440\u0443\u0433\u0438\u0435 \u0434\u0438\u043b\u0435\u0440\u044b, \u043d\u0435 \u0443\u043f\u043e\u043b\u043d\u043e\u043c\u043e\u0447\u0435\u043d\u043d\u044b\u0435 \u043a\u043e\u043c\u043f\u0430\u043d\u0438\u0435\u0439 Kamado Joe \u043d\u0430 \u043f\u0440\u043e\u0434\u0430\u0436\u0443 \u043f\u0440\u043e\u0434\u0443\u043a\u0446\u0438\u0438 Kamado Joe.<br> <br>NB! BBQ Buddy O\u00dc \u044f\u0432\u043b\u044f\u0435\u0442\u0441\u044f \u043e\u0444\u0438\u0446\u0438\u0430\u043b\u044c\u043d\u044b\u043c \u0430\u0432\u0442\u043e\u0440\u0438\u0437\u043e\u0432\u0430\u043d\u043d\u044b\u043c \u0434\u0438\u0441\u0442\u0440\u0438\u0431\u044c\u044e\u0442\u043e\u0440\u043e\u043c KAMADO JOE \u0441 2023 \u0433\u043e\u0434\u0430.<br>\n<\/div><\/div>\n<\/section>","protected":false},"excerpt":{"rendered":"<p>Kamado Joe garantii Allolev garantii kehtib Kamado Joe mudelitele: Junior Joe, Classic Joe, Classic Joe Stand Alone, Big Joe, Big Joe Stand Alone ja Pro Joe.NB! BBQ Bubby O\u00dc on ametlik KAMADO JOE VOLITATUD EDASIM\u00dc\u00dcJA alates aastast 2023. BBQ Buddy O\u00dc klientidel soovitame t\u00e4ita siinsamas olev garantiivorm ja sel juhul muretseb garantii toimivuse eest Teie [&hellip;]<\/p>\n","protected":false},"author":5,"featured_media":0,"parent":0,"menu_order":0,"comment_status":"closed","ping_status":"closed","template":"","meta":{"_uf_show_specific_survey":0,"_uf_disable_surveys":false,"_breakdance_hide_in_design_set":false,"_breakdance_tags":"","footnotes":""},"class_list":["post-525","page","type-page","status-publish","hentry"],"_links":{"self":[{"href":"https:\/\/tammetorubbq.ee\/ru\/wp-json\/wp\/v2\/pages\/525","targetHints":{"allow":["GET"]}}],"collection":[{"href":"https:\/\/tammetorubbq.ee\/ru\/wp-json\/wp\/v2\/pages"}],"about":[{"href":"https:\/\/tammetorubbq.ee\/ru\/wp-json\/wp\/v2\/types\/page"}],"author":[{"embeddable":true,"href":"https:\/\/tammetorubbq.ee\/ru\/wp-json\/wp\/v2\/users\/5"}],"replies":[{"embeddable":true,"href":"https:\/\/tammetorubbq.ee\/ru\/wp-json\/wp\/v2\/comments?post=525"}],"version-history":[{"count":5,"href":"https:\/\/tammetorubbq.ee\/ru\/wp-json\/wp\/v2\/pages\/525\/revisions"}],"predecessor-version":[{"id":955,"href":"https:\/\/tammetorubbq.ee\/ru\/wp-json\/wp\/v2\/pages\/525\/revisions\/955"}],"wp:attachment":[{"href":"https:\/\/tammetorubbq.ee\/ru\/wp-json\/wp\/v2\/media?parent=525"}],"curies":[{"name":"wp","href":"https:\/\/api.w.org\/{rel}","templated":true}]}}