{"id":699,"date":"2023-12-07T10:18:41","date_gmt":"2023-12-07T08:18:41","guid":{"rendered":"https:\/\/tammetorubbq.ee\/?page_id=699"},"modified":"2023-12-11T13:52:29","modified_gmt":"2023-12-11T11:52:29","slug":"%d1%81%d0%bf%d0%b5%d1%86%d0%b8%d0%b0%d0%bb%d1%8c%d0%bd%d1%8b%d0%b5-%d0%b7%d0%b0%d0%ba%d0%b0%d0%b7%d1%8b","status":"publish","type":"page","link":"https:\/\/tammetorubbq.ee\/ru\/eritellimused\/","title":{"rendered":"\u0421\u043f\u0435\u0446\u0438\u0430\u043b\u044c\u043d\u044b\u0435 \u0437\u0430\u043a\u0430\u0437\u044b"},"content":{"rendered":"<div class=\"bde-globalblock-699-108 bde-globalblock\"><section class=\"bde-section-375-100-375-1 bde-section bde-section-375-100\">\n              \n  \n  \n\t\n\n  <div class=\"section-background-overlay\"><\/div>\n\n\n<div class=\"section-container\"><h1 class=\"bde-heading-375-101-375-1 bde-heading bde-heading-375-101\">\n\u0421\u043f\u0435\u0446\u0438\u0430\u043b\u044c\u043d\u044b\u0435 \u0437\u0430\u043a\u0430\u0437\u044b\n<\/h1><\/div>\n<\/section><\/div><section class=\"bde-section-699-104 bde-section\">\n  \n  \n\t\n\n\n\n<div class=\"section-container\"><div class=\"bde-columns-699-105 bde-columns\"><div class=\"bde-column-699-106 bde-column\">\n  \n  \n\t\n\n\n\n<div class=\"bde-rich-text-699-103 bde-rich-text breakdance-rich-text-styles\">\n<h2>\u041a\u043e\u043f\u0442\u0438\u043b\u044c\u043d\u0438 \u0434\u043b\u044f \u0431\u0430\u0440\u0431\u0435\u043a\u044e Ironbrand \"offset\"<\/h2><p><strong>\u0413\u043e\u0442\u043e\u0432\u044b \u043b\u0438 \u0432\u044b \u0432\u043e\u043f\u043b\u043e\u0442\u0438\u0442\u044c \u0441\u0432\u043e\u0438 \u043c\u0435\u0447\u0442\u044b \u0432 \u0440\u0435\u0430\u043b\u044c\u043d\u043e\u0441\u0442\u044c?<\/strong><\/p><p>\u0412 \u043c\u0430\u0441\u0442\u0435\u0440\u0441\u043a\u043e\u0439 Ironbrand, \u0440\u0430\u0441\u043f\u043e\u043b\u043e\u0436\u0435\u043d\u043d\u043e\u0439 \u0432 \u0441\u0430\u043c\u043e\u043c \u0441\u0435\u0440\u0434\u0446\u0435 \u0436\u0438\u0432\u043e\u043f\u0438\u0441\u043d\u044b\u0445 \u0427\u0438\u043b\u0442\u0435\u0440\u043d\u0441\u043a\u0438\u0445 \u0445\u043e\u043b\u043c\u043e\u0432, \u0438\u0441\u043f\u043e\u043b\u044c\u0437\u0443\u0435\u0442\u0441\u044f \u0432\u044b\u0441\u043e\u043a\u043e\u043a\u0430\u0447\u0435\u0441\u0442\u0432\u0435\u043d\u043d\u0430\u044f \u0431\u0440\u0438\u0442\u0430\u043d\u0441\u043a\u0430\u044f \u0441\u0442\u0430\u043b\u044c \u0434\u043b\u044f \u0440\u0435\u0437\u043a\u0438, \u043f\u0440\u043e\u043a\u0430\u0442\u043a\u0438, \u0441\u0433\u0438\u0431\u0430\u043d\u0438\u044f \u0438 \u0441\u0432\u0430\u0440\u043a\u0438 \u043b\u0443\u0447\u0448\u0438\u0445 \u043a\u043e\u043f\u0442\u0438\u043b\u0435\u043d - \u0436\u0435\u043b\u0435\u0437\u043d\u043e\u0439 \u043a\u043b\u0430\u0441\u0441\u0438\u043a\u0438 \u0432 \u043c\u0438\u0440\u0435 \"\u043e\u0444\u0441\u0435\u0442\u043d\u044b\u0445\" \u043f\u0435\u0447\u0435\u0439.<\/p><p>\u041a\u0430\u0436\u0434\u043e\u0435 \u0438\u0437\u0434\u0435\u043b\u0438\u0435 Ironbrand \u0441\u043e\u0437\u0434\u0430\u0435\u0442\u0441\u044f \u0432\u0440\u0443\u0447\u043d\u0443\u044e \u043d\u0435\u0431\u043e\u043b\u044c\u0448\u043e\u0439 \u043a\u043e\u043c\u0430\u043d\u0434\u043e\u0439 \u0432\u044b\u0441\u043e\u043a\u043e\u043a\u0432\u0430\u043b\u0438\u0444\u0438\u0446\u0438\u0440\u043e\u0432\u0430\u043d\u043d\u044b\u0445 \u0441\u043f\u0435\u0446\u0438\u0430\u043b\u0438\u0441\u0442\u043e\u0432 \u0432 \u0441\u043e\u043e\u0442\u0432\u0435\u0442\u0441\u0442\u0432\u0438\u0438 \u0441 \u0432\u044b\u0441\u043e\u0447\u0430\u0439\u0448\u0438\u043c\u0438 \u0441\u0442\u0430\u043d\u0434\u0430\u0440\u0442\u0430\u043c\u0438, \u043f\u043e\u044d\u0442\u043e\u043c\u0443, \u043a\u043e\u0433\u0434\u0430 \u043e\u043d\u043e \u043f\u043e\u043a\u0438\u0434\u0430\u0435\u0442 \u043c\u0430\u0441\u0442\u0435\u0440\u0441\u043a\u0443\u044e, \u0435\u043c\u0443 \u043d\u0435\u0442 \u0440\u0430\u0432\u043d\u044b\u0445 \u043f\u043e \u043a\u0430\u0447\u0435\u0441\u0442\u0432\u0443 \u0441\u0431\u043e\u0440\u043a\u0438, \u0444\u043e\u0440\u043c\u0435 \u0438 \u0444\u0443\u043d\u043a\u0446\u0438\u043e\u043d\u0430\u043b\u044c\u043d\u043e\u0441\u0442\u0438.<\/p><p>\u041d\u0435\u0437\u0430\u0432\u0438\u0441\u0438\u043c\u043e \u043e\u0442 \u0442\u043e\u0433\u043e, \u044f\u0432\u043b\u044f\u0435\u0442\u0435\u0441\u044c \u043b\u0438 \u0432\u044b \u043f\u0440\u043e\u0444\u0435\u0441\u0441\u0438\u043e\u043d\u0430\u043b\u044c\u043d\u044b\u043c \u0448\u0435\u0444-\u043f\u043e\u0432\u0430\u0440\u043e\u043c, \u043e\u0442\u043a\u0440\u044b\u0432\u0430\u0435\u0442\u0435 \u0440\u0435\u0441\u0442\u043e\u0440\u0430\u043d, \u0432\u044b\u0441\u0442\u0443\u043f\u0430\u0435\u0442\u0435 \u043d\u0430 \u0444\u0435\u0441\u0442\u0438\u0432\u0430\u043b\u0435 \u0438\u043b\u0438, \u043a\u0430\u043a \u043c\u044b, \u043f\u0440\u043e\u0441\u0442\u043e \u043b\u044e\u0431\u0438\u0442\u0435 \u0431\u0430\u0440\u0431\u0435\u043a\u044e, \u0438\u043d\u0432\u0435\u0441\u0442\u0438\u0446\u0438\u0438 \u0432 \u043f\u0440\u043e\u0434\u0443\u043a\u0446\u0438\u044e Ironbrand - \u044d\u0442\u043e \u0432\u043b\u043e\u0436\u0435\u043d\u0438\u044f, \u043a\u043e\u0442\u043e\u0440\u044b\u0435 \u0441\u043e\u0445\u0440\u0430\u043d\u044f\u0442\u0441\u044f \u043d\u0430 \u0432\u0441\u044e \u0436\u0438\u0437\u043d\u044c.<\/p><p>\u0412\u0441\u0435 \u043f\u0435\u0447\u0438 Ironbrand \u0438\u0437\u0433\u043e\u0442\u0430\u0432\u043b\u0438\u0432\u0430\u044e\u0442\u0441\u044f \u0432\u0440\u0443\u0447\u043d\u0443\u044e \u0432 \u0441\u043e\u043e\u0442\u0432\u0435\u0442\u0441\u0442\u0432\u0438\u0438 \u0441 \u0432\u044b\u0441\u043e\u043a\u0438\u043c\u0438 \u0441\u0442\u0430\u043d\u0434\u0430\u0440\u0442\u0430\u043c\u0438.<\/p><p> <\/p>\n<\/div>\n<\/div><div class=\"bde-column-699-107 bde-column\">\n  \n  \n\t\n\n\n\n<div class=\"bde-image-699-109 bde-image\">\n<figure class=\"breakdance-image breakdance-image--823\">\n\t<div class=\"breakdance-image-container\">\n\t\t<div class=\"breakdance-image-clip\"><img loading=\"lazy\" decoding=\"async\" class=\"breakdance-image-object\" src=\"http:\/\/tammetorubbq.ee\/wp-content\/uploads\/2023\/12\/IRONBRAND-500_1.jpg\" width=\"558\" height=\"507\" srcset=\"https:\/\/tammetorubbq.ee\/wp-content\/uploads\/2023\/12\/IRONBRAND-500_1.jpg 558w, https:\/\/tammetorubbq.ee\/wp-content\/uploads\/2023\/12\/IRONBRAND-500_1-300x273.jpg 300w, https:\/\/tammetorubbq.ee\/wp-content\/uploads\/2023\/12\/IRONBRAND-500_1-64x58.jpg 64w\" sizes=\"auto, (max-width: 558px) 100vw, 558px\"><\/div>\n\t<\/div><\/figure>\n\n<\/div>\n<\/div><\/div><div class=\"bde-columns-699-110 bde-columns\"><div class=\"bde-column-699-111 bde-column\">\n  \n  \n\t\n\n\n\n<div class=\"bde-image-box-699-114 bde-image-box\">\n<div class=\"ee-imagebox-image\">\n  <img loading=\"lazy\" decoding=\"async\" class=\"breakdance-image-object\" src=\"http:\/\/tammetorubbq.ee\/wp-content\/uploads\/2023\/12\/IRONBRAND-120-1.jpg\" width=\"1000\" height=\"1000\" srcset=\"https:\/\/tammetorubbq.ee\/wp-content\/uploads\/2023\/12\/IRONBRAND-120-1.jpg 1000w, https:\/\/tammetorubbq.ee\/wp-content\/uploads\/2023\/12\/IRONBRAND-120-1-300x300.jpg 300w, https:\/\/tammetorubbq.ee\/wp-content\/uploads\/2023\/12\/IRONBRAND-120-1-150x150.jpg 150w, https:\/\/tammetorubbq.ee\/wp-content\/uploads\/2023\/12\/IRONBRAND-120-1-768x768.jpg 768w, https:\/\/tammetorubbq.ee\/wp-content\/uploads\/2023\/12\/IRONBRAND-120-1-600x600.jpg 600w, https:\/\/tammetorubbq.ee\/wp-content\/uploads\/2023\/12\/IRONBRAND-120-1-100x100.jpg 100w, https:\/\/tammetorubbq.ee\/wp-content\/uploads\/2023\/12\/IRONBRAND-120-1-64x64.jpg 64w\" sizes=\"auto, (max-width: 1000px) 100vw, 1000px\" alt=\"IRONBRAND 120\">\n<\/div>\n<div class=\"ee-imagebox-content\">\n      <p class=\"ee-imagebox-title bde-h3\" >IRONBRAND 120<\/p>\n    \n      <div class=\"ee-imagebox-text\" >Ironband 120 - \u044d\u0442\u043e \u0438\u0434\u0435\u0430\u043b\u044c\u043d\u0430\u044f \u043a\u043e\u043f\u0442\u0438\u043b\u044c\u043d\u044f \u043d\u0430 \u0437\u0430\u0434\u043d\u0435\u043c \u0434\u0432\u043e\u0440\u0435 \u0434\u043b\u044f \u043d\u0430\u0441\u0442\u043e\u044f\u0449\u0438\u0445 \u043b\u044e\u0431\u0438\u0442\u0435\u043b\u0435\u0439 \u0431\u0430\u0440\u0431\u0435\u043a\u044e, \u043a\u043e\u0442\u043e\u0440\u044b\u0435 \u0445\u043e\u0442\u044f\u0442 \u043f\u043e\u043b\u0443\u0447\u0438\u0442\u044c \u0443\u0434\u043e\u0432\u043e\u043b\u044c\u0441\u0442\u0432\u0438\u0435 \u043e\u0442 \u0442\u0435\u0445\u0430\u0441\u0441\u043a\u043e\u0433\u043e \u0441\u0442\u0438\u043b\u044f.<\/div>\n    \n              \n    \n    \n    \n    \n            \n                    \n            \n            \n\n    \n    \n    \n    \n    \n    <a class=\"breakdance-link button-atom button-atom--primary ee-imagebox-button\" href=\"https:\/\/tammetorubbq.ee\/ru\/%d1%81%d0%bf%d0%b5%d1%86%d0%b8%d0%b0%d0%bb%d1%8c%d0%bd%d1%8b%d0%b5-%d0%b7%d0%b0%d0%ba%d0%b0%d0%b7%d1%8b\/%d0%b6%d0%b5%d0%bb%d0%b5%d0%b7%d0%bd%d0%b0%d1%8f-%d0%bc%d0%b0%d1%80%d0%ba%d0%b0-120-3\/\" target=\"_self\" data-type=\"url\"  >\n\n    \n        <span class=\"button-atom__text\">\u0427\u0438\u0442\u0430\u0442\u044c \u0434\u0430\u043b\u0435\u0435<\/span>\n\n        \n        \n                <\/a>\n\n    \n\n  <\/div>\n\n<\/div>\n<\/div><div class=\"bde-column-699-112 bde-column\">\n  \n  \n\t\n\n\n\n<div class=\"bde-image-box-699-115 bde-image-box\">\n<div class=\"ee-imagebox-image\">\n  <img loading=\"lazy\" decoding=\"async\" class=\"breakdance-image-object\" src=\"http:\/\/tammetorubbq.ee\/wp-content\/uploads\/2023\/12\/IRONBRAND-250-1.jpg\" width=\"1000\" height=\"1000\" srcset=\"https:\/\/tammetorubbq.ee\/wp-content\/uploads\/2023\/12\/IRONBRAND-250-1.jpg 1000w, https:\/\/tammetorubbq.ee\/wp-content\/uploads\/2023\/12\/IRONBRAND-250-1-300x300.jpg 300w, https:\/\/tammetorubbq.ee\/wp-content\/uploads\/2023\/12\/IRONBRAND-250-1-150x150.jpg 150w, https:\/\/tammetorubbq.ee\/wp-content\/uploads\/2023\/12\/IRONBRAND-250-1-768x768.jpg 768w, https:\/\/tammetorubbq.ee\/wp-content\/uploads\/2023\/12\/IRONBRAND-250-1-600x600.jpg 600w, https:\/\/tammetorubbq.ee\/wp-content\/uploads\/2023\/12\/IRONBRAND-250-1-100x100.jpg 100w, https:\/\/tammetorubbq.ee\/wp-content\/uploads\/2023\/12\/IRONBRAND-250-1-64x64.jpg 64w\" sizes=\"auto, (max-width: 1000px) 100vw, 1000px\">\n<\/div>\n<div class=\"ee-imagebox-content\">\n      <p class=\"ee-imagebox-title bde-h3\" >IRONBRAND 250<\/p>\n    \n      <div class=\"ee-imagebox-text\" >Ironbrand 250 - \u044d\u0442\u043e \u043a\u043e\u043f\u0442\u0438\u043b\u044c\u043d\u044f, \u043f\u0440\u0435\u0434\u043d\u0430\u0437\u043d\u0430\u0447\u0435\u043d\u043d\u0430\u044f \u0434\u043b\u044f \u043f\u0440\u0435\u0434\u043f\u0440\u0438\u044f\u0442\u0438\u0439 \u043e\u0431\u0449\u0435\u0441\u0442\u0432\u0435\u043d\u043d\u043e\u0433\u043e \u043f\u0438\u0442\u0430\u043d\u0438\u044f \u0438 \u043f\u0440\u043e\u0444\u0435\u0441\u0441\u0438\u043e\u043d\u0430\u043b\u044c\u043d\u044b\u0445 \u0448\u0435\u0444-\u043f\u043e\u0432\u0430\u0440\u043e\u0432, \u043a\u043e\u0442\u043e\u0440\u044b\u0435 \u0445\u043e\u0442\u044f\u0442 \u043d\u0430 \u043f\u0440\u043e\u0444\u0435\u0441\u0441\u0438\u043e\u043d\u0430\u043b\u044c\u043d\u043e\u043c \u0443\u0440\u043e\u0432\u043d\u0435 \u043f\u0440\u0438\u0433\u043e\u0442\u043e\u0432\u0438\u0442\u044c \u043d\u0430\u0441\u0442\u043e\u044f\u0449\u0435\u0435 \u043a\u043e\u043f\u0447\u0435\u043d\u043e\u0435 \u0431\u0430\u0440\u0431\u0435\u043a\u044e \u0432 \u0442\u0435\u0445\u0430\u0441\u0441\u043a\u043e\u043c \u0441\u0442\u0438\u043b\u0435.<\/div>\n    \n              \n    \n    \n    \n    \n            \n                    \n            \n            \n\n    \n    \n    \n    \n    \n    <a class=\"breakdance-link button-atom button-atom--primary ee-imagebox-button\" href=\"https:\/\/tammetorubbq.ee\/ru\/%d1%81%d0%bf%d0%b5%d1%86%d0%b8%d0%b0%d0%bb%d1%8c%d0%bd%d1%8b%d0%b5-%d0%b7%d0%b0%d0%ba%d0%b0%d0%b7%d1%8b\/%d0%b6%d0%b5%d0%bb%d0%b5%d0%b7%d0%bd%d0%b0%d1%8f-%d0%bc%d0%b0%d1%80%d0%ba%d0%b0-250-3\/\" target=\"_self\" data-type=\"url\"  >\n\n    \n        <span class=\"button-atom__text\">\u0427\u0438\u0442\u0430\u0442\u044c \u0434\u0430\u043b\u0435\u0435<\/span>\n\n        \n        \n                <\/a>\n\n    \n\n  <\/div>\n\n<\/div>\n<\/div><div class=\"bde-column-699-113 bde-column\">\n  \n  \n\t\n\n\n\n<div class=\"bde-image-box-699-116 bde-image-box\">\n<div class=\"ee-imagebox-image\">\n  <img loading=\"lazy\" decoding=\"async\" class=\"breakdance-image-object\" src=\"http:\/\/tammetorubbq.ee\/wp-content\/uploads\/2023\/12\/IRONBRAND-500.jpg\" width=\"1000\" height=\"1000\" srcset=\"https:\/\/tammetorubbq.ee\/wp-content\/uploads\/2023\/12\/IRONBRAND-500.jpg 1000w, https:\/\/tammetorubbq.ee\/wp-content\/uploads\/2023\/12\/IRONBRAND-500-300x300.jpg 300w, https:\/\/tammetorubbq.ee\/wp-content\/uploads\/2023\/12\/IRONBRAND-500-150x150.jpg 150w, https:\/\/tammetorubbq.ee\/wp-content\/uploads\/2023\/12\/IRONBRAND-500-768x768.jpg 768w, https:\/\/tammetorubbq.ee\/wp-content\/uploads\/2023\/12\/IRONBRAND-500-600x600.jpg 600w, https:\/\/tammetorubbq.ee\/wp-content\/uploads\/2023\/12\/IRONBRAND-500-100x100.jpg 100w, https:\/\/tammetorubbq.ee\/wp-content\/uploads\/2023\/12\/IRONBRAND-500-64x64.jpg 64w\" sizes=\"auto, (max-width: 1000px) 100vw, 1000px\">\n<\/div>\n<div class=\"ee-imagebox-content\">\n      <p class=\"ee-imagebox-title bde-h3\" >IRONBRAND 500<\/p>\n    \n      <div class=\"ee-imagebox-text\" >Ironbrand 500 - \u044d\u0442\u043e \u0432\u044b\u0441\u043e\u043a\u043e\u043a\u0430\u0447\u0435\u0441\u0442\u0432\u0435\u043d\u043d\u0430\u044f \u043e\u0444\u0441\u0435\u0442\u043d\u0430\u044f \u043a\u043e\u043f\u0442\u0438\u043b\u044c\u043d\u044f \u0434\u043b\u044f \u0431\u0430\u0440\u0431\u0435\u043a\u044e, \u043f\u0440\u0435\u0434\u043d\u0430\u0437\u043d\u0430\u0447\u0435\u043d\u043d\u0430\u044f \u0434\u043b\u044f \u043f\u0440\u043e\u0444\u0435\u0441\u0441\u0438\u043e\u043d\u0430\u043b\u044c\u043d\u043e\u0433\u043e \u043a\u0435\u0439\u0442\u0435\u0440\u0438\u043d\u0433\u0430 \u0438\u043b\u0438 \u0440\u0435\u0441\u0442\u043e\u0440\u0430\u043d\u043e\u0432, \u0433\u0434\u0435 \u0442\u0440\u0435\u0431\u0443\u0435\u0442\u0441\u044f \u0434\u043e\u043f\u043e\u043b\u043d\u0438\u0442\u0435\u043b\u044c\u043d\u0430\u044f \u0435\u043c\u043a\u043e\u0441\u0442\u044c, \u043a\u043e\u0442\u043e\u0440\u0443\u044e \u043c\u043e\u0436\u0435\u0442 \u043e\u0431\u0435\u0441\u043f\u0435\u0447\u0438\u0442\u044c \u043a\u0430\u043c\u0435\u0440\u0430 Ironbrand \u043e\u0431\u044a\u0435\u043c\u043e\u043c ~1900 \u043b\u0438\u0442\u0440\u043e\u0432.<\/div>\n    \n              \n    \n    \n    \n    \n            \n                    \n            \n            \n\n    \n    \n    \n    \n    \n    <a class=\"breakdance-link button-atom button-atom--primary ee-imagebox-button\" href=\"https:\/\/tammetorubbq.ee\/ru\/%d1%81%d0%bf%d0%b5%d1%86%d0%b8%d0%b0%d0%bb%d1%8c%d0%bd%d1%8b%d0%b5-%d0%b7%d0%b0%d0%ba%d0%b0%d0%b7%d1%8b\/%d0%b6%d0%b5%d0%bb%d0%b5%d0%b7%d0%bd%d0%b0%d1%8f-%d0%bc%d0%b0%d1%80%d0%ba%d0%b0-500-2\/\" target=\"_self\" data-type=\"url\"  >\n\n    \n        <span class=\"button-atom__text\">\u0427\u0438\u0442\u0430\u0442\u044c \u0434\u0430\u043b\u0435\u0435<\/span>\n\n        \n        \n                <\/a>\n\n    \n\n  <\/div>\n\n<\/div>\n<\/div><\/div><\/div>\n<\/section>","protected":false},"excerpt":{"rendered":"<p>Eritellimused Ironbrand \u201eoffset\u201c BBQ suitsutusahjudOled valmis oma unistused tegelikkuseks muutma?Ironbrandi t\u00f6\u00f6kojas, mis asub s\u00fcgaval kaunite Chilterni m\u00e4gede s\u00fcdames, kasutatakse kvaliteetset Briti terast millest l\u00f5igatakse, rullitakse, volditakse, painutatakse ja keevitatakse parimad suitsutusahjud mis on \u201eoffset\u201c ahjude maailmas raudne klassika.Iga Ironbrandi toode on nende v\u00e4ikese k\u00f5rgelt kvalifitseeritud meeskonna poolt k\u00e4sitsi valmistatud k\u00f5rgeimate standardite j\u00e4rgi, et toote t\u00f6\u00f6kojast [&hellip;]<\/p>\n","protected":false},"author":3,"featured_media":0,"parent":0,"menu_order":0,"comment_status":"closed","ping_status":"closed","template":"","meta":{"_uf_show_specific_survey":0,"_uf_disable_surveys":false,"_breakdance_hide_in_design_set":false,"_breakdance_tags":"","footnotes":""},"class_list":["post-699","page","type-page","status-publish","hentry"],"_links":{"self":[{"href":"https:\/\/tammetorubbq.ee\/ru\/wp-json\/wp\/v2\/pages\/699","targetHints":{"allow":["GET"]}}],"collection":[{"href":"https:\/\/tammetorubbq.ee\/ru\/wp-json\/wp\/v2\/pages"}],"about":[{"href":"https:\/\/tammetorubbq.ee\/ru\/wp-json\/wp\/v2\/types\/page"}],"author":[{"embeddable":true,"href":"https:\/\/tammetorubbq.ee\/ru\/wp-json\/wp\/v2\/users\/3"}],"replies":[{"embeddable":true,"href":"https:\/\/tammetorubbq.ee\/ru\/wp-json\/wp\/v2\/comments?post=699"}],"version-history":[{"count":5,"href":"https:\/\/tammetorubbq.ee\/ru\/wp-json\/wp\/v2\/pages\/699\/revisions"}],"predecessor-version":[{"id":862,"href":"https:\/\/tammetorubbq.ee\/ru\/wp-json\/wp\/v2\/pages\/699\/revisions\/862"}],"wp:attachment":[{"href":"https:\/\/tammetorubbq.ee\/ru\/wp-json\/wp\/v2\/media?parent=699"}],"curies":[{"name":"wp","href":"https:\/\/api.w.org\/{rel}","templated":true}]}}