{"id":850,"date":"2023-12-11T13:46:00","date_gmt":"2023-12-11T11:46:00","guid":{"rendered":"https:\/\/tammetorubbq.ee\/?page_id=850"},"modified":"2023-12-11T13:49:29","modified_gmt":"2023-12-11T11:49:29","slug":"%d0%b6%d0%b5%d0%bb%d0%b5%d0%b7%d0%bd%d0%b0%d1%8f-%d0%bc%d0%b0%d1%80%d0%ba%d0%b0-250-3","status":"publish","type":"page","link":"https:\/\/tammetorubbq.ee\/ru\/%d1%81%d0%bf%d0%b5%d1%86%d0%b8%d0%b0%d0%bb%d1%8c%d0%bd%d1%8b%d0%b5-%d0%b7%d0%b0%d0%ba%d0%b0%d0%b7%d1%8b\/%d0%b6%d0%b5%d0%bb%d0%b5%d0%b7%d0%bd%d0%b0%d1%8f-%d0%bc%d0%b0%d1%80%d0%ba%d0%b0-250-3\/","title":{"rendered":"\u0410\u0439\u0440\u043e\u043d\u0431\u0440\u0430\u043d\u0434 250"},"content":{"rendered":"<section class=\"bde-section-850-100 bde-section\">\n  \n  \n\t\n\n\n\n<div class=\"section-container\"><div class=\"bde-columns-850-101 bde-columns\"><div class=\"bde-column-850-102 bde-column\">\n  \n  \n\t\n\n\n\n<div class=\"bde-image-850-103 bde-image\">\n<figure class=\"breakdance-image breakdance-image--830\">\n\t<div class=\"breakdance-image-container\">\n\t\t<div class=\"breakdance-image-clip\"><img loading=\"lazy\" decoding=\"async\" class=\"breakdance-image-object\" src=\"http:\/\/tammetorubbq.ee\/wp-content\/uploads\/2023\/12\/IRONBRAND-250-1.jpg\" width=\"1000\" height=\"1000\" srcset=\"https:\/\/tammetorubbq.ee\/wp-content\/uploads\/2023\/12\/IRONBRAND-250-1.jpg 1000w, https:\/\/tammetorubbq.ee\/wp-content\/uploads\/2023\/12\/IRONBRAND-250-1-300x300.jpg 300w, https:\/\/tammetorubbq.ee\/wp-content\/uploads\/2023\/12\/IRONBRAND-250-1-150x150.jpg 150w, https:\/\/tammetorubbq.ee\/wp-content\/uploads\/2023\/12\/IRONBRAND-250-1-768x768.jpg 768w, https:\/\/tammetorubbq.ee\/wp-content\/uploads\/2023\/12\/IRONBRAND-250-1-600x600.jpg 600w, https:\/\/tammetorubbq.ee\/wp-content\/uploads\/2023\/12\/IRONBRAND-250-1-100x100.jpg 100w, https:\/\/tammetorubbq.ee\/wp-content\/uploads\/2023\/12\/IRONBRAND-250-1-64x64.jpg 64w\" sizes=\"auto, (max-width: 1000px) 100vw, 1000px\"><\/div>\n\t<\/div><\/figure>\n\n<\/div>\n<\/div><div class=\"bde-column-850-104 bde-column\">\n  \n  \n\t\n\n\n\n<h1 class=\"bde-heading-850-105 bde-heading\">Ironbrand 250<\/h1><div class=\"bde-text-850-106 bde-text\">\nIronbrand 250 on suitsutusahi, mis on m\u00f5eldud toitlustusettev\u00f5tetele ja professionaalsetele kokkadele, kes soovivad pakkuda professionaalsel tasemel autentset Texas stiilis suitsutatud grilli.\n<\/div><div class=\"bde-form-builder-850-107 bde-form-builder\">\n\n<form id=\"eritellimuse-vorm107\" class=\"breakdance-form breakdance-form--vertical\" data-options=\"{&quot;slug&quot;:&quot;custom&quot;,&quot;name&quot;:&quot;Eritellimuse vorm&quot;,&quot;ajaxUrl&quot;:&quot;https:\\\/\\\/tammetorubbq.ee\\\/wp-admin\\\/admin-ajax.php&quot;,&quot;clearOnSuccess&quot;:true,&quot;hideOnSuccess&quot;:false,&quot;successMessage&quot;:&quot;S\\u00f5numi saatmine edukas!&quot;,&quot;errorMessage&quot;:&quot;Miskit l\\u00e4ks valesti!&quot;,&quot;redirect&quot;:false,&quot;redirectUrl&quot;:&quot;&quot;,&quot;customJavaScript&quot;:&quot;&quot;,&quot;recaptcha&quot;:{&quot;key&quot;:&quot;&quot;,&quot;enabled&quot;:false},&quot;honeypot_enabled&quot;:false,&quot;popupsOnSuccess&quot;:[],&quot;popupsOnError&quot;:[]}\" data-steps=\"0\" >\n  \n  \n  \n<div class=\"breakdance-form-field breakdance-form-field--text\" >\n    \n    \n            <label class=\"breakdance-form-field__label\" for=\"name\">\n            Nimi<span class=\"breakdance-form-field__required\">*<\/span>\n        <\/label>\n    \n    <input\n    class=\"breakdance-form-field__input\"\n    id=\"name\"\n    aria-describedby=\"name\"\n    type=\"text\"\n    name=\"fields[name]\"\n    placeholder=\"\"\n    value=\"\"\n                \n        \n        \n    required\n    \n    \n    \n    \n    \n>\n\n\n    \n    \n<\/div>\n\n\n<div class=\"breakdance-form-field breakdance-form-field--tel\" >\n    \n    \n            <label class=\"breakdance-form-field__label\" for=\"uzbsgd\">\n            Telefoni number<span class=\"breakdance-form-field__required\">*<\/span>\n        <\/label>\n    \n    <input\n    class=\"breakdance-form-field__input\"\n    id=\"uzbsgd\"\n    aria-describedby=\"uzbsgd\"\n    type=\"tel\"\n    name=\"fields[uzbsgd]\"\n    placeholder=\"\"\n    value=\"\"\n                \n        \n        \n    required\n    \n    \n    \n    \n    \n>\n\n\n    \n    \n<\/div>\n\n\n<div class=\"breakdance-form-field breakdance-form-field--email\" >\n    \n    \n            <label class=\"breakdance-form-field__label\" for=\"email\">\n            E-posti aadress<span class=\"breakdance-form-field__required\">*<\/span>\n        <\/label>\n    \n    <input\n    class=\"breakdance-form-field__input\"\n    id=\"email\"\n    aria-describedby=\"email\"\n    type=\"email\"\n    name=\"fields[email]\"\n    placeholder=\"\"\n    value=\"\"\n                \n        \n        \n    required\n    \n    \n    \n    \n    \n>\n\n\n    \n    \n<\/div>\n\n\n<div class=\"breakdance-form-field breakdance-form-field--select\" >\n    \n    \n            <label class=\"breakdance-form-field__label\" for=\"albdmd\">\n            Grill<span class=\"breakdance-form-field__required\">*<\/span>\n        <\/label>\n    \n    <select\n    class=\"breakdance-form-field__input\"\n    id=\"albdmd\"\n    name=\"fields[albdmd]\"\n    required\n    \n        \n    \n    >\n      <option value=\"\">Vali<\/option>\n          <option value=\"120\" >Ironbrand 120<\/option>\n        <option value=\"250\" >Ironbrand 250<\/option>\n        <option value=\"500\" >Ironbrand 500<\/option>\n  <\/select>\n\n\n    \n    \n<\/div>\n\n\n<div class=\"breakdance-form-field breakdance-form-field--textarea\" >\n    \n    \n            <label class=\"breakdance-form-field__label\" for=\"message\">\n            S\u00f5num\n        <\/label>\n    \n    <textarea\n    class=\"breakdance-form-field__input\"\n    id=\"message\"\n    aria-describedby=\"message\"\n    type=\"textarea\"\n    name=\"fields[message]\"\n        placeholder=\"\"\n    \n    \n    \n    >\n<\/textarea>\n\n\n    \n    \n<\/div><div class=\"breakdance-form-field breakdance-form-footer\">    \n    \n    \n    \n    \n            \n            <button type=\"submit\" class=\"button-atom button-atom--primary breakdance-form-button breakdance-form-button__submit\"  >\n    \n        <span class=\"button-atom__text\">Saada<\/span>\n\n        \n        \n            <\/button>\n    \n    <input type=\"hidden\" name=\"form_id\" value=\"107\">\n    <input type=\"hidden\" name=\"post_id\" value=\"850\">\n<\/div>\n\n  \n<\/form>\n\n\n<\/div>\n<\/div><\/div><\/div>\n<\/section><section class=\"bde-section-850-108 bde-section\">\n  \n  \n\t\n\n\n\n<div class=\"section-container\"><div class=\"bde-tabs-850-109 bde-tabs\">\n\n  \n        \n  \n  \n  <div class=\"bde-tabs__tabslist-container bde-tabs__tabslist-container--scrollable is-horizontal js-tabs-container\">\n    <div class=\"bde-tabs__tabslist bde-tabs__tabslist--tabs js-tablist\" role=\"tablist\" aria-label=\"Content tabs\" aria-orientation=\"horizontal\" data-tabs-id=\"bde-tabs-850-109\">\n      \n              <button role=\"tab\" aria-selected=\"false\" class=\"bde-tabs__tab js-tab\" aria-controls=\"tab-panel-bde-tabs-850-109-1\" id=\"tab-bde-tabs-850-109-1\" data-value=\"1\">\n                    <span class=\"bde-tabs__tab-title\">Kirjeldus<\/span>\n        <\/button>\n              <button role=\"tab\" aria-selected=\"false\" class=\"bde-tabs__tab js-tab\" aria-controls=\"tab-panel-bde-tabs-850-109-2\" id=\"tab-bde-tabs-850-109-2\" data-value=\"2\">\n                    <span class=\"bde-tabs__tab-title\">Spetsifikatsioonid<\/span>\n        <\/button>\n          <\/div>\n  <\/div>\n\n  <div class=\"bde-tabs-content-container\">\n        <div tabindex=\"0\" role=\"tabpanel\" class=\"bde-tabs__panel js-panel\" id=\"tab-panel-bde-tabs-850-109-1\" aria-labelledby=\"tab-bde-tabs-850-109-1\">\n      <div class=\"bde-tabs__panel-content breakdance-rich-text-styles\"><p>Ironbrand 250 on suitsutusahi, mis on m\u00f5eldud toitlustusettev\u00f5tetele ja professionaalsetele kokkadele, kes soovivad pakkuda professionaalsel tasemel autentset Texas stiilis suitsutatud grilli.<\/p><p>K\u00e4sit\u00f6\u00f6na valmistatud vastavalt k\u00f5ikidele Ironbrandi toodete k\u00f5rgete standardite j\u00e4rgi.<\/p><p>Ironbrand 250-l on ~2m\u00b2 k\u00fcpsetuspinda, mis muudab selle piisavalt suureks enamiku \u00fcrituste toitlustustegevuste jaoks.<\/p><p>Valikuv\u00f5imalusena on saadaval statsionaarne lahendus ehk \u201esuuskadel\u201c, nn. maastikupakett (suured rattad) ja klassikaline ratastel v\u00f5i t\u00e4ielikult kohandatud pukseeritava haagise jaoks mobiilse toitlustuse jaoks - haagised on custom made ja omavad EU sertifikaati registreemiseks.<\/p><p>8mm paksune k\u00fcpsetuskamber tagab uskumatu soojapidavuse ja on \u00fcks paksemaid selles valdkonnas ning kahekihiline, soojusisolatsiooniga k\u00fcttekolle tagab p\u00fcsiva ja \u00f6konoomse p\u00f5lemise olenemata ilmast.<\/p><p>Reguleeritavad siibrid korstnas ja \u00f5hutusavad tulekolde ukses v\u00f5imaldavad teil peakambris k\u00fcpsetustemperatuure l\u00f5putult reguleerida, tagades nii teile kui ka teie klientidele iga kord \u00fchtlase maitsva tulemuse.<\/p><p>Ironbrand 250, mida on usaldanud ja kiitnud selle valdkonna tunnustatumad Briti BBQ-kokad, on ideaalne investeering igale toitlustusettev\u00f5ttele, kes soovib lisada oma tegevusele t\u00f5elise wow-faktori!<\/p><\/div>\n    <\/div>\n        <div tabindex=\"0\" role=\"tabpanel\" class=\"bde-tabs__panel js-panel\" id=\"tab-panel-bde-tabs-850-109-2\" aria-labelledby=\"tab-bde-tabs-850-109-2\">\n      <div class=\"bde-tabs__panel-content breakdance-rich-text-styles\"><p>\u2022 950 liitrine k\u00fcpsetuskamber<\/p><p>\u2022 2m\u00b2 k\u00fcpsetuspind<\/p><p>\u2022 Kahetasandiline, kergesti liigutatavad, t\u00e4ielikult eemaldatavad grillrestid<\/p><p>\u2022 2 veepanni niiskuse tekitamiseks<\/p><p>\u2022 T\u00fchjendusventiil<\/p><p>\u2022 Soojusisolatsiooniga kahe kordse seinaga k\u00fcttekolle<\/p><p>\u2022 Temperatuuri reguleerimiseks ventilatsiooniavad k\u00fcttekolde uksel<\/p><p>\u2022 6\u201d l\u00e4bim\u00f5\u00f5duga kokkuklapitav korsten siibriga<\/p><p>\u2022 Twin Prosmoke termomeetrid<\/p><p>\u2022 Mittekuumenevad k\u00e4epidemed<\/p><p>\u2022 Valikus ilma ratasteta ja ratastega v\u00f5i eritellimusel valmistatud haagisele<\/p><p>\u2022 Kogupikkus: &nbsp;&nbsp;&nbsp;&nbsp;&nbsp; 3 meetrit<\/p><p>\u2022 \u00dcldlaius:&nbsp;&nbsp;&nbsp;&nbsp;&nbsp;&nbsp;&nbsp;&nbsp;&nbsp;&nbsp;&nbsp;&nbsp; 1,4 meetrit<\/p><p>\u2022 \u00dcldk\u00f5rgus:&nbsp;&nbsp;&nbsp;&nbsp;&nbsp;&nbsp;&nbsp;&nbsp; 2,3 meetrit<\/p><p>\u2022 Kaal:&nbsp;&nbsp;&nbsp;&nbsp;&nbsp;&nbsp;&nbsp;&nbsp;&nbsp;&nbsp;&nbsp;&nbsp;&nbsp;&nbsp;&nbsp;&nbsp;&nbsp;&nbsp;&nbsp; 650 kg<\/p><\/div>\n    <\/div>\n      <\/div>\n\n<\/div><\/div>\n<\/section>","protected":false},"excerpt":{"rendered":"<p>Ironbrand 250 Ironbrand 250 on suitsutusahi, mis on m\u00f5eldud toitlustusettev\u00f5tetele ja professionaalsetele kokkadele, kes soovivad pakkuda professionaalsel tasemel autentset Texas stiilis suitsutatud grilli. Nimi* Telefoni number* E-posti aadress* Grill* Vali Ironbrand 120 Ironbrand 250 Ironbrand 500 S\u00f5num Saada Kirjeldus Spetsifikatsioonid Ironbrand 250 on suitsutusahi, mis on m\u00f5eldud toitlustusettev\u00f5tetele ja professionaalsetele kokkadele, kes soovivad pakkuda professionaalsel [&hellip;]<\/p>\n","protected":false},"author":5,"featured_media":0,"parent":699,"menu_order":0,"comment_status":"closed","ping_status":"closed","template":"","meta":{"_uf_show_specific_survey":0,"_uf_disable_surveys":false,"_breakdance_hide_in_design_set":false,"_breakdance_tags":"","footnotes":""},"class_list":["post-850","page","type-page","status-publish","hentry"],"_links":{"self":[{"href":"https:\/\/tammetorubbq.ee\/ru\/wp-json\/wp\/v2\/pages\/850","targetHints":{"allow":["GET"]}}],"collection":[{"href":"https:\/\/tammetorubbq.ee\/ru\/wp-json\/wp\/v2\/pages"}],"about":[{"href":"https:\/\/tammetorubbq.ee\/ru\/wp-json\/wp\/v2\/types\/page"}],"author":[{"embeddable":true,"href":"https:\/\/tammetorubbq.ee\/ru\/wp-json\/wp\/v2\/users\/5"}],"replies":[{"embeddable":true,"href":"https:\/\/tammetorubbq.ee\/ru\/wp-json\/wp\/v2\/comments?post=850"}],"version-history":[{"count":4,"href":"https:\/\/tammetorubbq.ee\/ru\/wp-json\/wp\/v2\/pages\/850\/revisions"}],"predecessor-version":[{"id":856,"href":"https:\/\/tammetorubbq.ee\/ru\/wp-json\/wp\/v2\/pages\/850\/revisions\/856"}],"up":[{"embeddable":true,"href":"https:\/\/tammetorubbq.ee\/ru\/wp-json\/wp\/v2\/pages\/699"}],"wp:attachment":[{"href":"https:\/\/tammetorubbq.ee\/ru\/wp-json\/wp\/v2\/media?parent=850"}],"curies":[{"name":"wp","href":"https:\/\/api.w.org\/{rel}","templated":true}]}}