{"id":1030,"date":"2024-01-07T20:05:56","date_gmt":"2024-01-07T18:05:56","guid":{"rendered":"https:\/\/tammetorubbq.ee\/?post_type=product&#038;p=1030"},"modified":"2026-05-02T13:00:17","modified_gmt":"2026-05-02T10:00:17","slug":"aurelia-bold-%d0%b4%d0%b2%d0%be%d0%b9%d0%bd%d1%8b%d0%b5-%d0%bd%d0%b8%d1%82%d1%80%d0%b8%d0%bb%d0%be%d0%b2%d1%8b%d0%b5-%d0%bf%d0%b5%d1%80%d1%87%d0%b0%d1%82%d0%ba%d0%b8-%d1%87%d0%b5%d1%80%d0%bd%d1%8b","status":"publish","type":"product","link":"https:\/\/tammetorubbq.ee\/ru\/toode\/aurelia-bold-uhekordsed-nitriilkindad-must-100tk\/","title":{"rendered":"\u041f\u0435\u0440\u0447\u0430\u0442\u043a\u0438 \u043d\u0438\u0442\u0440\u0438\u043b\u043e\u0432\u044b\u0435 (\u0447\u0435\u0440\u043d\u044b\u0435) 100\u0448\u0442"},"content":{"rendered":"<p><strong>\u0422\u0435\u0445\u043d\u0438\u0447\u0435\u0441\u043a\u0430\u044f \u0438\u043d\u0444\u043e\u0440\u043c\u0430\u0446\u0438\u044f<\/strong><\/p>\n<p>\u0426\u0412\u0415\u0422 \u0447\u0435\u0440\u043d\u044b\u0439<\/p>\n<p>\u041a\u043e\u043b\u0438\u0447\u0435\u0441\u0442\u0432\u043e 100 \u0448\u0442. \u0432 \u0443\u043f\u0430\u043a\u043e\u0432\u043a\u0435<\/p>\n<p>\u041c\u0410\u0422\u0415\u0420\u0418\u0410\u041b \u043d\u0438\u0442\u0440\u0438\u043b<\/p>","protected":false},"excerpt":{"rendered":"<p>Meie valikus pakutavad \u00fchekordne nitriils\u00f5rmkinnas on k\u00f5rgekvaliteediline puudrivaba musta v\u00e4rvi \u00a0s\u00f5rmkinnas.<\/p>\n<p>Nagu nimigi \u00fctleb on tegemist Aurelia kinnaste nimistus k\u00f5ige kaalukama ja paksema kindaga.<\/p>\n<p>Kinda s\u00f5rmeotsa paksus on 0,13mm. Bold s\u00f5rmkinnas omab suurep\u00e4rast t\u00f5mbetugevust ja suuremat kaitset k\u00e4tele v\u00f5rreldes lateksi v\u00f5i vin\u00fc\u00fclkindaga. Bold pakub kandjale extra mugavust ja venivust.<\/p>\n<p>\u042d\u0442\u0430 \u043d\u0438\u0442\u0440\u0438\u043b\u043e\u0432\u0430\u044f \u043f\u0435\u0440\u0447\u0430\u0442\u043a\u0430 \u043c\u0435\u0434\u0438\u0446\u0438\u043d\u0441\u043a\u043e\u0433\u043e \u043a\u043b\u0430\u0441\u0441\u0430, \u043f\u0440\u0438\u0433\u043e\u0434\u043d\u0430\u044f \u0434\u043b\u044f \u0438\u0441\u043f\u043e\u043b\u044c\u0437\u043e\u0432\u0430\u043d\u0438\u044f \u0432 \u043f\u0438\u0449\u0435\u0432\u043e\u0439 \u043f\u0440\u043e\u043c\u044b\u0448\u043b\u0435\u043d\u043d\u043e\u0441\u0442\u0438, \u043d\u0435 \u0441\u043e\u0434\u0435\u0440\u0436\u0438\u0442 \u043b\u0430\u0442\u0435\u043a\u0441\u0430.<\/p>\n<p>\u0414\u043e\u0441\u0442\u0443\u043f\u043d\u044b\u0435 \u0440\u0430\u0437\u043c\u0435\u0440\u044b <strong>L<\/strong> \u0438 <strong>XL<\/strong> - \u041f\u0440\u0438 \u043e\u0444\u043e\u0440\u043c\u043b\u0435\u043d\u0438\u0438 \u0437\u0430\u043a\u0430\u0437\u0430, \u043f\u043e\u0436\u0430\u043b\u0443\u0439\u0441\u0442\u0430, \u0443\u043a\u0430\u0436\u0438\u0442\u0435 \u043d\u0443\u0436\u043d\u044b\u0439 \u0432\u0430\u043c \u0440\u0430\u0437\u043c\u0435\u0440 \u0432 \u043f\u043e\u043b\u0435 \"\u041f\u0440\u0438\u043c\u0435\u0447\u0430\u043d\u0438\u044f \u043a \u0437\u0430\u043a\u0430\u0437\u0443\".<\/p>","protected":false},"featured_media":1032,"comment_status":"open","ping_status":"closed","template":"","meta":{"_uf_show_specific_survey":0,"_uf_disable_surveys":false},"pwb-brand":[],"product_brand":[],"product_cat":[30],"product_tag":[134,330],"class_list":{"0":"post-1030","1":"product","2":"type-product","3":"status-publish","4":"has-post-thumbnail","6":"product_cat-grillimise-tarvikud","7":"product_tag-grillimise-tarvikud","8":"product_tag-nitriilkindad","10":"first","11":"instock","12":"taxable","13":"shipping-taxable","14":"purchasable","15":"product-type-simple"},"brands":[],"_links":{"self":[{"href":"https:\/\/tammetorubbq.ee\/ru\/wp-json\/wp\/v2\/product\/1030","targetHints":{"allow":["GET"]}}],"collection":[{"href":"https:\/\/tammetorubbq.ee\/ru\/wp-json\/wp\/v2\/product"}],"about":[{"href":"https:\/\/tammetorubbq.ee\/ru\/wp-json\/wp\/v2\/types\/product"}],"replies":[{"embeddable":true,"href":"https:\/\/tammetorubbq.ee\/ru\/wp-json\/wp\/v2\/comments?post=1030"}],"wp:featuredmedia":[{"embeddable":true,"href":"https:\/\/tammetorubbq.ee\/ru\/wp-json\/wp\/v2\/media\/1032"}],"wp:attachment":[{"href":"https:\/\/tammetorubbq.ee\/ru\/wp-json\/wp\/v2\/media?parent=1030"}],"wp:term":[{"taxonomy":"pwb-brand","embeddable":true,"href":"https:\/\/tammetorubbq.ee\/ru\/wp-json\/wp\/v2\/pwb-brand?post=1030"},{"taxonomy":"product_brand","embeddable":true,"href":"https:\/\/tammetorubbq.ee\/ru\/wp-json\/wp\/v2\/product_brand?post=1030"},{"taxonomy":"product_cat","embeddable":true,"href":"https:\/\/tammetorubbq.ee\/ru\/wp-json\/wp\/v2\/product_cat?post=1030"},{"taxonomy":"product_tag","embeddable":true,"href":"https:\/\/tammetorubbq.ee\/ru\/wp-json\/wp\/v2\/product_tag?post=1030"}],"curies":[{"name":"wp","href":"https:\/\/api.w.org\/{rel}","templated":true}]}}