{"id":1342,"date":"2024-02-21T21:17:00","date_gmt":"2024-02-21T19:17:00","guid":{"rendered":"https:\/\/tammetorubbq.ee\/?post_type=product&#038;p=1342"},"modified":"2026-04-26T15:00:06","modified_gmt":"2026-04-26T12:00:06","slug":"%d0%bc%d1%8f%d1%81%d0%bd%d0%b0%d1%8f-%d1%86%d0%b5%d1%80%d0%ba%d0%be%d0%b2%d1%8c-%d0%bc%d0%b5%d0%b4%d0%be%d0%b2%d1%8b%d0%b9-%d0%b1%d0%be%d1%80%d0%be%d0%b2-%d0%b3%d0%be%d1%80%d1%8f%d1%87%d0%b0%d1%8f","status":"publish","type":"product","link":"https:\/\/tammetorubbq.ee\/ru\/product-2\/%d0%bc%d1%8f%d1%81%d0%bd%d0%b0%d1%8f-%d1%86%d0%b5%d1%80%d0%ba%d0%be%d0%b2%d1%8c-%d0%bc%d0%b5%d0%b4%d0%be%d0%b2%d1%8b%d0%b9-%d0%b1%d0%be%d1%80%d0%be%d0%b2-%d0%b3%d0%be%d1%80%d1%8f%d1%87%d0%b0%d1%8f\/","title":{"rendered":"\u041c\u044f\u0441\u043d\u0430\u044f \u0446\u0435\u0440\u043a\u043e\u0432\u044c Honey Hog HOT Rub 397\u0433"},"content":{"rendered":"<p><strong>\u0418\u043d\u0433\u0440\u0435\u0434\u0438\u0435\u043d\u0442\u044b:<\/strong> suhkur, sool, meepulber (rafineeritud siirup, mesi), v\u00fcrtsid, sh. paprika, dekstroos, veetustatud jalapeno, veetustatud k\u00fc\u00fcslauk, seller, kuni 2% r\u00e4nidioksiid (et v\u00e4ltida paakumist) ja v\u00fcrtside ekstraktiivained.<\/p>\n<p>\u0411\u0435\u0437 \u0433\u043b\u044e\u0442\u0435\u043d\u0430.<\/p>\n<p>\u041f\u0440\u043e\u0434\u0443\u043a\u0442 \u043d\u0435 \u0441\u043e\u0434\u0435\u0440\u0436\u0438\u0442 \u0443\u0441\u0438\u043b\u0438\u0442\u0435\u043b\u044f \u0432\u043a\u0443\u0441\u0430 MSG (<em>\u0433\u043b\u0443\u0442\u0430\u043c\u0430\u0442 \u043d\u0430\u0442\u0440\u0438\u044f<\/em>\u00a0\u0438\u043b\u0438 \u0433\u043b\u0443\u0442\u0430\u043c\u0430\u0442 \u043d\u0430\u0442\u0440\u0438\u044f (E621).<\/p>","protected":false},"excerpt":{"rendered":"<p>\u0421\u043c\u0435\u0441\u044c \u043f\u0440\u0438\u043f\u0440\u0430\u0432 Meat Church Honey Hog HOT - \u044d\u0442\u043e \u043f\u0440\u043e\u0434\u043e\u043b\u0436\u0435\u043d\u0438\u0435 \u043f\u043e\u043f\u0443\u043b\u044f\u0440\u043d\u043e\u0439 \u043f\u0440\u0438\u043f\u0440\u0430\u0432\u044b Meat Church Honey Hog \u0441 \u0434\u043e\u0431\u0430\u0432\u043b\u0435\u043d\u0438\u0435\u043c \u0445\u0430\u043b\u0430\u043f\u0435\u043d\u044c\u043e. \u042d\u0442\u0430 \u0441\u043b\u0430\u0434\u043a\u043e-\u043e\u0441\u0442\u0440\u0430\u044f \u043f\u0440\u0438\u043f\u0440\u0430\u0432\u0430 \u0438\u0434\u0435\u0430\u043b\u044c\u043d\u043e \u043f\u043e\u0434\u0445\u043e\u0434\u0438\u0442 \u0434\u043b\u044f \u0441\u0432\u0438\u043d\u044b\u0445 \u0440\u0435\u0431\u0440\u044b\u0448\u0435\u043a, \u0441\u0432\u0438\u043d\u0438\u043d\u044b, \u043f\u0442\u0438\u0446\u044b \u0438 \u0440\u044b\u0431\u044b.<\/p>\n<p>\u0421\u043e\u0435\u0434\u0438\u043d\u0438\u0442\u0435 \u0435\u0433\u043e \u0441 Honey Hog BBQ, \u0438 \u0432\u044b \u043f\u043e\u043b\u0443\u0447\u0438\u0442\u0435 \"\u0441\u043c\u0435\u0440\u0442\u0435\u043b\u044c\u043d\u0443\u044e\" \u043a\u043e\u043c\u0431\u0438\u043d\u0430\u0446\u0438\u044e \u0440\u0435\u0431\u0440\u044b\u0448\u0435\u043a, \u043a\u043e\u0442\u043e\u0440\u044b\u0435 \u0431\u0443\u0434\u0443\u0442 \u0434\u0435\u043b\u0430\u0442\u044c \u043f\u043e\u0434\u0432\u0438\u0433\u0438 \u043d\u0430 \u0441\u043e\u0440\u0435\u0432\u043d\u043e\u0432\u0430\u043d\u0438\u044f\u0445 \u043f\u043e \u0431\u0430\u0440\u0431\u0435\u043a\u044e \u043f\u043e \u0432\u0441\u0435\u043c\u0443 \u043c\u0438\u0440\u0443.<\/p>\n<p>Honey Hog HOT \u0442\u0430\u043a\u0436\u0435 \u043e\u0442\u043b\u0438\u0447\u043d\u043e \u043f\u043e\u0434\u0445\u043e\u0434\u0438\u0442 \u0434\u043b\u044f \u043a\u0443\u0440\u0438\u043d\u044b\u0445 \u043a\u0440\u044b\u043b\u044b\u0448\u0435\u043a.<\/p>\n<p><img loading=\"lazy\" decoding=\"async\" class=\"wp-image-1702\" src=\"https:\/\/tammetorubbq.ee\/wp-content\/uploads\/2024\/02\/Meat-Church-logo-scaled-300x300.webp\" alt=\"\u041b\u043e\u0433\u043e\u0442\u0438\u043f \u043c\u044f\u0441\u043d\u043e\u0439 \u0446\u0435\u0440\u043a\u0432\u0438\" width=\"178\" height=\"178\" srcset=\"https:\/\/tammetorubbq.ee\/wp-content\/uploads\/2024\/02\/Meat-Church-logo-scaled-300x300.webp 300w, https:\/\/tammetorubbq.ee\/wp-content\/uploads\/2024\/02\/Meat-Church-logo-scaled-1024x1024.webp 1024w, https:\/\/tammetorubbq.ee\/wp-content\/uploads\/2024\/02\/Meat-Church-logo-scaled-150x150.webp 150w, https:\/\/tammetorubbq.ee\/wp-content\/uploads\/2024\/02\/Meat-Church-logo-scaled-768x768.webp 768w, https:\/\/tammetorubbq.ee\/wp-content\/uploads\/2024\/02\/Meat-Church-logo-scaled-1536x1536.webp 1536w, https:\/\/tammetorubbq.ee\/wp-content\/uploads\/2024\/02\/Meat-Church-logo-scaled-2048x2048.webp 2048w, https:\/\/tammetorubbq.ee\/wp-content\/uploads\/2024\/02\/Meat-Church-logo-scaled-12x12.webp 12w, https:\/\/tammetorubbq.ee\/wp-content\/uploads\/2024\/02\/Meat-Church-logo-scaled-600x600.webp 600w, https:\/\/tammetorubbq.ee\/wp-content\/uploads\/2024\/02\/Meat-Church-logo-scaled-64x64.webp 64w\" sizes=\"auto, (max-width: 178px) 100vw, 178px\" \/><\/p>","protected":false},"featured_media":1329,"comment_status":"open","ping_status":"closed","template":"","meta":{"_uf_show_specific_survey":0,"_uf_disable_surveys":false},"pwb-brand":[96],"product_brand":[],"product_cat":[21],"product_tag":[159,166,114],"class_list":{"0":"post-1342","1":"product","2":"type-product","3":"status-publish","4":"has-post-thumbnail","6":"pwb-brand-meat-church","7":"product_cat-maitseainesegud","8":"product_tag-kanatiivad","9":"product_tag-rebitudliha","10":"product_tag-sealiha","12":"first","13":"instock","14":"taxable","15":"shipping-taxable","16":"purchasable","17":"product-type-simple"},"brands":[{"id":96,"name":"\u041c\u044f\u0441\u043d\u0430\u044f \u0446\u0435\u0440\u043a\u043e\u0432\u044c","slug":"meat-church"}],"_links":{"self":[{"href":"https:\/\/tammetorubbq.ee\/ru\/wp-json\/wp\/v2\/product\/1342","targetHints":{"allow":["GET"]}}],"collection":[{"href":"https:\/\/tammetorubbq.ee\/ru\/wp-json\/wp\/v2\/product"}],"about":[{"href":"https:\/\/tammetorubbq.ee\/ru\/wp-json\/wp\/v2\/types\/product"}],"replies":[{"embeddable":true,"href":"https:\/\/tammetorubbq.ee\/ru\/wp-json\/wp\/v2\/comments?post=1342"}],"wp:featuredmedia":[{"embeddable":true,"href":"https:\/\/tammetorubbq.ee\/ru\/wp-json\/wp\/v2\/media\/1329"}],"wp:attachment":[{"href":"https:\/\/tammetorubbq.ee\/ru\/wp-json\/wp\/v2\/media?parent=1342"}],"wp:term":[{"taxonomy":"pwb-brand","embeddable":true,"href":"https:\/\/tammetorubbq.ee\/ru\/wp-json\/wp\/v2\/pwb-brand?post=1342"},{"taxonomy":"product_brand","embeddable":true,"href":"https:\/\/tammetorubbq.ee\/ru\/wp-json\/wp\/v2\/product_brand?post=1342"},{"taxonomy":"product_cat","embeddable":true,"href":"https:\/\/tammetorubbq.ee\/ru\/wp-json\/wp\/v2\/product_cat?post=1342"},{"taxonomy":"product_tag","embeddable":true,"href":"https:\/\/tammetorubbq.ee\/ru\/wp-json\/wp\/v2\/product_tag?post=1342"}],"curies":[{"name":"wp","href":"https:\/\/api.w.org\/{rel}","templated":true}]}}