{"id":1347,"date":"2024-02-21T22:31:26","date_gmt":"2024-02-21T20:31:26","guid":{"rendered":"https:\/\/tammetorubbq.ee\/?post_type=product&#038;p=1347"},"modified":"2026-04-15T02:00:11","modified_gmt":"2026-04-14T23:00:11","slug":"killer-hogs-ap-seasoning-rub-397g","status":"publish","type":"product","link":"https:\/\/tammetorubbq.ee\/ru\/product-2\/killer-hogs-ap-seasoning-rub-397g\/","title":{"rendered":"Killer Hogs AP Seasoning Rub 397 \u0433"},"content":{"rendered":"<p><strong>\u0418\u043d\u0433\u0440\u0435\u0434\u0438\u0435\u043d\u0442\u044b:<\/strong> sool, veetustatud k\u00fc\u00fcslauk, v\u00fcrtsid (punane ja must pipar), naatriumglutamaat, rafineeritud soja\u00f5li, deh\u00fcdreeritud petersell ja alla 2% kaltsiumstearaati (mis on lisatud paakumise v\u00e4ltimiseks).<\/p>\n<p>\u041f\u0440\u043e\u0434\u0443\u043a\u0446\u0438\u044f Killer Hogs \u043d\u0435 \u0441\u043e\u0434\u0435\u0440\u0436\u0438\u0442 \u0433\u043b\u044e\u0442\u0435\u043d\u0430.<\/p>","protected":false},"excerpt":{"rendered":"<p>\u041a\u0430\u043a \u0441\u043b\u0435\u0434\u0443\u0435\u0442 \u0438\u0437 \u0430\u0431\u0431\u0440\u0435\u0432\u0438\u0430\u0442\u0443\u0440\u044b A.P. \u0432 \u043d\u0430\u0437\u0432\u0430\u043d\u0438\u0438, \u044d\u0442\u043e \"All Purpose\" \u0438\u043b\u0438 \u0443\u043d\u0438\u0432\u0435\u0440\u0441\u0430\u043b\u044c\u043d\u0430\u044f \u0441\u043c\u0435\u0441\u044c \u043f\u0440\u0438\u043f\u0440\u0430\u0432.<\/p>\n<p>\u0412\u043a\u0443\u0441\u043d\u0430\u044f \u0438 \u0441\u0431\u0430\u043b\u0430\u043d\u0441\u0438\u0440\u043e\u0432\u0430\u043d\u043d\u0430\u044f \u043d\u0430\u0442\u0438\u0440\u043a\u0430, \u043a\u043e\u0442\u043e\u0440\u0430\u044f \u0434\u043e\u0441\u0442\u0430\u0442\u043e\u0447\u043d\u043e \u0443\u043d\u0438\u0432\u0435\u0440\u0441\u0430\u043b\u044c\u043d\u0430, \u0447\u0442\u043e\u0431\u044b \u0438\u0441\u043f\u043e\u043b\u044c\u0437\u043e\u0432\u0430\u0442\u044c \u0435\u0435 \u0441\u043e \u0432\u0441\u0435\u043c.<\/p>\n<p>\u041d\u0430\u0442\u0438\u0440\u043a\u0430 Killer Hogs A.P. \u043f\u0440\u0435\u043a\u0440\u0430\u0441\u043d\u043e \u043f\u043e\u0434\u0445\u043e\u0434\u0438\u0442 \u0434\u043b\u044f \u0441\u0432\u0438\u043d\u0438\u043d\u044b, \u0433\u043e\u0432\u044f\u0434\u0438\u043d\u044b, \u043a\u0443\u0440\u0438\u0446\u044b... \u0438 \u0434\u0430\u0436\u0435 \u0434\u043b\u044f \u043e\u0432\u043e\u0449\u0435\u0439.<\/p>\n<p>\u0418\u0441\u043f\u043e\u043b\u044c\u0437\u0443\u0439\u0442\u0435 A.P. Rub \u043e\u0442\u0434\u0435\u043b\u044c\u043d\u043e, \u0447\u0442\u043e\u0431\u044b \u0441\u043e\u0445\u0440\u0430\u043d\u0438\u0442\u044c \u043f\u0440\u043e\u0441\u0442\u043e\u0439 \u0438 \u0447\u0438\u0441\u0442\u044b\u0439 \u0432\u043a\u0443\u0441, \u0438\u043b\u0438 \u0441\u043e\u0447\u0435\u0442\u0430\u0439\u0442\u0435 \u0435\u0433\u043e \u0441 \u0434\u0440\u0443\u0433\u0438\u043c\u0438 Killer Hogs Rubs, \u0447\u0442\u043e\u0431\u044b \u043f\u043e\u043b\u0443\u0447\u0438\u0442\u044c \u0435\u0449\u0435 \u0431\u043e\u043b\u0435\u0435 \u043c\u043e\u0449\u043d\u043e\u0435 \u0441\u043e\u0447\u0435\u0442\u0430\u043d\u0438\u0435 \u0432\u043a\u0443\u0441\u043e\u0432.<\/p>\n<p>&nbsp;<\/p>\n<p><img loading=\"lazy\" decoding=\"async\" class=\"wp-image-2335\" src=\"http:\/\/tammetorubbq.ee\/wp-content\/uploads\/2024\/12\/Killer-Hogs-logo-300x300.webp\" alt=\"\u041b\u043e\u0433\u043e\u0442\u0438\u043f &quot;\u0421\u0432\u0438\u043d\u044c\u0438-\u0443\u0431\u0438\u0439\u0446\u044b\" width=\"146\" height=\"146\" srcset=\"https:\/\/tammetorubbq.ee\/wp-content\/uploads\/2024\/12\/Killer-Hogs-logo-300x300.webp 300w, https:\/\/tammetorubbq.ee\/wp-content\/uploads\/2024\/12\/Killer-Hogs-logo-150x150.webp 150w, https:\/\/tammetorubbq.ee\/wp-content\/uploads\/2024\/12\/Killer-Hogs-logo-768x768.webp 768w, https:\/\/tammetorubbq.ee\/wp-content\/uploads\/2024\/12\/Killer-Hogs-logo-12x12.webp 12w, https:\/\/tammetorubbq.ee\/wp-content\/uploads\/2024\/12\/Killer-Hogs-logo-600x600.webp 600w, https:\/\/tammetorubbq.ee\/wp-content\/uploads\/2024\/12\/Killer-Hogs-logo-64x64.webp 64w, https:\/\/tammetorubbq.ee\/wp-content\/uploads\/2024\/12\/Killer-Hogs-logo.webp 800w\" sizes=\"auto, (max-width: 146px) 100vw, 146px\" \/><\/p>","protected":false},"featured_media":2354,"comment_status":"open","ping_status":"closed","template":"","meta":{"_uf_show_specific_survey":0,"_uf_disable_surveys":false},"pwb-brand":[103],"product_brand":[],"product_cat":[21,20],"product_tag":[118,159,121,120,319,114,122,123,119],"class_list":{"0":"post-1347","1":"product","2":"type-product","3":"status-publish","4":"has-post-thumbnail","6":"pwb-brand-killer-hogs-bbq","7":"product_cat-maitseainesegud","8":"product_cat-kampaania","9":"product_tag-kanaliha","10":"product_tag-kanatiivad","11":"product_tag-koogiviljad","12":"product_tag-mereannid","13":"product_tag-pardi-rinnafilee","14":"product_tag-sealiha","15":"product_tag-searibi","16":"product_tag-steik","17":"product_tag-veiseliha","19":"first","20":"instock","21":"sale","22":"taxable","23":"shipping-taxable","24":"purchasable","25":"product-type-simple"},"brands":[{"id":103,"name":"\u0411\u0430\u0440\u0431\u0435\u043a\u044e Killer Hogs","slug":"killer-hogs-bbq"}],"_links":{"self":[{"href":"https:\/\/tammetorubbq.ee\/ru\/wp-json\/wp\/v2\/product\/1347","targetHints":{"allow":["GET"]}}],"collection":[{"href":"https:\/\/tammetorubbq.ee\/ru\/wp-json\/wp\/v2\/product"}],"about":[{"href":"https:\/\/tammetorubbq.ee\/ru\/wp-json\/wp\/v2\/types\/product"}],"replies":[{"embeddable":true,"href":"https:\/\/tammetorubbq.ee\/ru\/wp-json\/wp\/v2\/comments?post=1347"}],"wp:featuredmedia":[{"embeddable":true,"href":"https:\/\/tammetorubbq.ee\/ru\/wp-json\/wp\/v2\/media\/2354"}],"wp:attachment":[{"href":"https:\/\/tammetorubbq.ee\/ru\/wp-json\/wp\/v2\/media?parent=1347"}],"wp:term":[{"taxonomy":"pwb-brand","embeddable":true,"href":"https:\/\/tammetorubbq.ee\/ru\/wp-json\/wp\/v2\/pwb-brand?post=1347"},{"taxonomy":"product_brand","embeddable":true,"href":"https:\/\/tammetorubbq.ee\/ru\/wp-json\/wp\/v2\/product_brand?post=1347"},{"taxonomy":"product_cat","embeddable":true,"href":"https:\/\/tammetorubbq.ee\/ru\/wp-json\/wp\/v2\/product_cat?post=1347"},{"taxonomy":"product_tag","embeddable":true,"href":"https:\/\/tammetorubbq.ee\/ru\/wp-json\/wp\/v2\/product_tag?post=1347"}],"curies":[{"name":"wp","href":"https:\/\/api.w.org\/{rel}","templated":true}]}}