{"id":1473,"date":"2024-03-10T19:37:49","date_gmt":"2024-03-10T17:37:49","guid":{"rendered":"https:\/\/tammetorubbq.ee\/?post_type=product&#038;p=1473"},"modified":"2026-04-14T18:00:47","modified_gmt":"2026-04-14T15:00:47","slug":"heath-riles-garlic-jalapeno-rub-340g","status":"publish","type":"product","link":"https:\/\/tammetorubbq.ee\/ru\/product-2\/heath-riles-garlic-jalapeno-rub-340g\/","title":{"rendered":"Heath Riles Garlic Jalapeno Rub 340 \u0433"},"content":{"rendered":"<p><strong>\u0418\u043d\u0433\u0440\u0435\u0434\u0438\u0435\u043d\u0442\u044b<\/strong>: sool, suhkur, v\u00fcrtsid, naatriumglutamaat, k\u00fc\u00fcslauk ja v\u00e4hem kui 2% r\u00e4nidioksiidi on lisatud, et v\u00e4ltida paakumist.<\/p>","protected":false},"excerpt":{"rendered":"<p>Heath Riles Garlic Jalapeno Rub - \u044d\u0442\u043e \u043b\u0443\u0447\u0448\u0430\u044f \u043f\u0440\u044f\u043d\u0430\u044f \u0443\u043d\u0438\u0432\u0435\u0440\u0441\u0430\u043b\u044c\u043d\u0430\u044f \u043f\u0440\u0438\u043f\u0440\u0430\u0432\u0430.<\/p>\n<p>\u0421\u043e\u0447\u0435\u0442\u0430\u043d\u0438\u0435 \u0441\u043e\u043b\u0435\u043d\u043e\u0433\u043e, \u0430\u043f\u043f\u0435\u0442\u0438\u0442\u043d\u043e\u0433\u043e \u0447\u0435\u0441\u043d\u043e\u043a\u0430 \u0438 \u043e\u0441\u0442\u0440\u043e\u0439 \u043f\u0440\u044f\u043d\u043e\u0441\u0442\u0438 \u0445\u0430\u043b\u0430\u043f\u0435\u043d\u044c\u043e \u0438\u0434\u0435\u0430\u043b\u044c\u043d\u043e \u0441\u043e\u0447\u0435\u0442\u0430\u0435\u0442\u0441\u044f \u0441 \u043a\u0443\u0440\u0438\u0446\u0435\u0439, \u0433\u043e\u0432\u044f\u0434\u0438\u043d\u043e\u0439, \u043c\u043e\u0440\u0435\u043f\u0440\u043e\u0434\u0443\u043a\u0442\u0430\u043c\u0438 \u0438 \u043c\u043d\u043e\u0433\u0438\u043c \u0434\u0440\u0443\u0433\u0438\u043c.<\/p>\n<h6>\u042d\u0442\u043e \u0441\u0430\u043c\u044b\u0439 \u043f\u0440\u043e\u0434\u0430\u0432\u0430\u0435\u043c\u044b\u0439 \u043f\u0440\u043e\u0434\u0443\u043a\u0442 \u043e\u0442 Heath Riles BBQ.<\/h6>\n<p><img loading=\"lazy\" decoding=\"async\" class=\"alignnone wp-image-5481\" src=\"https:\/\/tammetorubbq.ee\/wp-content\/uploads\/2024\/02\/Heath-Riles-Logo-SQ-300x300.png\" alt=\"\" width=\"164\" height=\"164\" srcset=\"https:\/\/tammetorubbq.ee\/wp-content\/uploads\/2024\/02\/Heath-Riles-Logo-SQ-300x300.png 300w, https:\/\/tammetorubbq.ee\/wp-content\/uploads\/2024\/02\/Heath-Riles-Logo-SQ-150x150.png 150w, https:\/\/tammetorubbq.ee\/wp-content\/uploads\/2024\/02\/Heath-Riles-Logo-SQ-768x768.png 768w, https:\/\/tammetorubbq.ee\/wp-content\/uploads\/2024\/02\/Heath-Riles-Logo-SQ-12x12.png 12w, https:\/\/tammetorubbq.ee\/wp-content\/uploads\/2024\/02\/Heath-Riles-Logo-SQ-600x600.png 600w, https:\/\/tammetorubbq.ee\/wp-content\/uploads\/2024\/02\/Heath-Riles-Logo-SQ-64x64.png 64w, https:\/\/tammetorubbq.ee\/wp-content\/uploads\/2024\/02\/Heath-Riles-Logo-SQ.png 1000w\" sizes=\"auto, (max-width: 164px) 100vw, 164px\" \/><\/p>","protected":false},"featured_media":1474,"comment_status":"open","ping_status":"closed","template":"","meta":{"_uf_show_specific_survey":0,"_uf_disable_surveys":false},"pwb-brand":[84],"product_brand":[],"product_cat":[21],"product_tag":[347],"class_list":{"0":"post-1473","1":"product","2":"type-product","3":"status-publish","4":"has-post-thumbnail","6":"pwb-brand-heath-riles","7":"product_cat-maitseainesegud","8":"product_tag-heath-riles","10":"first","11":"instock","12":"taxable","13":"shipping-taxable","14":"purchasable","15":"product-type-simple"},"brands":[{"id":84,"name":"\u0425\u0438\u0442 \u0420\u0430\u0439\u043b\u0441","slug":"heath-riles"}],"_links":{"self":[{"href":"https:\/\/tammetorubbq.ee\/ru\/wp-json\/wp\/v2\/product\/1473","targetHints":{"allow":["GET"]}}],"collection":[{"href":"https:\/\/tammetorubbq.ee\/ru\/wp-json\/wp\/v2\/product"}],"about":[{"href":"https:\/\/tammetorubbq.ee\/ru\/wp-json\/wp\/v2\/types\/product"}],"replies":[{"embeddable":true,"href":"https:\/\/tammetorubbq.ee\/ru\/wp-json\/wp\/v2\/comments?post=1473"}],"wp:featuredmedia":[{"embeddable":true,"href":"https:\/\/tammetorubbq.ee\/ru\/wp-json\/wp\/v2\/media\/1474"}],"wp:attachment":[{"href":"https:\/\/tammetorubbq.ee\/ru\/wp-json\/wp\/v2\/media?parent=1473"}],"wp:term":[{"taxonomy":"pwb-brand","embeddable":true,"href":"https:\/\/tammetorubbq.ee\/ru\/wp-json\/wp\/v2\/pwb-brand?post=1473"},{"taxonomy":"product_brand","embeddable":true,"href":"https:\/\/tammetorubbq.ee\/ru\/wp-json\/wp\/v2\/product_brand?post=1473"},{"taxonomy":"product_cat","embeddable":true,"href":"https:\/\/tammetorubbq.ee\/ru\/wp-json\/wp\/v2\/product_cat?post=1473"},{"taxonomy":"product_tag","embeddable":true,"href":"https:\/\/tammetorubbq.ee\/ru\/wp-json\/wp\/v2\/product_tag?post=1473"}],"curies":[{"name":"wp","href":"https:\/\/api.w.org\/{rel}","templated":true}]}}