{"id":1686,"date":"2024-05-21T18:34:46","date_gmt":"2024-05-21T15:34:46","guid":{"rendered":"https:\/\/tammetorubbq.ee\/?post_type=product&#038;p=1686"},"modified":"2026-04-14T18:00:40","modified_gmt":"2026-04-14T15:00:40","slug":"big-poppa-smokers-double-secret-steak-rub-397-%d0%b3","status":"publish","type":"product","link":"https:\/\/tammetorubbq.ee\/ru\/product-2\/big-poppa-smokers-double-secret-steak-rub-397-%d0%b3\/","title":{"rendered":"Big Poppa Smokers Double Secret Steak Rub 397 \u0433"},"content":{"rendered":"<p><strong>\u0418\u043d\u0433\u0440\u0435\u0434\u0438\u0435\u043d\u0442\u044b:<\/strong> meresool; kuivatatud k\u00fc\u00fcslauk, sibul, paprika ja sidrun, v\u00fcrtsid, suhkur, paprika, pruun suhkur, sidrunhape, selleriseemned, kurkum (v\u00e4rv), naturaalsed maitseained\u00a0 ja paprika ekstrakt (v\u00e4rv).<\/p>","protected":false},"excerpt":{"rendered":"<p><strong><span style=\"color: #0000ff;\">\u041f\u0440\u0438\u043f\u0440\u0430\u0432\u0430 Double Secret - \u0432\u0430\u0448\u0435 \u0441\u0435\u043a\u0440\u0435\u0442\u043d\u043e\u0435 \u043e\u0440\u0443\u0436\u0438\u0435!<\/span><\/strong><\/p>\n<p>\u0412 \u043e\u0441\u043d\u043e\u0432\u0435 \u044d\u0442\u043e\u0439 \u0438\u0441\u043a\u043b\u044e\u0447\u0438\u0442\u0435\u043b\u044c\u043d\u043e\u0439 \u043f\u0440\u0438\u043f\u0440\u0430\u0432\u044b - \u0431\u043e\u0433\u0430\u0442\u0430\u044f \u0441\u043c\u0435\u0441\u044c \u043a\u0440\u0443\u043f\u043d\u043e\u0439 \u043c\u043e\u0440\u0441\u043a\u043e\u0439 \u0441\u043e\u043b\u0438, \u043a\u043e\u0442\u043e\u0440\u0430\u044f \u0438\u0434\u0435\u0430\u043b\u044c\u043d\u043e \u0441\u043e\u0447\u0435\u0442\u0430\u0435\u0442\u0441\u044f \u0441 \u043f\u0435\u0440\u0432\u043e\u043a\u043b\u0430\u0441\u0441\u043d\u044b\u043c\u0438 \u0441\u043f\u0435\u0446\u0438\u044f\u043c\u0438, \u0434\u043e\u043f\u043e\u043b\u043d\u044f\u044f \u0435\u0441\u0442\u0435\u0441\u0442\u0432\u0435\u043d\u043d\u044b\u0439 \u0432\u043a\u0443\u0441 \u0433\u043e\u0432\u044f\u0434\u0438\u043d\u044b.<\/p>\n<p>\u0420\u0435\u0437\u0443\u043b\u044c\u0442\u0430\u0442? \u041d\u0435\u0432\u0435\u0440\u043e\u044f\u0442\u043d\u043e \u0432\u043a\u0443\u0441\u043d\u044b\u0435 \u0433\u043e\u0432\u044f\u0436\u044c\u0438 \u043e\u0442\u0440\u0443\u0431\u044b, \u043a\u043e\u0442\u043e\u0440\u044b\u0435 \u0431\u0443\u0434\u0443\u0442 \u0434\u0440\u0430\u0437\u043d\u0438\u0442\u044c \u0432\u0430\u0448\u0438 \u0432\u043a\u0443\u0441\u043e\u0432\u044b\u0435 \u0440\u0435\u0446\u0435\u043f\u0442\u043e\u0440\u044b \u0438 \u043e\u0441\u0442\u0430\u0432\u044f\u0442 \u0432\u0430\u0441 \u0441 \u043d\u0435\u0437\u0430\u0431\u044b\u0432\u0430\u0435\u043c\u044b\u043c \u0443\u0434\u043e\u0432\u043e\u043b\u044c\u0441\u0442\u0432\u0438\u0435\u043c.<\/p>\n<p>Big Poppa Smokers - \u0445\u043e\u0440\u043e\u0448\u043e \u0438\u0437\u0432\u0435\u0441\u0442\u043d\u0430\u044f \u0438 \u0434\u0430\u0432\u043d\u043e \u0437\u0430\u0440\u0435\u043a\u043e\u043c\u0435\u043d\u0434\u043e\u0432\u0430\u0432\u0448\u0430\u044f \u0441\u0435\u0431\u044f \u043d\u0430 \u0430\u043c\u0435\u0440\u0438\u043a\u0430\u043d\u0441\u043a\u043e\u043c \u0440\u044b\u043d\u043a\u0435 \u0444\u0438\u0433\u0443\u0440\u0430, \u043d\u0430 \u0441\u0447\u0435\u0442\u0443 \u043a\u043e\u0442\u043e\u0440\u043e\u0439 \u043c\u043d\u043e\u0436\u0435\u0441\u0442\u0432\u043e \u043d\u0430\u0438\u043c\u0435\u043d\u043e\u0432\u0430\u043d\u0438\u0439.<\/p>\n<p><img loading=\"lazy\" decoding=\"async\" class=\"wp-image-1557\" src=\"http:\/\/tammetorubbq.ee\/wp-content\/uploads\/2024\/03\/Big-Poppa-Smokers-Logo-Vector-300x225.webp\" alt=\"\u041a\u043e\u043f\u0442\u0438\u043b\u044c\u043d\u0438 \u0411\u043e\u043b\u044c\u0448\u043e\u0433\u043e \u041f\u0430\u043f\u044b\" width=\"167\" height=\"125\" srcset=\"https:\/\/tammetorubbq.ee\/wp-content\/uploads\/2024\/03\/Big-Poppa-Smokers-Logo-Vector-300x225.webp 300w, https:\/\/tammetorubbq.ee\/wp-content\/uploads\/2024\/03\/Big-Poppa-Smokers-Logo-Vector-768x576.webp 768w, https:\/\/tammetorubbq.ee\/wp-content\/uploads\/2024\/03\/Big-Poppa-Smokers-Logo-Vector-16x12.webp 16w, https:\/\/tammetorubbq.ee\/wp-content\/uploads\/2024\/03\/Big-Poppa-Smokers-Logo-Vector-600x450.webp 600w, https:\/\/tammetorubbq.ee\/wp-content\/uploads\/2024\/03\/Big-Poppa-Smokers-Logo-Vector-64x48.webp 64w, https:\/\/tammetorubbq.ee\/wp-content\/uploads\/2024\/03\/Big-Poppa-Smokers-Logo-Vector.webp 866w\" sizes=\"auto, (max-width: 167px) 100vw, 167px\" \/><\/p>","protected":false},"featured_media":1689,"comment_status":"open","ping_status":"closed","template":"","meta":{"_uf_show_specific_survey":0,"_uf_disable_surveys":false},"pwb-brand":[80],"product_brand":[],"product_cat":[21],"product_tag":[114,123,119,165],"class_list":{"0":"post-1686","1":"product","2":"type-product","3":"status-publish","4":"has-post-thumbnail","6":"pwb-brand-big-poppas","7":"product_cat-maitseainesegud","8":"product_tag-sealiha","9":"product_tag-steik","10":"product_tag-veiseliha","11":"product_tag-veiseribi","13":"first","14":"instock","15":"taxable","16":"shipping-taxable","17":"purchasable","18":"product-type-simple"},"brands":[{"id":80,"name":"Big Poppa's","slug":"big-poppas"}],"_links":{"self":[{"href":"https:\/\/tammetorubbq.ee\/ru\/wp-json\/wp\/v2\/product\/1686","targetHints":{"allow":["GET"]}}],"collection":[{"href":"https:\/\/tammetorubbq.ee\/ru\/wp-json\/wp\/v2\/product"}],"about":[{"href":"https:\/\/tammetorubbq.ee\/ru\/wp-json\/wp\/v2\/types\/product"}],"replies":[{"embeddable":true,"href":"https:\/\/tammetorubbq.ee\/ru\/wp-json\/wp\/v2\/comments?post=1686"}],"wp:featuredmedia":[{"embeddable":true,"href":"https:\/\/tammetorubbq.ee\/ru\/wp-json\/wp\/v2\/media\/1689"}],"wp:attachment":[{"href":"https:\/\/tammetorubbq.ee\/ru\/wp-json\/wp\/v2\/media?parent=1686"}],"wp:term":[{"taxonomy":"pwb-brand","embeddable":true,"href":"https:\/\/tammetorubbq.ee\/ru\/wp-json\/wp\/v2\/pwb-brand?post=1686"},{"taxonomy":"product_brand","embeddable":true,"href":"https:\/\/tammetorubbq.ee\/ru\/wp-json\/wp\/v2\/product_brand?post=1686"},{"taxonomy":"product_cat","embeddable":true,"href":"https:\/\/tammetorubbq.ee\/ru\/wp-json\/wp\/v2\/product_cat?post=1686"},{"taxonomy":"product_tag","embeddable":true,"href":"https:\/\/tammetorubbq.ee\/ru\/wp-json\/wp\/v2\/product_tag?post=1686"}],"curies":[{"name":"wp","href":"https:\/\/api.w.org\/{rel}","templated":true}]}}