{"id":1728,"date":"2024-05-29T16:41:12","date_gmt":"2024-05-29T13:41:12","guid":{"rendered":"https:\/\/tammetorubbq.ee\/?post_type=product&#038;p=1728"},"modified":"2026-04-11T08:00:23","modified_gmt":"2026-04-11T05:00:23","slug":"%d0%bc%d0%b0%d0%bd%d0%b3%d0%b0%d0%bb-%d0%b4%d0%bb%d1%8f-%d0%ba%d1%83%d1%80%d0%b5%d0%bd%d0%b8%d1%8f-soegrill-%d0%b3%d0%be%d1%80%d0%b5%d0%bb%d0%ba%d0%b0-%d0%b4%d0%bb%d1%8f-%d0%b1%d0%bb%d0%b0%d0%b3%d0%be","status":"publish","type":"product","link":"https:\/\/tammetorubbq.ee\/ru\/product-2\/%d0%bc%d0%b0%d0%bd%d0%b3%d0%b0%d0%bb-%d0%b4%d0%bb%d1%8f-%d0%ba%d1%83%d1%80%d0%b5%d0%bd%d0%b8%d1%8f-soegrill-%d0%b3%d0%be%d1%80%d0%b5%d0%bb%d0%ba%d0%b0-%d0%b4%d0%bb%d1%8f-%d0%b1%d0%bb%d0%b0%d0%b3%d0%be\/","title":{"rendered":"\u041a\u043e\u043f\u0442\u0438\u043b\u044c\u043d\u044f Char-Griller Smoking Champ"},"content":{"rendered":"<ul>\n<li>CharGriller - \u0431\u0440\u0435\u043d\u0434 \u043a\u043e\u043f\u0442\u0438\u043b\u0435\u043d, \u043f\u0440\u0438\u043d\u0430\u0434\u043b\u0435\u0436\u0430\u0449\u0438\u0439 \u043a\u043e\u043c\u043f\u0430\u043d\u0438\u0438 Middleby Outdoors, \u0432 \u0433\u0440\u0443\u043f\u043f\u0443 \u0442\u0430\u043a\u0436\u0435 \u0432\u0445\u043e\u0434\u044f\u0442 Kamado Joe \u0438 Masterbuilt.<\/li>\n<li>\u041e\u0431\u0449\u0430\u044f \u043f\u043b\u043e\u0449\u0430\u0434\u044c \u0432\u044b\u043f\u0435\u0447\u043a\u0438: 1235 \u043a\u0432\u0430\u0434\u0440\u0430\u0442\u043d\u044b\u0445 \u0434\u044e\u0439\u043c\u043e\u0432 \u0438\u043b\u0438 7967 \u0441\u043c2 (\u0432\u043a\u043b\u044e\u0447\u0430\u044f \u0432\u0435\u0440\u0445\u043d\u044e\u044e \u043f\u043e\u0432\u0435\u0440\u0445\u043d\u043e\u0441\u0442\u044c).<\/li>\n<li>\u041f\u043e\u0434\u0445\u043e\u0434\u0438\u0442 \u0434\u043b\u044f \u0433\u0440\u0438\u043b\u044f \u043a\u0430\u043a \u043d\u0430 \u0441\u0438\u043b\u044c\u043d\u043e\u043c, \u0442\u0430\u043a \u0438 \u043d\u0430 \u0441\u043b\u0430\u0431\u043e\u043c \u043e\u0433\u043d\u0435.<\/li>\n<li>\u0427\u0443\u0433\u0443\u043d\u043d\u044b\u0435 \u0440\u0435\u0448\u0435\u0442\u043a\u0438 \u0434\u043b\u044f \u0433\u0440\u0438\u043b\u044f + \u0441\u0442\u0430\u043b\u044c\u043d\u0430\u044f \u0440\u0435\u0448\u0435\u0442\u043a\u0430 \u0434\u043b\u044f \u0433\u0440\u0438\u043b\u044f \u0441 \u0431\u043e\u043b\u0435\u0435 \u0432\u044b\u0441\u043e\u043a\u0438\u043c \u0443\u0440\u043e\u0432\u043d\u0435\u043c.<\/li>\n<li>\u0414\u0432\u043e\u0439\u043d\u044b\u0435 \u043a\u0440\u044e\u0447\u043a\u0438 \u0434\u043b\u044f \u043f\u043e\u0434\u044a\u0435\u043c\u0430 \u0440\u0435\u0448\u0435\u0442\u043a\u0438.<\/li>\n<li>\u041f\u0440\u043e\u0447\u043d\u044b\u0435 \u0440\u0435\u0437\u0438\u043d\u043e\u0432\u044b\u0435 \u043a\u043e\u043b\u0435\u0441\u0430 \u0434\u0438\u0430\u043c\u0435\u0442\u0440\u043e\u043c 20 \u0441\u043c, \u043f\u0440\u043e\u0447\u043d\u0430\u044f \u043a\u043e\u043d\u0441\u0442\u0440\u0443\u043a\u0446\u0438\u044f \u043f\u0435\u0447\u0438.<\/li>\n<li>\u0417\u043e\u043b\u044c\u043d\u0438\u043a Easy Dump\u2122, \u0440\u0435\u0433\u0443\u043b\u0438\u0440\u0443\u0435\u043c\u044b\u0439 \u0443\u0433\u043e\u043b\u044c\u043d\u044b\u0439 \u043f\u043e\u0434\u0434\u043e\u043d.<\/li>\n<li>\u041a\u0440\u044e\u0447\u043a\u0438 \u0434\u043b\u044f \u0438\u043d\u0441\u0442\u0440\u0443\u043c\u0435\u043d\u0442\u043e\u0432, \u043f\u0440\u043e\u0447\u043d\u0430\u044f \u043d\u0438\u0436\u043d\u044f\u044f \u043f\u043e\u043b\u043a\u0430.<\/li>\n<li>\u0414\u043e\u0441\u0442\u0443\u043f\u0435\u043d \u0432 \u0447\u0435\u0440\u043d\u043e\u043c \u0446\u0432\u0435\u0442\u0435.<\/li>\n<\/ul>","protected":false},"excerpt":{"rendered":"<p>\u041f\u0435\u0447\u044c Char-Griller Smokin Champ \"offset\" - \u044d\u0442\u043e \u043b\u0443\u0447\u0448\u0438\u0439 \u0442\u0438\u043f \u043f\u0435\u0447\u0438 \u0434\u043b\u044f \u043f\u0440\u0438\u0433\u043e\u0442\u043e\u0432\u043b\u0435\u043d\u0438\u044f \u0432\u043a\u0443\u0441\u043d\u044b\u0445 \u0438 \u0441\u043e\u0447\u043d\u044b\u0445 \u0431\u043b\u044e\u0434 \u0431\u0430\u0440\u0431\u0435\u043a\u044e \u0438\u043b\u0438 \u043a\u043e\u043f\u0447\u0435\u043d\u0438\u044f \u0432\u0441\u0435\u0433\u043e, \u0447\u0442\u043e \u0432\u0430\u043c \u043d\u0440\u0430\u0432\u0438\u0442\u0441\u044f.<\/p>\n<p><span style=\"color: #0000ff;\"><strong>\u041d\u0430\u0441\u043b\u0430\u0434\u0438\u0442\u0435\u0441\u044c \u043f\u043e\u0434\u043b\u0438\u043d\u043d\u044b\u043c \u0432\u043a\u0443\u0441\u043e\u043c \u0431\u0430\u0440\u0431\u0435\u043a\u044e.\u00a0<\/strong><\/span><\/p>\n<p>Kindlasti soovitame ka juurde osta\u00a0<a href=\"https:\/\/tammetorubbq.ee\/ru\/product-2\/char-griller-smokin-champ-ilmastikukindel-grillikate\/\"><strong>ilmastikukindla grillikatte<\/strong><\/a>\u00a0mis pakub usaldusv\u00e4\u00e4rset kaitset vihma, lume, p\u00e4ikese ja mustuse eest, pikendades grilli eluiga ning hoides selle puhtana j\u00e4rgmiseks kasutuskorraks.<\/p>\n<p><img loading=\"lazy\" decoding=\"async\" class=\"size-full wp-image-1726\" src=\"http:\/\/tammetorubbq.ee\/wp-content\/uploads\/2024\/05\/char-griller_brandmark_1x.png\" alt=\"\u041c\u0430\u043d\u0433\u0430\u043b\" width=\"195\" height=\"195\" srcset=\"https:\/\/tammetorubbq.ee\/wp-content\/uploads\/2024\/05\/char-griller_brandmark_1x.png 195w, https:\/\/tammetorubbq.ee\/wp-content\/uploads\/2024\/05\/char-griller_brandmark_1x-150x150.png 150w, https:\/\/tammetorubbq.ee\/wp-content\/uploads\/2024\/05\/char-griller_brandmark_1x-12x12.png 12w, https:\/\/tammetorubbq.ee\/wp-content\/uploads\/2024\/05\/char-griller_brandmark_1x-64x64.png 64w\" sizes=\"auto, (max-width: 195px) 100vw, 195px\" \/><\/p>\n<p><a href=\"https:\/\/tammetorubbq.ee\/ru\/%d0%b7%d0%b0%d0%bf%d0%bb%d0%b0%d1%82%d0%b8%d1%82%d1%8c-%d0%bf%d0%be%d0%b7%d0%b6%d0%b5\/\"><strong>\u041a\u0423\u041f\u0418 \u0421\u0415\u0419\u0427\u0410\u0421, \u0417\u0410\u041f\u041b\u0410\u0422\u0418 \u041f\u041e\u0422\u041e\u041c<\/strong><\/a>\u00a0- \u0431\u0435\u0441\u043f\u0440\u043e\u0446\u0435\u043d\u0442\u043d\u043e!<\/p>\n<p><img loading=\"lazy\" decoding=\"async\" class=\"alignnone wp-image-2646\" src=\"http:\/\/tammetorubbq.ee\/wp-content\/uploads\/2023\/12\/inbank-wordmark.png\" alt=\"\" width=\"167\" height=\"75\" srcset=\"https:\/\/tammetorubbq.ee\/wp-content\/uploads\/2023\/12\/inbank-wordmark.png 300w, https:\/\/tammetorubbq.ee\/wp-content\/uploads\/2023\/12\/inbank-wordmark-18x8.png 18w, https:\/\/tammetorubbq.ee\/wp-content\/uploads\/2023\/12\/inbank-wordmark-64x29.png 64w\" sizes=\"auto, (max-width: 167px) 100vw, 167px\" \/><\/p>\n<p>\u041c\u044b \u0442\u0430\u043a\u0436\u0435 \u043f\u0440\u0435\u0434\u043b\u0430\u0433\u0430\u0435\u043c \u0432\u043e\u0437\u043c\u043e\u0436\u043d\u043e\u0441\u0442\u044c \u043e\u043f\u043b\u0430\u0442\u0438\u0442\u044c \u0442\u043e\u0432\u0430\u0440 \u043f\u043e\u0437\u0436\u0435 - \u043e\u0434\u043d\u0438\u043c, \u0434\u0432\u0443\u043c\u044f \u0438\u043b\u0438 \u0442\u0440\u0435\u043c\u044f \u0440\u0430\u0432\u043d\u044b\u043c\u0438 \u043f\u043b\u0430\u0442\u0435\u0436\u0430\u043c\u0438 \u0431\u0435\u0437 \u043a\u0430\u043a\u0438\u0445-\u043b\u0438\u0431\u043e \u043f\u0440\u043e\u0446\u0435\u043d\u0442\u043e\u0432 \u0438\u043b\u0438 \u043d\u0430\u0434\u0431\u0430\u0432\u043e\u043a.<\/p>\n<p>\u0412 \u043d\u0430\u0448\u0435\u0439 \u043a\u043e\u0440\u0437\u0438\u043d\u0435 \u0432\u044b \u043c\u043e\u0436\u0435\u0442\u0435 \u0432\u044b\u0431\u0440\u0430\u0442\u044c \u0440\u0430\u0437\u043b\u0438\u0447\u043d\u044b\u0435 \u0432\u0430\u0440\u0438\u0430\u043d\u0442\u044b \u043e\u043f\u043b\u0430\u0442\u044b.<\/p>","protected":false},"featured_media":1729,"comment_status":"open","ping_status":"closed","template":"","meta":{"_uf_show_specific_survey":0,"_uf_disable_surveys":false},"pwb-brand":[95],"product_brand":[],"product_cat":[57,169],"product_tag":[140,78,76],"class_list":{"0":"post-1728","1":"product","2":"type-product","3":"status-publish","4":"has-post-thumbnail","6":"pwb-brand-chargriller","7":"product_cat-bbq-suitsuahjud","8":"product_cat-soegrillid","9":"product_tag-chargriller","10":"product_tag-soegrill","11":"product_tag-suitsuahi","13":"first","14":"instock","15":"taxable","16":"shipping-taxable","17":"purchasable","18":"product-type-simple"},"brands":[{"id":95,"name":"\u0413\u0440\u0438\u043b\u044c CharGriller","slug":"%d0%bc%d0%b0%d0%bd%d0%b3%d0%b0%d0%bb"}],"_links":{"self":[{"href":"https:\/\/tammetorubbq.ee\/ru\/wp-json\/wp\/v2\/product\/1728","targetHints":{"allow":["GET"]}}],"collection":[{"href":"https:\/\/tammetorubbq.ee\/ru\/wp-json\/wp\/v2\/product"}],"about":[{"href":"https:\/\/tammetorubbq.ee\/ru\/wp-json\/wp\/v2\/types\/product"}],"replies":[{"embeddable":true,"href":"https:\/\/tammetorubbq.ee\/ru\/wp-json\/wp\/v2\/comments?post=1728"}],"wp:featuredmedia":[{"embeddable":true,"href":"https:\/\/tammetorubbq.ee\/ru\/wp-json\/wp\/v2\/media\/1729"}],"wp:attachment":[{"href":"https:\/\/tammetorubbq.ee\/ru\/wp-json\/wp\/v2\/media?parent=1728"}],"wp:term":[{"taxonomy":"pwb-brand","embeddable":true,"href":"https:\/\/tammetorubbq.ee\/ru\/wp-json\/wp\/v2\/pwb-brand?post=1728"},{"taxonomy":"product_brand","embeddable":true,"href":"https:\/\/tammetorubbq.ee\/ru\/wp-json\/wp\/v2\/product_brand?post=1728"},{"taxonomy":"product_cat","embeddable":true,"href":"https:\/\/tammetorubbq.ee\/ru\/wp-json\/wp\/v2\/product_cat?post=1728"},{"taxonomy":"product_tag","embeddable":true,"href":"https:\/\/tammetorubbq.ee\/ru\/wp-json\/wp\/v2\/product_tag?post=1728"}],"curies":[{"name":"wp","href":"https:\/\/api.w.org\/{rel}","templated":true}]}}