{"id":1872,"date":"2024-07-29T19:50:11","date_gmt":"2024-07-29T16:50:11","guid":{"rendered":"https:\/\/tammetorubbq.ee\/?post_type=product&#038;p=1872"},"modified":"2026-04-28T08:00:07","modified_gmt":"2026-04-28T05:00:07","slug":"heath-riles-tangy-vinegar-bbq-sauce-473g","status":"publish","type":"product","link":"https:\/\/tammetorubbq.ee\/ru\/toode\/heath-riles-tangy-vinegar-bbq-kaste-473g\/","title":{"rendered":"Heath Riles Tangy Vinegar BBQ sauce 473g"},"content":{"rendered":"<p><strong>\u0418\u043d\u0433\u0440\u0435\u0434\u0438\u0435\u043d\u0442\u044b:<\/strong> ket\u0161up (tomatid, destilleeritud \u00e4\u00e4dikas, k\u00f5rge fruktoosisisaldusega maisisiirup, sibulapulber, naturaalsed maitseained, \u00f5unasiidri\u00e4\u00e4dikas, suhkur, vesi, v\u00fcrtsid, sool, soodiumbensoaat, kaaliumsorbaat, ksantaankummi.<\/p>","protected":false},"excerpt":{"rendered":"<p data-start=\"37\" data-end=\"163\">\u0425\u0438\u0442 \u0420\u0430\u0439\u043b\u0441 - \u0447\u0435\u043b\u043e\u0432\u0435\u043a, \u043a\u043e\u0442\u043e\u0440\u044b\u0439 \u043d\u0435\u043e\u0434\u043d\u043e\u043a\u0440\u0430\u0442\u043d\u043e \u0441\u0442\u0430\u043d\u043e\u0432\u0438\u043b\u0441\u044f \u0447\u0435\u043c\u043f\u0438\u043e\u043d\u043e\u043c \u043c\u0438\u0440\u0430 \u043f\u043e \u043f\u0440\u0438\u0433\u043e\u0442\u043e\u0432\u043b\u0435\u043d\u0438\u044e \u0440\u0435\u0431\u0440\u044b\u0448\u0435\u043a, - \u043f\u0440\u0438\u0432\u0435\u0437 \u043d\u0430\u043c. <strong data-start=\"127\" data-end=\"155\">\u0422\u0435\u0440\u043f\u043a\u0438\u0439 \u0443\u043a\u0441\u0443\u0441\u043d\u044b\u0439 \u0441\u043e\u0443\u0441 \u0431\u0430\u0440\u0431\u0435\u043a\u044e<\/strong>. \ud83c\udfc6\ud83e\udd69<\/p>\n<p data-start=\"165\" data-end=\"350\">\u042d\u0442\u043e \u043e\u0441\u0442\u0440\u044b\u0439 \u0441\u043e\u0443\u0441 \u043d\u0430 \u043e\u0441\u043d\u043e\u0432\u0435 \u0443\u043a\u0441\u0443\u0441\u0430, \u043a\u043e\u0442\u043e\u0440\u044b\u0439 \u043e\u0431\u043b\u0430\u0434\u0430\u0435\u0442 \u043d\u0430\u0441\u0442\u043e\u044f\u0449\u0438\u043c \u044e\u0436\u043d\u044b\u043c \u0432\u043a\u0443\u0441\u043e\u043c.<\/p>\n<p data-start=\"165\" data-end=\"350\">\u0414\u043b\u044f \u0442\u0435\u0445, \u043a\u0442\u043e \u0438\u0449\u0435\u0442 \u043e\u0441\u0442\u0440\u044b\u0445 \u043e\u0449\u0443\u0449\u0435\u043d\u0438\u0439, \u0438\u0434\u0435\u0430\u043b\u044c\u043d\u043e\u0435 \u0434\u043e\u043f\u043e\u043b\u043d\u0435\u043d\u0438\u0435 \u043a\u043e \u0432\u0441\u0435\u043c\u0443 - \u043e\u0442 \u0440\u0435\u0431\u0440\u044b\u0448\u0435\u043a \u0434\u043e \u043a\u0443\u0440\u0438\u0446\u044b \u0438 \u0434\u0430\u0436\u0435 \u0431\u0443\u0440\u0433\u0435\u0440\u043e\u0432. \ud83c\udf57\ud83c\udf54<\/p>\n<p data-start=\"352\" data-end=\"444\">\ud83d\udca1\u00a0<strong>\u0421\u043e\u0432\u0435\u0442 \u043f\u0440\u043e\u0444\u0435\u0441\u0441\u0438\u043e\u043d\u0430\u043b\u0430:<\/strong> \u0421\u043c\u0435\u0448\u0430\u0439\u0442\u0435 50:50 \u0441 \u0431\u043e\u043b\u0435\u0435 \u0441\u043b\u0430\u0434\u043a\u0438\u043c \u0441\u043e\u0443\u0441\u043e\u043c, \u0438 \u0432\u044b \u043f\u043e\u043b\u0443\u0447\u0438\u0442\u0435 \u0438\u0434\u0435\u0430\u043b\u044c\u043d\u044b\u0439 \u0431\u0430\u043b\u0430\u043d\u0441 \u0441\u043b\u0430\u0434\u043a\u043e\u0433\u043e \u0438 \u043e\u0441\u0442\u0440\u043e\u0433\u043e.<\/p>\n<p data-start=\"446\" data-end=\"534\">\u042d\u0442\u043e \u043d\u0435 \u043f\u0440\u043e\u0441\u0442\u043e \u0441\u043e\u0443\u0441 - \u044d\u0442\u043e <strong data-start=\"481\" data-end=\"526\">\u043e\u0431\u044f\u0437\u0430\u0442\u0435\u043b\u044c\u043d\u044b\u0439 \u0430\u0442\u0440\u0438\u0431\u0443\u0442 \u0434\u043b\u044f \u043b\u044e\u0431\u043e\u0433\u043e \u0441\u0435\u0440\u044c\u0435\u0437\u043d\u043e\u0433\u043e \u043b\u044e\u0431\u0438\u0442\u0435\u043b\u044f \u0431\u0430\u0440\u0431\u0435\u043a\u044e<\/strong>. \ud83d\udd25\ud83c\udf56<\/p>\n<p><img loading=\"lazy\" decoding=\"async\" class=\"alignnone  wp-image-5481\" src=\"https:\/\/tammetorubbq.ee\/wp-content\/uploads\/2024\/02\/Heath-Riles-Logo-SQ-300x300.png\" alt=\"\" width=\"169\" height=\"169\" srcset=\"https:\/\/tammetorubbq.ee\/wp-content\/uploads\/2024\/02\/Heath-Riles-Logo-SQ-300x300.png 300w, https:\/\/tammetorubbq.ee\/wp-content\/uploads\/2024\/02\/Heath-Riles-Logo-SQ-150x150.png 150w, https:\/\/tammetorubbq.ee\/wp-content\/uploads\/2024\/02\/Heath-Riles-Logo-SQ-768x768.png 768w, https:\/\/tammetorubbq.ee\/wp-content\/uploads\/2024\/02\/Heath-Riles-Logo-SQ-12x12.png 12w, https:\/\/tammetorubbq.ee\/wp-content\/uploads\/2024\/02\/Heath-Riles-Logo-SQ-600x600.png 600w, https:\/\/tammetorubbq.ee\/wp-content\/uploads\/2024\/02\/Heath-Riles-Logo-SQ-64x64.png 64w, https:\/\/tammetorubbq.ee\/wp-content\/uploads\/2024\/02\/Heath-Riles-Logo-SQ.png 1000w\" sizes=\"auto, (max-width: 169px) 100vw, 169px\" \/><\/p>","protected":false},"featured_media":1873,"comment_status":"open","ping_status":"closed","template":"","meta":{"_uf_show_specific_survey":0,"_uf_disable_surveys":false},"pwb-brand":[84],"product_brand":[],"product_cat":[22],"product_tag":[347,118,159,166,114,122],"class_list":{"0":"post-1872","1":"product","2":"type-product","3":"status-publish","4":"has-post-thumbnail","6":"pwb-brand-heath-riles","7":"product_cat-kastmed-ja-marinaadid","8":"product_tag-heath-riles","9":"product_tag-kanaliha","10":"product_tag-kanatiivad","11":"product_tag-rebitudliha","12":"product_tag-sealiha","13":"product_tag-searibi","15":"first","16":"instock","17":"taxable","18":"shipping-taxable","19":"purchasable","20":"product-type-simple"},"brands":[{"id":84,"name":"\u0425\u0438\u0442 \u0420\u0430\u0439\u043b\u0441","slug":"heath-riles"}],"_links":{"self":[{"href":"https:\/\/tammetorubbq.ee\/ru\/wp-json\/wp\/v2\/product\/1872","targetHints":{"allow":["GET"]}}],"collection":[{"href":"https:\/\/tammetorubbq.ee\/ru\/wp-json\/wp\/v2\/product"}],"about":[{"href":"https:\/\/tammetorubbq.ee\/ru\/wp-json\/wp\/v2\/types\/product"}],"replies":[{"embeddable":true,"href":"https:\/\/tammetorubbq.ee\/ru\/wp-json\/wp\/v2\/comments?post=1872"}],"wp:featuredmedia":[{"embeddable":true,"href":"https:\/\/tammetorubbq.ee\/ru\/wp-json\/wp\/v2\/media\/1873"}],"wp:attachment":[{"href":"https:\/\/tammetorubbq.ee\/ru\/wp-json\/wp\/v2\/media?parent=1872"}],"wp:term":[{"taxonomy":"pwb-brand","embeddable":true,"href":"https:\/\/tammetorubbq.ee\/ru\/wp-json\/wp\/v2\/pwb-brand?post=1872"},{"taxonomy":"product_brand","embeddable":true,"href":"https:\/\/tammetorubbq.ee\/ru\/wp-json\/wp\/v2\/product_brand?post=1872"},{"taxonomy":"product_cat","embeddable":true,"href":"https:\/\/tammetorubbq.ee\/ru\/wp-json\/wp\/v2\/product_cat?post=1872"},{"taxonomy":"product_tag","embeddable":true,"href":"https:\/\/tammetorubbq.ee\/ru\/wp-json\/wp\/v2\/product_tag?post=1872"}],"curies":[{"name":"wp","href":"https:\/\/api.w.org\/{rel}","templated":true}]}}