{"id":197,"date":"2023-11-28T16:46:12","date_gmt":"2023-11-28T13:46:12","guid":{"rendered":"https:\/\/tammetorubbq.ee\/?post_type=product&#038;p=197"},"modified":"2026-04-29T18:00:12","modified_gmt":"2026-04-29T15:00:12","slug":"%d0%bd%d0%be%d0%b6-%d0%bf%d0%be%d0%b2%d0%b0%d1%80%d1%81%d0%ba%d0%be%d0%b9-marttiini-ckp-21","status":"publish","type":"product","link":"https:\/\/tammetorubbq.ee\/ru\/toode\/marttiini-ckp-chefs-knife-21\/","title":{"rendered":"\u041d\u043e\u0436 \u0434\u043b\u044f \u043a\u043e\u043b\u044b Marttiini CKP 21\/33 \u0441\u043c"},"content":{"rendered":"<p><strong>\u0418\u0417\u041c\u0415\u0420\u0415\u041d\u0418\u042f<\/strong><br data-start=\"72\" data-end=\"75\" \/>Terat pikkus: 21 cm<br data-start=\"94\" data-end=\"97\" \/>Kogu pikkus: 33 cm<\/p>\n<p data-start=\"119\" data-end=\"196\"><strong data-start=\"119\" data-end=\"133\">\u041c\u0410\u0422\u0415\u0420\u0418\u0410\u041b\u042b<\/strong><br data-start=\"133\" data-end=\"136\" \/>Tera materjal: roostevaba teras<br data-start=\"167\" data-end=\"170\" \/>K\u00e4epideme materjal: kumm<\/p>\n<h5 data-start=\"98\" data-end=\"146\">Marttiini - \u0444\u0438\u043d\u0441\u043a\u043e\u0435 \u043a\u0430\u0447\u0435\u0441\u0442\u0432\u043e \u0441 1928 \u0433\u043e\u0434\u0430<\/h5>\n<p data-start=\"148\" data-end=\"385\">\u0411\u0440\u0435\u043d\u0434 Marttiini \u0431\u044b\u043b \u043e\u0441\u043d\u043e\u0432\u0430\u043d\u00a0<strong data-start=\"81\" data-end=\"115\">\u0419\u043e\u0445\u0430\u043d \u0425\u0435\u043d\u0440\u0438\u043a \u201c\u042f\u043d\u043d\u0435\u201d \u041c\u0430\u0440\u0442\u0442\u0438\u043d\u0438<\/strong>\u00a0\u0412 1928 \u0433\u043e\u0434\u0443 \u0432 \u0420\u043e\u0432\u0430\u043d\u0438\u0435\u043c\u0438, \u0424\u0438\u043d\u043b\u044f\u043d\u0434\u0438\u044f, \u0441 \u0446\u0435\u043b\u044c\u044e \u0441\u043e\u0437\u0434\u0430\u043d\u0438\u044f \u043e\u0441\u0442\u0440\u044b\u0445, \u043f\u0440\u043e\u0447\u043d\u044b\u0445 \u0438 \u0442\u043e\u0447\u043d\u044b\u0445 \u043d\u043e\u0436\u0435\u0439, \u043f\u043e\u0434\u0445\u043e\u0434\u044f\u0449\u0438\u0445 \u043a\u0430\u043a \u0434\u043b\u044f \u0440\u044b\u0431\u0430\u043a\u043e\u0432, \u0442\u0430\u043a \u0438 \u0434\u043b\u044f \u043b\u044e\u0431\u0438\u0442\u0435\u043b\u0435\u0439 \u043f\u043e\u0445\u043e\u0434\u043e\u0432 \u0438 \u043a\u0443\u0445\u043d\u0438. \u0421 \u0441\u0430\u043c\u043e\u0433\u043e \u043d\u0430\u0447\u0430\u043b\u0430 Marttiini \u0441\u043e\u0447\u0435\u0442\u0430\u043b\u0430 \u0432 \u0441\u0435\u0431\u0435\u00a0<strong data-start=\"316\" data-end=\"362\">\u0440\u0435\u043c\u0435\u0441\u043b\u0435\u043d\u043d\u044b\u0435 \u0442\u0440\u0430\u0434\u0438\u0446\u0438\u0438 \u0438 \u0438\u043d\u043d\u043e\u0432\u0430\u0446\u0438\u043e\u043d\u043d\u044b\u0439 \u0434\u0438\u0437\u0430\u0439\u043d<\/strong>, \u041b\u0435\u0437\u0432\u0438\u044f \u043e\u0431\u0435\u0441\u043f\u0435\u0447\u0438\u0432\u0430\u044e\u0442 \u043f\u043b\u0430\u0432\u043d\u044b\u0439, \u043a\u043e\u043d\u0442\u0440\u043e\u043b\u0438\u0440\u0443\u0435\u043c\u044b\u0439 \u0438 \u0442\u043e\u0447\u043d\u044b\u0439 \u0440\u0435\u0437.<\/p>\n<p data-start=\"148\" data-end=\"385\">\u041d\u043e\u0436\u0438 Marttiini\u00a0<strong data-start=\"166\" data-end=\"197\">\u0441\u0438\u043c\u0432\u043e\u043b \u0444\u0438\u043d\u0441\u043a\u043e\u0433\u043e \u043c\u0430\u0441\u0442\u0435\u0440\u0441\u0442\u0432\u0430<\/strong>, \u043a\u043e\u0442\u043e\u0440\u044b\u0439 \u0446\u0435\u043d\u0438\u0442\u0441\u044f \u0432\u043e \u0432\u0441\u0435\u043c \u043c\u0438\u0440\u0435. \u0421 1928 \u0433\u043e\u0434\u0430 \u043a\u043e\u043c\u043f\u0430\u043d\u0438\u044f Marttiini \u043f\u0440\u043e\u0438\u0437\u0432\u043e\u0434\u0438\u0442.\u00a0<strong data-start=\"279\" data-end=\"328\">\u041f\u0440\u043e\u0447\u043d\u044b\u0435, \u043e\u0441\u0442\u0440\u044b\u0435 \u0438 \u044d\u0440\u0433\u043e\u043d\u043e\u043c\u0438\u0447\u043d\u044b\u0435 \u043d\u043e\u0436\u0438<\/strong>, \u041f\u043e\u0434\u0445\u043e\u0434\u0438\u0442 \u0434\u043b\u044f \u0438\u0441\u043f\u043e\u043b\u044c\u0437\u043e\u0432\u0430\u043d\u0438\u044f \u043d\u0430 \u043f\u0440\u0438\u0440\u043e\u0434\u0435, \u043d\u0430 \u043a\u0443\u0445\u043d\u0435 \u0438\u043b\u0438 \u0432 \u043a\u0430\u0447\u0435\u0441\u0442\u0432\u0435 \u043f\u043e\u0434\u0430\u0440\u043a\u0430.<\/p>\n<p data-start=\"387\" data-end=\"614\">\u041a\u0430\u0436\u0434\u044b\u0439 \u043d\u043e\u0436 \u0440\u0430\u0437\u0440\u0430\u0431\u043e\u0442\u0430\u043d\u00a0<strong data-start=\"406\" data-end=\"433\">\u0442\u043e\u0447\u043d\u043e\u0441\u0442\u044c \u0438 \u043a\u0430\u0447\u0435\u0441\u0442\u0432\u043e<\/strong>, \u0421\u043e\u0447\u0435\u0442\u0430\u043d\u0438\u0435 \u0442\u0440\u0430\u0434\u0438\u0446\u0438\u043e\u043d\u043d\u043e\u0433\u043e \u043c\u0430\u0441\u0442\u0435\u0440\u0441\u0442\u0432\u0430 \u0438 \u0441\u043e\u0432\u0440\u0435\u043c\u0435\u043d\u043d\u044b\u0445 \u043c\u0430\u0442\u0435\u0440\u0438\u0430\u043b\u043e\u0432.<\/p>\n<p data-start=\"387\" data-end=\"614\">\u041d\u043e\u0436 Marttiini - \u044d\u0442\u043e \u043d\u0435 \u043f\u0440\u043e\u0441\u0442\u043e \u0438\u043d\u0441\u0442\u0440\u0443\u043c\u0435\u043d\u0442, \u044d\u0442\u043e...\u00a0<strong data-start=\"551\" data-end=\"611\">\u041d\u0430\u0434\u0435\u0436\u043d\u044b\u0439 \u0441\u043f\u0443\u0442\u043d\u0438\u043a \u0432 \u043b\u044e\u0431\u044b\u0445 \u043f\u0440\u0438\u043a\u043b\u044e\u0447\u0435\u043d\u0438\u044f\u0445 \u0438 \u043d\u0430 \u043a\u0430\u0436\u0434\u044b\u0439 \u0434\u0435\u043d\u044c, \u043e\u043d \u0432\u044b\u0441\u043e\u043a\u043e \u0446\u0435\u043d\u0438\u0442\u0441\u044f \u043a\u0430\u043a \u043f\u0440\u043e\u0444\u0435\u0441\u0441\u0438\u043e\u043d\u0430\u043b\u0430\u043c\u0438, \u0442\u0430\u043a \u0438 \u043b\u044e\u0431\u0438\u0442\u0435\u043b\u044f\u043c\u0438.<\/strong><\/p>","protected":false},"excerpt":{"rendered":"<h5 data-start=\"0\" data-end=\"95\"><strong data-start=\"0\" data-end=\"93\"><span class=\"hover:entity-accent entity-underline inline cursor-pointer align-baseline\"><span class=\"whitespace-normal\">Marttiini k\u00f6\u00f6ginuga <\/span><\/span>\u2013 mitmek\u00fclgne nuga liha ja k\u00f6\u00f6giviljade l\u00f5ikamiseks<\/strong><\/h5>\n<p data-start=\"97\" data-end=\"493\">See Marttiini k\u00f6\u00f6ginuga on ideaalne abiline nii liha, k\u00f6\u00f6giviljade kui ka suuremate koostisosade, n\u00e4iteks kapsa v\u00f5i meloni l\u00f5ikamiseks. Paks ja tugev tera tagab suurep\u00e4rase vastupidavuse ja stabiilsuse, samal ajal kui robustne k\u00e4epide istub mugavalt ka suuremates k\u00e4tes, pakkudes kindlat haaret ja kontrolli. 21 cm pikkune tera v\u00f5imaldab h\u00f5lpsasti l\u00f5igata nii liha kui ka k\u00f6\u00f6givilju koduk\u00f6\u00f6gis.<\/p>\n<ul>\n<li data-start=\"495\" data-end=\"683\">Mitmek\u00fclgne kasutus liha ja k\u00f6\u00f6giviljade l\u00f5ikamiseks<\/li>\n<li data-start=\"495\" data-end=\"683\">Tugev ja vastupidav roostevabast terasest tera<\/li>\n<li data-start=\"495\" data-end=\"683\">Mugav ja ergonoomiline k\u00e4epide<\/li>\n<li data-start=\"495\" data-end=\"683\">Sobib suuremate koostisosade t\u00f6\u00f6tlemiseks<\/li>\n<\/ul>\n<p data-start=\"685\" data-end=\"759\" data-is-last-node=\"\" data-is-only-node=\"\">Soovitame pesta k\u00e4sitsi, et s\u00e4ilitada tera teravus ja k\u00e4epideme kvaliteet.<\/p>\n<p>CKP - Condor Kitchen Professional<\/p>\n<p>&nbsp;<\/p>\n<p><img loading=\"lazy\" decoding=\"async\" class=\"alignnone size-full wp-image-5476\" src=\"https:\/\/tammetorubbq.ee\/wp-content\/uploads\/2023\/11\/Image.png\" alt=\"\" width=\"276\" height=\"57\" srcset=\"https:\/\/tammetorubbq.ee\/wp-content\/uploads\/2023\/11\/Image.png 276w, https:\/\/tammetorubbq.ee\/wp-content\/uploads\/2023\/11\/Image-18x4.png 18w, https:\/\/tammetorubbq.ee\/wp-content\/uploads\/2023\/11\/Image-64x13.png 64w\" sizes=\"auto, (max-width: 276px) 100vw, 276px\" \/><\/p>","protected":false},"featured_media":938,"comment_status":"open","ping_status":"closed","template":"","meta":{"_uf_show_specific_survey":0,"_uf_disable_surveys":false},"pwb-brand":[34],"product_brand":[],"product_cat":[20,27],"product_tag":[315,314],"class_list":{"0":"post-197","1":"product","2":"type-product","3":"status-publish","4":"has-post-thumbnail","6":"pwb-brand-marttiini","7":"product_cat-kampaania","8":"product_cat-noad","9":"product_tag-kokanuga","10":"product_tag-marttiini","12":"first","13":"instock","14":"sale","15":"taxable","16":"shipping-taxable","17":"purchasable","18":"product-type-simple"},"brands":[{"id":34,"name":"Marttiini","slug":"marttiini"}],"_links":{"self":[{"href":"https:\/\/tammetorubbq.ee\/ru\/wp-json\/wp\/v2\/product\/197","targetHints":{"allow":["GET"]}}],"collection":[{"href":"https:\/\/tammetorubbq.ee\/ru\/wp-json\/wp\/v2\/product"}],"about":[{"href":"https:\/\/tammetorubbq.ee\/ru\/wp-json\/wp\/v2\/types\/product"}],"replies":[{"embeddable":true,"href":"https:\/\/tammetorubbq.ee\/ru\/wp-json\/wp\/v2\/comments?post=197"}],"wp:featuredmedia":[{"embeddable":true,"href":"https:\/\/tammetorubbq.ee\/ru\/wp-json\/wp\/v2\/media\/938"}],"wp:attachment":[{"href":"https:\/\/tammetorubbq.ee\/ru\/wp-json\/wp\/v2\/media?parent=197"}],"wp:term":[{"taxonomy":"pwb-brand","embeddable":true,"href":"https:\/\/tammetorubbq.ee\/ru\/wp-json\/wp\/v2\/pwb-brand?post=197"},{"taxonomy":"product_brand","embeddable":true,"href":"https:\/\/tammetorubbq.ee\/ru\/wp-json\/wp\/v2\/product_brand?post=197"},{"taxonomy":"product_cat","embeddable":true,"href":"https:\/\/tammetorubbq.ee\/ru\/wp-json\/wp\/v2\/product_cat?post=197"},{"taxonomy":"product_tag","embeddable":true,"href":"https:\/\/tammetorubbq.ee\/ru\/wp-json\/wp\/v2\/product_tag?post=197"}],"curies":[{"name":"wp","href":"https:\/\/api.w.org\/{rel}","templated":true}]}}