{"id":2065,"date":"2024-11-06T19:11:24","date_gmt":"2024-11-06T17:11:24","guid":{"rendered":"https:\/\/tammetorubbq.ee\/?post_type=product&#038;p=2065"},"modified":"2026-04-15T05:00:03","modified_gmt":"2026-04-15T02:00:03","slug":"%d1%81%d0%be%d1%83%d1%81-%d0%b4%d0%bb%d1%8f-%d0%b1%d1%83%d1%80%d0%b3%d0%b5%d1%80%d0%be%d0%b2-stokes-burger-relish-295-%d0%b3","status":"publish","type":"product","link":"https:\/\/tammetorubbq.ee\/ru\/product-2\/%d1%81%d0%be%d1%83%d1%81-%d0%b4%d0%bb%d1%8f-%d0%b1%d1%83%d1%80%d0%b3%d0%b5%d1%80%d0%be%d0%b2-stokes-burger-relish-295-%d0%b3\/","title":{"rendered":"\u0421\u043e\u0443\u0441 Stokes Burger Relish 295 \u0433"},"content":{"rendered":"<p><strong>\u0418\u043d\u0433\u0440\u0435\u0434\u0438\u0435\u043d\u0442\u044b:<\/strong> \u041a\u0440\u0430\u0441\u043d\u044b\u0439 \u043f\u0435\u0440\u0435\u0446 (20%), \u043b\u0443\u043a (20%), \u0442\u043e\u043c\u0430\u0442 (19%), \u043d\u0435\u0440\u0430\u0444\u0438\u043d\u0438\u0440\u043e\u0432\u0430\u043d\u043d\u044b\u0439 \u0442\u0440\u043e\u0441\u0442\u043d\u0438\u043a\u043e\u0432\u044b\u0439 \u0441\u0430\u0445\u0430\u0440-\u0441\u044b\u0440\u0435\u0446, \u0441\u0438\u0434\u0440\u043e\u0432\u044b\u0439 \u0443\u043a\u0441\u0443\u0441, \u0442\u043e\u043c\u0430\u0442\u043d\u043e\u0435 \u043f\u044e\u0440\u0435, \u043f\u044e\u0440\u0435 \u0438\u0437 \u043a\u0440\u0430\u0441\u043d\u043e\u0433\u043e \u0447\u0438\u043b\u0438 (\u043a\u0440\u0430\u0441\u043d\u044b\u0439 \u0447\u0438\u043b\u0438, \u0431\u0435\u043b\u044b\u0439 \u0432\u0438\u043d\u043d\u044b\u0439 \u0443\u043a\u0441\u0443\u0441, \u043f\u043e\u0434\u0441\u043e\u043b\u043d\u0435\u0447\u043d\u043e\u0435 \u043c\u0430\u0441\u043b\u043e, \u043c\u043e\u0440\u0441\u043a\u0430\u044f \u0441\u043e\u043b\u044c, \u0441\u0442\u0430\u0431\u0438\u043b\u0438\u0437\u0430\u0442\u043e\u0440\u044b: \u0433\u0443\u0430\u0440\u043e\u0432\u0430\u044f \u043a\u0430\u043c\u0435\u0434\u044c), \u043f\u043e\u0434\u0441\u043e\u043b\u043d\u0435\u0447\u043d\u043e\u0435 \u043c\u0430\u0441\u043b\u043e, \u043c\u043e\u0440\u0441\u043a\u0430\u044f \u0441\u043e\u043b\u044c, \u043a\u043e\u043d\u0441\u0435\u0440\u0432\u0430\u043d\u0442: \u0441\u043e\u0440\u0431\u0438\u043d\u043e\u0432\u0430\u044f \u043a\u0438\u0441\u043b\u043e\u0442\u0430.<\/p>\n<p><strong>Toitev\u00e4\u00e4rtus 100g kohta:<\/strong> energia 460kcal\/109kJ, rasva 1,3g, s\u00fcsivesikud 22g, millest suhkrud 21g, proteiin 1,3g, soola 1,1g.<\/p>\n<div class=\"text-token-text-secondary flex items-center justify-center gap-4 px-4 py-2.5 text-sm whitespace-nowrap\">\n<p data-start=\"0\" data-end=\"18\"><strong data-start=\"0\" data-end=\"16\" data-is-only-node=\"\">S\u00e4ilitamine: h<\/strong>oida jahedas, otsese p\u00e4ikesevalguse eest kaitstult. P\u00e4rast avamist hoida k\u00fclmkapis ja tarvitada 4 n\u00e4dala jooksul ning enne pakendil m\u00e4rgitud kuup\u00e4eva.<\/p>\n<h5 data-start=\"0\" data-end=\"18\"><strong data-start=\"35\" data-end=\"84\">Stokes \u2013 aus maitse, ehtsatest koostisosadest!<\/strong><\/h5>\n<\/div>\n<p data-start=\"86\" data-end=\"416\">Stokes on Suurbritannia pereettev\u00f5te, mis on tuntud oma kvaliteetsete kastmete ja maitseainete poolest. Nende toodete keskmes on ehtsad koostisosad, rikkalikud retseptid ja k\u00e4sit\u00f6\u00f6na valminud kvaliteet. Igas purgis ja pudelis on tunda p\u00fchendumust \u2013 olgu tegu ket\u0161upi, majoneesi, BBQ-kastme, chutney, moosi v\u00f5i kreemja m\u00e4dar\u00f5ikaga.<\/p>\n<p data-start=\"418\" data-end=\"702\">Stokes ei kasuta kiirmeetodeid ega l\u00fchendatud teid. Tomatiket\u0161upid sisaldavad rohkem tomateid kui enamik konkurente. Kastmetes on kasutatud ehtsat mett, r\u00f5\u00f5ska koort, v\u00fcrtside naturaalseid ekstrakte ja muid kvaliteetseid komponente, mis loovad tasakaalustatud, puhta ja koduse maitse.<\/p>\n<p data-start=\"704\" data-end=\"908\">Valikust leiab lisaks klassikalistele tomatiket\u0161upitele ka suitsuse chipotle ket\u0161upi, erinevad BBQ-kastmed, t\u00e4idlase majoneesi, mitmed chutney\u2019d, puuviljased moosid ja elegantsed lisandid igap\u00e4evatoidule.<\/p>\n<p data-start=\"1003\" data-end=\"1074\" data-is-only-node=\"\" data-is-last-node=\"\"><strong data-start=\"1003\" data-end=\"1019\">\u0421\u0442\u0440\u0430\u043d\u0430 \u043f\u0440\u043e\u0438\u0441\u0445\u043e\u0436\u0434\u0435\u043d\u0438\u044f:<\/strong>\u00a0\u00dchendkuningriik<\/p>","protected":false},"excerpt":{"rendered":"<h5 data-start=\"92\" data-end=\"142\"><strong data-start=\"92\" data-end=\"140\">Stokes\u2019i magus-pikantne paprika-tomati salsa<\/strong><\/h5>\n<p data-start=\"144\" data-end=\"390\">Avasta Stokes\u2019i rikkalik, kergelt magus salsa punasest paprikast, tomatist ja sibulast, millele lisab m\u00f5nusat iseloomu peen t\u0161illin\u00fcanss.<\/p>\n<p data-start=\"144\" data-end=\"390\">T\u00e4iuslik tasakaal magusa ja kerge v\u00fcrtsikuse vahel muudab selle ideaalseks t\u00e4iendusena igale toidukorrale.<\/p>\n<ul data-start=\"410\" data-end=\"564\">\n<li data-section-id=\"c8syei\" data-start=\"410\" data-end=\"462\">\n<p data-start=\"412\" data-end=\"462\">Lisa burgerite vahele, et tuua maitsele s\u00fcgavust<\/p>\n<\/li>\n<li data-section-id=\"kyzkvk\" data-start=\"463\" data-end=\"512\">\n<p data-start=\"465\" data-end=\"512\">Serveeri nachode v\u00f5i tortilla kihtide k\u00f5rvale<\/p>\n<\/li>\n<li data-section-id=\"b2ud9l\" data-start=\"513\" data-end=\"564\">\n<p data-start=\"515\" data-end=\"564\">Kasuta v\u00e4rske salsana tortilladele v\u00f5i tacodele<\/p>\n<\/li>\n<\/ul>\n<h5 data-start=\"0\" data-end=\"220\"><strong>Kui hindad maitset, mis on korraga aus, lihtne ja l\u00e4bim\u00f5eldud, siis Stokes on kindel valik!<\/strong><\/h5>\n<p><img loading=\"lazy\" decoding=\"async\" class=\"alignnone wp-image-1551\" src=\"http:\/\/tammetorubbq.ee\/wp-content\/uploads\/2023\/12\/stokes-logo-vector-1.png\" alt=\"\" width=\"172\" height=\"95\" srcset=\"https:\/\/tammetorubbq.ee\/wp-content\/uploads\/2023\/12\/stokes-logo-vector-1.png 300w, https:\/\/tammetorubbq.ee\/wp-content\/uploads\/2023\/12\/stokes-logo-vector-1-18x10.png 18w, https:\/\/tammetorubbq.ee\/wp-content\/uploads\/2023\/12\/stokes-logo-vector-1-64x35.png 64w\" sizes=\"auto, (max-width: 172px) 100vw, 172px\" \/><\/p>","protected":false},"featured_media":2066,"comment_status":"open","ping_status":"closed","template":"","meta":{"_uf_show_specific_survey":0,"_uf_disable_surveys":false},"pwb-brand":[89],"product_brand":[],"product_cat":[22],"product_tag":[333],"class_list":{"0":"post-2065","1":"product","2":"type-product","3":"status-publish","4":"has-post-thumbnail","6":"pwb-brand-stokes","7":"product_cat-kastmed-ja-marinaadid","8":"product_tag-stokes","10":"first","11":"instock","12":"taxable","13":"shipping-taxable","14":"purchasable","15":"product-type-simple"},"brands":[{"id":89,"name":"\u0421\u0442\u043e\u043a\u0441","slug":"stokes"}],"_links":{"self":[{"href":"https:\/\/tammetorubbq.ee\/ru\/wp-json\/wp\/v2\/product\/2065","targetHints":{"allow":["GET"]}}],"collection":[{"href":"https:\/\/tammetorubbq.ee\/ru\/wp-json\/wp\/v2\/product"}],"about":[{"href":"https:\/\/tammetorubbq.ee\/ru\/wp-json\/wp\/v2\/types\/product"}],"replies":[{"embeddable":true,"href":"https:\/\/tammetorubbq.ee\/ru\/wp-json\/wp\/v2\/comments?post=2065"}],"wp:featuredmedia":[{"embeddable":true,"href":"https:\/\/tammetorubbq.ee\/ru\/wp-json\/wp\/v2\/media\/2066"}],"wp:attachment":[{"href":"https:\/\/tammetorubbq.ee\/ru\/wp-json\/wp\/v2\/media?parent=2065"}],"wp:term":[{"taxonomy":"pwb-brand","embeddable":true,"href":"https:\/\/tammetorubbq.ee\/ru\/wp-json\/wp\/v2\/pwb-brand?post=2065"},{"taxonomy":"product_brand","embeddable":true,"href":"https:\/\/tammetorubbq.ee\/ru\/wp-json\/wp\/v2\/product_brand?post=2065"},{"taxonomy":"product_cat","embeddable":true,"href":"https:\/\/tammetorubbq.ee\/ru\/wp-json\/wp\/v2\/product_cat?post=2065"},{"taxonomy":"product_tag","embeddable":true,"href":"https:\/\/tammetorubbq.ee\/ru\/wp-json\/wp\/v2\/product_tag?post=2065"}],"curies":[{"name":"wp","href":"https:\/\/api.w.org\/{rel}","templated":true}]}}