{"id":250,"date":"2023-11-28T19:20:17","date_gmt":"2023-11-28T16:20:17","guid":{"rendered":"https:\/\/tammetorubbq.ee\/?post_type=product&#038;p=250"},"modified":"2026-04-26T13:22:03","modified_gmt":"2026-04-26T10:22:03","slug":"%d1%81%d0%bc%d0%b5%d1%81%d1%8c-%d0%bf%d1%80%d0%b8%d0%bf%d1%80%d0%b0%d0%b2-%d0%b4%d0%bb%d1%8f-%d0%b1%d0%b0%d1%80%d0%b1%d0%b5%d0%ba%d1%8e-porky-white-chick-bbq-rub","status":"publish","type":"product","link":"https:\/\/tammetorubbq.ee\/ru\/product-2\/%d1%81%d0%bc%d0%b5%d1%81%d1%8c-%d0%bf%d1%80%d0%b8%d0%bf%d1%80%d0%b0%d0%b2-%d0%b4%d0%bb%d1%8f-%d0%b1%d0%b0%d1%80%d0%b1%d0%b5%d0%ba%d1%8e-porky-white-chick-bbq-rub\/","title":{"rendered":"A&amp;O Porky White Chick Rub 220 \u0433"},"content":{"rendered":"<p><strong>\u0418\u043d\u0433\u0440\u0435\u0434\u0438\u0435\u043d\u0442\u044b<\/strong>: Suhkur, sool, paprika, sellerisool (SELLER), must pipar, sibul, k\u00f6\u00f6mned, sinepipulber (SINEP), k\u00fc\u00fcslauk, pune, t\u0161illi, \u0161iitake, r\u00e4nidioksiid (&lt;2%), E621, E631.<\/p>","protected":false},"excerpt":{"rendered":"<p>\u0421\u043c\u0435\u0441\u044c \u0434\u043b\u044f \u043d\u0430\u0442\u0438\u0440\u0430\u043d\u0438\u044f \u043e\u0442 \u043a\u043e\u043c\u0430\u043d\u0434\u044b Miss Piggy Barbecue \u0437\u0430\u0432\u043e\u0435\u0432\u0430\u043b\u0430 \u043d\u0430\u0433\u0440\u0430\u0434\u044b \u043f\u043e \u0432\u0441\u0435\u043c\u0443 \u043c\u0438\u0440\u0443.<\/p>\n<p><strong data-start=\"161\" data-end=\"190\">Porky White Chick rub <\/strong>t\u00e4idlane ja maitsev! Hoolikalt koostatud maitseaineblendid, mis sobib ideaalselt sealiha, kana ja isegi k\u00f6\u00f6giviljade rikastamiseks.<\/p>\n<p>Selle ainulaadne segu valgetest v\u00fcrtsidest ja aromaatsetest \u00fcrtidest annab teie roogadele m\u00f5nusa s\u00fcgavuse ja t\u00e4idluse.<\/p>\n<p><img loading=\"lazy\" decoding=\"async\" class=\"alignnone  wp-image-279\" src=\"http:\/\/tammetorubbq.ee\/wp-content\/uploads\/2023\/11\/Angus-Oink.png\" alt=\"\" width=\"141\" height=\"141\" srcset=\"https:\/\/tammetorubbq.ee\/wp-content\/uploads\/2023\/11\/Angus-Oink.png 225w, https:\/\/tammetorubbq.ee\/wp-content\/uploads\/2023\/11\/Angus-Oink-150x150.png 150w, https:\/\/tammetorubbq.ee\/wp-content\/uploads\/2023\/11\/Angus-Oink-12x12.png 12w, https:\/\/tammetorubbq.ee\/wp-content\/uploads\/2023\/11\/Angus-Oink-64x64.png 64w\" sizes=\"auto, (max-width: 141px) 100vw, 141px\" \/><\/p>","protected":false},"featured_media":269,"comment_status":"open","ping_status":"closed","template":"","meta":{"_uf_show_specific_survey":0,"_uf_disable_surveys":false},"pwb-brand":[105],"product_brand":[],"product_cat":[21],"product_tag":[118,121,114],"class_list":{"0":"post-250","1":"product","2":"type-product","3":"status-publish","4":"has-post-thumbnail","6":"pwb-brand-angus-oink","7":"product_cat-maitseainesegud","8":"product_tag-kanaliha","9":"product_tag-koogiviljad","10":"product_tag-sealiha","12":"first","13":"instock","14":"taxable","15":"shipping-taxable","16":"purchasable","17":"product-type-simple"},"brands":[{"id":105,"name":"\u0410\u043d\u0433\u0443\u0441 \u0438 \u041e\u0438\u043d\u043a","slug":"angus-oink"}],"_links":{"self":[{"href":"https:\/\/tammetorubbq.ee\/ru\/wp-json\/wp\/v2\/product\/250","targetHints":{"allow":["GET"]}}],"collection":[{"href":"https:\/\/tammetorubbq.ee\/ru\/wp-json\/wp\/v2\/product"}],"about":[{"href":"https:\/\/tammetorubbq.ee\/ru\/wp-json\/wp\/v2\/types\/product"}],"replies":[{"embeddable":true,"href":"https:\/\/tammetorubbq.ee\/ru\/wp-json\/wp\/v2\/comments?post=250"}],"wp:featuredmedia":[{"embeddable":true,"href":"https:\/\/tammetorubbq.ee\/ru\/wp-json\/wp\/v2\/media\/269"}],"wp:attachment":[{"href":"https:\/\/tammetorubbq.ee\/ru\/wp-json\/wp\/v2\/media?parent=250"}],"wp:term":[{"taxonomy":"pwb-brand","embeddable":true,"href":"https:\/\/tammetorubbq.ee\/ru\/wp-json\/wp\/v2\/pwb-brand?post=250"},{"taxonomy":"product_brand","embeddable":true,"href":"https:\/\/tammetorubbq.ee\/ru\/wp-json\/wp\/v2\/product_brand?post=250"},{"taxonomy":"product_cat","embeddable":true,"href":"https:\/\/tammetorubbq.ee\/ru\/wp-json\/wp\/v2\/product_cat?post=250"},{"taxonomy":"product_tag","embeddable":true,"href":"https:\/\/tammetorubbq.ee\/ru\/wp-json\/wp\/v2\/product_tag?post=250"}],"curies":[{"name":"wp","href":"https:\/\/api.w.org\/{rel}","templated":true}]}}