{"id":2524,"date":"2025-03-14T12:14:03","date_gmt":"2025-03-14T10:14:03","guid":{"rendered":"https:\/\/tammetorubbq.ee\/?post_type=product&#038;p=2524"},"modified":"2026-04-19T16:00:05","modified_gmt":"2026-04-19T13:00:05","slug":"%d1%81%d0%be%d1%83%d1%81-%d0%b4%d0%bb%d1%8f-%d0%b1%d0%b0%d1%80%d0%b1%d0%b5%d0%ba%d1%8e-heath-riles-competition-473-%d0%bc%d0%bb","status":"publish","type":"product","link":"https:\/\/tammetorubbq.ee\/ru\/product-2\/%d1%81%d0%be%d1%83%d1%81-%d0%b4%d0%bb%d1%8f-%d0%b1%d0%b0%d1%80%d0%b1%d0%b5%d0%ba%d1%8e-heath-riles-competition-473-%d0%bc%d0%bb\/","title":{"rendered":"\u0421\u043e\u0443\u0441 \u0434\u043b\u044f \u0431\u0430\u0440\u0431\u0435\u043a\u044e Heath Riles Competition 473 \u043c\u043b"},"content":{"rendered":"<p><strong>\u0418\u043d\u0433\u0440\u0435\u0434\u0438\u0435\u043d\u0442\u044b<\/strong>: ket\u0161up (vesi, tomatipasta, suhkur, destilleeritud \u00e4\u00e4dikas, suhkrusiirup, sibulapulber, tamarind ja v\u00fcrts), suhkur, pruun suhkur, siidri\u00e4\u00e4dikas, vesi, k\u00f5rge fruktoosisisaldusega komesiirup, v\u00fcrtsisool, maisit\u00e4rklis, paprika, Worcestershire&#8217;i sool, kaste (Worcestershire&#8217;i soolakaste, Melass, karamelliv\u00e4rv, tamarind, sibul ja k\u00fc\u00fcslauk), vaniljeekstrakti vesi, alkohol (26%), looduslikud l\u00f5hna- ja maitseained, vanilliin ja muud kunstlikud maitseained, maisisiirup ja karamelliv\u00e4rv)], kuivatatud k\u00fc\u00fcslauk.<\/p>","protected":false},"excerpt":{"rendered":"<p data-start=\"59\" data-end=\"331\"><strong data-start=\"59\" data-end=\"96\">Heath Riles Competition BBQ kaste <\/strong>on auhinnatud BBQ-kaste, mis on loodud koost\u00f6\u00f6s Checkered Pig BBQ-ga Martinsville\u2019is, Virginias. Selle kastme ainulaadne ja tasakaalustatud maitse s\u00fcndis p\u00f5hjalike katsetuste tulemusena ning on m\u00f5eldud t\u00f5elistele BBQ-entusiastidele.<\/p>\n<p data-start=\"333\" data-end=\"613\">Kaste sobib suurep\u00e4raselt kasutamiseks eraldi, kuid toimib ideaalselt ka koos teiste Heath Riles\u2019i kastmetega. Just selle kastme ja Heath Riles Sweet BBQ kastme kombinatsioon viis Heath Riles\u2019i v\u00f5iduni ribide kategoorias 2022. aasta Memphis in May BBQ maailmameistriv\u00f5istlustel.<\/p>\n<p data-start=\"615\" data-end=\"773\">See on valmis maitsekooslus, kus magusa ja kergelt hapuka profiili tasakaal on paika timmitud \u2013 sina ei pea midagi juurde s\u00e4ttima, lihtsalt kasuta ja naudi.<\/p>\n<p data-start=\"775\" data-end=\"1066\">Heath Riles on maailmatasemel BBQ-meister, kes on v\u00f5itnud arvukalt tiitleid ribide kategoorias ning kasutab oma v\u00f5iduretseptides alati enda loodud maitseaineid ja kastmeid. See kaste on tema v\u00f5istlusrepertuaari v\u00e4rske t\u00e4iendus, mis toob meistriv\u00f5istluste v\u00e4\u00e4rilise maitse ka sinu grillile.<\/p>\n<h5 data-start=\"1068\" data-end=\"1147\"><strong data-start=\"1068\" data-end=\"1145\">T\u00f5sta oma grillroogade tase uuele k\u00f5rgusele ja naudi ehtsat v\u00f5idumaitset!<\/strong><\/h5>\n<p><img loading=\"lazy\" decoding=\"async\" class=\"alignnone wp-image-5481\" src=\"https:\/\/tammetorubbq.ee\/wp-content\/uploads\/2024\/02\/Heath-Riles-Logo-SQ-300x300.png\" alt=\"\" width=\"158\" height=\"158\" srcset=\"https:\/\/tammetorubbq.ee\/wp-content\/uploads\/2024\/02\/Heath-Riles-Logo-SQ-300x300.png 300w, https:\/\/tammetorubbq.ee\/wp-content\/uploads\/2024\/02\/Heath-Riles-Logo-SQ-150x150.png 150w, https:\/\/tammetorubbq.ee\/wp-content\/uploads\/2024\/02\/Heath-Riles-Logo-SQ-768x768.png 768w, https:\/\/tammetorubbq.ee\/wp-content\/uploads\/2024\/02\/Heath-Riles-Logo-SQ-12x12.png 12w, https:\/\/tammetorubbq.ee\/wp-content\/uploads\/2024\/02\/Heath-Riles-Logo-SQ-600x600.png 600w, https:\/\/tammetorubbq.ee\/wp-content\/uploads\/2024\/02\/Heath-Riles-Logo-SQ-64x64.png 64w, https:\/\/tammetorubbq.ee\/wp-content\/uploads\/2024\/02\/Heath-Riles-Logo-SQ.png 1000w\" sizes=\"auto, (max-width: 158px) 100vw, 158px\" \/><\/p>","protected":false},"featured_media":2525,"comment_status":"open","ping_status":"closed","template":"","meta":{"_uf_show_specific_survey":0,"_uf_disable_surveys":false},"pwb-brand":[84],"product_brand":[],"product_cat":[22],"product_tag":[347],"class_list":{"0":"post-2524","1":"product","2":"type-product","3":"status-publish","4":"has-post-thumbnail","6":"pwb-brand-heath-riles","7":"product_cat-kastmed-ja-marinaadid","8":"product_tag-heath-riles","10":"first","11":"instock","12":"taxable","13":"shipping-taxable","14":"purchasable","15":"product-type-simple"},"brands":[{"id":84,"name":"\u0425\u0438\u0442 \u0420\u0430\u0439\u043b\u0441","slug":"heath-riles"}],"_links":{"self":[{"href":"https:\/\/tammetorubbq.ee\/ru\/wp-json\/wp\/v2\/product\/2524","targetHints":{"allow":["GET"]}}],"collection":[{"href":"https:\/\/tammetorubbq.ee\/ru\/wp-json\/wp\/v2\/product"}],"about":[{"href":"https:\/\/tammetorubbq.ee\/ru\/wp-json\/wp\/v2\/types\/product"}],"replies":[{"embeddable":true,"href":"https:\/\/tammetorubbq.ee\/ru\/wp-json\/wp\/v2\/comments?post=2524"}],"wp:featuredmedia":[{"embeddable":true,"href":"https:\/\/tammetorubbq.ee\/ru\/wp-json\/wp\/v2\/media\/2525"}],"wp:attachment":[{"href":"https:\/\/tammetorubbq.ee\/ru\/wp-json\/wp\/v2\/media?parent=2524"}],"wp:term":[{"taxonomy":"pwb-brand","embeddable":true,"href":"https:\/\/tammetorubbq.ee\/ru\/wp-json\/wp\/v2\/pwb-brand?post=2524"},{"taxonomy":"product_brand","embeddable":true,"href":"https:\/\/tammetorubbq.ee\/ru\/wp-json\/wp\/v2\/product_brand?post=2524"},{"taxonomy":"product_cat","embeddable":true,"href":"https:\/\/tammetorubbq.ee\/ru\/wp-json\/wp\/v2\/product_cat?post=2524"},{"taxonomy":"product_tag","embeddable":true,"href":"https:\/\/tammetorubbq.ee\/ru\/wp-json\/wp\/v2\/product_tag?post=2524"}],"curies":[{"name":"wp","href":"https:\/\/api.w.org\/{rel}","templated":true}]}}