{"id":254,"date":"2023-11-29T08:33:25","date_gmt":"2023-11-29T05:33:25","guid":{"rendered":"https:\/\/tammetorubbq.ee\/?post_type=product&#038;p=254"},"modified":"2026-04-26T17:00:02","modified_gmt":"2026-04-26T14:00:02","slug":"%d1%81%d0%bc%d0%b5%d1%81%d1%8c-%d1%81%d0%bf%d0%b5%d1%86%d0%b8%d0%b9-%d0%b4%d0%bb%d1%8f-%d1%80%d0%be%d0%bc%d0%b0-%d1%81-%d1%87%d0%b5%d1%80%d0%bd%d1%8b%d0%bc-%d0%b7%d0%be%d0%bb%d0%be%d1%82%d0%be%d0%bc","status":"publish","type":"product","link":"https:\/\/tammetorubbq.ee\/ru\/product-2\/%d1%81%d0%bc%d0%b5%d1%81%d1%8c-%d1%81%d0%bf%d0%b5%d1%86%d0%b8%d0%b9-%d0%b4%d0%bb%d1%8f-%d1%80%d0%be%d0%bc%d0%b0-%d1%81-%d1%87%d0%b5%d1%80%d0%bd%d1%8b%d0%bc-%d0%b7%d0%be%d0%bb%d0%be%d1%82%d0%be%d0%bc\/","title":{"rendered":"A&amp;O Black Gold SPG Rub 215g"},"content":{"rendered":"<p><strong>\u0418\u043d\u0433\u0440\u0435\u0434\u0438\u0435\u043d\u0442\u044b:<\/strong> \u0421\u043e\u043b\u044c, \u0447\u0435\u0440\u043d\u044b\u0439 \u043f\u0435\u0440\u0435\u0446, \u043a\u043e\u043f\u0447\u0435\u043d\u0430\u044f \u0441\u043e\u043b\u044c, \u0433\u0440\u0430\u043d\u0443\u043b\u044b \u0447\u0435\u0441\u043d\u043e\u043a\u0430, \u0441\u0435\u043b\u044c\u0434\u0435\u0440\u0435\u0439\u043d\u0430\u044f \u0441\u043e\u043b\u044c (\u0441\u0435\u043b\u044c\u0434\u0435\u0440\u0435\u0439), \u043d\u0430\u0442\u0443\u0440\u0430\u043b\u044c\u043d\u044b\u0439 \u0430\u0440\u043e\u043c\u0430\u0442\u0438\u0437\u0430\u0442\u043e\u0440, \u043c\u0443\u0441\u043a\u0430\u0442\u043d\u044b\u0439 \u043e\u0440\u0435\u0445, \u043f\u043e\u0440\u043e\u0448\u043e\u043a \u0443\u043a\u0441\u0443\u0441\u0430, \u0433\u043b\u0443\u0442\u0430\u043c\u0430\u0442 \u043d\u0430\u0442\u0440\u0438\u044f, \u0438\u043d\u043e\u0437\u0438\u043d\u0430\u0442 \u043d\u0430\u0442\u0440\u0438\u044f, \u0430\u043a\u0442\u0438\u0432\u0438\u0440\u043e\u0432\u0430\u043d\u043d\u044b\u0439 \u0443\u0433\u043e\u043b\u044c.<\/p>","protected":false},"excerpt":{"rendered":"<h5><strong>Supercharged SPG (sool, pipar, k\u00fc\u00fcslauk)<\/strong><\/h5>\n<p data-start=\"92\" data-end=\"220\">See maitseainesegu loodi \u00fche eesm\u00e4rgiga \u2013 viia teie veiseliha kogemus t\u00e4iesti uuele tasemele!<\/p>\n<p data-start=\"222\" data-end=\"416\">J\u00f5uline, umami-rikas segu, mis loob liha pinnale intensiivse kooriku ja s\u00fcgava, t\u00e4idlase maitsealuse. Ideaalne neile, kes hindavad mahlast ja t\u00e4idlase iseloomuga liha, ilma liigse keerukuseta.<\/p>\n<p>\u0413\u041b\u0423\u0422\u0415\u041d\u0418\u0412\u0410\u0411\u0410<\/p>\n<p><img loading=\"lazy\" decoding=\"async\" class=\"alignnone  wp-image-279\" src=\"https:\/\/tammetorubbq.ee\/wp-content\/uploads\/2023\/11\/Angus-Oink.png\" alt=\"\" width=\"171\" height=\"171\" srcset=\"https:\/\/tammetorubbq.ee\/wp-content\/uploads\/2023\/11\/Angus-Oink.png 225w, https:\/\/tammetorubbq.ee\/wp-content\/uploads\/2023\/11\/Angus-Oink-150x150.png 150w, https:\/\/tammetorubbq.ee\/wp-content\/uploads\/2023\/11\/Angus-Oink-12x12.png 12w, https:\/\/tammetorubbq.ee\/wp-content\/uploads\/2023\/11\/Angus-Oink-64x64.png 64w\" sizes=\"auto, (max-width: 171px) 100vw, 171px\" \/><\/p>","protected":false},"featured_media":272,"comment_status":"open","ping_status":"closed","template":"","meta":{"_uf_show_specific_survey":0,"_uf_disable_surveys":false},"pwb-brand":[],"product_brand":[],"product_cat":[21],"product_tag":[123,119,165],"class_list":{"0":"post-254","1":"product","2":"type-product","3":"status-publish","4":"has-post-thumbnail","6":"product_cat-maitseainesegud","7":"product_tag-steik","8":"product_tag-veiseliha","9":"product_tag-veiseribi","11":"first","12":"instock","13":"taxable","14":"shipping-taxable","15":"purchasable","16":"product-type-simple"},"brands":[],"_links":{"self":[{"href":"https:\/\/tammetorubbq.ee\/ru\/wp-json\/wp\/v2\/product\/254","targetHints":{"allow":["GET"]}}],"collection":[{"href":"https:\/\/tammetorubbq.ee\/ru\/wp-json\/wp\/v2\/product"}],"about":[{"href":"https:\/\/tammetorubbq.ee\/ru\/wp-json\/wp\/v2\/types\/product"}],"replies":[{"embeddable":true,"href":"https:\/\/tammetorubbq.ee\/ru\/wp-json\/wp\/v2\/comments?post=254"}],"wp:featuredmedia":[{"embeddable":true,"href":"https:\/\/tammetorubbq.ee\/ru\/wp-json\/wp\/v2\/media\/272"}],"wp:attachment":[{"href":"https:\/\/tammetorubbq.ee\/ru\/wp-json\/wp\/v2\/media?parent=254"}],"wp:term":[{"taxonomy":"pwb-brand","embeddable":true,"href":"https:\/\/tammetorubbq.ee\/ru\/wp-json\/wp\/v2\/pwb-brand?post=254"},{"taxonomy":"product_brand","embeddable":true,"href":"https:\/\/tammetorubbq.ee\/ru\/wp-json\/wp\/v2\/product_brand?post=254"},{"taxonomy":"product_cat","embeddable":true,"href":"https:\/\/tammetorubbq.ee\/ru\/wp-json\/wp\/v2\/product_cat?post=254"},{"taxonomy":"product_tag","embeddable":true,"href":"https:\/\/tammetorubbq.ee\/ru\/wp-json\/wp\/v2\/product_tag?post=254"}],"curies":[{"name":"wp","href":"https:\/\/api.w.org\/{rel}","templated":true}]}}