{"id":2563,"date":"2025-03-27T10:05:37","date_gmt":"2025-03-27T08:05:37","guid":{"rendered":"https:\/\/tammetorubbq.ee\/?post_type=product&#038;p=2563"},"modified":"2026-05-06T20:00:11","modified_gmt":"2026-05-06T17:00:11","slug":"%d1%82%d0%b5%d1%80%d0%bc%d0%be%d0%bc%d0%b5%d1%82%d1%80-%d0%b4%d0%bb%d1%8f-%d0%bc%d1%8f%d1%81%d0%b0-inkbird-iht-1k","status":"publish","type":"product","link":"https:\/\/tammetorubbq.ee\/ru\/toode\/inkbird-iht-1k-liha-sisetermomeeter\/","title":{"rendered":"Inkbird IHT-1K \u0422\u0435\u0440\u043c\u043e\u043c\u0435\u0442\u0440 \u0434\u043b\u044f \u043c\u044f\u0441\u0430 \u0441 \u0446\u0438\u0441\u0435\u0442\u043e\u043c\u0435\u0442\u0440\u043e\u043c"},"content":{"rendered":"<h3 class=\"\" data-start=\"806\" data-end=\"828\">\ud83d\udce6 Komplekti sisu:<\/h3>\n<ul data-start=\"830\" data-end=\"994\">\n<li class=\"\" data-start=\"830\" data-end=\"871\">\n<p class=\"\" data-start=\"832\" data-end=\"871\"><span class=\"relative -mx-px my-[-0.2rem] rounded px-px py-[0.2rem] transition-colors duration-100 ease-in-out\">Inkbird IHT-1K digitaalne toidutermomeeter<\/span><\/p>\n<\/li>\n<li class=\"\" data-start=\"872\" data-end=\"913\">\n<p class=\"\" data-start=\"874\" data-end=\"913\"><span class=\"relative -mx-px my-[-0.2rem] rounded px-px py-[0.2rem] transition-colors duration-100 ease-in-out\">USB-laadimiskaabel<\/span><\/p>\n<\/li>\n<li class=\"\" data-start=\"914\" data-end=\"994\">\n<p class=\"\" data-start=\"916\" data-end=\"994\"><span class=\"relative -mx-px my-[-0.2rem] rounded px-px py-[0.2rem] transition-colors duration-100 ease-in-out\">Kasutusjuhend<\/span><\/p>\n<\/li>\n<\/ul>\n","protected":false},"excerpt":{"rendered":"<p><span style=\"color: #0000ff;\"><strong>T\u00e4pne, kiire ja vastupidav.<\/strong><\/span><\/p>\n<p><span class=\"relative -mx-px my-[-0.2rem] rounded px-px py-[0.2rem] transition-colors duration-100 ease-in-out\">Inkbird IHT-1K on professionaalne ja kiire digitaaltermomeeter, mis sobib ideaalselt grillimiseks, k\u00fcpsetamiseks, praadimiseks ja igap\u00e4evaseks toiduvalmistamiseks.<\/span> <span class=\"relative -mx-px my-[-0.2rem] rounded px-px py-[0.2rem] transition-colors duration-100 ease-in-out\">T\u00e4nu oma t\u00e4psusele ja kasutusmugavusele on see usaldusv\u00e4\u00e4rne t\u00f6\u00f6riist nii kodukokkadele kui ka professionaalsetele grillmeistritele.<\/span><\/p>\n<ul>\n<li class=\"\" data-start=\"146\" data-end=\"208\">\n<p class=\"\" data-start=\"148\" data-end=\"208\"><strong data-start=\"148\" data-end=\"169\">\u00dclikiire m\u00f5\u00f5tmine<\/strong>: <span class=\"relative -mx-px my-[-0.2rem] rounded px-px py-[0.2rem] transition-colors duration-100 ease-in-out\">Temperatuuri n\u00e4it ilmub ekraanile vaid 1 sekundiga t\u00e4nu K-t\u00fc\u00fcpi termopaarile.<\/span><\/p>\n<\/li>\n<li class=\"\" data-start=\"209\" data-end=\"268\">\n<p class=\"\" data-start=\"211\" data-end=\"268\"><strong data-start=\"211\" data-end=\"227\">K\u00f5rge t\u00e4psus<\/strong>: <span class=\"relative -mx-px my-[-0.2rem] rounded px-px py-[0.2rem] transition-colors duration-100 ease-in-out\">\u00b10,5\u202f\u00b0C (\u00b11,0\u202f\u00b0F), mis tagab usaldusv\u00e4\u00e4rsed tulemused igas olukorras.<\/span><\/p>\n<\/li>\n<li class=\"\" data-start=\"269\" data-end=\"335\">\n<p class=\"\" data-start=\"271\" data-end=\"335\"><strong data-start=\"271\" data-end=\"294\">180\u00b0 p\u00f6\u00f6ratav andur<\/strong>: <span class=\"relative -mx-px my-[-0.2rem] rounded px-px py-[0.2rem] transition-colors duration-100 ease-in-out\">Kokkupandav andur aktiveerib seadme automaatselt ja v\u00f5imaldab m\u00f5\u00f5tmist erinevatest nurkadest.<\/span><\/p>\n<\/li>\n<li class=\"\" data-start=\"336\" data-end=\"399\">\n<p class=\"\" data-start=\"338\" data-end=\"399\"><strong data-start=\"338\" data-end=\"358\">Veekindel disain<\/strong>: <span class=\"relative -mx-px my-[-0.2rem] rounded px-px py-[0.2rem] transition-colors duration-100 ease-in-out\">IPX5 kaitseklassiga korpus talub veepritsmeid ja niiskust.<\/span><\/p>\n<\/li>\n<li class=\"\" data-start=\"400\" data-end=\"457\">\n<p class=\"\" data-start=\"402\" data-end=\"457\"><strong data-start=\"402\" data-end=\"416\">Laetav aku<\/strong>: <span class=\"relative -mx-px my-[-0.2rem] rounded px-px py-[0.2rem] transition-colors duration-100 ease-in-out\">Sisseehitatud 250\u202fmAh liitiumaku kestab kuni 19 tundi ja laeb t\u00e4is 2,5 tunniga.<\/span><\/p>\n<\/li>\n<li class=\"\" data-start=\"458\" data-end=\"537\">\n<p class=\"\" data-start=\"460\" data-end=\"537\"><strong data-start=\"460\" data-end=\"496\">HD LCD-ekraan taustavalgustusega<\/strong>: <span class=\"relative -mx-px my-[-0.2rem] rounded px-px py-[0.2rem] transition-colors duration-100 ease-in-out\">40\u202f\u00d7\u202f16\u202fmm ekraan tagab selge n\u00e4htavuse ka h\u00e4maras.<\/span><\/p>\n<\/li>\n<li class=\"\" data-start=\"538\" data-end=\"617\">\n<p class=\"\" data-start=\"540\" data-end=\"617\"><strong data-start=\"540\" data-end=\"576\">Automaatne unere\u017eiim ja \u00e4rkamine<\/strong>: <span class=\"relative -mx-px my-[-0.2rem] rounded px-px py-[0.2rem] transition-colors duration-100 ease-in-out\">Liikumisandur l\u00fclitab seadme sisse ja v\u00e4lja vastavalt kasutusele.<\/span><\/p>\n<\/li>\n<li class=\"\" data-start=\"618\" data-end=\"692\">\n<p class=\"\" data-start=\"620\" data-end=\"692\"><strong data-start=\"620\" data-end=\"651\">Temperatuuri kalibreerimine<\/strong>: <span class=\"relative -mx-px my-[-0.2rem] rounded px-px py-[0.2rem] transition-colors duration-100 ease-in-out\">V\u00f5imalus kalibreerida vahemikus \u00b13\u202f\u00b0C (\u00b15\u202f\u00b0F) t\u00e4psema m\u00f5\u00f5tmise tagamiseks.<\/span><\/p>\n<\/li>\n<li class=\"\" data-start=\"693\" data-end=\"799\">\n<p class=\"\" data-start=\"695\" data-end=\"799\"><strong data-start=\"695\" data-end=\"719\">Magnetiline tagak\u00fclg<\/strong>: <span class=\"relative -mx-px my-[-0.2rem] rounded px-px py-[0.2rem] transition-colors duration-100 ease-in-out\">V\u00f5imaldab kinnitada termomeetri metallpindadele mugavaks hoiustamiseks.<\/span><\/p>\n<\/li>\n<\/ul>\n<p><span class=\"relative -mx-px my-[-0.2rem] rounded px-px py-[0.2rem] transition-colors duration-100 ease-in-out\">Inkbird IHT-1K on ideaalne valik neile, kes hindavad kiirust, t\u00e4psust ja t\u00f6\u00f6kindlust toiduvalmistamisel.<\/span> <span class=\"relative -mx-px my-[-0.2rem] rounded px-px py-[0.2rem] transition-colors duration-100 ease-in-out\">Olgu tegemist BBQ, k\u00fcpsetamise v\u00f5i igap\u00e4evase toiduvalmistamisega \u2013 see termomeeter tagab alati t\u00e4iuslikud tulemused.<\/span><\/p>\n<p class=\"\" data-start=\"0\" data-end=\"281\"><strong data-start=\"0\" data-end=\"15\">Pro tip: <\/strong>Kui m\u00f5\u00f5dad liha sisetemperatuuri, <strong data-start=\"52\" data-end=\"96\">torka andur alati k\u00f5ige paksemasse kohta<\/strong>, v\u00e4ltides luid v\u00f5i rasvakihti \u2013 nii saad k\u00f5ige t\u00e4psema tulemuse. Grillimisel j\u00e4ta termomeeter hetkeks liha sisse, sulge grilli kaas ja vaata v\u00e4\u00e4rtus ekraanilt ilma kuumust kaotamata!<\/p>\n<p class=\"\" data-start=\"283\" data-end=\"410\">Lisaks: t\u00e4nu <strong data-start=\"296\" data-end=\"325\">magnetilisele tagak\u00fcljele<\/strong> saad termomeetri grillile v\u00f5i ahju uksele kinnitada \u2013 alati k\u00e4ep\u00e4rast, kunagi jalus.<\/p>\n<p><img loading=\"lazy\" decoding=\"async\" class=\"alignnone wp-image-949\" src=\"http:\/\/tammetorubbq.ee\/wp-content\/uploads\/2023\/11\/Inkbird-300x300.jpg\" alt=\"\" width=\"170\" height=\"170\" srcset=\"https:\/\/tammetorubbq.ee\/wp-content\/uploads\/2023\/11\/Inkbird-300x300.jpg 300w, https:\/\/tammetorubbq.ee\/wp-content\/uploads\/2023\/11\/Inkbird-150x150.jpg 150w, https:\/\/tammetorubbq.ee\/wp-content\/uploads\/2023\/11\/Inkbird-12x12.jpg 12w, https:\/\/tammetorubbq.ee\/wp-content\/uploads\/2023\/11\/Inkbird-64x64.jpg 64w, https:\/\/tammetorubbq.ee\/wp-content\/uploads\/2023\/11\/Inkbird.jpg 400w\" sizes=\"auto, (max-width: 170px) 100vw, 170px\" \/><\/p>\n","protected":false},"featured_media":5837,"comment_status":"open","ping_status":"closed","template":"","meta":{"_uf_show_specific_survey":0,"_uf_disable_surveys":false},"pwb-brand":[67],"product_brand":[],"product_cat":[30,66],"product_tag":[134,116,115],"class_list":{"0":"post-2563","1":"product","2":"type-product","3":"status-publish","4":"has-post-thumbnail","6":"pwb-brand-inkbird","7":"product_cat-grillimise-tarvikud","8":"product_cat-termomeetrid","9":"product_tag-grillimise-tarvikud","10":"product_tag-inkbird","11":"product_tag-termomeeter","13":"first","14":"instock","15":"taxable","16":"shipping-taxable","17":"purchasable","18":"product-type-simple"},"brands":[{"id":67,"name":"Inkbird","slug":"%d1%87%d0%b5%d1%80%d0%bd%d0%b8%d0%bb%d1%8c%d0%bd%d0%b0%d1%8f-%d0%bf%d1%82%d0%b8%d1%86%d0%b0"}],"_links":{"self":[{"href":"https:\/\/tammetorubbq.ee\/ru\/wp-json\/wp\/v2\/product\/2563","targetHints":{"allow":["GET"]}}],"collection":[{"href":"https:\/\/tammetorubbq.ee\/ru\/wp-json\/wp\/v2\/product"}],"about":[{"href":"https:\/\/tammetorubbq.ee\/ru\/wp-json\/wp\/v2\/types\/product"}],"replies":[{"embeddable":true,"href":"https:\/\/tammetorubbq.ee\/ru\/wp-json\/wp\/v2\/comments?post=2563"}],"wp:featuredmedia":[{"embeddable":true,"href":"https:\/\/tammetorubbq.ee\/ru\/wp-json\/wp\/v2\/media\/5837"}],"wp:attachment":[{"href":"https:\/\/tammetorubbq.ee\/ru\/wp-json\/wp\/v2\/media?parent=2563"}],"wp:term":[{"taxonomy":"pwb-brand","embeddable":true,"href":"https:\/\/tammetorubbq.ee\/ru\/wp-json\/wp\/v2\/pwb-brand?post=2563"},{"taxonomy":"product_brand","embeddable":true,"href":"https:\/\/tammetorubbq.ee\/ru\/wp-json\/wp\/v2\/product_brand?post=2563"},{"taxonomy":"product_cat","embeddable":true,"href":"https:\/\/tammetorubbq.ee\/ru\/wp-json\/wp\/v2\/product_cat?post=2563"},{"taxonomy":"product_tag","embeddable":true,"href":"https:\/\/tammetorubbq.ee\/ru\/wp-json\/wp\/v2\/product_tag?post=2563"}],"curies":[{"name":"wp","href":"https:\/\/api.w.org\/{rel}","templated":true}]}}