{"id":3075,"date":"2025-04-28T22:05:51","date_gmt":"2025-04-28T19:05:51","guid":{"rendered":"https:\/\/tammetorubbq.ee\/?post_type=product&#038;p=3075"},"modified":"2026-04-15T00:00:05","modified_gmt":"2026-04-14T21:00:05","slug":"big-poppa-smokers-jallelujah-jalapeno-bacon-rub-377-%d0%b3","status":"publish","type":"product","link":"https:\/\/tammetorubbq.ee\/ru\/product-2\/big-poppa-smokers-jallelujah-jalapeno-bacon-rub-377-%d0%b3\/","title":{"rendered":"Big Poppa Smokers Jallelujah Jalapeno Rub 403g"},"content":{"rendered":"<p><strong>\u0418\u043d\u0433\u0440\u0435\u0434\u0438\u0435\u043d\u0442\u044b:<\/strong> sool, v\u00fcrtsid, suhkur, kuivatatud k\u00fc\u00fcslauk, jalape\u00f1o, sibul ja paprikas, jalape\u00f1opulber, maisit\u00e4rklis ning selleri ekstraktid.<\/p>\n<p data-start=\"128\" data-end=\"183\" data-is-last-node=\"\" data-is-only-node=\"\">Sisaldab biotehnoloogiliselt toodetud toidu koostisosa.<\/p>","protected":false},"excerpt":{"rendered":"<p data-start=\"110\" data-end=\"501\"><strong><span style=\"color: #ff0000;\">L\u00d5PUM\u00dc\u00dcK<\/span> &#8211; Parim enne m\u00f6\u00f6das 27.07.2025\u00a0<\/strong><\/p>\n<p class=\"\" data-start=\"110\" data-end=\"501\"><strong data-start=\"63\" data-end=\"107\">Jallelujah Jalape\u00f1o BBQ rub<\/strong>\u00a0on auhinnatud ja professionaalide armastatud maitseainesegu, mis lisab roogadele t\u00e4iusliku tasakaalu v\u00fcrtsikuse ja maheda tulisuse vahel.<\/p>\n<p class=\"\" data-start=\"110\" data-end=\"501\">Sobib suurep\u00e4raselt BBQ-le, kanale, k\u00f6\u00f6giviljadele, kartulipudrule, mereandidele ja isegi kokteilidele.<\/p>\n<p class=\"\" data-start=\"110\" data-end=\"501\">Jalape\u00f1o tulisuse tugevuse saad reguleerida ise. Ideaalne ka kiire, imehea guacamole valmistamiseks.<\/p>\n<p data-start=\"110\" data-end=\"501\"><strong>Gluteenivaba &amp; ilma MSG-ta.<\/strong><\/p>\n<p data-start=\"503\" data-end=\"727\"><strong data-start=\"79\" data-end=\"91\">\ud83d\udca1 \u0421\u043e\u0432\u0435\u0442 \u043f\u0440\u043e\u0444\u0435\u0441\u0441\u0438\u043e\u043d\u0430\u043b\u0430:<\/strong> Sega maitseainet majoneesi v\u00f5i hapukoorega ja saad hetkega megamaitseka dipi grillitud k\u00f6\u00f6giviljade, kr\u00f5psude v\u00f5i tacode k\u00f5rvale.<\/p>\n<p><img loading=\"lazy\" decoding=\"async\" class=\"wp-image-1557\" src=\"http:\/\/www.tammetorubbq.ee\/wp-content\/uploads\/2024\/03\/Big-Poppa-Smokers-Logo-Vector-300x225.webp\" alt=\"\u041a\u043e\u043f\u0442\u0438\u043b\u044c\u043d\u0438 \u0411\u043e\u043b\u044c\u0448\u043e\u0433\u043e \u041f\u0430\u043f\u044b\" width=\"180\" height=\"135\" srcset=\"https:\/\/tammetorubbq.ee\/wp-content\/uploads\/2024\/03\/Big-Poppa-Smokers-Logo-Vector-300x225.webp 300w, https:\/\/tammetorubbq.ee\/wp-content\/uploads\/2024\/03\/Big-Poppa-Smokers-Logo-Vector-768x576.webp 768w, https:\/\/tammetorubbq.ee\/wp-content\/uploads\/2024\/03\/Big-Poppa-Smokers-Logo-Vector-16x12.webp 16w, https:\/\/tammetorubbq.ee\/wp-content\/uploads\/2024\/03\/Big-Poppa-Smokers-Logo-Vector-600x450.webp 600w, https:\/\/tammetorubbq.ee\/wp-content\/uploads\/2024\/03\/Big-Poppa-Smokers-Logo-Vector-64x48.webp 64w, https:\/\/tammetorubbq.ee\/wp-content\/uploads\/2024\/03\/Big-Poppa-Smokers-Logo-Vector.webp 866w\" sizes=\"auto, (max-width: 180px) 100vw, 180px\" \/><\/p>","protected":false},"featured_media":4561,"comment_status":"open","ping_status":"closed","template":"","meta":{"_uf_show_specific_survey":0,"_uf_disable_surveys":false},"pwb-brand":[80],"product_brand":[],"product_cat":[21,20],"product_tag":[118,121,166,114],"class_list":{"0":"post-3075","1":"product","2":"type-product","3":"status-publish","4":"has-post-thumbnail","6":"pwb-brand-big-poppas","7":"product_cat-maitseainesegud","8":"product_cat-kampaania","9":"product_tag-kanaliha","10":"product_tag-koogiviljad","11":"product_tag-rebitudliha","12":"product_tag-sealiha","14":"first","15":"instock","16":"sale","17":"taxable","18":"shipping-taxable","19":"purchasable","20":"product-type-simple"},"brands":[{"id":80,"name":"Big Poppa's","slug":"big-poppas"}],"_links":{"self":[{"href":"https:\/\/tammetorubbq.ee\/ru\/wp-json\/wp\/v2\/product\/3075","targetHints":{"allow":["GET"]}}],"collection":[{"href":"https:\/\/tammetorubbq.ee\/ru\/wp-json\/wp\/v2\/product"}],"about":[{"href":"https:\/\/tammetorubbq.ee\/ru\/wp-json\/wp\/v2\/types\/product"}],"replies":[{"embeddable":true,"href":"https:\/\/tammetorubbq.ee\/ru\/wp-json\/wp\/v2\/comments?post=3075"}],"wp:featuredmedia":[{"embeddable":true,"href":"https:\/\/tammetorubbq.ee\/ru\/wp-json\/wp\/v2\/media\/4561"}],"wp:attachment":[{"href":"https:\/\/tammetorubbq.ee\/ru\/wp-json\/wp\/v2\/media?parent=3075"}],"wp:term":[{"taxonomy":"pwb-brand","embeddable":true,"href":"https:\/\/tammetorubbq.ee\/ru\/wp-json\/wp\/v2\/pwb-brand?post=3075"},{"taxonomy":"product_brand","embeddable":true,"href":"https:\/\/tammetorubbq.ee\/ru\/wp-json\/wp\/v2\/product_brand?post=3075"},{"taxonomy":"product_cat","embeddable":true,"href":"https:\/\/tammetorubbq.ee\/ru\/wp-json\/wp\/v2\/product_cat?post=3075"},{"taxonomy":"product_tag","embeddable":true,"href":"https:\/\/tammetorubbq.ee\/ru\/wp-json\/wp\/v2\/product_tag?post=3075"}],"curies":[{"name":"wp","href":"https:\/\/api.w.org\/{rel}","templated":true}]}}