{"id":3191,"date":"2025-05-21T15:19:07","date_gmt":"2025-05-21T12:19:07","guid":{"rendered":"https:\/\/tammetorubbq.ee\/?post_type=product&#038;p=3191"},"modified":"2026-04-17T14:00:07","modified_gmt":"2026-04-17T11:00:07","slug":"%d0%bf%d0%b0%d0%bb%d0%be%d1%87%d0%ba%d0%b8-%d0%b4%d0%bb%d1%8f-%d0%bd%d0%b0%d1%81%d0%b0%d0%b4%d0%be%d0%ba-%d0%b4%d0%bb%d1%8f-%d0%b3%d1%80%d0%b8%d0%bb%d1%8f-%d0%b8-%d0%b4%d1%80%d0%be%d0%b2","status":"publish","type":"product","link":"https:\/\/tammetorubbq.ee\/ru\/product-2\/%d0%bf%d0%b0%d0%bb%d0%be%d1%87%d0%ba%d0%b8-%d0%b4%d0%bb%d1%8f-%d0%bd%d0%b0%d1%81%d0%b0%d0%b4%d0%be%d0%ba-%d0%b4%d0%bb%d1%8f-%d0%b3%d1%80%d0%b8%d0%bb%d1%8f-%d0%b8-%d0%b4%d1%80%d0%be%d0%b2\/","title":{"rendered":"\u0421\u043f\u0438\u0447\u043a\u0438 \u0434\u043b\u044f \u0443\u0433\u043b\u044f \u0438 \u0434\u0440\u043e\u0432 \u0434\u043b\u044f \u0431\u0430\u0440\u0431\u0435\u043a\u044e"},"content":{"rendered":"<p><strong>\u0423\u043f\u0430\u043a\u043e\u0432\u043a\u0430<\/strong>: \u043c\u0438\u043d\u0438-\u043a\u0430\u0440\u0442\u043e\u043d\u043d\u0430\u044f \u043a\u043e\u0440\u043e\u0431\u043a\u0430 (\u043e\u043a. 1 \u043a\u0433 \/ 80 \u0448\u0442.)<\/p>","protected":false},"excerpt":{"rendered":"<h5 data-start=\"60\" data-end=\"142\"><strong data-start=\"107\" data-end=\"142\">\u0415\u0441\u0442\u0435\u0441\u0442\u0432\u0435\u043d\u043d\u043e\u0435 \u0438 \u044d\u0444\u0444\u0435\u043a\u0442\u0438\u0432\u043d\u043e\u0435 \u0437\u0430\u0436\u0438\u0433\u0430\u043d\u0438\u0435<\/strong><\/h5>\n<p class=\"\" data-start=\"144\" data-end=\"408\">\u042d\u043a\u043e\u043b\u043e\u0433\u0438\u0447\u043d\u044b\u0435 \u0441\u043f\u0438\u0447\u043a\u0438 \u0441\u0434\u0435\u043b\u0430\u043d\u044b \u0438\u0437. <strong data-start=\"190\" data-end=\"207\">\u0434\u0440\u0435\u0432\u0435\u0441\u043d\u0430\u044f \u0441\u0442\u0440\u0443\u0436\u043a\u0430<\/strong>, \u043a\u043e\u0442\u043e\u0440\u044b\u0439 <strong data-start=\"216\" data-end=\"247\">\u0441 \u043f\u0440\u043e\u043f\u0438\u0442\u043a\u043e\u0439 \u0438\u0437 \u043d\u0430\u0442\u0443\u0440\u0430\u043b\u044c\u043d\u043e\u0433\u043e \u0432\u043e\u0441\u043a\u0430<\/strong> - \u041d\u0435 \u0441\u043e\u0434\u0435\u0440\u0436\u0438\u0442 \u0445\u0438\u043c\u0438\u043a\u0430\u0442\u043e\u0432 \u0438 \u043d\u0435 \u0438\u043c\u0435\u0435\u0442 \u0437\u0430\u043f\u0430\u0445\u0430.<\/p>\n<p class=\"\" data-start=\"144\" data-end=\"408\">\u0412 \u043e\u0434\u043d\u043e\u0439 \u043a\u043e\u0440\u043e\u0431\u043a\u0435 \u0441\u043e\u0434\u0435\u0440\u0436\u0438\u0442\u0441\u044f \u043f\u0440\u0438\u043c\u0435\u0440\u043d\u043e <strong data-start=\"312\" data-end=\"327\">80 \u043f\u0440\u0430\u0439\u043c\u0435\u0440\u043e\u0432<\/strong>\u0447\u0442\u043e \u0434\u0435\u043b\u0430\u0435\u0442 \u0435\u0433\u043e \u043e\u0441\u043e\u0431\u0435\u043d\u043d\u043e <strong data-start=\"352\" data-end=\"383\">\u0414\u043e\u043b\u0433\u043e\u0432\u0435\u0447\u043d\u044b\u0439 \u0438 \u0434\u043e\u0441\u0442\u0443\u043f\u043d\u044b\u0439 \u0432\u044b\u0431\u043e\u0440<\/strong> \u0434\u043b\u044f \u043f\u043e\u0432\u0441\u0435\u0434\u043d\u0435\u0432\u043d\u043e\u0433\u043e \u0438\u0441\u043f\u043e\u043b\u044c\u0437\u043e\u0432\u0430\u043d\u0438\u044f.<\/p>\n<p><strong>\u0418\u0434\u0435\u0430\u043b\u044c\u043d\u0430\u044f \u043f\u043e\u0441\u0430\u0434\u043a\u0430:<\/strong><\/p>\n<ul>\n<li>Kaminatesse<\/li>\n<li>Ahjudesse<\/li>\n<li>Grillide ja BBQ-de s\u00fc\u00fctamiseks<\/li>\n<li>Puuk\u00fcttekateldesse<\/li>\n<li>S\u00fcte ja brikettide s\u00fc\u00fctamiseks<\/li>\n<\/ul>\n<p class=\"\" data-start=\"751\" data-end=\"864\"><strong data-start=\"751\" data-end=\"773\">\u0422\u043e\u043b\u044c\u043a\u043e \u043e\u0434\u043d\u0430 \u0441\u0432\u0435\u0447\u0430 \u0437\u0430\u0436\u0438\u0433\u0430\u043d\u0438\u044f <\/strong>\u0434\u043e\u0441\u0442\u0430\u0442\u043e\u0447\u043d\u043e \u0434\u043b\u044f \u0440\u0430\u0437\u0436\u0438\u0433\u0430\u043d\u0438\u044f \u043e\u0433\u043d\u044f, \u0435\u0441\u043b\u0438 \u0432\u044b \u0442\u0430\u043a\u0436\u0435 \u0438\u0441\u043f\u043e\u043b\u044c\u0437\u0443\u0435\u0442\u0435 \u0445\u0432\u043e\u0440\u043e\u0441\u0442 (\u043d\u0430\u043f\u0440\u0438\u043c\u0435\u0440, \u043c\u0435\u043b\u043a\u0438\u0435 \u0434\u0440\u043e\u0432\u0430 \u0438\u043b\u0438 \u043f\u0430\u043b\u043a\u0438).<\/p>\n<p data-start=\"751\" data-end=\"864\"><strong data-start=\"871\" data-end=\"886\">\u0421\u043e\u0432\u0435\u0442 \u043f\u0440\u043e\u0444\u0435\u0441\u0441\u0438\u043e\u043d\u0430\u043b\u0430: <\/strong>Hoia karp s\u00fc\u00fctepulkasid alati k\u00e4ep\u00e4rast \u2013 need on ideaalsed ka matkale, l\u00f5kkeplatsile v\u00f5i suvilasse kaasa v\u00f5tmiseks! Ei mingeid kemikaale, suitsu ega ebameeldivat l\u00f5hna \u2013 ainult puhas ja kindel s\u00fc\u00fcde igas olukorras.<\/p>\n<p><img loading=\"lazy\" decoding=\"async\" class=\"wp-image-2719\" src=\"http:\/\/tammetorubbq.ee\/wp-content\/uploads\/2025\/04\/Turnpike-BBQ-logo-300x300.webp\" alt=\"\u041b\u043e\u0433\u043e\u0442\u0438\u043f Turnpike BBQ\" width=\"141\" height=\"141\" srcset=\"https:\/\/tammetorubbq.ee\/wp-content\/uploads\/2025\/04\/Turnpike-BBQ-logo-300x300.webp 300w, https:\/\/tammetorubbq.ee\/wp-content\/uploads\/2025\/04\/Turnpike-BBQ-logo-150x150.webp 150w, https:\/\/tammetorubbq.ee\/wp-content\/uploads\/2025\/04\/Turnpike-BBQ-logo-12x12.webp 12w, https:\/\/tammetorubbq.ee\/wp-content\/uploads\/2025\/04\/Turnpike-BBQ-logo-600x600.webp 600w, https:\/\/tammetorubbq.ee\/wp-content\/uploads\/2025\/04\/Turnpike-BBQ-logo-64x64.webp 64w, https:\/\/tammetorubbq.ee\/wp-content\/uploads\/2025\/04\/Turnpike-BBQ-logo.webp 720w\" sizes=\"auto, (max-width: 141px) 100vw, 141px\" \/><\/p>","protected":false},"featured_media":3192,"comment_status":"open","ping_status":"closed","template":"","meta":{"_uf_show_specific_survey":0,"_uf_disable_surveys":false},"pwb-brand":[117],"product_brand":[],"product_cat":[60],"product_tag":[],"class_list":{"0":"post-3191","1":"product","2":"type-product","3":"status-publish","4":"has-post-thumbnail","6":"pwb-brand-turnpike-bbq","7":"product_cat-suutepulgad","9":"first","10":"instock","11":"taxable","12":"shipping-taxable","13":"purchasable","14":"product-type-simple"},"brands":[{"id":117,"name":"Turnpike BBQ","slug":"turnpike-bbq"}],"_links":{"self":[{"href":"https:\/\/tammetorubbq.ee\/ru\/wp-json\/wp\/v2\/product\/3191","targetHints":{"allow":["GET"]}}],"collection":[{"href":"https:\/\/tammetorubbq.ee\/ru\/wp-json\/wp\/v2\/product"}],"about":[{"href":"https:\/\/tammetorubbq.ee\/ru\/wp-json\/wp\/v2\/types\/product"}],"replies":[{"embeddable":true,"href":"https:\/\/tammetorubbq.ee\/ru\/wp-json\/wp\/v2\/comments?post=3191"}],"wp:featuredmedia":[{"embeddable":true,"href":"https:\/\/tammetorubbq.ee\/ru\/wp-json\/wp\/v2\/media\/3192"}],"wp:attachment":[{"href":"https:\/\/tammetorubbq.ee\/ru\/wp-json\/wp\/v2\/media?parent=3191"}],"wp:term":[{"taxonomy":"pwb-brand","embeddable":true,"href":"https:\/\/tammetorubbq.ee\/ru\/wp-json\/wp\/v2\/pwb-brand?post=3191"},{"taxonomy":"product_brand","embeddable":true,"href":"https:\/\/tammetorubbq.ee\/ru\/wp-json\/wp\/v2\/product_brand?post=3191"},{"taxonomy":"product_cat","embeddable":true,"href":"https:\/\/tammetorubbq.ee\/ru\/wp-json\/wp\/v2\/product_cat?post=3191"},{"taxonomy":"product_tag","embeddable":true,"href":"https:\/\/tammetorubbq.ee\/ru\/wp-json\/wp\/v2\/product_tag?post=3191"}],"curies":[{"name":"wp","href":"https:\/\/api.w.org\/{rel}","templated":true}]}}