{"id":404,"date":"2023-12-03T11:29:41","date_gmt":"2023-12-03T09:29:41","guid":{"rendered":"https:\/\/tammetorubbq.ee\/?post_type=product&#038;p=404"},"modified":"2026-04-11T13:00:10","modified_gmt":"2026-04-11T10:00:10","slug":"%d0%ba%d0%be%d0%bf%d1%87%d0%b5%d0%bd%d1%8b%d0%b9-%d0%b7%d0%b2%d0%b5%d1%80%d1%8c-bbq-succahi","status":"publish","type":"product","link":"https:\/\/tammetorubbq.ee\/ru\/product-2\/%d0%ba%d0%be%d0%bf%d1%87%d0%b5%d0%bd%d1%8b%d0%b9-%d0%b7%d0%b2%d0%b5%d1%80%d1%8c-bbq-succahi\/","title":{"rendered":"\u0413\u043e\u0440\u0435\u043b\u043a\u0430 \u0434\u043b\u044f \u0431\u043b\u0430\u0433\u043e\u0432\u043e\u043d\u0438\u0439 BBQ Smoky Beast"},"content":{"rendered":"<p><strong>\u0414\u044b\u043c\u0447\u0430\u0442\u044b\u0439 \u0437\u0432\u0435\u0440\u044c<\/strong>\u00a0\u0438\u043c\u0435\u0435\u0442 \u0431\u043e\u043b\u044c\u0448\u0443\u044e \u0432\u043c\u0435\u0441\u0442\u0438\u043c\u043e\u0441\u0442\u044c, \u0447\u0435\u043c \u0441\u0430\u043c\u044b\u0435 \u0431\u043e\u043b\u044c\u0448\u0438\u0435 \u043c\u043e\u0434\u0435\u043b\u0438 \u043a\u0435\u0440\u0430\u043c\u0438\u0447\u0435\u0441\u043a\u0438\u0445 \u0433\u0440\u0438\u043b\u0435\u0439 Kamado (\u0441 \u043c\u0430\u0440\u043a\u0438\u0440\u043e\u0432\u043a\u043e\u0439 XL, Big Joe\/Pro Joe). \u041e\u0431\u0449\u0430\u044f \u043f\u043b\u043e\u0449\u0430\u0434\u044c \u0434\u0432\u0443\u0445 \u0433\u0440\u0438\u043b\u0435\u0439 \u0441\u043e\u0441\u0442\u0430\u0432\u043b\u044f\u0435\u0442 5865 \u0441\u043c2.<\/p>\n<p>\u041d\u0435\u0442 \u043d\u0435\u043e\u0431\u0445\u043e\u0434\u0438\u043c\u043e\u0441\u0442\u0438 \u0445\u0440\u0430\u043d\u0438\u0442\u044c \u0438\u043b\u0438 \u043d\u0430\u043a\u0440\u044b\u0432\u0430\u0442\u044c \u0431\u0430\u0440\u0431\u0435\u043a\u044e \u043d\u0430 \u0437\u0438\u043c\u0443 \u0432 \u043f\u043e\u043c\u0435\u0449\u0435\u043d\u0438\u0438, \u043f\u043e\u0441\u043a\u043e\u043b\u044c\u043a\u0443 \u0441\u0442\u0430\u043b\u044c Cor-Ten \u0438 \u043d\u0435\u0440\u0436\u0430\u0432\u0435\u044e\u0449\u0430\u044f \u0441\u0442\u0430\u043b\u044c \u0432\u044b\u0434\u0435\u0440\u0436\u0438\u0432\u0430\u044e\u0442 \u043b\u044e\u0431\u0443\u044e \u043f\u043e\u0433\u043e\u0434\u0443. \u0421\u0442\u0430\u043b\u044c \u0442\u0430\u043a\u0436\u0435 \u0445\u043e\u0440\u043e\u0448\u043e \u043f\u0435\u0440\u0435\u043d\u043e\u0441\u0438\u0442 \u043f\u0435\u0440\u0435\u043f\u0430\u0434\u044b \u0442\u0435\u043c\u043f\u0435\u0440\u0430\u0442\u0443\u0440 - \u043c\u043e\u0436\u043d\u043e \u043d\u0435 \u0431\u043e\u044f\u0442\u044c\u0441\u044f, \u0447\u0442\u043e \u043e\u043d\u0430 \u0441\u043b\u043e\u043c\u0430\u0435\u0442\u0441\u044f \u0438\u043b\u0438 \u043f\u043e\u0442\u0440\u0435\u0441\u043a\u0430\u0435\u0442\u0441\u044f.<\/p>\n<p>\u0415\u0441\u043b\u0438 \u0432\u044b \u0445\u043e\u0442\u0438\u0442\u0435 \u043f\u0435\u0440\u0435\u0432\u0435\u0437\u0442\u0438 \u0431\u0430\u0440\u0431\u0435\u043a\u044e \u0441 \u043e\u0434\u043d\u043e\u0433\u043e \u043c\u0435\u0441\u0442\u0430 \u043d\u0430 \u0434\u0440\u0443\u0433\u043e\u0435 \u0438\u043b\u0438 \u043e\u0434\u043e\u043b\u0436\u0438\u0442\u044c \u0435\u0433\u043e \u0434\u0440\u0443\u0433\u0443 \u0438\u043b\u0438 \u0441\u043e\u0441\u0435\u0434\u0443, \u0432\u0441\u0435 \u043f\u0440\u043e\u0441\u0442\u043e: \u0431\u0430\u0440\u0431\u0435\u043a\u044e \u043c\u043e\u0436\u043d\u043e \u043f\u0435\u0440\u0435\u0432\u0435\u0437\u0442\u0438 \u0432 \u043a\u043e\u0440\u043e\u0431\u043a\u0435 \u0433\u0440\u0443\u0437\u043e\u0432\u0438\u043a\u0430. \u042d\u0442\u043e \u043d\u0435 \u0445\u0440\u0443\u043f\u043a\u043e\u0435 \u0438\u0437\u0434\u0435\u043b\u0438\u0435, \u0441 \u043a\u043e\u0442\u043e\u0440\u044b\u043c \u043d\u0443\u0436\u043d\u043e \u043e\u0431\u0440\u0430\u0449\u0430\u0442\u044c\u0441\u044f \u043e\u0447\u0435\u043d\u044c \u043e\u0441\u0442\u043e\u0440\u043e\u0436\u043d\u043e.<\/p>\n<p>&nbsp;<\/p>\n<p><strong>\u0422\u0435\u0445\u043d\u0438\u0447\u0435\u0441\u043a\u0438\u0435 \u0434\u0430\u043d\u043d\u044b\u0435:<\/strong><\/p>\n<p>\u0412 \u0441\u0442\u043e\u0438\u043c\u043e\u0441\u0442\u044c \u0432\u0445\u043e\u0434\u0438\u0442: \u0432\u0430\u043d\u043d\u0430 \u0434\u043b\u044f \u0434\u0440\u0435\u0432\u0435\u0441\u043d\u043e\u0433\u043e \u0443\u0433\u043b\u044f, \u043c\u043e\u0434\u0443\u043b\u044c \u0434\u043b\u044f \u0431\u0440\u0438\u043a\u0435\u0442\u0430 \u0431\u0430\u0440\u0431\u0435\u043a\u044e, \u0431\u043e\u043a\u043e\u0432\u044b\u0435 \u043f\u043e\u043b\u043a\u0438.<strong><br \/>\n<\/strong><br \/>\n\u0413\u0440\u0438\u043b\u044c \u0434\u043b\u044f \u0431\u0430\u0440\u0431\u0435\u043a\u044e \u0438\u0437\u0433\u043e\u0442\u043e\u0432\u043b\u0435\u043d \u0438\u0437 3 \u043c\u043c \u0441\u0442\u0430\u043b\u0438 Cor-Ten, \u0432\u0435\u0441 101 \u043a\u0433.<br \/>\n\u0412\u0430\u0440\u043e\u0447\u043d\u0430\u044f \u0438 \u0442\u0435\u043f\u043b\u043e\u0432\u0430\u044f \u043a\u0430\u043c\u0435\u0440\u044b \u0440\u0430\u0437\u0434\u0435\u043b\u044c\u043d\u044b\u0435, \u0430 \u0434\u044b\u043c\u043e\u0445\u043e\u0434\u044b - \u043e\u0442\u0434\u0435\u043b\u044c\u043d\u044b\u0435.<br \/>\n\u0413\u0440\u0438\u043b\u0438 \u0434\u043b\u044f \u0431\u0430\u0440\u0431\u0435\u043a\u044e \u043d\u0435 \u043e\u043a\u0440\u0430\u0448\u0438\u0432\u0430\u044e\u0442\u0441\u044f.<\/p>\n<p>\u041d\u0435\u0440\u0430\u0437\u0431\u043e\u0440\u043d\u044b\u0435 \u043f\u0435\u0442\u043b\u0438 (\u043d\u0435\u0440\u0436\u0430\u0432\u0435\u044e\u0449\u0430\u044f \u0441\u0442\u0430\u043b\u044c 5 \u043c\u043c).<\/p>\n<p>\u0420\u0430\u0437\u043c\u0435\u0440 \u043f\u0440\u043e\u0442\u0438\u0432\u043d\u044f \u0441\u043e\u0441\u0442\u0430\u0432\u043b\u044f\u0435\u0442 70 x 50 \u0441\u043c.<\/p>\n<p>\u0414\u0432\u0435 \u0444\u043e\u0440\u043c\u044b \u0434\u043b\u044f \u0432\u044b\u043f\u0435\u0447\u043a\u0438 \u043d\u0430 \u0440\u0430\u0437\u043d\u044b\u0445 \u0443\u0440\u043e\u0432\u043d\u044f\u0445 \u0440\u0430\u0437\u043c\u0435\u0440\u043e\u043c 68\u00d749 \u0441\u043c \u0438 68\u00d734 \u0441\u043c. \u041c\u0430\u0442\u0435\u0440\u0438\u0430\u043b - \u043d\u0435\u0440\u0436\u0430\u0432\u0435\u044e\u0449\u0430\u044f \u0441\u0442\u0430\u043b\u044c.<\/p>\n<p>\u0412\u043c\u0435\u0441\u0442\u0438\u043c\u043e\u0441\u0442\u044c: \u043d\u0430 \u0434\u0432\u0443\u0445 \u0441\u0442\u043e\u0439\u043a\u0430\u0445 \u043e\u0434\u043d\u043e\u0432\u0440\u0435\u043c\u0435\u043d\u043d\u043e \u043c\u043e\u0436\u043d\u043e \u0440\u0430\u0437\u043c\u0435\u0441\u0442\u0438\u0442\u044c \u043e\u043a\u043e\u043b\u043e 20 \u043a\u0433 \u043a\u0443\u043b\u0438\u043d\u0430\u0440\u043d\u044b\u0445 \u0440\u0435\u0431\u0440\u044b\u0448\u0435\u043a.<\/p>\n<p>\u0414\u044b\u043c\u043e\u0445\u043e\u0434\u044b \u0441 \u043e\u0431\u0435\u0438\u0445 \u0441\u0442\u043e\u0440\u043e\u043d \u043e\u0431\u0435\u0441\u043f\u0435\u0447\u0438\u0432\u0430\u044e\u0442 \u0440\u0430\u0432\u043d\u043e\u043c\u0435\u0440\u043d\u043e\u0435 \u0440\u0430\u0441\u043f\u0440\u0435\u0434\u0435\u043b\u0435\u043d\u0438\u0435 \u0442\u0435\u043f\u043b\u0430.<\/p>\n<p>\u0412\u043e\u0434\u0430 \u0434\u043e\u0431\u0430\u0432\u043b\u044f\u0435\u0442\u0441\u044f \u0432 \u0432\u043e\u0434\u044f\u043d\u0443\u044e \u0431\u0430\u043d\u044e \u0447\u0435\u0440\u0435\u0437 \u0441\u043f\u0435\u0446\u0438\u0430\u043b\u044c\u043d\u0443\u044e \u0442\u0440\u0443\u0431\u0443, \u0438 \u043f\u0435\u0447\u044c \u043d\u0435 \u043d\u0443\u0436\u043d\u043e \u043e\u0442\u043a\u0440\u044b\u0432\u0430\u0442\u044c.<\/p>\n<p>\u0416\u0438\u0440 \u0432\u044b\u0442\u0435\u043a\u0430\u0435\u0442 \u0438\u0437 \u043f\u0435\u0447\u0438 \u043f\u043e \u043d\u0430\u043a\u043b\u043e\u043d\u043d\u043e\u043c\u0443 \u0436\u0435\u043b\u043e\u0431\u0443 \u0438 \u0441\u0442\u0435\u043a\u0430\u0435\u0442 \u0432 \u0441\u043f\u0435\u0446\u0438\u0430\u043b\u044c\u043d\u043e\u0435 \u0432\u0435\u0434\u0440\u043e.<\/p>\n<p>\u0412 \u0432\u0435\u0440\u0445\u043d\u0435\u0439 \u0447\u0430\u0441\u0442\u0438 \u0434\u044b\u043c\u043e\u0445\u043e\u0434\u043e\u0432 \u043d\u0430\u0445\u043e\u0434\u044f\u0442\u0441\u044f \u043f\u0440\u043e\u0441\u0435\u0438\u0432\u0430\u0442\u0435\u043b\u0438, \u0441 \u043f\u043e\u043c\u043e\u0449\u044c\u044e \u043a\u043e\u0442\u043e\u0440\u044b\u0445 \u043c\u043e\u0436\u043d\u043e \u0440\u0435\u0433\u0443\u043b\u0438\u0440\u043e\u0432\u0430\u0442\u044c \u0442\u0435\u043c\u043f\u0435\u0440\u0430\u0442\u0443\u0440\u0443 \u0432 \u043f\u0435\u0447\u0438.<\/p>\n<p>\u0411\u0430\u0440\u0431\u0435\u043a\u044e \u043e\u0441\u043d\u0430\u0449\u0435\u043d\u043e \u0432\u043d\u0435\u0448\u043d\u0438\u043c \u0442\u0435\u0440\u043c\u043e\u043c\u0435\u0442\u0440\u043e\u043c (\u0448\u043a\u0430\u043b\u0430 0-300 C).<\/p>\n<p>\u0413\u043b\u0443\u0431\u0438\u043d\u0430 \u043e\u0447\u0430\u0433\u0430 48 \u0441\u043c, \u0447\u0443\u0433\u0443\u043d\u043d\u043e\u0435 \u0434\u043d\u043e.<\/p>\n<p>\u0412 \u043f\u0435\u0440\u0435\u0434\u043d\u0435\u0439 \u0447\u0430\u0441\u0442\u0438 \u043f\u043b\u0438\u0442\u044b \u043d\u0430\u0445\u043e\u0434\u0438\u0442\u0441\u044f \u043f\u043b\u0438\u0442\u0430 \u0440\u0430\u0437\u043c\u0435\u0440\u043e\u043c 20\u00d720 \u0441\u043c \u0434\u043b\u044f \u043f\u043e\u0434\u043e\u0433\u0440\u0435\u0432\u0430 \u0441\u043e\u0443\u0441\u043e\u0432.<\/p>\n<p>\u0414\u0432\u0435\u0440\u0446\u0443 \u043c\u043e\u0436\u043d\u043e \u0437\u0430\u0444\u0438\u043a\u0441\u0438\u0440\u043e\u0432\u0430\u0442\u044c \u0432 \u0434\u0432\u0443\u0445 \u043f\u043e\u043b\u043e\u0436\u0435\u043d\u0438\u044f\u0445 - \u0445\u043e\u0440\u043e\u0448\u0438\u0439 \u0441\u043f\u043e\u0441\u043e\u0431 \u0440\u0435\u0433\u0443\u043b\u0438\u0440\u043e\u0432\u0430\u0442\u044c \u0442\u0435\u043c\u043f\u0435\u0440\u0430\u0442\u0443\u0440\u0443.<\/p>\n<p>\u0414\u0432\u0435\u0440\u0446\u0430 \u043a\u043e\u0442\u043b\u0430 \u0441 \u0434\u0432\u043e\u0439\u043d\u044b\u043c\u0438 \u0441\u0442\u0435\u043d\u043a\u0430\u043c\u0438 \u0434\u043b\u044f \u043b\u0443\u0447\u0448\u0435\u0439 \u0442\u0435\u0440\u043c\u043e\u0441\u0442\u043e\u0439\u043a\u043e\u0441\u0442\u0438<\/p>\n<p>&nbsp;<\/p>\n<p>\u041c\u0430\u0442\u0435\u0440\u0438\u0430\u043b Smoky Beast: \u0421\u0442\u0430\u043b\u044c Cor-Ten - \u044d\u0442\u043e \u043f\u043e\u0447\u0442\u0438 \u0447\u0438\u0441\u0442\u0430\u044f \u0443\u0433\u043b\u0435\u0440\u043e\u0434\u0438\u0441\u0442\u0430\u044f \u0441\u0442\u0430\u043b\u044c, \u043d\u043e \u043e\u0431\u0440\u0430\u0431\u043e\u0442\u0430\u043d\u043d\u0430\u044f \u0434\u043b\u044f \u0441\u043e\u0437\u0434\u0430\u043d\u0438\u044f \u0437\u0430\u0449\u0438\u0442\u043d\u043e\u0433\u043e \u0441\u043b\u043e\u044f \u043d\u0430 \u0435\u0435 \u043f\u043e\u0432\u0435\u0440\u0445\u043d\u043e\u0441\u0442\u0438, \u0447\u0442\u043e\u0431\u044b \u043f\u0440\u043e\u0442\u0438\u0432\u043e\u0441\u0442\u043e\u044f\u0442\u044c \u0441\u0442\u0438\u0445\u0438\u0438. \u0418\u0437\u043d\u0430\u0447\u0430\u043b\u044c\u043d\u043e Cor-Ten \u0438\u043c\u0435\u0435\u0442 \u0441\u0435\u0440\u043e\u0432\u0430\u0442\u044b\u0439, \u0437\u0430\u0442\u0435\u043c \u043a\u0440\u0430\u0441\u043d\u043e\u0432\u0430\u0442\u043e-\u043a\u043e\u0440\u0438\u0447\u043d\u0435\u0432\u044b\u0439 (\u043e\u0442\u0442\u0435\u043d\u043e\u043a, \u043d\u0430\u043f\u043e\u043c\u0438\u043d\u0430\u044e\u0449\u0438\u0439 \u0440\u0436\u0430\u0432\u0447\u0438\u043d\u0443) \u0446\u0432\u0435\u0442, \u043a\u043e\u0442\u043e\u0440\u044b\u0439 \u0441\u043e \u0432\u0440\u0435\u043c\u0435\u043d\u0435\u043c \u0441\u0442\u0430\u043d\u043e\u0432\u0438\u0442\u0441\u044f \u0442\u0435\u043c\u043d\u0435\u0435. \u041f\u0440\u0438 \u043f\u0440\u0430\u0432\u0438\u043b\u044c\u043d\u043e\u043c \u0438\u0441\u043f\u043e\u043b\u044c\u0437\u043e\u0432\u0430\u043d\u0438\u0438 \u0441\u0442\u0430\u043b\u044c Cor-Ten \u0432\u044b\u0440\u0430\u0437\u0438\u0442\u0435\u043b\u044c\u043d\u0430, \u0434\u043e\u043b\u0433\u043e\u0432\u0435\u0447\u043d\u0430, \u043d\u0435 \u0442\u0440\u0435\u0431\u0443\u0435\u0442 \u0443\u0445\u043e\u0434\u0430 \u0438 \u0432\u044b\u0434\u0435\u0440\u0436\u0438\u0432\u0430\u0435\u0442 \u0438\u0441\u043f\u044b\u0442\u0430\u043d\u0438\u0435 \u0432\u0440\u0435\u043c\u0435\u043d\u0435\u043c \u0432 \u0443\u043d\u0438\u043a\u0430\u043b\u044c\u043d\u043e\u043c \u0432\u0438\u0434\u0435.<\/p>","protected":false},"excerpt":{"rendered":"<p><strong>Klassikaline kahe korstnaga BBQ-suitsuahi, millega k\u00fcpsetades saab parimaid maitseelamusi.<\/strong><\/p>\n<p>Valmistatakse k\u00e4sit\u00f6\u00f6na Cor-Ten terasest. BBQ-k\u00fcpsetamiseks saab ahju k\u00fctta nii puude- kui grillbriketiga.<\/p>\n<p>Lisaks saab kasutada ka <strong>s\u00f6egrillina<\/strong>. Kui BBQ k\u00fcpsetamiseks v\u00f5i suitsutamiseks tuleb kuumus alt k\u00fcttekoldest, siis grillimise jaoks on spetsiaalne s\u00f6evann, mis paigaldatakse k\u00fcpsetusrestide alla.<\/p>\n<p>\u041a\u0440\u0430\u0441\u043d\u043e\u0432\u0430\u0442\u043e-\u043a\u043e\u0440\u0438\u0447\u043d\u0435\u0432\u044b\u0439 \u0446\u0432\u0435\u0442 \u0441\u0442\u0430\u043b\u0438 Cor-Ten \u0441\u043e\u0447\u0435\u0442\u0430\u0435\u0442\u0441\u044f \u0441 \u0434\u0435\u0442\u0430\u043b\u044f\u043c\u0438 \u0438\u0437 \u043d\u0435\u0440\u0436\u0430\u0432\u0435\u044e\u0449\u0435\u0439 \u0441\u0442\u0430\u043b\u0438, \u0438 Smoky Beast \u0432\u044b\u0434\u0435\u043b\u044f\u0435\u0442\u0441\u044f \u0441\u0432\u043e\u0438\u043c \u044f\u0440\u043a\u0438\u043c \u0432\u043d\u0435\u0448\u043d\u0438\u043c \u0432\u0438\u0434\u043e\u043c. \u0421\u043e\u0434\u0435\u0440\u0436\u0430\u043d\u0438\u0435 \u043d\u0435 \u0443\u0441\u0442\u0443\u043f\u0430\u0435\u0442 \u0432\u043d\u0435\u0448\u043d\u0435\u043c\u0443 \u0432\u0438\u0434\u0443, \u0432\u0435\u0434\u044c \u043c\u043e\u0434\u0435\u043b\u0438 \u043f\u0440\u0435\u0434\u044b\u0434\u0443\u0449\u0435\u0433\u043e \u043f\u043e\u043a\u043e\u043b\u0435\u043d\u0438\u044f \u043f\u043e\u0431\u0435\u0436\u0434\u0430\u043b\u0438 \u043d\u0430 \u043c\u043d\u043e\u0433\u043e\u0447\u0438\u0441\u043b\u0435\u043d\u043d\u044b\u0445 \u043a\u043e\u043d\u043a\u0443\u0440\u0441\u0430\u0445 \u0433\u0440\u0438\u043b\u044f.<\/p>\n<p><strong>NB! <\/strong>Alates 2025 aprillist on tuhasahtel ning rasva-, vee-, ja s\u00f6evannid valmistatud roostevabast terasest. Grillihooaja alguses ei pea tegema enam vannidele roostehooldust!<\/p>\n<p>&nbsp;<\/p>\n<p><img loading=\"lazy\" decoding=\"async\" class=\"alignnone wp-image-951\" src=\"http:\/\/tammetorubbq.ee\/wp-content\/uploads\/2023\/11\/GrillSymbol.png\" alt=\"\" width=\"153\" height=\"42\" srcset=\"https:\/\/tammetorubbq.ee\/wp-content\/uploads\/2023\/11\/GrillSymbol.png 273w, https:\/\/tammetorubbq.ee\/wp-content\/uploads\/2023\/11\/GrillSymbol-18x5.png 18w, https:\/\/tammetorubbq.ee\/wp-content\/uploads\/2023\/11\/GrillSymbol-64x18.png 64w\" sizes=\"auto, (max-width: 153px) 100vw, 153px\" \/><\/p>\n<p>&nbsp;<\/p>\n<p><a href=\"https:\/\/tammetorubbq.ee\/ru\/%d0%b7%d0%b0%d0%bf%d0%bb%d0%b0%d1%82%d0%b8%d1%82%d1%8c-%d0%bf%d0%be%d0%b7%d0%b6%d0%b5\/\"><strong>\u041a\u0423\u041f\u0418 \u0421\u0415\u0419\u0427\u0410\u0421, \u0417\u0410\u041f\u041b\u0410\u0422\u0418 \u041f\u041e\u0422\u041e\u041c<\/strong><\/a>\u00a0- \u0431\u0435\u0441\u043f\u0440\u043e\u0446\u0435\u043d\u0442\u043d\u043e!<\/p>\n<p><img loading=\"lazy\" decoding=\"async\" class=\"alignnone wp-image-2646\" src=\"http:\/\/tammetorubbq.ee\/wp-content\/uploads\/2023\/12\/inbank-wordmark.png\" alt=\"\" width=\"167\" height=\"75\" srcset=\"https:\/\/tammetorubbq.ee\/wp-content\/uploads\/2023\/12\/inbank-wordmark.png 300w, https:\/\/tammetorubbq.ee\/wp-content\/uploads\/2023\/12\/inbank-wordmark-18x8.png 18w, https:\/\/tammetorubbq.ee\/wp-content\/uploads\/2023\/12\/inbank-wordmark-64x29.png 64w\" sizes=\"auto, (max-width: 167px) 100vw, 167px\" \/><\/p>\n<p>\u041c\u044b \u0442\u0430\u043a\u0436\u0435 \u043f\u0440\u0435\u0434\u043b\u0430\u0433\u0430\u0435\u043c \u0432\u043e\u0437\u043c\u043e\u0436\u043d\u043e\u0441\u0442\u044c \u043e\u043f\u043b\u0430\u0442\u0438\u0442\u044c \u0442\u043e\u0432\u0430\u0440 \u043f\u043e\u0437\u0436\u0435 - \u043e\u0434\u043d\u0438\u043c, \u0434\u0432\u0443\u043c\u044f \u0438\u043b\u0438 \u0442\u0440\u0435\u043c\u044f \u0440\u0430\u0432\u043d\u044b\u043c\u0438 \u043f\u043b\u0430\u0442\u0435\u0436\u0430\u043c\u0438 \u0431\u0435\u0437 \u043a\u0430\u043a\u0438\u0445-\u043b\u0438\u0431\u043e \u043f\u0440\u043e\u0446\u0435\u043d\u0442\u043e\u0432 \u0438\u043b\u0438 \u043d\u0430\u0434\u0431\u0430\u0432\u043e\u043a.<\/p>\n<p>\u0412 \u043d\u0430\u0448\u0435\u0439 \u043a\u043e\u0440\u0437\u0438\u043d\u0435 \u0432\u044b \u043c\u043e\u0436\u0435\u0442\u0435 \u0432\u044b\u0431\u0440\u0430\u0442\u044c \u0440\u0430\u0437\u043b\u0438\u0447\u043d\u044b\u0435 \u0432\u0430\u0440\u0438\u0430\u043d\u0442\u044b \u043e\u043f\u043b\u0430\u0442\u044b.<\/p>","protected":false},"featured_media":405,"comment_status":"open","ping_status":"closed","template":"","meta":{"_uf_show_specific_survey":0,"_uf_disable_surveys":false},"pwb-brand":[92],"product_brand":[],"product_cat":[57,53],"product_tag":[77,147,78,76],"class_list":{"0":"post-404","1":"product","2":"type-product","3":"status-publish","4":"has-post-thumbnail","6":"pwb-brand-grillsymbol","7":"product_cat-bbq-suitsuahjud","8":"product_cat-grillid","9":"product_tag-bbq-ahi","10":"product_tag-grillsymbol","11":"product_tag-soegrill","12":"product_tag-suitsuahi","14":"first","15":"instock","16":"taxable","17":"shipping-taxable","18":"purchasable","19":"product-type-simple"},"brands":[{"id":92,"name":"GrillSymbol","slug":"%d1%81%d0%b8%d0%bc%d0%b2%d0%be%d0%bb-%d0%b1%d0%b0%d1%80%d0%b1%d0%b5%d0%ba%d1%8e"}],"_links":{"self":[{"href":"https:\/\/tammetorubbq.ee\/ru\/wp-json\/wp\/v2\/product\/404","targetHints":{"allow":["GET"]}}],"collection":[{"href":"https:\/\/tammetorubbq.ee\/ru\/wp-json\/wp\/v2\/product"}],"about":[{"href":"https:\/\/tammetorubbq.ee\/ru\/wp-json\/wp\/v2\/types\/product"}],"replies":[{"embeddable":true,"href":"https:\/\/tammetorubbq.ee\/ru\/wp-json\/wp\/v2\/comments?post=404"}],"wp:featuredmedia":[{"embeddable":true,"href":"https:\/\/tammetorubbq.ee\/ru\/wp-json\/wp\/v2\/media\/405"}],"wp:attachment":[{"href":"https:\/\/tammetorubbq.ee\/ru\/wp-json\/wp\/v2\/media?parent=404"}],"wp:term":[{"taxonomy":"pwb-brand","embeddable":true,"href":"https:\/\/tammetorubbq.ee\/ru\/wp-json\/wp\/v2\/pwb-brand?post=404"},{"taxonomy":"product_brand","embeddable":true,"href":"https:\/\/tammetorubbq.ee\/ru\/wp-json\/wp\/v2\/product_brand?post=404"},{"taxonomy":"product_cat","embeddable":true,"href":"https:\/\/tammetorubbq.ee\/ru\/wp-json\/wp\/v2\/product_cat?post=404"},{"taxonomy":"product_tag","embeddable":true,"href":"https:\/\/tammetorubbq.ee\/ru\/wp-json\/wp\/v2\/product_tag?post=404"}],"curies":[{"name":"wp","href":"https:\/\/api.w.org\/{rel}","templated":true}]}}