{"id":4099,"date":"2025-10-16T14:29:36","date_gmt":"2025-10-16T11:29:36","guid":{"rendered":"https:\/\/tammetorubbq.ee\/?post_type=product&#038;p=4099"},"modified":"2026-04-16T20:00:18","modified_gmt":"2026-04-16T17:00:18","slug":"%d1%8d%d0%bb%d0%b5%d0%ba%d1%82%d1%80%d0%b8%d1%87%d0%b5%d1%81%d0%ba%d0%b0%d1%8f-%d0%bf%d0%bb%d0%b8%d1%82%d0%b0-ninja-woodfire-%d0%b4%d0%bb%d1%8f-%d0%bf%d1%80%d0%b8%d0%b3%d0%be%d1%82%d0%be%d0%b2%d0%bb","status":"publish","type":"product","link":"https:\/\/tammetorubbq.ee\/ru\/product-2\/%d1%8d%d0%bb%d0%b5%d0%ba%d1%82%d1%80%d0%b8%d1%87%d0%b5%d1%81%d0%ba%d0%b0%d1%8f-%d0%bf%d0%bb%d0%b8%d1%82%d0%b0-ninja-woodfire-%d0%b4%d0%bb%d1%8f-%d0%bf%d1%80%d0%b8%d0%b3%d0%be%d1%82%d0%be%d0%b2%d0%bb\/","title":{"rendered":"\u042d\u043b\u0435\u043a\u0442\u0440\u0438\u0447\u0435\u0441\u043a\u0430\u044f \u0443\u043b\u0438\u0447\u043d\u0430\u044f \u043f\u0435\u0447\u044c Ninja Woodfire, \u043f\u0435\u0447\u044c \u0434\u043b\u044f \u043f\u0438\u0446\u0446\u044b \u0438 \u043a\u043e\u043f\u0442\u0438\u043b\u044c\u043d\u044f"},"content":{"rendered":"<table class=\"woocommerce-product-attributes shop_attributes\" aria-label=\"\u041f\u043e\u0434\u0440\u043e\u0431\u043d\u0435\u0435 \u043e \u043f\u0440\u043e\u0434\u0443\u043a\u0442\u0435\">\n<tbody>\n<tr class=\"woocommerce-product-attributes-item woocommerce-product-attributes-item--weight\">\n<th class=\"woocommerce-product-attributes-item__label\" style=\"text-align: left;\" scope=\"row\">\u0412\u0435\u0441<\/th>\n<td class=\"woocommerce-product-attributes-item__value\">18 \u043a\u0433<\/td>\n<\/tr>\n<tr class=\"woocommerce-product-attributes-item woocommerce-product-attributes-item--dimensions\">\n<th class=\"woocommerce-product-attributes-item__label\" scope=\"row\">\u0420\u0430\u0437\u043c\u0435\u0440\u044b<\/th>\n<td class=\"woocommerce-product-attributes-item__value\">51 \u00d7 57 \u00d7 41 \u0441\u043c<\/td>\n<\/tr>\n<\/tbody>\n<\/table>\n<p>&nbsp;<\/p>\n<p data-start=\"112\" data-end=\"348\"><strong data-start=\"112\" data-end=\"121\">\u041d\u0438\u043d\u0434\u0437\u044f<\/strong>\u00a0<strong>\u0442\u043e\u0440\u0433\u043e\u0432\u0430\u044f \u043c\u0430\u0440\u043a\u0430<\/strong>\u00a0\u0438\u0437\u0432\u0435\u0441\u0442\u043d\u044b\u0439 \u0430\u043c\u0435\u0440\u0438\u043a\u0430\u043d\u0441\u043a\u0438\u0439 \u0431\u0440\u0435\u043d\u0434 \u0431\u044b\u0442\u043e\u0432\u043e\u0439 \u0442\u0435\u0445\u043d\u0438\u043a\u0438, \u043f\u0440\u0438\u043d\u0430\u0434\u043b\u0435\u0436\u0430\u0449\u0438\u0439 \u043a\u043e\u043c\u043f\u0430\u043d\u0438\u0438\u00a0<strong data-start=\"187\" data-end=\"201\">SharkNinja<\/strong>. \u0411\u0440\u0435\u043d\u0434 \u0446\u0435\u043d\u0438\u0442\u0441\u044f \u0437\u0430\u00a0<strong data-start=\"225\" data-end=\"269\">\u0438\u043d\u0442\u0435\u043b\u043b\u0435\u043a\u0442\u0443\u0430\u043b\u044c\u043d\u044b\u0435 \u0438 \u0443\u0434\u043e\u0431\u043d\u044b\u0435 \u0440\u0435\u0448\u0435\u043d\u0438\u044f.<\/strong>\u00a0\u043a\u043e\u0442\u043e\u0440\u044b\u0435 \u0434\u0435\u043b\u0430\u044e\u0442 \u0435\u0436\u0435\u0434\u043d\u0435\u0432\u043d\u0443\u044e \u0433\u043e\u0442\u043e\u0432\u043a\u0443 \u043f\u0440\u043e\u0449\u0435 \u0438 \u044d\u0444\u0444\u0435\u043a\u0442\u0438\u0432\u043d\u0435\u0435.<\/p>\n<p data-start=\"350\" data-end=\"651\">\u0410\u0441\u0441\u043e\u0440\u0442\u0438\u043c\u0435\u043d\u0442 Ninja \u0432\u043a\u043b\u044e\u0447\u0430\u0435\u0442 \u0432 \u0441\u0435\u0431\u044f\u00a0<strong data-start=\"380\" data-end=\"434\">\u0431\u043b\u0435\u043d\u0434\u0435\u0440\u044b, \u043a\u0443\u0445\u043e\u043d\u043d\u044b\u0435 \u043a\u043e\u043c\u0431\u0430\u0439\u043d\u044b, \u0444\u0440\u0438\u0442\u044e\u0440\u043d\u0438\u0446\u044b, \u043c\u0443\u043b\u044c\u0442\u0438\u0432\u0430\u0440\u043a\u0438<\/strong>\u00a0\u0430 \u0442\u0430\u043a\u0436\u0435 \u0432\u0441\u0435 \u0447\u0430\u0449\u0435\u00a0<strong data-start=\"452\" data-end=\"474\">\u043e\u0431\u043e\u0440\u0443\u0434\u043e\u0432\u0430\u043d\u0438\u0435 \u0434\u043b\u044f \u043e\u0442\u043a\u0440\u044b\u0442\u043e\u0439 \u043a\u0443\u0445\u043d\u0438<\/strong>. \u0412\u0441\u0435 \u043f\u0440\u043e\u0434\u0443\u043a\u0442\u044b \u0440\u0430\u0437\u0440\u0430\u0431\u043e\u0442\u0430\u043d\u044b \u0442\u0430\u043a\u0438\u043c \u043e\u0431\u0440\u0430\u0437\u043e\u043c, \u0447\u0442\u043e\u0431\u044b \u0441\u043e\u0447\u0435\u0442\u0430\u0442\u044c\u00a0<strong data-start=\"507\" data-end=\"564\">\u0444\u0443\u043d\u043a\u0446\u0438\u043e\u043d\u0430\u043b\u044c\u043d\u043e\u0441\u0442\u044c, \u043d\u0430\u0434\u0435\u0436\u043d\u043e\u0441\u0442\u044c \u0438 \u0438\u043d\u043d\u043e\u0432\u0430\u0446\u0438\u043e\u043d\u043d\u044b\u0439 \u0434\u0438\u0437\u0430\u0439\u043d<\/strong>\u0447\u0442\u043e\u0431\u044b \u0441\u043e\u0437\u0434\u0430\u0442\u044c \u043b\u0443\u0447\u0448\u0438\u0439 \u0438\u043d\u0441\u0442\u0440\u0443\u043c\u0435\u043d\u0442 \u0434\u043b\u044f \u043b\u044e\u0431\u043e\u0439 \u043a\u0443\u0445\u043d\u0438 - \u0434\u043e\u043c\u0430\u0448\u043d\u0435\u0439 \u0438 \u043f\u0440\u043e\u0444\u0435\u0441\u0441\u0438\u043e\u043d\u0430\u043b\u044c\u043d\u043e\u0439.<\/p>\n<p>&nbsp;<\/p>","protected":false},"excerpt":{"rendered":"<p data-start=\"167\" data-end=\"469\">Mitmek\u00fclgne elektriahjulahendus v\u00e4litingimustesse \u2013 <strong>\u00fchendab pitsaahju, suitsutaja ja r\u00f6stimisahju funktsioonid \u00fches seadmes.<\/strong> T\u00f6\u00f6tades elektri ja looduslike puitpelletitega, saavutab seade kuni 370\u202f\u00b0C kuumust, v\u00f5imaldades valmistada pitsasid, liha, k\u00f6\u00f6givilju ja suitsutoite kiiresti ja kontrollitult.<\/p>\n<p data-start=\"471\" data-end=\"489\"><strong data-start=\"471\" data-end=\"487\">P\u00f5hiomadused<\/strong><\/p>\n<ul data-start=\"490\" data-end=\"970\">\n<li data-start=\"490\" data-end=\"642\">\n<p data-start=\"492\" data-end=\"642\">8 toiduvalmistamisfunktsiooni: pitsa, maksimaalne r\u00f6stimine, gurmeepraad, \u00fclemine kuumutus, k\u00fcpsetamine, suitsutamine, kuivatamine, soojana hoidmine<\/p>\n<\/li>\n<li data-start=\"643\" data-end=\"698\">\n<p data-start=\"645\" data-end=\"698\">Woodfire tehnoloogia autentseks suitsuseks maitseks<\/p>\n<\/li>\n<li data-start=\"699\" data-end=\"732\">\n<p data-start=\"701\" data-end=\"732\">Temperatuurivahemik 40\u2013370\u202f\u00b0C<\/p>\n<\/li>\n<li data-start=\"733\" data-end=\"794\">\n<p data-start=\"735\" data-end=\"794\">Kiirpitsa: valmib v\u00e4hem kui 3 minutiga, ei vaja p\u00f6\u00f6ramist<\/p>\n<\/li>\n<li data-start=\"795\" data-end=\"877\">\n<p data-start=\"797\" data-end=\"877\">Mahutab: terve 3 kg kana koos k\u00f6\u00f6giviljadega, 5 kg veiseliha v\u00f5i 2 ribiriiulit<\/p>\n<\/li>\n<li data-start=\"878\" data-end=\"919\">\n<p data-start=\"880\" data-end=\"919\">Elektritoide \u2013 ei vaja s\u00fctt ega gaasi<\/p>\n<\/li>\n<li data-start=\"920\" data-end=\"970\">\n<p data-start=\"922\" data-end=\"970\">Sobib terrassile, r\u00f5dule, aeda v\u00f5i k\u00e4mpingusse<\/p>\n<\/li>\n<\/ul>\n<p data-start=\"972\" data-end=\"992\"><strong data-start=\"972\" data-end=\"990\">Tehniline info<\/strong><\/p>\n<ul data-start=\"993\" data-end=\"1281\">\n<li data-start=\"993\" data-end=\"1031\">\n<p data-start=\"995\" data-end=\"1031\">Grillit\u00fc\u00fcp: elektrigrill \/ v\u00e4liahi<\/p>\n<\/li>\n<li data-start=\"1032\" data-end=\"1053\">\n<p data-start=\"1034\" data-end=\"1053\">Grillala: 900 cm\u00b2<\/p>\n<\/li>\n<li data-start=\"1054\" data-end=\"1086\">\n<p data-start=\"1056\" data-end=\"1086\">K\u00fcpsetusala m\u00f5\u00f5t: 30 \u00d7 30 cm<\/p>\n<\/li>\n<li data-start=\"1087\" data-end=\"1103\">\n<p data-start=\"1089\" data-end=\"1103\">Kaanega: jah<\/p>\n<\/li>\n<li data-start=\"1104\" data-end=\"1179\">\n<p data-start=\"1106\" data-end=\"1179\">Eriomadused: Woodfire suitsus\u00fcsteem, t\u00e4pne temperatuurikontroll, taimer<\/p>\n<\/li>\n<li data-start=\"1180\" data-end=\"1226\">\n<p data-start=\"1182\" data-end=\"1226\">V\u00f5imsus: [t\u00e4psustamata, vajadusel lisatav]<\/p>\n<\/li>\n<li data-start=\"1227\" data-end=\"1281\">\n<p data-start=\"1229\" data-end=\"1281\">Ilmastikukindlus: [puudub info, vajadusel lisatav]<\/p>\n<\/li>\n<\/ul>\n<p data-start=\"1283\" data-end=\"1299\"><strong data-start=\"1283\" data-end=\"1297\">Komplektis<\/strong><\/p>\n<ul data-start=\"1300\" data-end=\"1463\">\n<li data-start=\"1300\" data-end=\"1336\">\n<p data-start=\"1302\" data-end=\"1336\">2\u00d7 Woodfire pelletite stardipakk<\/p>\n<\/li>\n<li data-start=\"1337\" data-end=\"1354\">\n<p data-start=\"1339\" data-end=\"1354\">Pelletik\u00fchvel<\/p>\n<\/li>\n<li data-start=\"1355\" data-end=\"1403\">\n<p data-start=\"1357\" data-end=\"1403\">Pro-Heat alusplaat (30 \u00d7 30 cm, kuni 370\u202f\u00b0C)<\/p>\n<\/li>\n<li data-start=\"1404\" data-end=\"1420\">\n<p data-start=\"1406\" data-end=\"1420\">R\u00f6stimisrest<\/p>\n<\/li>\n<li data-start=\"1421\" data-end=\"1434\">\n<p data-start=\"1423\" data-end=\"1434\">Pitsakivi<\/p>\n<\/li>\n<li data-start=\"1435\" data-end=\"1463\">\n<p data-start=\"1437\" data-end=\"1463\">Reguleeritav tarvikuraam<\/p>\n<\/li>\n<\/ul>\n<p data-start=\"1465\" data-end=\"1476\"><strong data-start=\"1465\" data-end=\"1474\">Sobib<\/strong><\/p>\n<ul data-start=\"1477\" data-end=\"1628\">\n<li data-start=\"1477\" data-end=\"1558\">\n<p data-start=\"1479\" data-end=\"1558\">Kodu\u00f5ues pitsade, suitsuliha ja r\u00f6sttoitude valmistamiseks ilma elava leegita<\/p>\n<\/li>\n<li data-start=\"1559\" data-end=\"1628\">\n<p data-start=\"1561\" data-end=\"1628\">BBQ-s\u00f5pradele, kes hindavad kontrollitud kuumust ja mitmek\u00fclgsust<\/p>\n<\/li>\n<\/ul>\n<p>Vaata lisaks: <a href=\"https:\/\/tammetorubbq.ee\/product-tag\/ninja-puidupellet\/\"><strong>Ninja Woodfire puidupellet<\/strong><\/a><\/p>\n<p><img loading=\"lazy\" decoding=\"async\" class=\" wp-image-3980\" src=\"http:\/\/tammetorubbq.ee\/wp-content\/uploads\/2025\/10\/Ninja-logo-300x300.webp\" alt=\"Ninja logo\" width=\"180\" height=\"180\" srcset=\"https:\/\/tammetorubbq.ee\/wp-content\/uploads\/2025\/10\/Ninja-logo-300x300.webp 300w, https:\/\/tammetorubbq.ee\/wp-content\/uploads\/2025\/10\/Ninja-logo-150x150.webp 150w, https:\/\/tammetorubbq.ee\/wp-content\/uploads\/2025\/10\/Ninja-logo-12x12.webp 12w, https:\/\/tammetorubbq.ee\/wp-content\/uploads\/2025\/10\/Ninja-logo-600x600.webp 600w, https:\/\/tammetorubbq.ee\/wp-content\/uploads\/2025\/10\/Ninja-logo-64x64.webp 64w, https:\/\/tammetorubbq.ee\/wp-content\/uploads\/2025\/10\/Ninja-logo.webp 680w\" sizes=\"auto, (max-width: 180px) 100vw, 180px\" \/><\/p>\n<p><a href=\"https:\/\/www.tammetorubbq.ee\/maksa-hiljem\/\"><strong>OSTA KOHE, MAKSA HILJEM<\/strong><\/a>\u00a0\u2013 intressivabalt!<\/p>\n<p><img loading=\"lazy\" decoding=\"async\" class=\"alignnone wp-image-2646\" src=\"http:\/\/tammetorubbq.ee\/wp-content\/uploads\/2023\/12\/inbank-wordmark.png\" alt=\"\" width=\"167\" height=\"75\" srcset=\"https:\/\/tammetorubbq.ee\/wp-content\/uploads\/2023\/12\/inbank-wordmark.png 300w, https:\/\/tammetorubbq.ee\/wp-content\/uploads\/2023\/12\/inbank-wordmark-18x8.png 18w, https:\/\/tammetorubbq.ee\/wp-content\/uploads\/2023\/12\/inbank-wordmark-64x29.png 64w\" sizes=\"auto, (max-width: 167px) 100vw, 167px\" \/><\/p>\n<p>Pakume v\u00f5imalust ostu eest tasuda ka hiljem \u2013 \u00fches, kahes v\u00f5i kolmes v\u00f5rdses osas, ilma igasuguse intressi ja lisatasuta.<\/p>\n<p>Valiku erinevatele v\u00f5imalustele tasumiseks leiate meie ostukorvist.<\/p>\n","protected":false},"featured_media":4105,"comment_status":"open","ping_status":"closed","template":"","meta":{"_uf_show_specific_survey":0,"_uf_disable_surveys":false},"pwb-brand":[214],"product_brand":[],"product_cat":[194,108,195,56,131],"product_tag":[109,135,133],"class_list":{"0":"post-4099","1":"product","2":"type-product","3":"status-publish","4":"has-post-thumbnail","6":"pwb-brand-ninja","7":"product_cat-ninja-koogiseadmed","8":"product_cat-elektrigrillid","9":"product_cat-elektrilised-grillid-suitsutajad","10":"product_cat-pelletgrillid","11":"product_cat-pizzaahjud","12":"product_tag-elektrigrill","13":"product_tag-pelletgrillid","14":"product_tag-pizzaahi","16":"first","17":"instock","18":"taxable","19":"shipping-taxable","20":"purchasable","21":"product-type-simple"},"brands":[{"id":214,"name":"\u041d\u0438\u043d\u0434\u0437\u044f","slug":"ninja"}],"_links":{"self":[{"href":"https:\/\/tammetorubbq.ee\/ru\/wp-json\/wp\/v2\/product\/4099","targetHints":{"allow":["GET"]}}],"collection":[{"href":"https:\/\/tammetorubbq.ee\/ru\/wp-json\/wp\/v2\/product"}],"about":[{"href":"https:\/\/tammetorubbq.ee\/ru\/wp-json\/wp\/v2\/types\/product"}],"replies":[{"embeddable":true,"href":"https:\/\/tammetorubbq.ee\/ru\/wp-json\/wp\/v2\/comments?post=4099"}],"wp:featuredmedia":[{"embeddable":true,"href":"https:\/\/tammetorubbq.ee\/ru\/wp-json\/wp\/v2\/media\/4105"}],"wp:attachment":[{"href":"https:\/\/tammetorubbq.ee\/ru\/wp-json\/wp\/v2\/media?parent=4099"}],"wp:term":[{"taxonomy":"pwb-brand","embeddable":true,"href":"https:\/\/tammetorubbq.ee\/ru\/wp-json\/wp\/v2\/pwb-brand?post=4099"},{"taxonomy":"product_brand","embeddable":true,"href":"https:\/\/tammetorubbq.ee\/ru\/wp-json\/wp\/v2\/product_brand?post=4099"},{"taxonomy":"product_cat","embeddable":true,"href":"https:\/\/tammetorubbq.ee\/ru\/wp-json\/wp\/v2\/product_cat?post=4099"},{"taxonomy":"product_tag","embeddable":true,"href":"https:\/\/tammetorubbq.ee\/ru\/wp-json\/wp\/v2\/product_tag?post=4099"}],"curies":[{"name":"wp","href":"https:\/\/api.w.org\/{rel}","templated":true}]}}