{"id":4276,"date":"2025-11-23T20:24:26","date_gmt":"2025-11-23T18:24:26","guid":{"rendered":"https:\/\/tammetorubbq.ee\/?post_type=product&#038;p=4276"},"modified":"2026-04-15T00:00:08","modified_gmt":"2026-04-14T21:00:08","slug":"butcher-bbq-sealiha-sustmarinaad-340g","status":"publish","type":"product","link":"https:\/\/tammetorubbq.ee\/ru\/product-2\/butcher-bbq-sealiha-sustmarinaad-340g\/","title":{"rendered":"Butcher BBQ sealiha s\u00fcstmarinaad 340g"},"content":{"rendered":"<p><strong>Koostisosad:\u00a0<\/strong>H\u00fcdrol\u00fc\u00fcsitud k\u00f6\u00f6giviljavalgu (h\u00fcdrol\u00fc\u00fcsitud soja- ja maisivalgu ning soola segu koos osaliselt h\u00fcdrogeenitud taime\u00f5liga [puuvillaseemne- ja soja\u00f5li]), naatriumglutamaat, naatriumfosfaat, sealihamaitse (p\u00e4rmi\u00adekstrakt, looduslikud maitseained, maltodekstriin) ja ksantaankumm.<\/p>\n<p><strong>Kuidas kasutada:\u00a0<\/strong>Sega 3\/4 tassi Pork Injection\u2019it kahe (2) tassi veega. Soovi korral v\u00f5ib pool veest asendada erinevate puuviljamahlade, koola v\u00f5i k\u00f6\u00f6giviljapuljongiga. Kasuta sama s\u00fcstimise meetodit nagu veiseliha s\u00fcstelahuse puhul. Paksamate lihat\u00fckkide (n\u00e4iteks sea abat\u00fcki v\u00f5i v\u00e4lisfilee) puhul veendu, et s\u00fcstal j\u00f5uaks liha keskosani.<\/p>\n<p>Butcher BBQ \u00fchendab toiduvalmistamise teaduse ja kulinaarse oskuse, et pakkuda segu, mis on lihtne kasutada ja annab j\u00e4rjepidevalt suurep\u00e4raseid tulemusi.<\/p>\n<div class=\"v1pre\">\n<div class=\"v1pointer-events-none v1h-px v1w-px\">Butcher BBQ on sadade BBQ-v\u00f5istluste v\u00f5itja ja 2012. aasta maailmameister BBQ Pitmasterina, seej\u00e4rel 2018. aastal oma teise maailmameistritiitli p\u00e4lvinud David Bouska on Butcher BBQ kaubam\u00e4rgi n\u00e4gu ja looja. David Bouska ning Butcher BBQ on esinenud menuka telesarja\u00a0<em>BBQ Pitmasters<\/em>\u00a04. ja 5. hooajas ning\u00a0<em>BBQ Pitmasters All Stars<\/em> erisaates. Aastal 2015 v\u00f5eti David Bouska Oklahoma BBQ Hall of Fame\u2019i ning 2025. aastal lisatakse ta ka Kansas City BBQ Society Hall of Fame\u2019i.<\/div>\n<div><\/div>\n<\/div>\n<div class=\"v1pre\"><strong>K\u00f5ik need tunnustused on saavutatud kasutades Butcher BBQ auhinnatud s\u00fcstelahuseid, maitseaineid ja kastmeid, mida leiad siitsamast veebilehelt.<\/strong><\/div>\n<p>&nbsp;<\/p>\n","protected":false},"excerpt":{"rendered":"<p><strong>Butcher BBQ Pork Injection \u2013 saladus, mis aitab sul vallata BBQ-kunsti ja valmistada t\u00f5eliselt h\u00f5rku sealiharooga!<\/strong><\/p>\n<p data-start=\"1015\" data-end=\"1278\">Butcher BBQ sealiha s\u00fcstmarinaad, tegemist on ainulaadse v\u00fcrtsiseguga mis annab s\u00fcgav maitse ja mahlasus. Kasuta kas s\u00fcsti v\u00f5i lihtsalt marinaadina, tulemuseks on alati pehme, mahlane ja maitsek\u00fcllane liha.<\/p>\n<p data-start=\"1015\" data-end=\"1278\">Tegemist ei ole tavalise marinaadi maitseaineseguga \u2013 see on spetsiaalselt loodud esile tooma sealiha rikkalikku, soolakat maitset, aidates samal ajal s\u00e4ilitada selle loomulikku mahlasust. Seda usaldavad lugematud BBQ-v\u00f5itjad ning see on populaarne valik neile, kes p\u00fcrgivad t\u00e4iusliku BBQ poole.<\/p>\n<p>Liitu kahekordsete maailma BBQ-meistrite tasemega ja avasta, miks Butcher BBQ Pork Injection on parimate sealiha maitsete v\u00f5ti. Olgu tegu Carolina stiiliga v\u00f5i uute retseptide katsetamisega \u2013 see segu aitab sul saavutada muljetavaldavaid tulemusi.<\/p>\n<p>Butcher BBQ Pork Injection laseb t\u00f5elisel maitsel sinu eest r\u00e4\u00e4kida. Su teekond h\u00f5rgu, mahlase ja t\u00e4iusliku sealihani algab siit.<\/p>\n<ul>\n<li data-start=\"156\" data-end=\"249\">\n<p data-start=\"158\" data-end=\"249\">Toode on gluteenivaba.<\/p>\n<\/li>\n<li data-start=\"462\" data-end=\"500\">\n<p data-start=\"464\" data-end=\"500\">T\u00e4ielikud kasutusjuhised pakendil.<\/p>\n<\/li>\n<li data-start=\"462\" data-end=\"500\">Valmistatud USA-s.<\/li>\n<\/ul>\n<p>\ud83d\udca1 <strong>Pro tip<\/strong>: Sega 3\/4 tassi Pork Injection\u2019it kahe tassi veega v\u00f5i asenda pool veest puuviljamahla, koola v\u00f5i k\u00f6\u00f6giviljapuljongiga, et lisada lihale eriline maitse. Paksude lihat\u00fckkide (nt seakoot v\u00f5i v\u00e4lisfilee) puhul s\u00fcsti liha keskele, et tagada \u00fchtlane mahlasus ja maitse.<\/p>\n<p><img loading=\"lazy\" decoding=\"async\" class=\"wp-image-3451\" src=\"http:\/\/tammetorubbq.ee\/wp-content\/uploads\/2025\/07\/Butcher-BBQ-300x276.webp\" alt=\"\u041c\u044f\u0441\u043d\u043e\u0435 \u0431\u0430\u0440\u0431\u0435\u043a\u044e\" width=\"141\" height=\"130\" srcset=\"https:\/\/tammetorubbq.ee\/wp-content\/uploads\/2025\/07\/Butcher-BBQ-300x276.webp 300w, https:\/\/tammetorubbq.ee\/wp-content\/uploads\/2025\/07\/Butcher-BBQ-1024x943.webp 1024w, https:\/\/tammetorubbq.ee\/wp-content\/uploads\/2025\/07\/Butcher-BBQ-768x707.webp 768w, https:\/\/tammetorubbq.ee\/wp-content\/uploads\/2025\/07\/Butcher-BBQ-13x12.webp 13w, https:\/\/tammetorubbq.ee\/wp-content\/uploads\/2025\/07\/Butcher-BBQ-600x553.webp 600w, https:\/\/tammetorubbq.ee\/wp-content\/uploads\/2025\/07\/Butcher-BBQ-64x59.webp 64w, https:\/\/tammetorubbq.ee\/wp-content\/uploads\/2025\/07\/Butcher-BBQ.webp 1180w\" sizes=\"auto, (max-width: 141px) 100vw, 141px\" \/><\/p>","protected":false},"featured_media":4277,"comment_status":"open","ping_status":"closed","template":"","meta":{"_uf_show_specific_survey":0,"_uf_disable_surveys":false},"pwb-brand":[181],"product_brand":[],"product_cat":[22],"product_tag":[236,114,122,235],"class_list":{"0":"post-4276","1":"product","2":"type-product","3":"status-publish","4":"has-post-thumbnail","6":"pwb-brand-butcher-bbq","7":"product_cat-kastmed-ja-marinaadid","8":"product_tag-butcher-bbq","9":"product_tag-sealiha","10":"product_tag-searibi","11":"product_tag-sustmarinaad","13":"first","14":"outofstock","15":"taxable","16":"shipping-taxable","17":"purchasable","18":"product-type-simple"},"brands":[{"id":181,"name":"\u041c\u044f\u0441\u043d\u043e\u0435 \u0431\u0430\u0440\u0431\u0435\u043a\u044e","slug":"butcher-bbq"}],"_links":{"self":[{"href":"https:\/\/tammetorubbq.ee\/ru\/wp-json\/wp\/v2\/product\/4276","targetHints":{"allow":["GET"]}}],"collection":[{"href":"https:\/\/tammetorubbq.ee\/ru\/wp-json\/wp\/v2\/product"}],"about":[{"href":"https:\/\/tammetorubbq.ee\/ru\/wp-json\/wp\/v2\/types\/product"}],"replies":[{"embeddable":true,"href":"https:\/\/tammetorubbq.ee\/ru\/wp-json\/wp\/v2\/comments?post=4276"}],"wp:featuredmedia":[{"embeddable":true,"href":"https:\/\/tammetorubbq.ee\/ru\/wp-json\/wp\/v2\/media\/4277"}],"wp:attachment":[{"href":"https:\/\/tammetorubbq.ee\/ru\/wp-json\/wp\/v2\/media?parent=4276"}],"wp:term":[{"taxonomy":"pwb-brand","embeddable":true,"href":"https:\/\/tammetorubbq.ee\/ru\/wp-json\/wp\/v2\/pwb-brand?post=4276"},{"taxonomy":"product_brand","embeddable":true,"href":"https:\/\/tammetorubbq.ee\/ru\/wp-json\/wp\/v2\/product_brand?post=4276"},{"taxonomy":"product_cat","embeddable":true,"href":"https:\/\/tammetorubbq.ee\/ru\/wp-json\/wp\/v2\/product_cat?post=4276"},{"taxonomy":"product_tag","embeddable":true,"href":"https:\/\/tammetorubbq.ee\/ru\/wp-json\/wp\/v2\/product_tag?post=4276"}],"curies":[{"name":"wp","href":"https:\/\/api.w.org\/{rel}","templated":true}]}}