{"id":458,"date":"2023-12-03T12:27:52","date_gmt":"2023-12-03T10:27:52","guid":{"rendered":"https:\/\/tammetorubbq.ee\/?post_type=product&#038;p=458"},"modified":"2026-04-16T23:00:08","modified_gmt":"2026-04-16T20:00:08","slug":"%d0%ba%d0%b0%d0%bc%d0%b0%d0%b4%d0%be-%d0%b4%d0%b6%d0%be-%d0%bf%d0%be%d0%b4%d0%ba%d0%bb%d1%8e%d1%87%d0%b5%d0%bd%d0%bd%d1%8b%d0%b9-%d0%b4%d0%b6%d0%be","status":"publish","type":"product","link":"https:\/\/tammetorubbq.ee\/ru\/product-2\/%d0%ba%d0%b0%d0%bc%d0%b0%d0%b4%d0%be-%d0%b4%d0%b6%d0%be-%d0%bf%d0%be%d0%b4%d0%ba%d0%bb%d1%8e%d1%87%d0%b5%d0%bd%d0%bd%d1%8b%d0%b9-%d0%b4%d0%b6%d0%be\/","title":{"rendered":"Kamado Joe Konnected Classic Joe"},"content":{"rendered":"<p>\u0418\u0441\u043f\u044b\u0442\u0430\u0439\u0442\u0435 \u043d\u043e\u0432\u0443\u044e \u044d\u0440\u0443 \u043a\u0435\u0440\u0430\u043c\u0438\u0447\u0435\u0441\u043a\u043e\u0433\u043e \u0433\u0440\u0438\u043b\u044f \u0441 \u0446\u0438\u0444\u0440\u043e\u0432\u044b\u043c \u0443\u0433\u043e\u043b\u044c\u043d\u044b\u043c \u0433\u0440\u0438\u043b\u0435\u043c Kamado Joe Konnected Joe\u2122. \u0411\u043b\u0430\u0433\u043e\u0434\u0430\u0440\u044f Konnected Joe\u2122 \u0440\u0430\u0437\u0436\u0438\u0433\u0430\u0442\u044c \u0433\u0440\u0438\u043b\u044c \u043e\u0447\u0435\u043d\u044c \u043f\u0440\u043e\u0441\u0442\u043e. \u041f\u0440\u043e\u0441\u0442\u043e \u043d\u0430\u0436\u043c\u0438\u0442\u0435 \u043a\u043d\u043e\u043f\u043a\u0443 Automatic Fire Start (AFS\u2122), \u0447\u0442\u043e\u0431\u044b \u0440\u0430\u0437\u0436\u0435\u0447\u044c \u0443\u0433\u043b\u0438. \u0423\u0441\u0442\u0430\u043d\u043e\u0432\u0438\u0442\u0435 \u0436\u0435\u043b\u0430\u0435\u043c\u0443\u044e \u0442\u0435\u043c\u043f\u0435\u0440\u0430\u0442\u0443\u0440\u0443 \u043f\u0440\u0438\u0433\u043e\u0442\u043e\u0432\u043b\u0435\u043d\u0438\u044f \u0441 \u043f\u043e\u043c\u043e\u0449\u044c\u044e \u0446\u0438\u0444\u0440\u043e\u0432\u043e\u0439 \u043f\u0430\u043d\u0435\u043b\u0438 \u0443\u043f\u0440\u0430\u0432\u043b\u0435\u043d\u0438\u044f Kontrol Board\u2122 \u0438\u043b\u0438 \u043f\u0440\u0438\u043b\u043e\u0436\u0435\u043d\u0438\u044f Kamado Joe \u0438 \u043f\u043e\u0437\u0432\u043e\u043b\u044c\u0442\u0435 \u0432\u0435\u043d\u0442\u0438\u043b\u044f\u0442\u043e\u0440\u0443 Kontrol Fan\u2122 \u0441\u0434\u0435\u043b\u0430\u0442\u044c \u0432\u0441\u044e \u043e\u0441\u0442\u0430\u043b\u044c\u043d\u0443\u044e \u0440\u0430\u0431\u043e\u0442\u0443. \u0411\u043b\u0430\u0433\u043e\u0434\u0430\u0440\u044f \u043d\u0435\u0441\u043a\u043e\u043b\u044c\u043a\u0438\u043c \u0444\u0443\u043d\u043a\u0446\u0438\u044f\u043c \u043f\u0440\u0438\u0433\u043e\u0442\u043e\u0432\u043b\u0435\u043d\u0438\u044f Konnected Joe\u2122 \u043f\u043e\u0437\u0432\u043e\u043b\u0438\u0442 \u0432\u0430\u043c \u043d\u0430\u0441\u043b\u0430\u0434\u0438\u0442\u044c\u0441\u044f \u0433\u0440\u0438\u043b\u0435\u043c Kamado \u0432 \u043b\u0443\u0447\u0448\u0435\u043c \u0432\u0438\u0434\u0435. \u0410\u0432\u0442\u043e\u043c\u0430\u0442\u0438\u0447\u0435\u0441\u043a\u0438\u0439 \u0440\u0435\u0436\u0438\u043c \u043f\u0440\u0438\u0433\u043e\u0442\u043e\u0432\u043b\u0435\u043d\u0438\u044f \u043e\u0431\u0435\u0441\u043f\u0435\u0447\u0438\u0432\u0430\u0435\u0442 \u043f\u043e\u043b\u043d\u044b\u0439 \u0446\u0438\u0444\u0440\u043e\u0432\u043e\u0439 \u043a\u043e\u043d\u0442\u0440\u043e\u043b\u044c, \u0438\u043b\u0438 \u043f\u043e\u043f\u0440\u043e\u0431\u0443\u0439\u0442\u0435 \u043a\u043b\u0430\u0441\u0441\u0438\u0447\u0435\u0441\u043a\u0438\u0439 \u0440\u0435\u0436\u0438\u043c \u0431\u0435\u0437 \u0430\u0432\u0442\u043e\u043c\u0430\u0442\u0438\u043a\u0438, \u0447\u0442\u043e\u0431\u044b \u043d\u0430\u0441\u043b\u0430\u0434\u0438\u0442\u044c\u0441\u044f \u0442\u0440\u0430\u0434\u0438\u0446\u0438\u043e\u043d\u043d\u044b\u043c\u0438 \u0431\u043b\u044e\u0434\u0430\u043c\u0438 Kamado.<\/p>\n<p><strong>\u041f\u041e\u041b\u041d\u042b\u0419 \u041d\u0410\u0411\u041e\u0420 \u0424\u0423\u041d\u041a\u0426\u0418\u0419!<\/strong><\/p>\n<ul>\n<li>\u041a\u0435\u0440\u0430\u043c\u0438\u0447\u0435\u0441\u043a\u0438\u0439 \u0433\u0440\u0438\u043b\u044c WiFi 46 \u0441\u043c \u0441 \u0432\u0430\u0440\u043e\u0447\u043d\u043e\u0439 \u043f\u043e\u0432\u0435\u0440\u0445\u043d\u043e\u0441\u0442\u044c\u044e 1613 \u0441\u043c\u00b2<\/li>\n<li>\u041a\u043d\u043e\u043f\u043a\u0430 AFS (Automatic Fire Starter), \u0441 \u043f\u043e\u043c\u043e\u0449\u044c\u044e \u043a\u043e\u0442\u043e\u0440\u043e\u0439 \u043c\u043e\u0436\u043d\u043e \u043c\u0433\u043d\u043e\u0432\u0435\u043d\u043d\u043e \u0440\u0430\u0437\u0436\u0435\u0447\u044c \u0443\u0433\u043b\u0438.<\/li>\n<li>\u0426\u0438\u0444\u0440\u043e\u0432\u0430\u044f \u043f\u0430\u043d\u0435\u043b\u044c \u0443\u043f\u0440\u0430\u0432\u043b\u0435\u043d\u0438\u044f \u0441 \u0433\u0440\u0430\u0444\u0438\u043a\u0430\u043c\u0438 \u0442\u0435\u043c\u043f\u0435\u0440\u0430\u0442\u0443\u0440\u044b, \u043f\u0440\u0435\u0434\u0443\u043f\u0440\u0435\u0436\u0434\u0435\u043d\u0438\u044f\u043c\u0438 \u0438 \u043d\u0435\u0441\u043a\u043e\u043b\u044c\u043a\u0438\u043c\u0438 \u0440\u0435\u0436\u0438\u043c\u0430\u043c\u0438 \u043f\u0440\u0438\u0433\u043e\u0442\u043e\u0432\u043b\u0435\u043d\u0438\u044f<\/li>\n<li>\u0418\u0441\u043f\u043e\u043b\u044c\u0437\u0443\u0439\u0442\u0435 \u043f\u0440\u0438\u043b\u043e\u0436\u0435\u043d\u0438\u0435 Kamado Joe, \u0447\u0442\u043e\u0431\u044b \u0443\u0441\u0442\u0430\u043d\u0430\u0432\u043b\u0438\u0432\u0430\u0442\u044c \u0442\u0435\u043c\u043f\u0435\u0440\u0430\u0442\u0443\u0440\u0443 \u0438 \u0432\u0440\u0435\u043c\u044f, \u0441\u043b\u0435\u0434\u0438\u0442\u044c \u0437\u0430 \u0445\u0430\u0440\u0430\u043a\u0442\u0435\u0440\u0438\u0441\u0442\u0438\u043a\u0430\u043c\u0438 \u043c\u044f\u0441\u0430 \u0438 \u043e\u0442\u043a\u0440\u044b\u0432\u0430\u0442\u044c \u043d\u043e\u0432\u044b\u0435 \u0440\u0435\u0446\u0435\u043f\u0442\u044b.<\/li>\n<li>Kontrol Fan \u0430\u0432\u0442\u043e\u043c\u0430\u0442\u0438\u0447\u0435\u0441\u043a\u0438 \u043f\u043e\u0434\u0434\u0435\u0440\u0436\u0438\u0432\u0430\u0435\u0442 \u0436\u0435\u043b\u0430\u0435\u043c\u0443\u044e \u0442\u0435\u043c\u043f\u0435\u0440\u0430\u0442\u0443\u0440\u0443 \u043e\u0442 107\u00b0C \u0434\u043e 370\u00b0C.<\/li>\n<li>\u0410\u0432\u0442\u043e\u043c\u0430\u0442\u0438\u0447\u0435\u0441\u043a\u0438\u0439 \u0440\u0435\u0436\u0438\u043c \u043f\u0440\u0438\u0433\u043e\u0442\u043e\u0432\u043b\u0435\u043d\u0438\u044f \u0434\u043b\u044f \u0446\u0438\u0444\u0440\u043e\u0432\u043e\u0433\u043e \u043f\u043e\u0434\u043a\u043b\u044e\u0447\u0435\u043d\u0438\u044f \u0438\u043b\u0438 \u0440\u0443\u0447\u043d\u043e\u0439 \u0440\u0435\u0436\u0438\u043c \u0434\u043b\u044f \u0442\u0440\u0430\u0434\u0438\u0446\u0438\u043e\u043d\u043d\u043e\u0433\u043e \u0433\u0440\u0438\u043b\u044f \u043a\u0430\u043c\u0430\u0434\u043e.<\/li>\n<li>\u0412\u0435\u0440\u0445\u043d\u0438\u0439 \u0432\u0435\u043d\u0442\u0438\u043b\u044f\u0442\u043e\u0440 Kontrol Tower\u2122 \u043f\u043e\u0434\u0434\u0435\u0440\u0436\u0438\u0432\u0430\u0435\u0442 \u0440\u0430\u0432\u043d\u043e\u043c\u0435\u0440\u043d\u044b\u0439 \u043f\u043e\u0442\u043e\u043a \u0432\u043e\u0437\u0434\u0443\u0445\u0430 \u043f\u0440\u0438 \u043e\u0442\u043a\u0440\u044b\u0442\u0438\u0438 \u0438 \u0437\u0430\u043a\u0440\u044b\u0442\u0438\u0438 \u043a\u0440\u044b\u0448\u043a\u0438<\/li>\n<li>\u0412 \u043a\u043e\u043c\u043f\u043b\u0435\u043a\u0442 \u0432\u0445\u043e\u0434\u044f\u0442 \u043f\u043e\u0434\u044a\u0435\u043c\u043d\u044b\u0435 \u0440\u0443\u0447\u043a\u0438 \u0434\u043b\u044f \u043b\u0435\u0433\u043a\u043e\u0433\u043e \u0438 \u0431\u0435\u0437\u043e\u043f\u0430\u0441\u043d\u043e\u0433\u043e \u043f\u043e\u0434\u044a\u0435\u043c\u0430 \u0433\u0440\u0438\u043b\u044f<\/li>\n<li>\u0428\u0430\u0440\u043d\u0438\u0440 Air Lift\u2122 \u0437\u043d\u0430\u0447\u0438\u0442\u0435\u043b\u044c\u043d\u043e \u0441\u043d\u0438\u0436\u0430\u0435\u0442 \u0432\u0435\u0441 \u043a\u0443\u043f\u043e\u043b\u0430, \u0442.\u0435. \u043a\u0440\u044b\u0448\u043a\u0438 \u0433\u0440\u0438\u043b\u044f<\/li>\n<li>\u0414\u0432\u0443\u0445\u0443\u0440\u043e\u0432\u043d\u0435\u0432\u0430\u044f \u043c\u043d\u043e\u0433\u043e\u0444\u0443\u043d\u043a\u0446\u0438\u043e\u043d\u0430\u043b\u044c\u043d\u0430\u044f \u0441\u0438\u0441\u0442\u0435\u043c\u0430 \u043f\u0440\u0438\u0433\u043e\u0442\u043e\u0432\u043b\u0435\u043d\u0438\u044f \"\u0420\u0430\u0437\u0434\u0435\u043b\u044f\u0439 \u0438 \u0432\u043b\u0430\u0441\u0442\u0432\u0443\u0439\" \u0434\u043b\u044f \u043f\u0440\u0438\u0433\u043e\u0442\u043e\u0432\u043b\u0435\u043d\u0438\u044f \u0440\u0430\u0437\u043b\u0438\u0447\u043d\u044b\u0445 \u043f\u0440\u043e\u0434\u0443\u043a\u0442\u043e\u0432 \u043f\u0440\u0438 \u0440\u0430\u0437\u043d\u044b\u0445 \u0442\u0435\u043c\u043f\u0435\u0440\u0430\u0442\u0443\u0440\u0430\u0445<\/li>\n<li>\u0422\u044f\u0436\u0435\u043b\u0430\u044f \u0438 \u043f\u0440\u043e\u0447\u043d\u0430\u044f \u0441\u0442\u0430\u043b\u044c\u043d\u0430\u044f \u0440\u0430\u043c\u0430 \u0434\u043b\u044f \u0433\u0440\u0438\u043b\u044f \u0441 \u043f\u043e\u0440\u043e\u0448\u043a\u043e\u0432\u044b\u043c \u043f\u043e\u043a\u0440\u044b\u0442\u0438\u0435\u043c \u0438 \u0431\u043b\u043e\u043a\u0438\u0440\u0443\u0435\u043c\u044b\u043c\u0438 \u043a\u043e\u043b\u0435\u0441\u0430\u043c\u0438<\/li>\n<li>\u0422\u0430\u043a\u0436\u0435 \u0432 \u043a\u043e\u043c\u043f\u043b\u0435\u043a\u0442 \u0432\u0445\u043e\u0434\u044f\u0442: \u0437\u0430\u0433\u043b\u0443\u0448\u043a\u0430 \u043a\u0440\u044b\u0448\u043a\u0438 \u0438\u0437 \u043d\u0435\u0440\u0436\u0430\u0432\u0435\u044e\u0449\u0435\u0439 \u0441\u0442\u0430\u043b\u0438, \u0442\u043e\u043f\u043a\u0430 Advanced Multi-panel (AMP), \u0440\u0435\u0448\u0435\u0442\u043a\u0438 \u0438\u0437 \u043d\u0435\u0440\u0436\u0430\u0432\u0435\u044e\u0449\u0435\u0439 \u0441\u0442\u0430\u043b\u0438, \u0441\u043a\u043b\u0430\u0434\u043d\u044b\u0435 \u0430\u043b\u044e\u043c\u0438\u043d\u0438\u0435\u0432\u044b\u0435 \u0431\u043e\u043a\u043e\u0432\u044b\u0435 \u043f\u043e\u043b\u043a\u0438, \u043f\u043e\u0434\u044a\u0435\u043c\u043d\u0438\u043a \u0434\u043b\u044f \u0440\u0435\u0448\u0435\u0442\u043a\u0438 \u0438\u043b\u0438 \u0449\u0438\u043f\u0446\u044b \u0434\u043b\u044f \u043f\u043e\u0434\u043d\u044f\u0442\u0438\u044f \u0440\u0435\u0448\u0435\u0442\u043a\u0438, \u0437\u043e\u043b\u044c\u043d\u0438\u043a, \u043e\u0442\u0440\u0430\u0436\u0430\u0442\u0435\u043b\u0438 \u0442\u0435\u043f\u043b\u0430 (\u0441\u0435\u0440\u043f\u043e\u0432\u0438\u0434\u043d\u044b\u0435 \u043a\u0430\u043c\u0435\u043d\u043d\u044b\u0435 \u043f\u043b\u0430\u0441\u0442\u0438\u043d\u044b), \u043a\u0430\u0442\u0443\u0448\u043a\u0430 \u0434\u043b\u044f \u0430\u043a\u0441\u0435\u0441\u0441\u0443\u0430\u0440\u043e\u0432 \u0438 1 \u0449\u0443\u043f \u0434\u043b\u044f \u043c\u044f\u0441\u0430.<\/li>\n<li>Konnected Joe\u2122 \u0441\u043e\u0432\u043c\u0435\u0441\u0442\u0438\u043c \u0441 \u043f\u043e\u043b\u0435\u0432\u044b\u043c\u0438 \u043a\u0443\u0445\u043d\u044f\u043c\u0438, \u0442.\u0435. \u043c\u043e\u0436\u0435\u0442 \u0438\u0441\u043f\u043e\u043b\u044c\u0437\u043e\u0432\u0430\u0442\u044c\u0441\u044f \u0430\u0432\u0442\u043e\u043d\u043e\u043c\u043d\u043e. \u0411\u043e\u043b\u0435\u0435 \u043f\u043e\u0434\u0440\u043e\u0431\u043d\u0430\u044f \u0438\u043d\u0444\u043e\u0440\u043c\u0430\u0446\u0438\u044f \u043f\u0440\u0438\u0432\u0435\u0434\u0435\u043d\u0430 \u0432 \u0440\u0443\u043a\u043e\u0432\u043e\u0434\u0441\u0442\u0432\u0435 \u043f\u043e\u043b\u044c\u0437\u043e\u0432\u0430\u0442\u0435\u043b\u044f.<\/li>\n<li>\u0421\u043e\u0432\u043c\u0435\u0441\u0442\u0438\u043c \u0441 \u0447\u0435\u0445\u043b\u0430\u043c\u0438 \u0438 \u0430\u043a\u0441\u0435\u0441\u0441\u0443\u0430\u0440\u0430\u043c\u0438 Classic Joe\u2122, \u043d\u043e \u043d\u0435 \u0441 \u0443\u0433\u043e\u043b\u044c\u043d\u043e\u0439 \u043a\u043e\u0440\u0437\u0438\u043d\u043e\u0439 Classic Joe.<\/li>\n<\/ul>\n<p>&nbsp;<\/p>\n<p><strong>\u0422\u0435\u0445\u043d\u0438\u0447\u0435\u0441\u043a\u0430\u044f \u0438\u043d\u0444\u043e\u0440\u043c\u0430\u0446\u0438\u044f<\/strong><\/p>\n<p>\u0428\u0438\u0440\u0438\u043d\u0430: 119 \u0441\u043c<\/p>\n<p>\u0412\u044b\u0441\u043e\u0442\u0430: 122 \u0441\u043c<\/p>\n<p>\u0412\u0435\u0441 \u0433\u0440\u0438\u043b\u044f: 98 \u043a\u0433<\/p>\n<p>\u0414\u0438\u0430\u043f\u0430\u0437\u043e\u043d \u043d\u0430\u0433\u0440\u0435\u0432\u0430: \u043e\u0442 100\u00b0C \u0434\u043e 400\u00b0C<\/p>\n<p>\u0412\u0430\u0440\u043e\u0447\u043d\u0430\u044f \u043f\u043e\u0432\u0435\u0440\u0445\u043d\u043e\u0441\u0442\u044c: \u0434\u0438\u0430\u043c\u0435\u0442\u0440 \u0440\u0435\u0448\u0435\u0442\u043a\u0438 \u0433\u0440\u0438\u043b\u044f 46 \u0441\u043c<\/p>\n<p>&nbsp;<\/p>\n<p>\u041f\u0420\u0418\u041c\u0415\u0427\u0410\u041d\u0418\u0415: \u041d\u0430 \u043a\u0435\u0440\u0430\u043c\u0438\u0447\u0435\u0441\u043a\u0438\u0435 \u0434\u0435\u0442\u0430\u043b\u0438 Kamado Joe \u0440\u0430\u0441\u043f\u0440\u043e\u0441\u0442\u0440\u0430\u043d\u044f\u0435\u0442\u0441\u044f \u043e\u0433\u0440\u0430\u043d\u0438\u0447\u0435\u043d\u043d\u0430\u044f \u043f\u043e\u0436\u0438\u0437\u043d\u0435\u043d\u043d\u0430\u044f \u0433\u0430\u0440\u0430\u043d\u0442\u0438\u044f (\u0443\u0441\u043b\u043e\u0432\u0438\u044f \u0433\u0430\u0440\u0430\u043d\u0442\u0438\u0438: <a href=\"http:\/\/tammetorubbq.ee\/wp-content\/uploads\/2023\/12\/Kamado_Joe_garantii-1.docx\" target=\"_blank\" rel=\"noopener\">\u0441\u043c. \u0437\u0434\u0435\u0441\u044c<\/a>); \u0432\u043a\u043b\u044e\u0447\u0430\u044f \u043a\u0435\u0440\u0430\u043c\u0438\u0447\u0435\u0441\u043a\u0443\u044e \u043f\u043b\u0438\u0442\u043a\u0443, \u0442\u0435\u043f\u043b\u043e\u043e\u0442\u0440\u0430\u0436\u0430\u0442\u0435\u043b\u0438 \u0438 \u0443\u043f\u043b\u043e\u0442\u043d\u0438\u0442\u0435\u043b\u044c\u043d\u044b\u0435 \u043f\u043b\u0438\u0442\u043a\u0438 - 3 \u0433\u043e\u0434\u0430; \u043c\u0435\u0442\u0430\u043b\u043b \u0438 \u0447\u0443\u0433\u0443\u043d - 5 \u043b\u0435\u0442; \u0442\u0435\u0440\u043c\u043e\u043c\u0435\u0442\u0440 \u0438 \u043f\u0440\u043e\u043a\u043b\u0430\u0434\u043a\u0438 - 1 \u0433\u043e\u0434.<\/p>\n<p>&nbsp;<\/p>","protected":false},"excerpt":{"rendered":"<h4>Kaasa kingitus + TASUTA tarne.<\/h4>\n<p><strong>KONNECTED JOE\u2122 DIGITAALNE KERAAMILINE S\u00d6EGRILL JA SUITSUAHI K\u00d5IK \u00dcHES!<\/strong><\/p>\n<p>\u0418\u043d\u043d\u043e\u0432\u0430\u0446\u0438\u043e\u043d\u043d\u0430\u044f \u0443\u043d\u0438\u043a\u0430\u043b\u044c\u043d\u0430\u044f \u0446\u0438\u0444\u0440\u043e\u0432\u0430\u044f \u043a\u0435\u0440\u0430\u043c\u0438\u0447\u0435\u0441\u043a\u0430\u044f \u043f\u0435\u0447\u044c-\u0433\u0440\u0438\u043b\u044c Kamado Joe\u2122<\/p>\n<ul>\n<li>\u041b\u0443\u0447\u0448\u0435\u0435 \u043a\u0430\u0447\u0435\u0441\u0442\u0432\u043e \u0432 \u043c\u0438\u0440\u0435! \u041b\u0443\u0447\u0448\u0435\u0435 \u0441\u043e\u043e\u0442\u043d\u043e\u0448\u0435\u043d\u0438\u0435 \u0446\u0435\u043d\u044b \u0438 \u043a\u0430\u0447\u0435\u0441\u0442\u0432\u0430!<\/li>\n<li><strong>\u0411\u0435\u0437\u0443\u0441\u043b\u043e\u0432\u043d\u043e, \u044d\u0442\u043e \u043b\u0443\u0447\u0448\u0438\u0439 \u0432\u044b\u0431\u043e\u0440 \u0441\u0440\u0435\u0434\u0438 \u043a\u0435\u0440\u0430\u043c\u0438\u0447\u0435\u0441\u043a\u0438\u0445 \u0433\u0440\u0438\u043b\u0435\u0439!<\/strong><\/li>\n<li>\u0420\u0430\u0437\u0436\u0438\u0433\u0430\u043d\u0438\u0435 \u0434\u0440\u0435\u0432\u0435\u0441\u043d\u043e\u0433\u043e \u0443\u0433\u043b\u044f \u0441 \u043a\u043d\u043e\u043f\u043a\u0438!<\/li>\n<li>\u041f\u043e\u0434\u043a\u043b\u044e\u0447\u0435\u043d\u0438\u0435 \u043a \u043f\u0440\u0438\u043b\u043e\u0436\u0435\u043d\u0438\u044e!<\/li>\n<li>\u0426\u0438\u0444\u0440\u043e\u0432\u0430\u044f \u043f\u0430\u043d\u0435\u043b\u044c \u0443\u043f\u0440\u0430\u0432\u043b\u0435\u043d\u0438\u044f!<\/li>\n<li>\u0413\u0440\u0430\u0444\u0438\u0447\u0435\u0441\u043a\u0430\u044f \u0432\u043a\u043b\u0430\u0434\u043a\u0430 \u0434\u043b\u044f \u043a\u043e\u043d\u0442\u0440\u043e\u043b\u044f \u0442\u0435\u043c\u043f\u0435\u0440\u0430\u0442\u0443\u0440\u044b!<\/li>\n<li>\u0421\u0442\u043e\u0439\u043a\u0430 \u0434\u043b\u044f \u0433\u0440\u0438\u043b\u044f \u00d8 47 \u0441\u043c (18\"), \u0432\u043d\u0443\u0442\u0440\u0435\u043d\u043d\u044f\u044f \u0434\u0443\u0445\u043e\u0432\u043a\u0430 \u00d8 50 \u0441\u043c, \u0432\u043d\u0435\u0448\u043d\u044f\u044f \u0434\u0443\u0445\u043e\u0432\u043a\u0430 \u00d8 57 \u0441\u043c, \u0432\u0435\u0441 98 \u043a\u0433.<\/li>\n<\/ul>\n<p><span style=\"color: #000000;\"><strong>Oleme tootja Kamado Joe ametlik esindaja, edasim\u00fc\u00fcja Eestis!<\/strong><\/span><\/p>\n<p><img loading=\"lazy\" decoding=\"async\" class=\"alignnone wp-image-1531\" src=\"http:\/\/tammetorubbq.ee\/wp-content\/uploads\/2024\/03\/kamado-joe-logo-300x40.webp\" alt=\"\u041b\u043e\u0433\u043e\u0442\u0438\u043f Kamado Joe\" width=\"180\" height=\"24\" srcset=\"https:\/\/tammetorubbq.ee\/wp-content\/uploads\/2024\/03\/kamado-joe-logo-300x40.webp 300w, https:\/\/tammetorubbq.ee\/wp-content\/uploads\/2024\/03\/kamado-joe-logo-768x104.webp 768w, https:\/\/tammetorubbq.ee\/wp-content\/uploads\/2024\/03\/kamado-joe-logo-18x2.webp 18w, https:\/\/tammetorubbq.ee\/wp-content\/uploads\/2024\/03\/kamado-joe-logo-600x81.webp 600w, https:\/\/tammetorubbq.ee\/wp-content\/uploads\/2024\/03\/kamado-joe-logo-64x9.webp 64w, https:\/\/tammetorubbq.ee\/wp-content\/uploads\/2024\/03\/kamado-joe-logo.webp 1024w\" sizes=\"auto, (max-width: 180px) 100vw, 180px\" \/><\/p>\n<p><a href=\"https:\/\/tammetorubbq.ee\/ru\/%d0%b7%d0%b0%d0%bf%d0%bb%d0%b0%d1%82%d0%b8%d1%82%d1%8c-%d0%bf%d0%be%d0%b7%d0%b6%d0%b5\/\"><strong>\u041a\u0423\u041f\u0418 \u0421\u0415\u0419\u0427\u0410\u0421, \u0417\u0410\u041f\u041b\u0410\u0422\u0418 \u041f\u041e\u0422\u041e\u041c<\/strong><\/a> - \u0431\u0435\u0441\u043f\u0440\u043e\u0446\u0435\u043d\u0442\u043d\u043e!<\/p>\n<p><img loading=\"lazy\" decoding=\"async\" class=\"alignnone wp-image-2646\" src=\"http:\/\/tammetorubbq.ee\/wp-content\/uploads\/2023\/12\/inbank-wordmark.png\" alt=\"\u0418\u043d\u0431\u0430\u043d\u043a\" width=\"167\" height=\"75\" srcset=\"https:\/\/tammetorubbq.ee\/wp-content\/uploads\/2023\/12\/inbank-wordmark.png 300w, https:\/\/tammetorubbq.ee\/wp-content\/uploads\/2023\/12\/inbank-wordmark-18x8.png 18w, https:\/\/tammetorubbq.ee\/wp-content\/uploads\/2023\/12\/inbank-wordmark-64x29.png 64w\" sizes=\"auto, (max-width: 167px) 100vw, 167px\" \/><\/p>\n<p>\u041c\u044b \u0442\u0430\u043a\u0436\u0435 \u043f\u0440\u0435\u0434\u043b\u0430\u0433\u0430\u0435\u043c \u0432\u043e\u0437\u043c\u043e\u0436\u043d\u043e\u0441\u0442\u044c \u043e\u043f\u043b\u0430\u0442\u0438\u0442\u044c \u0442\u043e\u0432\u0430\u0440 \u043f\u043e\u0437\u0436\u0435 - \u043e\u0434\u043d\u0438\u043c, \u0434\u0432\u0443\u043c\u044f \u0438\u043b\u0438 \u0442\u0440\u0435\u043c\u044f \u0440\u0430\u0432\u043d\u044b\u043c\u0438 \u043f\u043b\u0430\u0442\u0435\u0436\u0430\u043c\u0438 \u0431\u0435\u0437 \u043a\u0430\u043a\u0438\u0445-\u043b\u0438\u0431\u043e \u043f\u0440\u043e\u0446\u0435\u043d\u0442\u043e\u0432 \u0438\u043b\u0438 \u043d\u0430\u0434\u0431\u0430\u0432\u043e\u043a.<\/p>\n<p>\u0412 \u043d\u0430\u0448\u0435\u0439 \u043a\u043e\u0440\u0437\u0438\u043d\u0435 \u0432\u044b \u043c\u043e\u0436\u0435\u0442\u0435 \u0432\u044b\u0431\u0440\u0430\u0442\u044c \u0440\u0430\u0437\u043b\u0438\u0447\u043d\u044b\u0435 \u0432\u0430\u0440\u0438\u0430\u043d\u0442\u044b \u043e\u043f\u043b\u0430\u0442\u044b.<\/p>","protected":false},"featured_media":652,"comment_status":"open","ping_status":"closed","template":"","meta":{"_uf_show_specific_survey":0,"_uf_disable_surveys":false},"pwb-brand":[69],"product_brand":[],"product_cat":[53,55],"product_tag":[126,325,316,127,346,78],"class_list":{"0":"post-458","1":"product","2":"type-product","3":"status-publish","4":"has-post-thumbnail","6":"pwb-brand-kamado-joe","7":"product_cat-grillid","8":"product_cat-keraamilised-grillid","9":"product_tag-kamado-joe","10":"product_tag-kamado-joe-classic","11":"product_tag-kamado-joe-keraamiline-grill","12":"product_tag-keraamilised-grillid","13":"product_tag-konnected-joe","14":"product_tag-soegrill","16":"first","17":"instock","18":"taxable","19":"shipping-taxable","20":"purchasable","21":"product-type-simple"},"brands":[{"id":69,"name":"\u041a\u0430\u043c\u0430\u0434\u043e \u0414\u0436\u043e","slug":"%d0%ba%d0%b0%d0%bc%d0%b0%d0%b4%d0%be-%d0%b4%d0%b6%d0%be"}],"_links":{"self":[{"href":"https:\/\/tammetorubbq.ee\/ru\/wp-json\/wp\/v2\/product\/458","targetHints":{"allow":["GET"]}}],"collection":[{"href":"https:\/\/tammetorubbq.ee\/ru\/wp-json\/wp\/v2\/product"}],"about":[{"href":"https:\/\/tammetorubbq.ee\/ru\/wp-json\/wp\/v2\/types\/product"}],"replies":[{"embeddable":true,"href":"https:\/\/tammetorubbq.ee\/ru\/wp-json\/wp\/v2\/comments?post=458"}],"wp:featuredmedia":[{"embeddable":true,"href":"https:\/\/tammetorubbq.ee\/ru\/wp-json\/wp\/v2\/media\/652"}],"wp:attachment":[{"href":"https:\/\/tammetorubbq.ee\/ru\/wp-json\/wp\/v2\/media?parent=458"}],"wp:term":[{"taxonomy":"pwb-brand","embeddable":true,"href":"https:\/\/tammetorubbq.ee\/ru\/wp-json\/wp\/v2\/pwb-brand?post=458"},{"taxonomy":"product_brand","embeddable":true,"href":"https:\/\/tammetorubbq.ee\/ru\/wp-json\/wp\/v2\/product_brand?post=458"},{"taxonomy":"product_cat","embeddable":true,"href":"https:\/\/tammetorubbq.ee\/ru\/wp-json\/wp\/v2\/product_cat?post=458"},{"taxonomy":"product_tag","embeddable":true,"href":"https:\/\/tammetorubbq.ee\/ru\/wp-json\/wp\/v2\/product_tag?post=458"}],"curies":[{"name":"wp","href":"https:\/\/api.w.org\/{rel}","templated":true}]}}