{"id":4606,"date":"2025-12-08T11:38:37","date_gmt":"2025-12-08T09:38:37","guid":{"rendered":"https:\/\/tammetorubbq.ee\/?post_type=product&#038;p=4606"},"modified":"2026-04-04T18:01:56","modified_gmt":"2026-04-04T15:01:56","slug":"kulmsuitsu-generaator","status":"publish","type":"product","link":"https:\/\/tammetorubbq.ee\/ru\/product-2\/kulmsuitsu-generaator\/","title":{"rendered":"Turnpike BBQ k\u00fclmsuitsu generaator"},"content":{"rendered":"<p data-start=\"89\" data-end=\"130\"><strong data-start=\"755\" data-end=\"766\">\u0420\u0430\u0437\u043c\u0435\u0440\u044b:<\/strong> 23 x 19 x 4.5 cm<\/p>\n<h3 data-start=\"89\" data-end=\"130\"><strong>\u041b\u0443\u0447\u0448\u0438\u0435 \u0441\u043e\u0432\u0435\u0442\u044b \u043f\u043e \u0445\u043e\u043b\u043e\u0434\u043d\u043e\u043c\u0443 \u043a\u043e\u043f\u0447\u0435\u043d\u0438\u044e<\/strong><\/h3>\n<p data-start=\"132\" data-end=\"397\"><strong data-start=\"132\" data-end=\"149\">\u0429\u0435\u043f\u0430 \u0434\u043b\u044f \u043a\u043e\u043f\u0447\u0435\u043d\u0438\u044f<\/strong><br data-start=\"149\" data-end=\"152\" \/>\u0413\u0430\u0437\u043e\u043d \u0434\u043e\u043b\u0436\u0435\u043d \u0431\u044b\u0442\u044c \u0447\u0438\u0441\u0442\u044b\u043c \u0438 \u0441\u0443\u0445\u0438\u043c. \u0412\u043b\u0430\u0436\u043d\u0430\u044f \u0441\u0442\u0440\u0443\u0436\u043a\u0430 \u043d\u0435 \u0431\u0443\u0434\u0435\u0442 \u0433\u043e\u0440\u0435\u0442\u044c \u0434\u043e\u043b\u0436\u043d\u044b\u043c \u043e\u0431\u0440\u0430\u0437\u043e\u043c. \u0425\u0440\u0430\u043d\u0438\u0442\u0435 \u0436\u0435\u0432\u0430\u0442\u0435\u043b\u044c\u043d\u0443\u044e \u0440\u0435\u0437\u0438\u043d\u043a\u0443 \u0432 \u0441\u0443\u0445\u043e\u043c \u043f\u043e\u043c\u0435\u0449\u0435\u043d\u0438\u0438, \u043f\u0440\u0438 \u043d\u0435\u043e\u0431\u0445\u043e\u0434\u0438\u043c\u043e\u0441\u0442\u0438 \u043f\u0440\u043e\u0441\u0443\u0448\u0438\u0442\u0435 \u0435\u0435 \u0432 \u043c\u0438\u043a\u0440\u043e\u0432\u043e\u043b\u043d\u043e\u0432\u043e\u0439 \u043f\u0435\u0447\u0438 (30 \u0441\u0435\u043a. \u043d\u0430 \u0441\u0438\u043b\u044c\u043d\u043e\u043c \u043e\u0433\u043d\u0435) \u0438\u043b\u0438 \u0432 \u0434\u0443\u0445\u043e\u0432\u043a\u0435 (90 \u00b0C \u0432 \u0442\u0435\u0447\u0435\u043d\u0438\u0435 30 \u043c\u0438\u043d.). \u0415\u0441\u043b\u0438 \u0449\u0435\u043f\u0430 \u0433\u043e\u0440\u0438\u0442 \u043d\u0435\u0440\u0430\u0432\u043d\u043e\u043c\u0435\u0440\u043d\u043e, \u0438\u0441\u043f\u043e\u043b\u044c\u0437\u0443\u0439\u0442\u0435 \u0434\u0443\u0431\u043e\u0432\u0443\u044e \u0449\u0435\u043f\u0443 20% \u0441\u043b\u043e\u0435\u043c.<\/p>\n<p data-start=\"399\" data-end=\"603\"><strong data-start=\"399\" data-end=\"415\">\u041a\u043e\u043f\u0442\u0438\u043b\u044c\u043d\u044f<\/strong><br data-start=\"415\" data-end=\"418\" \/>\u0413\u0435\u043d\u0435\u0440\u0430\u0442\u043e\u0440 ProQ \u0440\u0430\u0431\u043e\u0442\u0430\u0435\u0442 \u0432\u043e \u0432\u0441\u0435\u0445 \u0431\u0430\u0440\u0431\u0435\u043a\u044e \u0441 \u043a\u0440\u044b\u0448\u043a\u043e\u0439, \u0430 \u0442\u0430\u043a\u0436\u0435 \u0432 \u0441\u0430\u043c\u043e\u0434\u0435\u043b\u044c\u043d\u044b\u0445 \u043a\u043e\u043f\u0442\u0438\u043b\u044c\u043d\u044f\u0445. \u041a\u0430\u043c\u0435\u0440\u0430 \u043d\u0435 \u0434\u043e\u043b\u0436\u043d\u0430 \u0431\u044b\u0442\u044c \u0433\u0435\u0440\u043c\u0435\u0442\u0438\u0447\u043d\u043e\u0439 - \u0434\u043e\u0441\u0442\u0430\u0442\u043e\u0447\u043d\u043e \u043b\u0435\u0433\u043a\u043e\u0433\u043e \u0434\u0432\u0438\u0436\u0435\u043d\u0438\u044f \u0432\u043e\u0437\u0434\u0443\u0445\u0430 \u0441\u043d\u0438\u0437\u0443 \u0432\u0432\u0435\u0440\u0445.<\/p>\n<p data-start=\"605\" data-end=\"804\"><strong data-start=\"605\" data-end=\"622\">\u041f\u043e\u0434\u0433\u043e\u0442\u043e\u0432\u043a\u0430 \u043a<\/strong><br data-start=\"622\" data-end=\"625\" \/>\u0423\u0431\u0435\u0434\u0438\u0442\u0435\u0441\u044c, \u0447\u0442\u043e \u0433\u0435\u043d\u0435\u0440\u0430\u0442\u043e\u0440 \u043d\u0435 \u043f\u043e\u0432\u0440\u0435\u0436\u0434\u0435\u043d. \u041d\u0430\u043f\u043e\u043b\u043d\u0438\u0442\u0435 \u0436\u0435\u0432\u0430\u0442\u0435\u043b\u044c\u043d\u043e\u0439 \u0440\u0435\u0437\u0438\u043d\u043a\u043e\u0439, \u043f\u043e\u043b\u043e\u0436\u0438\u0442\u0435 \u043d\u0430 \u0440\u043e\u0432\u043d\u0443\u044e \u043f\u043e\u0432\u0435\u0440\u0445\u043d\u043e\u0441\u0442\u044c, \u0441\u043b\u0435\u0433\u043a\u0430 \u043d\u0430\u0434\u0430\u0432\u0438\u0442\u0435 \u0438 \u0440\u0430\u0437\u0433\u043b\u0430\u0434\u044c\u0442\u0435 \u043b\u0430\u0431\u0438\u0440\u0438\u043d\u0442 \u043f\u0430\u043b\u044c\u0446\u0435\u043c \u043f\u043e \u0446\u0435\u043d\u0442\u0440\u0443, \u043e\u0441\u0442\u0430\u0432\u0438\u0432 \u0432\u0435\u0440\u0445\u043d\u0438\u0439 \u0441\u043b\u043e\u0439 \u043d\u0435\u043c\u043d\u043e\u0433\u043e \u0441\u0432\u043e\u0431\u043e\u0434\u043d\u044b\u043c.<\/p>\n<p data-start=\"806\" data-end=\"1069\"><strong data-start=\"806\" data-end=\"819\">\u0426\u0435\u043d\u0437\u0443\u0440\u0430<\/strong><br data-start=\"819\" data-end=\"822\" \/>\u041f\u043e\u0441\u0442\u0430\u0432\u044c\u0442\u0435 \u0447\u0430\u0439\u043d\u0443\u044e \u0441\u0432\u0435\u0447\u0443 \u0438\u043b\u0438 \u043d\u0430\u043f\u0440\u0430\u0432\u044c\u0442\u0435 \u043a\u0443\u0445\u043e\u043d\u043d\u0443\u044e \u0433\u043e\u0440\u0435\u043b\u043a\u0443 \u043d\u0430 \u043f\u043b\u0430\u043c\u044f \u0432 \u0443\u0433\u043b\u0443. \u041a\u043e\u0433\u0434\u0430 \u0433\u043e\u0440\u0435\u043b\u043a\u0430 \u0437\u0430\u0433\u043e\u0440\u0438\u0442\u0441\u044f, \u0443\u0431\u0435\u0440\u0438\u0442\u0435 \u0441\u0432\u0435\u0447\u0443 \u0438 \u0434\u0430\u0439\u0442\u0435 \u0433\u0435\u043d\u0435\u0440\u0430\u0442\u043e\u0440\u0443 \u043f\u0440\u043e\u0433\u043e\u0440\u0435\u0442\u044c \u043d\u0430 \u043e\u0442\u043a\u0440\u044b\u0442\u043e\u043c \u0432\u043e\u0437\u0434\u0443\u0445\u0435 \u0432 \u0442\u0435\u0447\u0435\u043d\u0438\u0435 5-10 \u043c\u0438\u043d\u0443\u0442. \u0417\u0430\u0442\u0435\u043c \u043f\u043e\u043c\u0435\u0441\u0442\u0438\u0442\u0435 \u0435\u0433\u043e \u0432 \u0434\u044b\u043c\u043e\u0432\u0443\u044e \u043a\u0430\u043c\u0435\u0440\u0443 \u0438 \u0447\u0435\u0440\u0435\u0437 30 \u043c\u0438\u043d\u0443\u0442 \u043f\u0440\u043e\u0432\u0435\u0440\u044c\u0442\u0435, \u043d\u0435 \u043f\u043e\u0433\u0430\u0441 \u043b\u0438 \u0434\u044b\u043c \u0438 \u043d\u0435 \u043f\u0435\u0440\u0435\u0448\u0435\u043b \u043b\u0438 \u043e\u043d \u0432 \u0441\u043b\u0435\u0434\u0443\u044e\u0449\u0438\u0439 \u0432\u043e\u0437\u0434\u0443\u0445\u043e\u0432\u043e\u0434.<\/p>\n<p data-start=\"1071\" data-end=\"1280\"><strong data-start=\"1071\" data-end=\"1092\">\u0412\u043e \u0432\u0440\u0435\u043c\u044f \u043a\u0443\u0440\u0435\u043d\u0438\u044f<\/strong><br data-start=\"1092\" data-end=\"1095\" \/>\u0421\u043b\u0435\u0434\u0438\u0442\u0435 \u0437\u0430 \u0445\u043e\u0434\u043e\u043c \u0434\u044b\u043c\u043b\u0435\u043d\u0438\u044f, \u043e\u0441\u043e\u0431\u0435\u043d\u043d\u043e \u0432\u043e \u0432\u0440\u0435\u043c\u044f \u0434\u043b\u0438\u0442\u0435\u043b\u044c\u043d\u043e\u0433\u043e \u043f\u0440\u043e\u0446\u0435\u0441\u0441\u0430. \u041d\u0430\u0434\u0435\u0432\u0430\u0439\u0442\u0435 \u043f\u0435\u0440\u0447\u0430\u0442\u043a\u0438 \u043f\u0440\u0438 \u0438\u0437\u0432\u043b\u0435\u0447\u0435\u043d\u0438\u0438 - \u0433\u0435\u043d\u0435\u0440\u0430\u0442\u043e\u0440 \u043c\u043e\u0436\u0435\u0442 \u0431\u044b\u0442\u044c \u0433\u043e\u0440\u044f\u0447\u0438\u043c. \u041f\u0440\u043e\u0432\u043e\u0434\u0438\u0442\u0435 \u0445\u043e\u043b\u043e\u0434\u043d\u043e\u0435 \u043a\u043e\u043f\u0447\u0435\u043d\u0438\u0435 \u043f\u0440\u0438 \u0442\u0435\u043c\u043f\u0435\u0440\u0430\u0442\u0443\u0440\u0435 \u043d\u0438\u0436\u0435 21\u00b0C, \u043f\u0440\u0435\u0434\u043f\u043e\u0447\u0442\u0438\u0442\u0435\u043b\u044c\u043d\u043e \u0432 \u043f\u0440\u043e\u0445\u043b\u0430\u0434\u043d\u043e\u0435 \u0432\u0440\u0435\u043c\u044f \u0438\u043b\u0438 \u043d\u043e\u0447\u044c\u044e.<\/p>\n<p data-start=\"1282\" data-end=\"1441\"><strong data-start=\"1282\" data-end=\"1297\">\u041e\u0447\u0438\u0441\u0442\u043a\u0430<\/strong><br data-start=\"1297\" data-end=\"1300\" \/>\u0412\u044b\u0441\u044b\u043f\u044c\u0442\u0435 \u0437\u043e\u043b\u0443 \u0432 \u043d\u0435\u0433\u043e\u0440\u044e\u0447\u0438\u0439 \u043a\u043e\u043d\u0442\u0435\u0439\u043d\u0435\u0440. \u041f\u0440\u0438 \u043f\u043e\u044f\u0432\u043b\u0435\u043d\u0438\u0438 \u0441\u043c\u043e\u043b\u044b \u0438\u043b\u0438 \u043a\u043e\u043f\u043e\u0442\u0438 \u0441\u043c\u043e\u0447\u0438\u0442\u0435 \u0433\u0435\u043d\u0435\u0440\u0430\u0442\u043e\u0440 \u043c\u044b\u043b\u044c\u043d\u044b\u043c \u0440\u0430\u0441\u0442\u0432\u043e\u0440\u043e\u043c, \u043f\u043e\u0447\u0438\u0441\u0442\u0438\u0442\u0435 \u0449\u0435\u0442\u043a\u043e\u0439 \u0438 \u0442\u0449\u0430\u0442\u0435\u043b\u044c\u043d\u043e \u0432\u044b\u0441\u0443\u0448\u0438\u0442\u0435.<\/p>","protected":false},"excerpt":{"rendered":"<p data-start=\"83\" data-end=\"309\">Kas tahad ise k\u00fclmsuitsutada? Siis on k\u00fclmsuitsugeneraator lausa h\u00e4davajalik.<\/p>\n<p data-start=\"83\" data-end=\"309\">K\u00fclmsuitsugeneraatorit kasutatakse koos (peaaegu t\u00e4ielikult) suletud suitsukambriga &#8211; n\u00e4iteks kamado, barbecue, suitsuahi, suitsukapp v\u00f5i isegi tavaline pappkast.<\/p>\n<p data-start=\"83\" data-end=\"309\"><em><strong>\u041e\u0442\u043b\u0438\u0447\u043d\u043e \u043f\u043e\u0434\u0445\u043e\u0434\u0438\u0442 \u0434\u043b\u044f \u043a\u043e\u043f\u0447\u0435\u043d\u0438\u044f \u0440\u044b\u0431\u044b, \u0441\u044b\u0440\u0430, \u0431\u0435\u043a\u043e\u043d\u0430, \u043c\u0430\u0441\u043b\u0430 \u0438 \u0434\u0440\u0443\u0433\u0438\u0445 \u043f\u0440\u043e\u0434\u0443\u043a\u0442\u043e\u0432 \u043f\u0440\u0438 \u043d\u0438\u0437\u043a\u0438\u0445 \u0442\u0435\u043c\u043f\u0435\u0440\u0430\u0442\u0443\u0440\u0430\u0445.<\/strong><\/em><\/p>\n<p data-start=\"311\" data-end=\"753\"><strong data-start=\"311\" data-end=\"323\">\u0425\u0430\u0440\u0430\u043a\u0442\u0435\u0440\u0438\u0441\u0442\u0438\u043a\u0438<\/strong><br data-start=\"323\" data-end=\"326\" \/>\u2022 Lihtne kasutada \u2013 t\u00e4ida generaator suitsupuruga ja s\u00fc\u00fcta \u00fches servas teek\u00fc\u00fcnlaga<br data-start=\"413\" data-end=\"416\" \/>- \u041f\u043e\u0434\u0445\u043e\u0434\u0438\u0442 \u0434\u043b\u044f \u0431\u043e\u043b\u044c\u0448\u0438\u043d\u0441\u0442\u0432\u0430 \u043e\u0431\u043e\u0440\u0443\u0434\u043e\u0432\u0430\u043d\u0438\u044f \u0434\u043b\u044f \u0431\u0430\u0440\u0431\u0435\u043a\u044e \u0438 \u043a\u043e\u043f\u0442\u0438\u043b\u0435\u043d<br data-start=\"467\" data-end=\"470\" \/>- \u041f\u043e\u0434\u0445\u043e\u0434\u0438\u0442 \u0434\u043b\u044f \u0434\u0443\u0445\u043e\u0432\u043e\u043a \u043e\u0431\u044a\u0435\u043c\u043e\u043c \u0434\u043e 150 \u043b\u0438\u0442\u0440\u043e\u0432, \u0432\u0440\u0435\u043c\u044f \u0433\u043e\u0440\u0435\u043d\u0438\u044f \u0434\u043e 12 \u0447\u0430\u0441\u043e\u0432.<br data-start=\"496\" data-end=\"499\" \/>- \u041f\u043e\u0434\u0445\u043e\u0434\u0438\u0442 \u0442\u0430\u043a\u0436\u0435 \u0434\u043b\u044f \u0441\u0430\u043c\u043e\u0434\u0435\u043b\u044c\u043d\u044b\u0445 \u0440\u0435\u0448\u0435\u043d\u0438\u0439 (\u043d\u0430\u043f\u0440\u0438\u043c\u0435\u0440, \u043a\u0430\u0440\u0442\u043e\u043d\u043d\u0430\u044f \u043a\u043e\u0440\u043e\u0431\u043a\u0430, \u043c\u0435\u0442\u0430\u043b\u043b\u0438\u0447\u0435\u0441\u043a\u0438\u0439 \u0448\u043a\u0430\u0444), \u0435\u0441\u043b\u0438 \u0438\u043c\u0435\u044e\u0442\u0441\u044f \u0432\u0445\u043e\u0434 \u0438 \u0432\u044b\u0445\u043e\u0434 \u0432\u043e\u0437\u0434\u0443\u0445\u0430.<br data-start=\"598\" data-end=\"601\" \/>- \u0418\u0437\u0433\u043e\u0442\u043e\u0432\u043b\u0435\u043d \u0438\u0437 \u043d\u0435\u0440\u0436\u0430\u0432\u0435\u044e\u0449\u0435\u0439 \u0441\u0442\u0430\u043b\u0438 - \u0434\u043e\u043b\u0433\u043e\u0432\u0435\u0447\u0435\u043d \u0438 \u0443\u0441\u0442\u043e\u0439\u0447\u0438\u0432 \u043a \u0440\u0436\u0430\u0432\u0447\u0438\u043d\u0435<br data-start=\"665\" data-end=\"668\" \/>-\u00a0<strong>NB!<\/strong>\u00a0\u0412\u044b\u043d\u0438\u043c\u0430\u0439\u0442\u0435 \u0447\u0430\u0439\u043d\u0443\u044e \u043b\u0430\u043c\u043f\u0443 \u0441\u0440\u0430\u0437\u0443 \u043f\u043e\u0441\u043b\u0435 \u0437\u0430\u0436\u0438\u0433\u0430\u043d\u0438\u044f.<br data-start=\"713\" data-end=\"716\" \/>- \u0422\u043e\u043b\u044c\u043a\u043e \u0434\u043b\u044f \u043d\u0430\u0440\u0443\u0436\u043d\u043e\u0433\u043e \u043f\u0440\u0438\u043c\u0435\u043d\u0435\u043d\u0438\u044f<\/p>\n<p data-start=\"311\" data-end=\"753\">\u041a\u043e\u043c\u043f\u0430\u043a\u0442\u043d\u044b\u0439, \u044d\u0444\u0444\u0435\u043a\u0442\u0438\u0432\u043d\u044b\u0439 \u0438 \u043f\u0440\u0430\u043a\u0442\u0438\u0447\u043d\u044b\u0439 \u0438\u043d\u0441\u0442\u0440\u0443\u043c\u0435\u043d\u0442 \u0434\u043b\u044f \u0442\u0435\u0445, \u043a\u0442\u043e \u0445\u043e\u0447\u0435\u0442 \u043f\u043e\u044d\u043a\u0441\u043f\u0435\u0440\u0438\u043c\u0435\u043d\u0442\u0438\u0440\u043e\u0432\u0430\u0442\u044c \u0441 \u0445\u043e\u043b\u043e\u0434\u043d\u044b\u043c \u043a\u043e\u043f\u0447\u0435\u043d\u0438\u0435\u043c \u0432 \u0434\u043e\u043c\u0430\u0448\u043d\u0438\u0445 \u0443\u0441\u043b\u043e\u0432\u0438\u044f\u0445.<\/p>\n<p data-start=\"311\" data-end=\"753\"><strong>\ud83d\udca1 \u0421\u043e\u0432\u0435\u0442 \u043f\u0440\u043e\u0444\u0435\u0441\u0441\u0438\u043e\u043d\u0430\u043b\u0430:<\/strong> Kasuta peeneteralist suitsupuru ja koputa t\u00e4idetud generaatorit kergelt vastu lauda, et puru \u00fchtlaselt settiks ning p\u00f5lemine oleks stabiilsem ja pikema kestusega.<\/p>\n<p><img loading=\"lazy\" decoding=\"async\" class=\"wp-image-4200\" src=\"http:\/\/tammetorubbq.ee\/wp-content\/uploads\/2025\/11\/Turnpike-logo-300x109.png\" alt=\"Turnpike logo\" width=\"245\" height=\"89\" srcset=\"https:\/\/tammetorubbq.ee\/wp-content\/uploads\/2025\/11\/Turnpike-logo-300x109.png 300w, https:\/\/tammetorubbq.ee\/wp-content\/uploads\/2025\/11\/Turnpike-logo-18x7.png 18w, https:\/\/tammetorubbq.ee\/wp-content\/uploads\/2025\/11\/Turnpike-logo-64x23.png 64w, https:\/\/tammetorubbq.ee\/wp-content\/uploads\/2025\/11\/Turnpike-logo.png 390w\" sizes=\"auto, (max-width: 245px) 100vw, 245px\" \/><\/p>","protected":false},"featured_media":4607,"comment_status":"closed","ping_status":"closed","template":"","meta":{"_uf_show_specific_survey":0,"_uf_disable_surveys":false},"pwb-brand":[117],"product_brand":[],"product_cat":[30],"product_tag":[252,312],"class_list":{"0":"post-4606","1":"product","2":"type-product","3":"status-publish","4":"has-post-thumbnail","6":"pwb-brand-turnpike-bbq","7":"product_cat-grillimise-tarvikud","8":"product_tag-kulmsuitsu-generaator","9":"product_tag-kulmsuitsutamine","11":"first","12":"instock","13":"taxable","14":"shipping-taxable","15":"purchasable","16":"product-type-simple"},"brands":[{"id":117,"name":"Turnpike BBQ","slug":"turnpike-bbq"}],"_links":{"self":[{"href":"https:\/\/tammetorubbq.ee\/ru\/wp-json\/wp\/v2\/product\/4606","targetHints":{"allow":["GET"]}}],"collection":[{"href":"https:\/\/tammetorubbq.ee\/ru\/wp-json\/wp\/v2\/product"}],"about":[{"href":"https:\/\/tammetorubbq.ee\/ru\/wp-json\/wp\/v2\/types\/product"}],"replies":[{"embeddable":true,"href":"https:\/\/tammetorubbq.ee\/ru\/wp-json\/wp\/v2\/comments?post=4606"}],"wp:featuredmedia":[{"embeddable":true,"href":"https:\/\/tammetorubbq.ee\/ru\/wp-json\/wp\/v2\/media\/4607"}],"wp:attachment":[{"href":"https:\/\/tammetorubbq.ee\/ru\/wp-json\/wp\/v2\/media?parent=4606"}],"wp:term":[{"taxonomy":"pwb-brand","embeddable":true,"href":"https:\/\/tammetorubbq.ee\/ru\/wp-json\/wp\/v2\/pwb-brand?post=4606"},{"taxonomy":"product_brand","embeddable":true,"href":"https:\/\/tammetorubbq.ee\/ru\/wp-json\/wp\/v2\/product_brand?post=4606"},{"taxonomy":"product_cat","embeddable":true,"href":"https:\/\/tammetorubbq.ee\/ru\/wp-json\/wp\/v2\/product_cat?post=4606"},{"taxonomy":"product_tag","embeddable":true,"href":"https:\/\/tammetorubbq.ee\/ru\/wp-json\/wp\/v2\/product_tag?post=4606"}],"curies":[{"name":"wp","href":"https:\/\/api.w.org\/{rel}","templated":true}]}}