{"id":474,"date":"2023-12-03T12:44:11","date_gmt":"2023-12-03T10:44:11","guid":{"rendered":"https:\/\/tammetorubbq.ee\/?post_type=product&#038;p=474"},"modified":"2026-04-15T01:00:02","modified_gmt":"2026-04-14T22:00:02","slug":"kamado-joe-big-iii-stand-alone","status":"publish","type":"product","link":"https:\/\/tammetorubbq.ee\/ru\/product-2\/kamado-joe-big-iii-stand-alone\/","title":{"rendered":"Kamado Joe Big III Stand Alone"},"content":{"rendered":"<p>\u0412 \u043a\u043e\u043c\u043f\u043b\u0435\u043a\u0442 Big III \u0432\u0445\u043e\u0434\u0438\u0442 \u043f\u043e\u0441\u043b\u0435\u0434\u043d\u044f\u044f \u0438\u043d\u043d\u043e\u0432\u0430\u0446\u0438\u044f - \u0440\u0435\u0432\u043e\u043b\u044e\u0446\u0438\u043e\u043d\u043d\u0430\u044f \u0433\u0438\u043f\u0435\u0440\u0431\u043e\u043b\u0438\u0447\u0435\u0441\u043a\u0430\u044f \u0434\u044b\u043c\u043e\u0432\u0430\u044f \u043a\u0430\u043c\u0435\u0440\u0430 \"<em>SloRoller<\/em>\", \u0432 \u043a\u043e\u0442\u043e\u0440\u043e\u0439 \u0438\u0441\u043f\u043e\u043b\u044c\u0437\u0443\u0435\u0442\u0441\u044f \u0442\u0435\u0445\u043d\u043e\u043b\u043e\u0433\u0438\u044f \u0437\u0430\u043a\u0440\u0443\u0447\u0435\u043d\u043d\u043e\u0433\u043e \u0432\u043e\u0437\u0434\u0443\u0448\u043d\u043e\u0433\u043e \u043f\u043e\u0442\u043e\u043a\u0430, \u0440\u0435\u0433\u0443\u043b\u0438\u0440\u0443\u044e\u0449\u0435\u0433\u043e \u0442\u0435\u043f\u043b\u043e \u0438 \u0434\u044b\u043c. \u041e\u043d \u043f\u0440\u0435\u0434\u043d\u0430\u0437\u043d\u0430\u0447\u0435\u043d \u0434\u043b\u044f \u0443\u043b\u0443\u0447\u0448\u0435\u043d\u0438\u044f \u0432\u043a\u0443\u0441\u0430 \u0438 \u0442\u0435\u043a\u0441\u0442\u0443\u0440\u044b \u0431\u043b\u044e\u0434 \u043f\u0440\u0438 \u043c\u0435\u0434\u043b\u0435\u043d\u043d\u043e\u043c \u0438 \u0441\u043b\u0430\u0431\u043e\u043c \u043f\u0440\u0438\u0433\u043e\u0442\u043e\u0432\u043b\u0435\u043d\u0438\u0438 \u0434\u043e 260\u00b0C. \u0415\u0433\u043e \u043c\u043e\u0436\u043d\u043e \u043b\u0435\u0433\u043a\u043e \u0437\u0430\u043c\u0435\u043d\u0438\u0442\u044c \u043a\u0435\u0440\u0430\u043c\u0438\u0447\u0435\u0441\u043a\u0438\u043c \u0434\u0435\u0444\u043b\u0435\u043a\u0442\u043e\u0440\u043e\u043c \u0438\u043b\u0438 \u0432\u043e\u0432\u0441\u0435 \u0441\u043d\u044f\u0442\u044c \u0434\u043b\u044f \u043f\u043e\u0434\u0436\u0430\u0440\u0438\u0432\u0430\u043d\u0438\u044f \u0438\u043b\u0438 \u043f\u0440\u0438\u0433\u043e\u0442\u043e\u0432\u043b\u0435\u043d\u0438\u044f \u043d\u0430 \u0433\u0440\u0438\u043b\u0435 \u043f\u0440\u0438 \u0431\u043e\u043b\u0435\u0435 \u0432\u044b\u0441\u043e\u043a\u043e\u0439 \u0442\u0435\u043c\u043f\u0435\u0440\u0430\u0442\u0443\u0440\u0435. \u041a\u0430\u043a \u0438 \u0435\u0433\u043e \u043f\u0440\u0435\u0434\u0448\u0435\u0441\u0442\u0432\u0435\u043d\u043d\u0438\u043a, \u0433\u0440\u0438\u043b\u044c Big II, \u043e\u043d \u0438\u043c\u0435\u0435\u0442 \u0442\u043e\u043b\u0441\u0442\u043e\u0441\u0442\u0435\u043d\u043d\u044b\u0439 \u0436\u0430\u0440\u043e\u043f\u0440\u043e\u0447\u043d\u044b\u0439 \u043a\u0435\u0440\u0430\u043c\u0438\u0447\u0435\u0441\u043a\u0438\u0439 \u043a\u043e\u0440\u043f\u0443\u0441, \u043a\u043e\u0442\u043e\u0440\u044b\u0439 \u0443\u0434\u0435\u0440\u0436\u0438\u0432\u0430\u0435\u0442 \u0434\u044b\u043c \u0438 \u0432\u043b\u0430\u0433\u0443 \u043f\u0440\u0438 \u043b\u044e\u0431\u043e\u0439 \u0442\u0435\u043c\u043f\u0435\u0440\u0430\u0442\u0443\u0440\u0435. \u041b\u0435\u0433\u043a\u043e \u043e\u0442\u043a\u0440\u044b\u0432\u0430\u044e\u0449\u0438\u0439\u0441\u044f \u043a\u0443\u043f\u043e\u043b \u043e\u0441\u043d\u0430\u0449\u0435\u043d \u0448\u0430\u0440\u043d\u0438\u0440\u043e\u043c \u0441 \u043f\u0440\u043e\u0442\u0438\u0432\u043e\u0432\u0435\u0441\u043e\u043c (\u0442\u0430\u043a \u043d\u0430\u0437\u044b\u0432\u0430\u0435\u043c\u043e\u0439 \"\u0431\u0435\u0441\u0435\u0434\u043a\u043e\u0439\").\"<em>\u0412\u043e\u0437\u0434\u0443\u0448\u043d\u044b\u0439 \u043b\u0438\u0444\u0442\"<\/em>\u00a0\u0438 \u043f\u043e\u0433\u043e\u0434\u043e\u0443\u0441\u0442\u043e\u0439\u0447\u0438\u0432\u043e\u0435 \/ \u0432\u044b\u0441\u043e\u043a\u043e\u0442\u043e\u0447\u043d\u043e\u0435 \u0432\u0435\u0440\u0445\u043d\u0435\u0435 \u0432\u0435\u043d\u0442\u0438\u043b\u044f\u0446\u0438\u043e\u043d\u043d\u043e\u0435 \u043e\u0442\u0432\u0435\u0440\u0441\u0442\u0438\u0435 \"<em>\u0411\u0430\u0448\u043d\u044f \u0443\u043f\u0440\u0430\u0432\u043b\u0435\u043d\u0438\u044f<\/em>\". \u041f\u0440\u043e\u0442\u0438\u0432\u0435\u043d\u044c \u0438\u0437\u0433\u043e\u0442\u043e\u0432\u043b\u0435\u043d \u0438\u0437 \u0432\u044b\u0441\u043e\u043a\u043e\u043a\u0430\u0447\u0435\u0441\u0442\u0432\u0435\u043d\u043d\u043e\u0439 \u043d\u0435\u0440\u0436\u0430\u0432\u0435\u044e\u0449\u0435\u0439 \u0441\u0442\u0430\u043b\u0438 \u043c\u0430\u0440\u043a\u0438 304. \u0421\u0440\u0435\u0434\u0438 \u0434\u0440\u0443\u0433\u0438\u0445 \u0438\u043d\u043d\u043e\u0432\u0430\u0446\u0438\u0439 Big III - \u0447\u0435\u0442\u044b\u0440\u0435\u0445\u0443\u0440\u043e\u0432\u043d\u0435\u0432\u0430\u044f \u043c\u043d\u043e\u0433\u043e\u0444\u0443\u043d\u043a\u0446\u0438\u043e\u043d\u0430\u043b\u044c\u043d\u0430\u044f \u0441\u0438\u0441\u0442\u0435\u043c\u0430 \u043f\u0440\u0438\u0433\u043e\u0442\u043e\u0432\u043b\u0435\u043d\u0438\u044f \"<em>\u0420\u0430\u0437\u0434\u0435\u043b\u0438\u0442\u044c \u0438<\/em>\u00a0Conquer\u00ae\" \u0441 \u043a\u043e\u0440\u0437\u0438\u043d\u043e\u0439 \u0434\u043b\u044f \u0443\u0433\u043b\u044f \u0438\u0437 \u043d\u0435\u0440\u0436\u0430\u0432\u0435\u044e\u0449\u0435\u0439 \u0441\u0442\u0430\u043b\u0438, \u0443\u0441\u043e\u0432\u0435\u0440\u0448\u0435\u043d\u0441\u0442\u0432\u043e\u0432\u0430\u043d\u043d\u043e\u0439 \u043c\u043d\u043e\u0433\u043e\u043f\u0430\u043d\u0435\u043b\u044c\u043d\u043e\u0439 \u043a\u0435\u0440\u0430\u043c\u0438\u0447\u0435\u0441\u043a\u043e\u0439 \u0442\u043e\u043f\u043a\u043e\u0439 \u0438 \u0437\u0430\u043f\u0430\u0442\u0435\u043d\u0442\u043e\u0432\u0430\u043d\u043d\u044b\u043c \u0432\u044b\u0434\u0432\u0438\u0436\u043d\u044b\u043c \u0437\u043e\u043b\u044c\u043d\u0438\u043a\u043e\u043c.<\/p>\n<p>&nbsp;<\/p>\n<p>\u0412 \u043a\u043e\u043c\u043f\u043b\u0435\u043a\u0442 \u0432\u0445\u043e\u0434\u0438\u0442<\/p>\n<ul>\n<li>\u041f\u0435\u0447\u044c \u0441 \u043a\u0435\u0440\u0430\u043c\u0438\u0447\u0435\u0441\u043a\u0438\u043c \u0433\u0440\u0438\u043b\u0435\u043c 24\" (61 \u0441\u043c)<\/li>\n<li>\u0417\u0430\u043f\u0430\u0442\u0435\u043d\u0442\u043e\u0432\u0430\u043d\u043d\u0430\u044f \u0433\u0438\u043f\u0435\u0440\u0431\u043e\u043b\u0438\u0447\u0435\u0441\u043a\u0430\u044f \u0434\u044b\u043c\u043e\u0432\u0430\u044f \u043a\u0430\u043c\u0435\u0440\u0430 \"SloRoller\"<\/li>\n<li>\u0420\u0443\u043a\u043e\u044f\u0442\u043a\u0430 \u0438\u0437 \u043f\u043e\u043b\u0438\u0443\u0440\u0435\u0442\u0430\u043d\u0430 \u0432\u044b\u0441\u043e\u043a\u043e\u0439 \u043f\u043b\u043e\u0442\u043d\u043e\u0441\u0442\u0438<\/li>\n<li>\u0427\u0435\u0442\u044b\u0440\u0435\u0445\u0443\u0440\u043e\u0432\u043d\u0435\u0432\u0430\u044f \u0441\u0438\u0441\u0442\u0435\u043c\u0430 \"Divide &amp; Conquer\u00ae\" \u0434\u043b\u044f \u0433\u0438\u0431\u043a\u043e\u0433\u043e \u043f\u0440\u0438\u0433\u043e\u0442\u043e\u0432\u043b\u0435\u043d\u0438\u044f \u043f\u0438\u0449\u0438, \u0432\u043a\u043b\u044e\u0447\u0430\u044e\u0449\u0430\u044f 2 \u043f\u043e\u043b\u0443\u043b\u0443\u043d\u043d\u044b\u0445 \u043a\u0435\u0440\u0430\u043c\u0438\u0447\u0435\u0441\u043a\u0438\u0445 \u0434\u0435\u0444\u043b\u0435\u043a\u0442\u043e\u0440\u0430 (\u0440\u0430\u0441\u043f\u0440\u0435\u0434\u0435\u043b\u0438\u0442\u0435\u043b\u044f \u0442\u0435\u043f\u043b\u0430) \u0438 2 \u043f\u043e\u043b\u0443\u043b\u0443\u043d\u043d\u044b\u0445 \u0433\u0440\u0438\u043b\u044f \u0438\u0437 \u043d\u0435\u0440\u0436\u0430\u0432\u0435\u044e\u0449\u0435\u0439 \u0441\u0442\u0430\u043b\u0438 (304) (\u0434\u0438\u0430\u043c\u0435\u0442\u0440 61 \u0441\u043c) - \u0434\u043e\u043f\u043e\u043b\u043d\u0438\u0442\u0435\u043b\u044c\u043d\u044b\u0435 \u0433\u0440\u0438\u043b\u0438 \u043c\u043e\u0436\u043d\u043e \u043f\u0440\u0438\u043e\u0431\u0440\u0435\u0441\u0442\u0438 \u0432 \u043a\u0430\u0447\u0435\u0441\u0442\u0432\u0435 \u043e\u043f\u0446\u0438\u0438.<\/li>\n<li>\u0417\u0430\u043f\u0430\u0442\u0435\u043d\u0442\u043e\u0432\u0430\u043d\u043d\u0430\u044f \u0432\u044b\u0434\u0432\u0438\u0436\u043d\u0430\u044f \u043f\u0435\u043f\u0435\u043b\u044c\u043d\u0438\u0446\u0430 \u0438\u0437 \u043d\u0435\u0440\u0436\u0430\u0432\u0435\u044e\u0449\u0435\u0439 \u0441\u0442\u0430\u043b\u0438 (304) \u0434\u043b\u044f \u043e\u0431\u043b\u0435\u0433\u0447\u0435\u043d\u0438\u044f \u0447\u0438\u0441\u0442\u043a\u0438 \u0433\u0440\u0438\u043b\u044f<\/li>\n<li>\u0412\u0441\u0442\u0440\u043e\u0435\u043d\u043d\u044b\u0439 \u0442\u0435\u0440\u043c\u043e\u043c\u0435\u0442\u0440<\/li>\n<li>\u0410\u043b\u044e\u043c\u0438\u043d\u0438\u0435\u0432\u043e\u0435 \u0432\u0435\u0440\u0445\u043d\u0435\u0435 \u0432\u0435\u043d\u0442\u0438\u043b\u044f\u0446\u0438\u043e\u043d\u043d\u043e\u0435 \u043e\u0442\u0432\u0435\u0440\u0441\u0442\u0438\u0435 \"Kontrol Tower\"<\/li>\n<li>Hing \"Air Lift\" (\u0442.\u0435. \u043a\u0440\u044b\u0448\u043a\u0430 \u0441 \u0437\u0430\u0441\u043b\u043e\u043d\u043a\u043e\u0439)<\/li>\n<li>AMP \u041c\u043d\u043e\u0433\u043e\u043f\u0430\u043d\u0435\u043b\u044c\u043d\u0430\u044f (\u0442.\u0435. \u043c\u043d\u043e\u0433\u043e\u043a\u043e\u043c\u043f\u043e\u043d\u0435\u043d\u0442\u043d\u0430\u044f, \u043d\u0435\u0440\u0430\u0437\u0440\u0443\u0448\u0430\u0435\u043c\u0430\u044f) \u0442\u043e\u043f\u043a\u0430<\/li>\n<li>\u041a\u043e\u0440\u0437\u0438\u043d\u0430 \u0434\u043b\u044f \u0443\u0433\u043b\u044f \u0438\u0437 \u043d\u0435\u0440\u0436\u0430\u0432\u0435\u044e\u0449\u0435\u0439 \u0441\u0442\u0430\u043b\u0438 (304) \u043e\u0431\u0435\u0441\u043f\u0435\u0447\u0438\u0432\u0430\u0435\u0442 \u0435\u0449\u0435 \u0431\u043e\u043b\u0435\u0435 \u0440\u0430\u0432\u043d\u043e\u043c\u0435\u0440\u043d\u043e\u0435 \u0441\u0432\u0435\u0447\u0435\u043d\u0438\u0435 \u0443\u0433\u043b\u044f.<\/li>\n<li>\u041e\u0431\u043e\u043b\u043e\u0447\u043a\u0430 \u0438\u0437 \u0442\u0435\u0440\u043c\u043e\u0441\u0442\u043e\u0439\u043a\u043e\u0433\u043e \u0441\u0442\u0435\u043a\u043b\u043e\u0432\u043e\u043b\u043e\u043a\u043d\u0430 \u0441 \u043f\u0440\u043e\u0432\u043e\u043b\u043e\u0447\u043d\u043e\u0439 \u0441\u0435\u0442\u043a\u043e\u0439<\/li>\n<li>\u0417\u0430\u0436\u0438\u043c \u0434\u043b\u044f \u0437\u0430\u043a\u0440\u044b\u0442\u0438\u044f \u043a\u0440\u044b\u0448\u043a\u0438 \u0438\u0437 \u043d\u0435\u0440\u0436\u0430\u0432\u0435\u044e\u0449\u0435\u0439 \u0441\u0442\u0430\u043b\u0438 (304)<\/li>\n<li>\u0421\u0442\u043e\u0439\u043a\u0430 \u0434\u043b\u044f \u0430\u043a\u0441\u0435\u0441\u0441\u0443\u0430\u0440\u043e\u0432 \u0438\u0437 \u043d\u0435\u0440\u0436\u0430\u0432\u0435\u044e\u0449\u0435\u0439 \u0441\u0442\u0430\u043b\u0438 \"Accessory Rack\"<\/li>\n<li>\u041f\u043e\u0434\u044a\u0435\u043c\u043d\u044b\u0435 \u043f\u043b\u0430\u043d\u043a\u0438 \u0434\u043b\u044f \u0440\u0435\u0448\u0435\u0442\u043a\u0438 \u0433\u0440\u0438\u043b\u044f<\/li>\n<li>\u0422\u0443\u0445\u0430\u0440\u043e\u043e\u043f<\/li>\n<\/ul>\n<p>&nbsp;<\/p>\n<p>\u0422\u0435\u0445\u043d\u0438\u0447\u0435\u0441\u043a\u0430\u044f \u0438\u043d\u0444\u043e\u0440\u043c\u0430\u0446\u0438\u044f<\/p>\n<p>\u0412\u0435\u0441 198 \u043a\u0433<\/p>\n<p>\u0420\u0410\u0417\u041c\u0415\u0420\u042b \u0423\u041f\u0410\u041a\u041e\u0412\u041a\u0418 115 \u00d7 90 \u00d7 98 \u0441\u043c, \u043d\u043e\u0436\u043a\u0438 46 x 73 x 73 \u0441\u043c.<\/p>\n<p>\u0413\u0430\u0431\u0430\u0440\u0438\u0442\u043d\u044b\u0435 \u0440\u0430\u0437\u043c\u0435\u0440\u044b 72,4 \u0441\u043c (\u0434) x 96,5 \u0441\u043c (\u0432) x 90,9 \u0441\u043c (\u0448)<\/p>\n<p>\u0420\u0410\u0417\u041c\u0415\u0420\u042b \u0431\u0435\u0437 \u0443\u0447\u0435\u0442\u0430 \u043e\u0441\u043d\u043e\u0432\u0430\u043d\u0438\u044f 148,3 \u0441\u043c (\u0434) x 136,4 \u0441\u043c (\u0448) x 90,9 \u0441\u043c (\u0432)<\/p>\n<p>\u0414\u0418\u0410\u041f\u0410\u0417\u041e\u041d \u0422\u0415\u041c\u041f\u0415\u0420\u0410\u0422\u0423\u0420 82\u00b0C - 399\u00b0C<\/p>\n<p>\u041f\u043b\u043e\u0449\u0430\u0434\u044c \u043e\u0445\u043b\u0430\u0436\u0434\u0435\u043d\u0438\u044f \u00d8 \u00d8 61 \u0441\u043c, st 5558 \u0441\u043c\u00b2<\/p>\n<p>\u041f\u0420\u041e\u0414\u0423\u041a\u0422 \u041a\u0430\u043c\u0430\u0434\u043e \u0414\u0436\u043e<\/p>\n<p>&nbsp;<\/p>\n<p><strong>Garantii<\/strong> &#8211; Kamado Joe keraamilistele osadele kehtib piiratud eluaegne garantii (garantiitingimused: <strong><a href=\"https:\/\/tammetorubbq.ee\/wp-content\/uploads\/2026\/02\/Kamado_Joe_garantii.pdf\">\u0441\u043c. \u0437\u0434\u0435\u0441\u044c<\/a><\/strong>); \u0432\u043a\u043b\u044e\u0447\u0430\u044f \u043a\u0435\u0440\u0430\u043c\u0438\u0447\u0435\u0441\u043a\u0443\u044e \u043f\u043b\u0438\u0442\u043a\u0443, \u0442\u0435\u043f\u043b\u043e\u043e\u0442\u0440\u0430\u0436\u0430\u0442\u0435\u043b\u0438 \u0438 \u0443\u043f\u043b\u043e\u0442\u043d\u0438\u0442\u0435\u043b\u044c\u043d\u044b\u0435 \u043f\u043b\u0438\u0442\u043a\u0438 - 3 \u0433\u043e\u0434\u0430; \u043c\u0435\u0442\u0430\u043b\u043b \u0438 \u0447\u0443\u0433\u0443\u043d - 5 \u043b\u0435\u0442; \u0442\u0435\u0440\u043c\u043e\u043c\u0435\u0442\u0440 \u0438 \u043f\u0440\u043e\u043a\u043b\u0430\u0434\u043a\u0438 - 1 \u0433\u043e\u0434.<\/p>","protected":false},"excerpt":{"rendered":"<h4>Kaasa kingitus + TASUTA tarne.<\/h4>\n<ul>\n<li>\u041a\u0430\u0447\u0435\u0441\u0442\u0432\u043e \u043c\u0438\u0440\u043e\u0432\u043e\u0433\u043e \u043a\u043b\u0430\u0441\u0441\u0430<\/li>\n<li>\u041b\u0443\u0447\u0448\u0435\u0435 \u0441\u043e\u043e\u0442\u043d\u043e\u0448\u0435\u043d\u0438\u0435 \u0446\u0435\u043d\u044b \u0438 \u043a\u0430\u0447\u0435\u0441\u0442\u0432\u0430!<\/li>\n<li><strong>\u0411\u0435\u0437\u0443\u0441\u043b\u043e\u0432\u043d\u043e, \u044d\u0442\u043e \u043b\u0443\u0447\u0448\u0438\u0439 \u0432\u044b\u0431\u043e\u0440 \u0441\u0440\u0435\u0434\u0438 \u043a\u0435\u0440\u0430\u043c\u0438\u0447\u0435\u0441\u043a\u0438\u0445 \u0433\u0440\u0438\u043b\u0435\u0439!<\/strong><\/li>\n<li>\u0410\u0432\u0442\u043e\u043d\u043e\u043c\u043d\u0430\u044f \u0432\u0435\u0440\u0441\u0438\u044f \u043c\u043e\u0434\u0435\u043b\u0438 Big III, \u0442.\u0435. \u0431\u0435\u0437 \u0440\u0430\u043c\u044b \u0438 \u0431\u0435\u0437 \u0431\u043e\u043a\u043e\u0432\u044b\u0445 \u043f\u0430\u043d\u0435\u043b\u0435\u0439.<\/li>\n<li>\u0421\u0442\u043e\u0439\u043a\u0430 \u0434\u043b\u044f \u0433\u0440\u0438\u043b\u044f \u00d8 61 \u0441\u043c (24\"), \u0432\u043d\u0443\u0442\u0440\u0435\u043d\u043d\u044f\u044f \u0434\u0443\u0445\u043e\u0432\u043a\u0430 \u00d8 63 \u0441\u043c, \u0432\u043d\u0435\u0448\u043d\u044f\u044f \u0434\u0443\u0445\u043e\u0432\u043a\u0430 \u00d8 72 \u0441\u043c, \u0432\u0435\u0441 198 \u043a\u0433.<\/li>\n<\/ul>\n<p>Kindlasti soovitame ka juurde osta\u00a0<a href=\"https:\/\/tammetorubbq.ee\/ru\/product-2\/kamado-joe-big-dome-stand-alone-ilmastikukindel-grillikate\/\"><strong>ilmastikukindla grillikatte<\/strong><\/a>\u00a0mis pakub usaldusv\u00e4\u00e4rset kaitset vihma, lume, p\u00e4ikese ja mustuse eest, pikendades grilli eluiga ning hoides selle puhtana j\u00e4rgmiseks kasutuskorraks.<\/p>\n<p><span style=\"color: #000000;\"><strong>Oleme tootja Kamado Joe ametlik esindaja, edasim\u00fc\u00fcja Eestis!<\/strong><\/span><\/p>\n<p><img loading=\"lazy\" decoding=\"async\" class=\"alignnone wp-image-1531\" src=\"http:\/\/tammetorubbq.ee\/wp-content\/uploads\/2024\/03\/kamado-joe-logo-300x40.webp\" alt=\"\u041b\u043e\u0433\u043e\u0442\u0438\u043f Kamado Joe\" width=\"180\" height=\"24\" srcset=\"https:\/\/tammetorubbq.ee\/wp-content\/uploads\/2024\/03\/kamado-joe-logo-300x40.webp 300w, https:\/\/tammetorubbq.ee\/wp-content\/uploads\/2024\/03\/kamado-joe-logo-768x104.webp 768w, https:\/\/tammetorubbq.ee\/wp-content\/uploads\/2024\/03\/kamado-joe-logo-18x2.webp 18w, https:\/\/tammetorubbq.ee\/wp-content\/uploads\/2024\/03\/kamado-joe-logo-600x81.webp 600w, https:\/\/tammetorubbq.ee\/wp-content\/uploads\/2024\/03\/kamado-joe-logo-64x9.webp 64w, https:\/\/tammetorubbq.ee\/wp-content\/uploads\/2024\/03\/kamado-joe-logo.webp 1024w\" sizes=\"auto, (max-width: 180px) 100vw, 180px\" \/><\/p>\n<p><a href=\"https:\/\/tammetorubbq.ee\/ru\/%d0%b7%d0%b0%d0%bf%d0%bb%d0%b0%d1%82%d0%b8%d1%82%d1%8c-%d0%bf%d0%be%d0%b7%d0%b6%d0%b5\/\"><strong>\u041a\u0423\u041f\u0418 \u0421\u0415\u0419\u0427\u0410\u0421, \u0417\u0410\u041f\u041b\u0410\u0422\u0418 \u041f\u041e\u0422\u041e\u041c<\/strong><\/a> - \u0431\u0435\u0441\u043f\u0440\u043e\u0446\u0435\u043d\u0442\u043d\u043e!<\/p>\n<p><img loading=\"lazy\" decoding=\"async\" class=\"alignnone wp-image-2646\" src=\"http:\/\/tammetorubbq.ee\/wp-content\/uploads\/2023\/12\/inbank-wordmark.png\" alt=\"\u0418\u043d\u0431\u0430\u043d\u043a\" width=\"167\" height=\"75\" srcset=\"https:\/\/tammetorubbq.ee\/wp-content\/uploads\/2023\/12\/inbank-wordmark.png 300w, https:\/\/tammetorubbq.ee\/wp-content\/uploads\/2023\/12\/inbank-wordmark-18x8.png 18w, https:\/\/tammetorubbq.ee\/wp-content\/uploads\/2023\/12\/inbank-wordmark-64x29.png 64w\" sizes=\"auto, (max-width: 167px) 100vw, 167px\" \/><\/p>\n<p>\u041c\u044b \u0442\u0430\u043a\u0436\u0435 \u043f\u0440\u0435\u0434\u043b\u0430\u0433\u0430\u0435\u043c \u0432\u043e\u0437\u043c\u043e\u0436\u043d\u043e\u0441\u0442\u044c \u043e\u043f\u043b\u0430\u0442\u0438\u0442\u044c \u0442\u043e\u0432\u0430\u0440 \u043f\u043e\u0437\u0436\u0435 - \u043e\u0434\u043d\u0438\u043c, \u0434\u0432\u0443\u043c\u044f \u0438\u043b\u0438 \u0442\u0440\u0435\u043c\u044f \u0440\u0430\u0432\u043d\u044b\u043c\u0438 \u043f\u043b\u0430\u0442\u0435\u0436\u0430\u043c\u0438 \u0431\u0435\u0437 \u043a\u0430\u043a\u0438\u0445-\u043b\u0438\u0431\u043e \u043f\u0440\u043e\u0446\u0435\u043d\u0442\u043e\u0432 \u0438\u043b\u0438 \u043d\u0430\u0434\u0431\u0430\u0432\u043e\u043a.<\/p>\n<p>\u0412 \u043d\u0430\u0448\u0435\u0439 \u043a\u043e\u0440\u0437\u0438\u043d\u0435 \u0432\u044b \u043c\u043e\u0436\u0435\u0442\u0435 \u0432\u044b\u0431\u0440\u0430\u0442\u044c \u0440\u0430\u0437\u043b\u0438\u0447\u043d\u044b\u0435 \u0432\u0430\u0440\u0438\u0430\u043d\u0442\u044b \u043e\u043f\u043b\u0430\u0442\u044b.<\/p>","protected":false},"featured_media":475,"comment_status":"open","ping_status":"closed","template":"","meta":{"_uf_show_specific_survey":0,"_uf_disable_surveys":false},"pwb-brand":[69],"product_brand":[],"product_cat":[53,55],"product_tag":[126,326,316,127,78],"class_list":{"0":"post-474","1":"product","2":"type-product","3":"status-publish","4":"has-post-thumbnail","6":"pwb-brand-kamado-joe","7":"product_cat-grillid","8":"product_cat-keraamilised-grillid","9":"product_tag-kamado-joe","10":"product_tag-kamado-joe-big-joe","11":"product_tag-kamado-joe-keraamiline-grill","12":"product_tag-keraamilised-grillid","13":"product_tag-soegrill","15":"first","16":"instock","17":"taxable","18":"shipping-taxable","19":"purchasable","20":"product-type-simple"},"brands":[{"id":69,"name":"\u041a\u0430\u043c\u0430\u0434\u043e \u0414\u0436\u043e","slug":"%d0%ba%d0%b0%d0%bc%d0%b0%d0%b4%d0%be-%d0%b4%d0%b6%d0%be"}],"_links":{"self":[{"href":"https:\/\/tammetorubbq.ee\/ru\/wp-json\/wp\/v2\/product\/474","targetHints":{"allow":["GET"]}}],"collection":[{"href":"https:\/\/tammetorubbq.ee\/ru\/wp-json\/wp\/v2\/product"}],"about":[{"href":"https:\/\/tammetorubbq.ee\/ru\/wp-json\/wp\/v2\/types\/product"}],"replies":[{"embeddable":true,"href":"https:\/\/tammetorubbq.ee\/ru\/wp-json\/wp\/v2\/comments?post=474"}],"wp:featuredmedia":[{"embeddable":true,"href":"https:\/\/tammetorubbq.ee\/ru\/wp-json\/wp\/v2\/media\/475"}],"wp:attachment":[{"href":"https:\/\/tammetorubbq.ee\/ru\/wp-json\/wp\/v2\/media?parent=474"}],"wp:term":[{"taxonomy":"pwb-brand","embeddable":true,"href":"https:\/\/tammetorubbq.ee\/ru\/wp-json\/wp\/v2\/pwb-brand?post=474"},{"taxonomy":"product_brand","embeddable":true,"href":"https:\/\/tammetorubbq.ee\/ru\/wp-json\/wp\/v2\/product_brand?post=474"},{"taxonomy":"product_cat","embeddable":true,"href":"https:\/\/tammetorubbq.ee\/ru\/wp-json\/wp\/v2\/product_cat?post=474"},{"taxonomy":"product_tag","embeddable":true,"href":"https:\/\/tammetorubbq.ee\/ru\/wp-json\/wp\/v2\/product_tag?post=474"}],"curies":[{"name":"wp","href":"https:\/\/api.w.org\/{rel}","templated":true}]}}