{"id":4763,"date":"2025-12-30T15:29:54","date_gmt":"2025-12-30T13:29:54","guid":{"rendered":"https:\/\/tammetorubbq.ee\/?post_type=product&#038;p=4763"},"modified":"2026-04-14T22:00:07","modified_gmt":"2026-04-14T19:00:07","slug":"barbecoa-holy-grail-rub-250g","status":"publish","type":"product","link":"https:\/\/tammetorubbq.ee\/ru\/product-2\/barbecoa-holy-grail-rub-250g\/","title":{"rendered":"Barbecoa Holy Grail Rub 250g"},"content":{"rendered":"<p><strong data-start=\"0\" data-end=\"17\" data-is-only-node=\"\">\u0418\u043d\u0433\u0440\u0435\u0434\u0438\u0435\u043d\u0442\u044b: <\/strong>k\u00fc\u00fcslauk, <strong data-start=\"30\" data-end=\"40\">SELLER<\/strong>, sool, pipar, sibul, <strong data-start=\"62\" data-end=\"70\">SOJA<\/strong>, naatriumglutamaat.<\/p>\n<p>&nbsp;<\/p>\n<p data-start=\"0\" data-end=\"53\"><strong data-start=\"0\" data-end=\"51\">Tutvu Tom Bertels\u2019i ja Barbecoa BBQ meeskonnaga<\/strong><\/p>\n<p data-start=\"55\" data-end=\"294\"><strong>Tom Bertels<\/strong>\u00a0on tunnustatud Euroopa BBQ-meister, tuntud oma tipptasemel brisketi valmistamise oskuste ja rahvusvaheliste auhindade poolest. Tema retseptid toovad esile s\u00fcgava umami ja \u00f5rnalt suitsuse maitse.<\/p>\n<p data-start=\"296\" data-end=\"578\" data-is-last-node=\"\" data-is-only-node=\"\"><strong>Barbecoa BBQ meeskond<\/strong>, tegutsedes alates 2022. aastast, koosneb kirglikest BBQ-professionaalidest, kes on v\u00f5itnud mitmeid rahvusvahelisi tiitleid, sealhulgas Belgia meistritiitleid. Iga nende valmistatud liha peegeldab p\u00fchendumust, oskust ja visadust, viies BBQ-kunsti tipptasemele.<\/p>","protected":false},"excerpt":{"rendered":"<p data-start=\"0\" data-end=\"315\"><strong>Barbecoa Holy Grail<\/strong> rub\u00a0 on t\u00f5eline BBQ p\u00fcha graal \u2013 ja ausalt \u00f6eldes ka sinu k\u00f6\u00f6gi oma. See rub on universaalne parim s\u00f5ber igaks olukorraks. Ideaalne grillimiseks (Holy Grill!), aga sobib suurep\u00e4raselt ka k\u00f6\u00f6giviljade, kala, mereandide, rannakarpide, kartulite ja paljude teiste roogade maitsestamiseks \u2013 nimeta vaid!<\/p>\n<p data-start=\"317\" data-end=\"470\" data-is-last-node=\"\" data-is-only-node=\"\"><strong data-start=\"317\" data-end=\"329\">\ud83d\udca1 \u0421\u043e\u0432\u0435\u0442 \u043f\u0440\u043e\u0444\u0435\u0441\u0441\u0438\u043e\u043d\u0430\u043b\u0430:<\/strong> Sega Holy Grail rub v\u00e4hese oliivi\u00f5liga ja kasuta seda kiireks marinaadiks \u2013 nii kinnituvad maitsed paremini ja tulemus j\u00e4\u00e4b eriti aromaatne.<\/p>\n<p><img loading=\"lazy\" decoding=\"async\" class=\"size-medium wp-image-4732\" src=\"http:\/\/tammetorubbq.ee\/wp-content\/uploads\/2025\/12\/Barbecoa-logo--300x107.png\" alt=\"Barbecoa logo\" width=\"300\" height=\"107\" srcset=\"https:\/\/tammetorubbq.ee\/wp-content\/uploads\/2025\/12\/Barbecoa-logo--300x107.png 300w, https:\/\/tammetorubbq.ee\/wp-content\/uploads\/2025\/12\/Barbecoa-logo--768x274.png 768w, https:\/\/tammetorubbq.ee\/wp-content\/uploads\/2025\/12\/Barbecoa-logo--18x6.png 18w, https:\/\/tammetorubbq.ee\/wp-content\/uploads\/2025\/12\/Barbecoa-logo--600x214.png 600w, https:\/\/tammetorubbq.ee\/wp-content\/uploads\/2025\/12\/Barbecoa-logo--64x23.png 64w, https:\/\/tammetorubbq.ee\/wp-content\/uploads\/2025\/12\/Barbecoa-logo-.png 828w\" sizes=\"auto, (max-width: 300px) 100vw, 300px\" \/><\/p>","protected":false},"featured_media":4764,"comment_status":"closed","ping_status":"closed","template":"","meta":{"_uf_show_specific_survey":0,"_uf_disable_surveys":false},"pwb-brand":[256],"product_brand":[],"product_cat":[21],"product_tag":[257,176,163,121,120,319,119,165],"class_list":{"0":"post-4763","1":"product","2":"type-product","3":"status-publish","4":"has-post-thumbnail","6":"pwb-brand-barbecoa","7":"product_cat-maitseainesegud","8":"product_tag-barbecoa","9":"product_tag-brisket","10":"product_tag-kala","11":"product_tag-koogiviljad","12":"product_tag-mereannid","13":"product_tag-pardi-rinnafilee","14":"product_tag-veiseliha","15":"product_tag-veiseribi","17":"first","18":"instock","19":"taxable","20":"shipping-taxable","21":"purchasable","22":"product-type-simple"},"brands":[{"id":256,"name":"Barbecoa","slug":"barbecoa"}],"_links":{"self":[{"href":"https:\/\/tammetorubbq.ee\/ru\/wp-json\/wp\/v2\/product\/4763","targetHints":{"allow":["GET"]}}],"collection":[{"href":"https:\/\/tammetorubbq.ee\/ru\/wp-json\/wp\/v2\/product"}],"about":[{"href":"https:\/\/tammetorubbq.ee\/ru\/wp-json\/wp\/v2\/types\/product"}],"replies":[{"embeddable":true,"href":"https:\/\/tammetorubbq.ee\/ru\/wp-json\/wp\/v2\/comments?post=4763"}],"wp:featuredmedia":[{"embeddable":true,"href":"https:\/\/tammetorubbq.ee\/ru\/wp-json\/wp\/v2\/media\/4764"}],"wp:attachment":[{"href":"https:\/\/tammetorubbq.ee\/ru\/wp-json\/wp\/v2\/media?parent=4763"}],"wp:term":[{"taxonomy":"pwb-brand","embeddable":true,"href":"https:\/\/tammetorubbq.ee\/ru\/wp-json\/wp\/v2\/pwb-brand?post=4763"},{"taxonomy":"product_brand","embeddable":true,"href":"https:\/\/tammetorubbq.ee\/ru\/wp-json\/wp\/v2\/product_brand?post=4763"},{"taxonomy":"product_cat","embeddable":true,"href":"https:\/\/tammetorubbq.ee\/ru\/wp-json\/wp\/v2\/product_cat?post=4763"},{"taxonomy":"product_tag","embeddable":true,"href":"https:\/\/tammetorubbq.ee\/ru\/wp-json\/wp\/v2\/product_tag?post=4763"}],"curies":[{"name":"wp","href":"https:\/\/api.w.org\/{rel}","templated":true}]}}