{"id":4775,"date":"2026-01-04T13:19:11","date_gmt":"2026-01-04T11:19:11","guid":{"rendered":"https:\/\/tammetorubbq.ee\/?post_type=product&#038;p=4775"},"modified":"2026-04-15T00:00:10","modified_gmt":"2026-04-14T21:00:10","slug":"kinders-buttery-steakhouse-rub-85g","status":"publish","type":"product","link":"https:\/\/tammetorubbq.ee\/ru\/product-2\/kinders-buttery-steakhouse-rub-85g\/","title":{"rendered":"Kinder&#8217;s Buttery Steakhouse Rub 85g"},"content":{"rendered":"<p data-start=\"737\" data-end=\"855\"><strong data-start=\"737\" data-end=\"753\">\u0418\u043d\u0433\u0440\u0435\u0434\u0438\u0435\u043d\u0442\u044b:<\/strong> t\u00f5eline piimav\u00f5i, meresool, must pipar, k\u00fc\u00fcslaugupulber, sibulapulber, paprika, rosmariin, t\u00fc\u00fcmian.<\/p>\n<p data-start=\"857\" data-end=\"878\"><strong data-start=\"857\" data-end=\"871\">Netokogus:<\/strong> 85 g<\/p>","protected":false},"excerpt":{"rendered":"<p data-start=\"184\" data-end=\"531\">Nimi \u00fctleb juba k\u00f5ik: see maitseainesegu \u00fchendab t\u00f5elise piimav\u00f5i (<strong>jah, p\u00e4ris v\u00f5i!<\/strong>) aromaatsete \u00fcrtide ja kergelt purustatud pipraga, et luua see klassikaline steakhouse\u2019i maitse. L\u00f5pptulemus? Siin kehtib vana \u00fctlus: <strong data-start=\"472\" data-end=\"500\">\u201cv\u00f5i teeb k\u00f5ik paremaks\u201d<\/strong>!<\/p>\n<p data-start=\"184\" data-end=\"531\">Sobib ideaalselt veiseliha, kana ja isegi k\u00f6\u00f6giviljade maitsestamiseks.<\/p>\n<p data-start=\"533\" data-end=\"735\"><strong data-start=\"533\" data-end=\"545\">\ud83d\udca1 \u0421\u043e\u0432\u0435\u0442 \u043f\u0440\u043e\u0444\u0435\u0441\u0441\u0438\u043e\u043d\u0430\u043b\u0430:<\/strong> H\u00f5\u00f5ru liha paksult seguga v\u00e4hemalt 30 minutit enne grillimist v\u00f5i k\u00fcpsetamist, et maitsed t\u00f5eliselt sisse imbuksid.<\/p>\n<p data-start=\"533\" data-end=\"735\"><a href=\"http:\/\/tammetorubbq.ee\/wp-content\/uploads\/2026\/01\/kinders-logo-black.svg\"><img loading=\"lazy\" decoding=\"async\" class=\"alignnone wp-image-4780\" src=\"http:\/\/tammetorubbq.ee\/wp-content\/uploads\/2026\/01\/kinders-logo-black.svg\" alt=\"\" width=\"177\" height=\"112\" \/><\/a><\/p>","protected":false},"featured_media":4776,"comment_status":"closed","ping_status":"closed","template":"","meta":{"_uf_show_specific_survey":0,"_uf_disable_surveys":false},"pwb-brand":[265],"product_brand":[],"product_cat":[21],"product_tag":[163,118,266,121,119],"class_list":{"0":"post-4775","1":"product","2":"type-product","3":"status-publish","4":"has-post-thumbnail","6":"pwb-brand-kinders","7":"product_cat-maitseainesegud","8":"product_tag-kala","9":"product_tag-kanaliha","10":"product_tag-kinders","11":"product_tag-koogiviljad","12":"product_tag-veiseliha","14":"first","15":"instock","16":"taxable","17":"shipping-taxable","18":"purchasable","19":"product-type-simple"},"brands":[{"id":265,"name":"Kinder's","slug":"kinders"}],"_links":{"self":[{"href":"https:\/\/tammetorubbq.ee\/ru\/wp-json\/wp\/v2\/product\/4775","targetHints":{"allow":["GET"]}}],"collection":[{"href":"https:\/\/tammetorubbq.ee\/ru\/wp-json\/wp\/v2\/product"}],"about":[{"href":"https:\/\/tammetorubbq.ee\/ru\/wp-json\/wp\/v2\/types\/product"}],"replies":[{"embeddable":true,"href":"https:\/\/tammetorubbq.ee\/ru\/wp-json\/wp\/v2\/comments?post=4775"}],"wp:featuredmedia":[{"embeddable":true,"href":"https:\/\/tammetorubbq.ee\/ru\/wp-json\/wp\/v2\/media\/4776"}],"wp:attachment":[{"href":"https:\/\/tammetorubbq.ee\/ru\/wp-json\/wp\/v2\/media?parent=4775"}],"wp:term":[{"taxonomy":"pwb-brand","embeddable":true,"href":"https:\/\/tammetorubbq.ee\/ru\/wp-json\/wp\/v2\/pwb-brand?post=4775"},{"taxonomy":"product_brand","embeddable":true,"href":"https:\/\/tammetorubbq.ee\/ru\/wp-json\/wp\/v2\/product_brand?post=4775"},{"taxonomy":"product_cat","embeddable":true,"href":"https:\/\/tammetorubbq.ee\/ru\/wp-json\/wp\/v2\/product_cat?post=4775"},{"taxonomy":"product_tag","embeddable":true,"href":"https:\/\/tammetorubbq.ee\/ru\/wp-json\/wp\/v2\/product_tag?post=4775"}],"curies":[{"name":"wp","href":"https:\/\/api.w.org\/{rel}","templated":true}]}}