{"id":4791,"date":"2026-01-04T14:05:53","date_gmt":"2026-01-04T12:05:53","guid":{"rendered":"https:\/\/tammetorubbq.ee\/?post_type=product&#038;p=4791"},"modified":"2026-04-15T04:00:02","modified_gmt":"2026-04-15T01:00:02","slug":"kinders-the-bbq-blend-rub-177g","status":"publish","type":"product","link":"https:\/\/tammetorubbq.ee\/ru\/product-2\/kinders-the-bbq-blend-rub-177g\/","title":{"rendered":"Kinder&#8217;s The BBQ Blend Rub 177g"},"content":{"rendered":"<p><strong data-start=\"41\" data-end=\"56\">\u0418\u043d\u0433\u0440\u0435\u0434\u0438\u0435\u043d\u0442\u044b: <\/strong>meresool, paprika, pruun suhkur, kuivatatud sibul, v\u00fcrtsid, kuivatatud k\u00fc\u00fcslauk, riisi kontsentraat, kurkum, sinepiseemned, paprikaekstrakt.<\/p>\n<p><strong data-start=\"857\" data-end=\"871\">Netokogus:<\/strong> 177 g<\/p>","protected":false},"excerpt":{"rendered":"<p>V\u00fcrtsikas ja maitsekas BBQ-rub, mis muudab iga liha meistriteoseks. T\u00e4iuslik segu suitsusest paprikast, pruunist suhkrust ja aromaatsetest v\u00fcrtsidest, mis annavad lihale s\u00fcgava, rikkaliku maitse.<\/p>\n<p>Sobib suurep\u00e4raselt BBQ, grillitud v\u00f5i ahjus k\u00fcpsetatud sealihale, k\u00f6\u00f6giviljadele ja isegi kanale.<\/p>\n<p><strong data-start=\"606\" data-end=\"618\">\ud83d\udca1 \u0421\u043e\u0432\u0435\u0442 \u043f\u0440\u043e\u0444\u0435\u0441\u0441\u0438\u043e\u043d\u0430\u043b\u0430: <\/strong>m\u00e4\u00e4ri liha rubiga v\u00e4hemalt tund enne k\u00fcpsetamist, et maitsed t\u00f5eliselt sisse imbuksid. Veel parem tulemus saavutad, kui j\u00e4tad liha ka \u00f6\u00f6seks k\u00fclmkappi marineeruma. Grillimisel lisa rub ka k\u00fcpsetamise l\u00f5pus, et saada kaunis karamellistunud koorik.<\/p>\n<p>&nbsp;<\/p>\n<p><img loading=\"lazy\" decoding=\"async\" class=\"alignnone wp-image-4780\" src=\"http:\/\/tammetorubbq.ee\/wp-content\/uploads\/2026\/01\/kinders-logo-black.svg\" alt=\"\" width=\"178\" height=\"113\" \/><\/p>","protected":false},"featured_media":4792,"comment_status":"closed","ping_status":"closed","template":"","meta":{"_uf_show_specific_survey":0,"_uf_disable_surveys":false},"pwb-brand":[265],"product_brand":[],"product_cat":[21],"product_tag":[118,159,266,121,114,122],"class_list":{"0":"post-4791","1":"product","2":"type-product","3":"status-publish","4":"has-post-thumbnail","6":"pwb-brand-kinders","7":"product_cat-maitseainesegud","8":"product_tag-kanaliha","9":"product_tag-kanatiivad","10":"product_tag-kinders","11":"product_tag-koogiviljad","12":"product_tag-sealiha","13":"product_tag-searibi","15":"first","16":"instock","17":"taxable","18":"shipping-taxable","19":"purchasable","20":"product-type-simple"},"brands":[{"id":265,"name":"Kinder's","slug":"kinders"}],"_links":{"self":[{"href":"https:\/\/tammetorubbq.ee\/ru\/wp-json\/wp\/v2\/product\/4791","targetHints":{"allow":["GET"]}}],"collection":[{"href":"https:\/\/tammetorubbq.ee\/ru\/wp-json\/wp\/v2\/product"}],"about":[{"href":"https:\/\/tammetorubbq.ee\/ru\/wp-json\/wp\/v2\/types\/product"}],"replies":[{"embeddable":true,"href":"https:\/\/tammetorubbq.ee\/ru\/wp-json\/wp\/v2\/comments?post=4791"}],"wp:featuredmedia":[{"embeddable":true,"href":"https:\/\/tammetorubbq.ee\/ru\/wp-json\/wp\/v2\/media\/4792"}],"wp:attachment":[{"href":"https:\/\/tammetorubbq.ee\/ru\/wp-json\/wp\/v2\/media?parent=4791"}],"wp:term":[{"taxonomy":"pwb-brand","embeddable":true,"href":"https:\/\/tammetorubbq.ee\/ru\/wp-json\/wp\/v2\/pwb-brand?post=4791"},{"taxonomy":"product_brand","embeddable":true,"href":"https:\/\/tammetorubbq.ee\/ru\/wp-json\/wp\/v2\/product_brand?post=4791"},{"taxonomy":"product_cat","embeddable":true,"href":"https:\/\/tammetorubbq.ee\/ru\/wp-json\/wp\/v2\/product_cat?post=4791"},{"taxonomy":"product_tag","embeddable":true,"href":"https:\/\/tammetorubbq.ee\/ru\/wp-json\/wp\/v2\/product_tag?post=4791"}],"curies":[{"name":"wp","href":"https:\/\/api.w.org\/{rel}","templated":true}]}}